
{"id":454,"date":"2024-01-18T15:40:09","date_gmt":"2024-01-18T14:40:09","guid":{"rendered":"https:\/\/diagzone.org\/?page_id=454"},"modified":"2025-10-09T10:46:11","modified_gmt":"2025-10-09T08:46:11","slug":"terms-and-conditions","status":"publish","type":"page","link":"https:\/\/diagzone.org\/cs\/terms-and-conditions\/","title":{"rendered":"Obchodn\u00ed podm\u00ednky"},"content":{"rendered":"<style>.kb-row-layout-id454_a26300-05 > .kt-row-column-wrap{align-content:start;}:where(.kb-row-layout-id454_a26300-05 > .kt-row-column-wrap) > .wp-block-kadence-column{justify-content:start;}.kb-row-layout-id454_a26300-05 > .kt-row-column-wrap{column-gap:var(--global-kb-gap-md, 2rem);row-gap:var(--global-kb-gap-md, 2rem);max-width:var( --global-content-width, 1444px );padding-left:var(--global-content-edge-padding);padding-right:var(--global-content-edge-padding);padding-top:var(--global-kb-spacing-4xl, 8rem);padding-bottom:var(--global-kb-spacing-4xl, 8rem);grid-template-columns:minmax(0, 1fr);}.kb-row-layout-id454_a26300-05 > .kt-row-layout-overlay{opacity:0.30;}@media all and (max-width: 1024px){.kb-row-layout-id454_a26300-05 > .kt-row-column-wrap{grid-template-columns:minmax(0, 1fr);}}@media all and (max-width: 767px){.kb-row-layout-id454_a26300-05 > .kt-row-column-wrap{grid-template-columns:minmax(0, 1fr);}}<\/style><div class=\"kb-row-layout-wrap kb-row-layout-id454_a26300-05 alignnone wp-block-kadence-rowlayout\"><div class=\"kt-row-column-wrap kt-has-1-columns kt-row-layout-equal kt-tab-layout-inherit kt-mobile-layout-row kt-row-valign-top kb-theme-content-width\">\n<style>.kadence-column454_34c797-f0 > .kt-inside-inner-col,.kadence-column454_34c797-f0 > .kt-inside-inner-col:before{border-top-left-radius:0px;border-top-right-radius:0px;border-bottom-right-radius:0px;border-bottom-left-radius:0px;}.kadence-column454_34c797-f0 > .kt-inside-inner-col{column-gap:var(--global-kb-gap-sm, 1rem);}.kadence-column454_34c797-f0 > .kt-inside-inner-col{flex-direction:column;}.kadence-column454_34c797-f0 > .kt-inside-inner-col > .aligncenter{width:100%;}.kadence-column454_34c797-f0 > .kt-inside-inner-col:before{opacity:0.3;}.kadence-column454_34c797-f0{position:relative;}@media all and (max-width: 1024px){.kadence-column454_34c797-f0 > .kt-inside-inner-col{flex-direction:column;justify-content:center;}}@media all and (max-width: 767px){.kadence-column454_34c797-f0 > .kt-inside-inner-col{flex-direction:column;justify-content:center;}}<\/style>\n<div class=\"wp-block-kadence-column kadence-column454_34c797-f0\"><div class=\"kt-inside-inner-col\">\n<p>Obchodn\u00ed podm\u00ednky<\/p>\n\n\n\n<p>Naposledy aktualizov\u00e1no: 15.06.2025<\/p>\n\n\n\n<p class=\" translation-block\">P\u0159ed pou\u017eit\u00edm webov\u00e9 str\u00e1nky <a href=\"https:\/\/diagzone.org\" target=\"_self\">https:\/\/diagzone.org\n<\/a> (d\u00e1le jen \u201ewebov\u00e1 str\u00e1nka\u201c) a p\u0159ed uskute\u010dn\u011bn\u00edm jak\u00fdchkoli transakc\u00ed se spole\u010dnost\u00ed <strong>CodeShift<\/strong>, provozovatelem DiagZone, si pros\u00edm pe\u010dliv\u011b p\u0159e\u010dt\u011bte tyto Obchodn\u00ed podm\u00ednky.<\/p>\n\n\n\n<p>P\u0159\u00edstupem na na\u0161e webov\u00e9 str\u00e1nky nebo jejich pou\u017e\u00edv\u00e1n\u00edm a n\u00e1kupem produkt\u016f od spole\u010dnosti DiagZone souhlas\u00edte s t\u011bmito Obchodn\u00edmi podm\u00ednkami a zavazujete se jimi \u0159\u00eddit.<\/p>\n\n\n\n<hr class=\"wp-block-separator has-alpha-channel-opacity\"\/>\n\n\n\n<p class=\" translation-block\"><strong>V\u0161eobecn\u00e9 podm\u00ednky:<\/strong><br>\na. Odesl\u00e1n\u00edm objedn\u00e1vky prost\u0159ednictv\u00edm na\u0161ich webov\u00fdch str\u00e1nek potvrzujete, \u017ee jste star\u0161\u00ed 18 let nebo m\u00e1te pr\u00e1vn\u00ed zp\u016fsobilost k uzav\u00edr\u00e1n\u00ed smluv.<br>\nb. Souhlas\u00edte s poskytov\u00e1n\u00edm p\u0159esn\u00fdch a \u00fapln\u00fdch informac\u00ed p\u0159i n\u00e1kupu.<br>\nc. Spole\u010dnost DiagZone si vyhrazuje pr\u00e1vo odm\u00edtnout slu\u017ebu, ukon\u010dit \u00fa\u010dty a zru\u0161it objedn\u00e1vky dle vlastn\u00edho uv\u00e1\u017een\u00ed.<\/p>\n\n\n\n<hr class=\"wp-block-separator has-alpha-channel-opacity\"\/>\n\n\n\n<p class=\" translation-block\"><strong>Informace o produktech:<\/strong><br>\na. Spole\u010dnost DiagZone vynakl\u00e1d\u00e1 ve\u0161ker\u00e9 \u00fasil\u00ed, aby zobrazovala informace o produktech p\u0159esn\u011b. Nezaru\u010dujeme v\u0161ak, \u017ee popisy produkt\u016f nebo jin\u00fd obsah na webov\u00fdch str\u00e1nk\u00e1ch jsou p\u0159esn\u00e9, \u00fapln\u00e9, spolehliv\u00e9, aktu\u00e1ln\u00ed nebo bez chyb.<br>\nb. Ceny se mohou zm\u011bnit bez p\u0159edchoz\u00edho upozorn\u011bn\u00ed.<\/p>\n\n\n\n<hr class=\"wp-block-separator has-alpha-channel-opacity\"\/>\n\n\n\n<p class=\" translation-block\"><strong>P\u0159ijet\u00ed a potvrzen\u00ed objedn\u00e1vky:<\/strong><br>\na. Po odesl\u00e1n\u00ed objedn\u00e1vky obdr\u017e\u00edte potvrzovac\u00ed e-mail. Toto potvrzen\u00ed nezaru\u010duje p\u0159ijet\u00ed va\u0161\u00ed objedn\u00e1vky. Spole\u010dnost DiagZone si vyhrazuje pr\u00e1vo omezit mno\u017estv\u00ed a objedn\u00e1vky odm\u00edtnout nebo zru\u0161it.<br>\nb. P\u0159ijet\u00ed va\u0161\u00ed objedn\u00e1vky je potvrzeno a\u017e ve chv\u00edli, kdy v\u00e1m produkt ode\u0161leme nebo elektronicky doru\u010d\u00edme a o tomto doru\u010den\u00ed v\u00e1s informujeme.<\/p>\n\n\n\n<hr class=\"wp-block-separator has-alpha-channel-opacity\"\/>\n\n\n\n<p class=\" translation-block\"><strong>Platba:<\/strong><br>\na. Ve\u0161ker\u00e9 platby jsou zpracov\u00e1v\u00e1ny prost\u0159ednictv\u00edm zabezpe\u010den\u00fdch platebn\u00edch bran. <strong>Jako platebn\u00edho zpracovatele pou\u017e\u00edv\u00e1me Stripe<\/strong> a spole\u010dnost CodeShift d.o.o. neukl\u00e1d\u00e1 ani nem\u00e1 p\u0159\u00edstup k \u00fadaj\u016fm o va\u0161\u00ed platebn\u00ed kart\u011b.<br>\nb. Dokon\u010den\u00edm n\u00e1kupu oprav\u0148ujete spole\u010dnost Stripe k bezpe\u010dn\u00e9mu zpracov\u00e1n\u00ed platby jm\u00e9nem spole\u010dnosti CodeShift d.o.o.<\/p>\n\n\n\n<hr class=\"wp-block-separator has-alpha-channel-opacity\"\/>\n\n\n\n<p class=\" translation-block\"><strong>Digit\u00e1ln\u00ed doru\u010den\u00ed:<\/strong><br>\na. Ve\u0161ker\u00e9 softwarov\u00e9 licence, aktivace a digit\u00e1ln\u00ed k\u00f3dy jsou doru\u010dov\u00e1ny elektronicky prost\u0159ednictv\u00edm e-mailu nebo ve va\u0161em \u00fa\u010dtu.<br>\nb. Vzhledem k povaze digit\u00e1ln\u00edho zbo\u017e\u00ed <strong>nen\u00ed mo\u017en\u00e9 vr\u00e1cen\u00ed pen\u011bz po aktivaci nebo sta\u017een\u00ed licence<\/strong>.<\/p>\n\n\n\n<hr class=\"wp-block-separator has-alpha-channel-opacity\"\/>\n\n\n\n<p class=\" translation-block\"><strong>Du\u0161evn\u00ed vlastnictv\u00ed:<\/strong><br>\na. Obsah t\u011bchto webov\u00fdch str\u00e1nek, v\u010detn\u011b obr\u00e1zk\u016f, text\u016f, log a grafiky, je majetkem spole\u010dnosti DiagZone \/ CodeShift a je chr\u00e1n\u011bn z\u00e1kony o du\u0161evn\u00edm vlastnictv\u00ed.<\/p>\n\n\n\n<hr class=\"wp-block-separator has-alpha-channel-opacity\"\/>\n\n\n\n<p class=\" translation-block\"><strong>Omezen\u00ed odpov\u011bdnosti:<\/strong><br>\na. Spole\u010dnosti CodeShift d.o.o. ani DiagZone v \u017e\u00e1dn\u00e9m p\u0159\u00edpad\u011b nenesou odpov\u011bdnost za jak\u00e9koli p\u0159\u00edm\u00e9, nep\u0159\u00edm\u00e9, nahodil\u00e9, zvl\u00e1\u0161tn\u00ed nebo n\u00e1sledn\u00e9 \u0161kody vznikl\u00e9 v souvislosti s pou\u017e\u00edv\u00e1n\u00edm na\u0161ich webov\u00fdch str\u00e1nek nebo produkt\u016f.<\/p>\n\n\n\n<hr class=\"wp-block-separator has-alpha-channel-opacity\"\/>\n\n\n\n<p class=\" translation-block\"><strong>Rozhodn\u00e9 pr\u00e1vo:<\/strong><br>\na. Tyto Obchodn\u00ed podm\u00ednky se \u0159\u00edd\u00ed a vykl\u00e1daj\u00ed v souladu s pr\u00e1vn\u00edmi p\u0159edpisy <strong>BIH<\/strong>.<\/p>\n\n\n\n<hr class=\"wp-block-separator has-alpha-channel-opacity\"\/>\n\n\n\n<p class=\" translation-block\"><strong>Kontaktujte n\u00e1s:<\/strong><br>\nM\u00e1te-li jak\u00e9koli dotazy nebo p\u0159ipom\u00ednky k t\u011bmto Obchodn\u00edm podm\u00ednk\u00e1m, kontaktujte n\u00e1s na <strong><a target=\"_self\">support@diagzone.org\n<\/a><\/strong>.<\/p>\n\n\n\n<hr class=\"wp-block-separator has-alpha-channel-opacity\"\/>\n\n\n\n<p>Spole\u010dnost DiagZone \/ CodeShift si vyhrazuje pr\u00e1vo kdykoli a bez p\u0159edchoz\u00edho upozorn\u011bn\u00ed aktualizovat nebo zm\u011bnit tyto Obchodn\u00ed podm\u00ednky. Pokra\u010dov\u00e1n\u00edm v pou\u017e\u00edv\u00e1n\u00ed na\u0161ich webov\u00fdch str\u00e1nek souhlas\u00edte s t\u00edm, \u017ee budete v\u00e1z\u00e1ni jejich nejnov\u011bj\u0161\u00ed verz\u00ed.<\/p>\n\n\n\n<ol class=\"wp-block-list\"><\/ol>\n\n\n\n<p>Spole\u010dnost DiagZone si vyhrazuje pr\u00e1vo kdykoli a bez p\u0159edchoz\u00edho upozorn\u011bn\u00ed aktualizovat nebo zm\u011bnit tyto Obchodn\u00ed podm\u00ednky. Pokra\u010dov\u00e1n\u00edm v pou\u017e\u00edv\u00e1n\u00ed na\u0161ich webov\u00fdch str\u00e1nek souhlas\u00edte s t\u00edm, \u017ee budete v\u00e1z\u00e1ni jejich nejnov\u011bj\u0161\u00ed verz\u00ed.<\/p>\n<\/div><\/div>\n\n<\/div><\/div>\n\n<style>.kb-row-layout-id522_1b74f9-56 > .kt-row-column-wrap{align-content:start;}:where(.kb-row-layout-id522_1b74f9-56 > .kt-row-column-wrap) > .wp-block-kadence-column{justify-content:start;}.kb-row-layout-id522_1b74f9-56 > .kt-row-column-wrap{column-gap:var(--global-kb-gap-md, 2rem);row-gap:var(--global-kb-gap-md, 2rem);padding-bottom:var(--global-kb-spacing-md, 2rem);grid-template-columns:minmax(0, 1fr);}.kb-row-layout-id522_1b74f9-56{background-image:linear-gradient(180deg,var(--global-palette1) 30%,rgb(20,39,109) 100%);}.kb-row-layout-id522_1b74f9-56 > .kt-row-layout-overlay{opacity:0.09;}@media all and (max-width: 1024px){.kb-row-layout-id522_1b74f9-56 > .kt-row-column-wrap{grid-template-columns:minmax(0, 1fr);}}@media all and (max-width: 767px){.kb-row-layout-id522_1b74f9-56 > .kt-row-column-wrap{grid-template-columns:minmax(0, 1fr);}}<\/style><div class=\"kb-row-layout-wrap kb-row-layout-id522_1b74f9-56 alignfull has-theme-palette1-background-color kt-row-has-bg wp-block-kadence-rowlayout\"><div class=\"kt-row-column-wrap kt-has-1-columns kt-row-layout-equal kt-tab-layout-inherit kt-mobile-layout-row kt-row-valign-top\">\n<style>.kadence-column522_d2c269-2f > .kt-inside-inner-col,.kadence-column522_d2c269-2f > .kt-inside-inner-col:before{border-top-left-radius:0px;border-top-right-radius:0px;border-bottom-right-radius:0px;border-bottom-left-radius:0px;}.kadence-column522_d2c269-2f > .kt-inside-inner-col{column-gap:var(--global-kb-gap-sm, 1rem);}.kadence-column522_d2c269-2f > .kt-inside-inner-col{flex-direction:column;}.kadence-column522_d2c269-2f > .kt-inside-inner-col > .aligncenter{width:100%;}.kadence-column522_d2c269-2f > .kt-inside-inner-col:before{opacity:0.3;}.kadence-column522_d2c269-2f{position:relative;}@media all and (max-width: 1024px){.kadence-column522_d2c269-2f > .kt-inside-inner-col{flex-direction:column;justify-content:center;}}@media all and (max-width: 767px){.kadence-column522_d2c269-2f > .kt-inside-inner-col{flex-direction:column;justify-content:center;}}<\/style>\n<div class=\"wp-block-kadence-column kadence-column522_d2c269-2f\"><div class=\"kt-inside-inner-col\"><style>.kb-row-layout-id522_001f9d-01 > .kt-row-column-wrap{align-content:start;}:where(.kb-row-layout-id522_001f9d-01 > .kt-row-column-wrap) > .wp-block-kadence-column{justify-content:start;}.kb-row-layout-id522_001f9d-01 > .kt-row-column-wrap{column-gap:var(--global-kb-gap-md, 2rem);row-gap:var(--global-kb-gap-md, 2rem);padding-top:var(--global-kb-spacing-sm, 1.5rem);padding-bottom:var(--global-kb-spacing-sm, 1.5rem);grid-template-columns:minmax(0, 1fr);}.kb-row-layout-id522_001f9d-01 > .kt-row-layout-overlay{opacity:0.30;}@media all and (max-width: 1024px){.kb-row-layout-id522_001f9d-01 > .kt-row-column-wrap{grid-template-columns:minmax(0, 1fr);}}@media all and (max-width: 767px){.kb-row-layout-id522_001f9d-01 > .kt-row-column-wrap{grid-template-columns:minmax(0, 1fr);}}<\/style><div class=\"kb-row-layout-wrap kb-row-layout-id522_001f9d-01 alignnone wp-block-kadence-rowlayout\"><div class=\"kt-row-column-wrap kt-has-1-columns kt-row-layout-equal kt-tab-layout-inherit kt-mobile-layout-row kt-row-valign-top\">\n<style>.kadence-column522_52d44e-a8 > .kt-inside-inner-col,.kadence-column522_52d44e-a8 > .kt-inside-inner-col:before{border-top-left-radius:0px;border-top-right-radius:0px;border-bottom-right-radius:0px;border-bottom-left-radius:0px;}.kadence-column522_52d44e-a8 > .kt-inside-inner-col{column-gap:var(--global-kb-gap-sm, 1rem);}.kadence-column522_52d44e-a8 > .kt-inside-inner-col{flex-direction:column;}.kadence-column522_52d44e-a8 > .kt-inside-inner-col > .aligncenter{width:100%;}.kadence-column522_52d44e-a8 > .kt-inside-inner-col:before{opacity:0.3;}.kadence-column522_52d44e-a8{position:relative;}@media all and (max-width: 1024px){.kadence-column522_52d44e-a8 > .kt-inside-inner-col{flex-direction:column;justify-content:center;}}@media all and (max-width: 767px){.kadence-column522_52d44e-a8 > .kt-inside-inner-col{flex-direction:column;justify-content:center;}}<\/style>\n<div class=\"wp-block-kadence-column kadence-column522_52d44e-a8\"><div class=\"kt-inside-inner-col\"><style>.wp-block-kadence-advancedheading.kt-adv-heading522_694c7d-3d, .wp-block-kadence-advancedheading.kt-adv-heading522_694c7d-3d[data-kb-block=\"kb-adv-heading522_694c7d-3d\"]{text-align:center;font-size:var(--global-kb-font-size-xxl, 4rem);font-style:normal;}.wp-block-kadence-advancedheading.kt-adv-heading522_694c7d-3d mark.kt-highlight, .wp-block-kadence-advancedheading.kt-adv-heading522_694c7d-3d[data-kb-block=\"kb-adv-heading522_694c7d-3d\"] mark.kt-highlight{font-style:normal;color:#f76a0c;-webkit-box-decoration-break:clone;box-decoration-break:clone;padding-top:0px;padding-right:0px;padding-bottom:0px;padding-left:0px;}<\/style>\n<h2 class=\"kt-adv-heading522_694c7d-3d wp-block-kadence-advancedheading has-theme-palette-9-color has-text-color\" data-kb-block=\"kb-adv-heading522_694c7d-3d\">Nakupujte s DiagZone a diagnostikujte sv\u00e9 vozidlo pomoc\u00ed na\u0161eho pr\u00e9miov\u00e9ho softwaru. <\/h2>\n\n\n<style>.wp-block-kadence-advancedbtn.kb-btns522_0da8e3-fa{gap:var(--global-kb-gap-sm, 1rem);justify-content:center;align-items:center;}.kt-btns522_0da8e3-fa .kt-button{font-weight:normal;font-style:normal;}.kt-btns522_0da8e3-fa .kt-btn-wrap-0{margin-right:5px;}.wp-block-kadence-advancedbtn.kt-btns522_0da8e3-fa .kt-btn-wrap-0 .kt-button{color:#555555;border-color:#555555;}.wp-block-kadence-advancedbtn.kt-btns522_0da8e3-fa .kt-btn-wrap-0 .kt-button:hover, .wp-block-kadence-advancedbtn.kt-btns522_0da8e3-fa .kt-btn-wrap-0 .kt-button:focus{color:#ffffff;border-color:#444444;}.wp-block-kadence-advancedbtn.kt-btns522_0da8e3-fa .kt-btn-wrap-0 .kt-button::before{display:none;}.wp-block-kadence-advancedbtn.kt-btns522_0da8e3-fa .kt-btn-wrap-0 .kt-button:hover, .wp-block-kadence-advancedbtn.kt-btns522_0da8e3-fa .kt-btn-wrap-0 .kt-button:focus{background:#444444;}<\/style>\n<div class=\"wp-block-kadence-advancedbtn kb-buttons-wrap kb-btns522_0da8e3-fa\"><style>ul.menu .wp-block-kadence-advancedbtn .kb-btn522_64975e-51.kb-button{width:initial;}.wp-block-kadence-advancedbtn .kb-btn522_64975e-51.kb-button{background:var(--global-palette3, #1A202C);}.wp-block-kadence-advancedbtn .kb-btn522_64975e-51.kb-button:hover, .wp-block-kadence-advancedbtn .kb-btn522_64975e-51.kb-button:focus{background:var(--global-palette6, #718096);}<\/style><a class=\"kb-button kt-button button kb-btn522_64975e-51 kt-btn-size-large kt-btn-width-type-auto kb-btn-global-fill kt-btn-has-text-true kt-btn-has-svg-false  wp-block-kadence-singlebtn\" href=\"https:\/\/diagzone.org\/#diagzone-sn-check-container\"><span class=\"kt-btn-inner-text\">Zkontrolujte kompatibiln\u00ed konektory<\/span><\/a>\n\n<style>ul.menu .wp-block-kadence-advancedbtn .kb-btn522_718b54-cd.kb-button{width:initial;}.wp-block-kadence-advancedbtn .kb-btn522_718b54-cd.kb-button{background:var(--global-palette3, #1A202C);}.wp-block-kadence-advancedbtn .kb-btn522_718b54-cd.kb-button:hover, .wp-block-kadence-advancedbtn .kb-btn522_718b54-cd.kb-button:focus{background:var(--global-palette2, #2B6CB0);}<\/style><a class=\"kb-button kt-button button kb-btn522_718b54-cd kt-btn-size-large kt-btn-width-type-auto kb-btn-global-fill kt-btn-has-text-true kt-btn-has-svg-false  wp-block-kadence-singlebtn\" href=\"https:\/\/diagzone.org\/downloads\/\" target=\"_blank\" rel=\"noreferrer noopener\"><span class=\"kt-btn-inner-text\">St\u00e1hnout APK<\/span><\/a><\/div>\n<\/div><\/div>\n\n<\/div><\/div><\/div><\/div>\n\n<\/div><\/div>","protected":false},"excerpt":{"rendered":"<p>Terms and Conditions Last updated: 15.06.2025 Please read these Terms and Conditions carefully before using https:\/\/diagzone.org (the \u201cwebsite\u201d) and engaging in any transactions with CodeShift, the operator of DiagZone. By accessing or using our website and purchasing products from DiagZone, you agree to comply with and be bound by these Terms and Conditions. General Conditions:a&#8230;.<\/p>","protected":false},"author":1,"featured_media":0,"parent":0,"menu_order":0,"comment_status":"closed","ping_status":"closed","template":"","meta":{"_acf_changed":false,"_seopress_robots_primary_cat":"","_seopress_titles_title":"","_seopress_titles_desc":"","_seopress_robots_index":"","inline_featured_image":false,"_kad_blocks_custom_css":"","_kad_blocks_head_custom_js":"","_kad_blocks_body_custom_js":"","_kad_blocks_footer_custom_js":"","_themeisle_gutenberg_block_has_review":false,"_kad_post_transparent":"","_kad_post_title":"","_kad_post_layout":"","_kad_post_sidebar_id":"","_kad_post_content_style":"","_kad_post_vertical_padding":"","_kad_post_feature":"","_kad_post_feature_position":"","_kad_post_header":false,"_kad_post_footer":false,"iawp_total_views":364,"footnotes":""},"class_list":["post-454","page","type-page","status-publish","hentry"],"acf":[],"taxonomy_info":[],"featured_image_src_large":false,"author_info":{"display_name":"diagzone","author_link":"https:\/\/diagzone.org\/cs\/author\/xpro5\/"},"comment_info":0,"_links":{"self":[{"href":"https:\/\/diagzone.org\/cs\/wp-json\/wp\/v2\/pages\/454","targetHints":{"allow":["GET"]}}],"collection":[{"href":"https:\/\/diagzone.org\/cs\/wp-json\/wp\/v2\/pages"}],"about":[{"href":"https:\/\/diagzone.org\/cs\/wp-json\/wp\/v2\/types\/page"}],"author":[{"embeddable":true,"href":"https:\/\/diagzone.org\/cs\/wp-json\/wp\/v2\/users\/1"}],"replies":[{"embeddable":true,"href":"https:\/\/diagzone.org\/cs\/wp-json\/wp\/v2\/comments?post=454"}],"version-history":[{"count":6,"href":"https:\/\/diagzone.org\/cs\/wp-json\/wp\/v2\/pages\/454\/revisions"}],"predecessor-version":[{"id":3566,"href":"https:\/\/diagzone.org\/cs\/wp-json\/wp\/v2\/pages\/454\/revisions\/3566"}],"wp:attachment":[{"href":"https:\/\/diagzone.org\/cs\/wp-json\/wp\/v2\/media?parent=454"}],"curies":[{"name":"wp","href":"https:\/\/api.w.org\/{rel}","templated":true}]}}