
{"id":3324,"date":"2025-09-26T13:55:05","date_gmt":"2025-09-26T11:55:05","guid":{"rendered":"https:\/\/diagzone.org\/?post_type=product&#038;p=3324"},"modified":"2025-09-26T16:35:41","modified_gmt":"2025-09-26T14:35:41","slug":"kingbolen-ediag-plus-can-fd-bi-directional-obd2-scanner","status":"publish","type":"product","link":"https:\/\/diagzone.org\/cs\/produkt\/kingbolen-ediag-plus-can-fd-bi-directional-obd2-scanner\/","title":{"rendered":"Kingbolen Ediag Plus CAN-FD obousm\u011brn\u00fd OBD2 skener"},"content":{"rendered":"<p data-start=\"646\" data-end=\"863\" class=\" translation-block\">D\u011bkujeme za v\u00e1\u0161 z\u00e1jem o <strong data-start=\"681\" data-end=\"701\">Kingbolen Ediag+<\/strong>.<br data-start=\"702\" data-end=\"705\">Tento diagnostick\u00fd konektor je <strong data-start=\"736\" data-end=\"764\">klonem za\u0159\u00edzen\u00ed ThinkDiag 2<\/strong>, pln\u011b testovan\u00fd na <strong data-start=\"786\" data-end=\"807\">platform\u011b DiagZone<\/strong>, a zaru\u010duje stabiln\u00ed v\u00fdkon a kompatibilitu.<\/p>\n<h2 data-start=\"865\" data-end=\"889\">\ud83d\udd39 D\u016fle\u017eit\u00e9 upozorn\u011bn\u00ed<\/h2>\n<p data-start=\"890\" data-end=\"1027\" class=\" translation-block\"><strong data-start=\"894\" data-end=\"904\">Ediag+<\/strong> je dod\u00e1v\u00e1n <strong data-start=\"918\" data-end=\"956\">bez <a href=\"https:\/\/diagzone.org\/diagzone-activation\/\" target=\"_self\">p\u0159edinstalovan\u00e9ho softwaru<\/a><\/strong>.<br data-start=\"957\" data-end=\"960\">Pro pou\u017e\u00edv\u00e1n\u00ed tohoto za\u0159\u00edzen\u00ed je vy\u017eadov\u00e1n <strong data-start=\"982\" data-end=\"1024\">samostatn\u00fd <a href=\"https:\/\/diagzone.org\/diagzone-buy-subscription\/\" target=\"_self\">n\u00e1kup softwaru<\/a><\/strong>.<\/p>\n<h2 data-start=\"1029\" data-end=\"1055\">\ud83d\udd39 Podpora a poradenstv\u00ed<\/h2>\n<p data-start=\"1056\" data-end=\"1279\" class=\" translation-block\">Pot\u0159ebujete pomoc s <strong data-start=\"1071\" data-end=\"1089\">nastaven\u00edm DiagZone<\/strong>?<br data-start=\"1090\" data-end=\"1093\">N\u00e1\u0161 t\u00fdm se v\u011bnuje poskytov\u00e1n\u00ed asistence krok za krokem. Nev\u00e1hejte n\u00e1s kdykoli <a href=\"https:\/\/wa.me\/31647604324\" target=\"_self\">kontaktovat<\/a>, pokud pot\u0159ebujete pomoc s pou\u017e\u00edv\u00e1n\u00edm za\u0159\u00edzen\u00ed <strong data-start=\"1223\" data-end=\"1233\">Ediag+<\/strong> s <strong data-start=\"1250\" data-end=\"1276\">platformou DiagZone OBD2<\/strong>.<\/p>\n<h2 data-start=\"1281\" data-end=\"1306\">\ud83d\udd39 Zaji\u0161t\u011bn\u00ed kvality<\/h2>\n<p data-start=\"1307\" data-end=\"1514\" class=\" translation-block\">Ka\u017ed\u00fd <strong data-start=\"1313\" data-end=\"1333\">Kingbolen Ediag+<\/strong> je <strong data-start=\"1344\" data-end=\"1383\">p\u0159ed odesl\u00e1n\u00edm testov\u00e1n na platform\u011b DiagZone<\/strong>.<br data-start=\"1384\" data-end=\"1387\">To zaji\u0161\u0165uje spr\u00e1vnou funk\u010dnost a stabiln\u00ed komunikaci a nab\u00edz\u00ed spolehliv\u00fd v\u00fdkon pro profesion\u00e1ln\u00ed i osobn\u00ed pou\u017eit\u00ed.<\/p>\n<h1 data-start=\"1516\" data-end=\"1539\">Popis produktu<\/h1>\n<p data-start=\"1541\" data-end=\"1716\" class=\" translation-block\"><strong data-start=\"1545\" data-end=\"1565\">Kingbolen Ediag+<\/strong> je kompaktn\u00ed <strong data-start=\"1579\" data-end=\"1618\">Bluetooth OBD2 diagnostick\u00fd konektor<\/strong>, vytvo\u0159en\u00fd jako klon za\u0159\u00edzen\u00ed ThinkDiag 2 a navr\u017een\u00fd pro kompatibilitu se <strong data-start=\"1692\" data-end=\"1713\">softwarem DiagZone<\/strong>.<\/p>\n<p data-start=\"1718\" data-end=\"2445\">\u2705 Funguje jako profesion\u00e1ln\u00ed OBD2 Bluetooth adapt\u00e9r<br data-start=\"1766\" data-end=\"1769\" \/>\u2705 Podporuje za\u0159\u00edzen\u00ed Android (smartphony a tablety) \u2013 pln\u011b kompatibiln\u00ed s <strong data-start=\"1844\" data-end=\"1860\">Android 7\u201313<\/strong>, a tak\u00e9 s <strong data-start=\"1876\" data-end=\"1912\">Android 14 (pouze 32bitov\u00e9 syst\u00e9my)<\/strong><br data-start=\"1912\" data-end=\"1915\" \/>\u2705 Testov\u00e1no se softwarem DiagZone z hlediska kompatibility<br data-start=\"1964\" data-end=\"1967\" \/>\u2705 Stabiln\u00ed dvoure\u017eimov\u00e9 p\u0159ipojen\u00ed Bluetooth 5.0\/5.1<br data-start=\"2014\" data-end=\"2017\" \/>\u2705 Odoln\u00e9 pouzdro z ABS+PC+TPU s indika\u010dn\u00edmi kontrolkami<br data-start=\"2066\" data-end=\"2069\" \/>\u2705 Obsahuje <strong data-start=\"2080\" data-end=\"2101\">0,65 m OBD2 kabel<\/strong> pro pohodln\u00e9 pou\u017eit\u00ed<br data-start=\"2120\" data-end=\"2123\" \/>\u2705 Podporuje <strong data-start=\"2134\" data-end=\"2153\">protokol CAN-FD<\/strong> pro vozidla nov\u00e9 generace<br data-start=\"2181\" data-end=\"2184\" \/>\u2705 V\u00edce servisn\u00edch funkc\u00ed, jako nap\u0159\u00edklad <strong data-start=\"2221\" data-end=\"2297\">reset oleje, regenerace DPF, k\u00f3dov\u00e1n\u00ed vst\u0159ikova\u010d\u016f, p\u0159izp\u016fsoben\u00ed baterie a dal\u0161\u00ed<\/strong> (v z\u00e1vislosti od modelu vozidla)<br data-start=\"2326\" data-end=\"2329\" \/>\u2705 Funkce <strong data-start=\"2340\" data-end=\"2391\">obousm\u011brn\u00e9 ovl\u00e1d\u00e1n\u00ed, k\u00f3dov\u00e1n\u00ed a p\u0159izp\u016fsoben\u00ed ECU<\/strong>, automatick\u00e1 detekce VIN a kompletn\u00ed zpr\u00e1vy o stavu syst\u00e9mu<\/p>\n<p data-start=\"2447\" data-end=\"2683\">\u26a0\ufe0f <strong data-start=\"2450\" data-end=\"2466\">Upozorn\u011bn\u00ed:<\/strong> Tento konektor neobsahuje \u017e\u00e1dn\u00fd software ani p\u0159edplatn\u00e9.<br data-start=\"2528\" data-end=\"2531\" \/>\ud83d\udc49 A <strong data-start=\"2536\" data-end=\"2570\">P\u0159edplatn\u00e9 softwaru DiagZone<\/strong> lze zakoupit samostatn\u011b zde: <a class=\"decorated-link\" href=\"https:\/\/diagzone.org\/diagzone-buy-subscription\/\" target=\"_new\" rel=\"noopener\" data-start=\"2605\" data-end=\"2681\">Koupit p\u0159edplatn\u00e9 DiagZone<\/a><\/p>\n<h1 data-start=\"2685\" data-end=\"2717\">Pro\u010d si vybrat Kingbolen Ediag+?<\/h1>\n<ul data-start=\"2719\" data-end=\"3134\">\n<li data-start=\"2719\" data-end=\"2780\">\n<p data-start=\"2721\" data-end=\"2780\"><strong data-start=\"2721\" data-end=\"2778\">Klon za\u0159\u00edzen\u00ed ThinkDiag 2 \u2013 stejn\u00e1 funkcionalita, ni\u017e\u0161\u00ed cena<\/strong><\/p>\n<\/li>\n<li data-start=\"2781\" data-end=\"2828\">\n<p data-start=\"2783\" data-end=\"2828\" class=\" translation-block\"><strong data-start=\"290\" data-end=\"317\">100 % testov\u00e1no na DiagZone<\/strong> p\u0159ed odesl\u00e1n\u00edm<\/p>\n<\/li>\n<li data-start=\"2829\" data-end=\"2884\">\n<p data-start=\"2831\" data-end=\"2884\">Profesion\u00e1ln\u00ed OBD2 konektor se stabiln\u00edm v\u00fdkonem<\/p>\n<\/li>\n<li data-start=\"2885\" data-end=\"2935\">\n<p data-start=\"2887\" data-end=\"2935\">Kompaktn\u00ed design, snadn\u00e9 pou\u017eit\u00ed s Bluetooth 5.0<\/p>\n<\/li>\n<li data-start=\"2936\" data-end=\"3032\">\n<p data-start=\"2938\" data-end=\"3032\" class=\" translation-block\">Kompatibiln\u00ed se <strong data-start=\"418\" data-end=\"498\">softwarov\u00fdmi bal\u00ed\u010dky DiagZone pro osobn\u00ed vozy, elektromobily a u\u017eitkov\u00e1 vozidla<\/strong><\/p>\n<\/li>\n<li data-start=\"3033\" data-end=\"3134\">\n<p data-start=\"3035\" data-end=\"3134\" class=\" translation-block\">Podporuje hlavn\u00ed diagnostick\u00e9 protokoly: <strong data-start=\"3072\" data-end=\"3132\">ISO9141, KWP2000, J1850 VPW, J1850 PWM, CAN, UDS, CAN-FD<\/strong><\/p>\n<\/li>\n<\/ul>\n<p data-start=\"3136\" data-end=\"3328\">\u2705 Stru\u010dn\u011b \u0159e\u010deno, <strong data-start=\"3152\" data-end=\"3172\">Kingbolen Ediag+<\/strong> is a cost-effective alternative to the ThinkDiag 2, offering the same DiagZone compatibility and advanced features in a compact Bluetooth OBD2 connector.<\/p>","protected":false},"excerpt":{"rendered":"<p class=\" translation-block\"><strong data-start=\"136\" data-end=\"156\">Kingbolen Ediag+<\/strong> je kompaktn\u00ed Bluetooth OBD2 konektor, navr\u017een\u00fd jako klon za\u0159\u00edzen\u00ed ThinkDiag 2 a pln\u011b kompatibiln\u00ed s platformou DiagZone. Podporuje <strong data-start=\"296\" data-end=\"320\">komunikaci CAN-FD<\/strong>, obousm\u011brn\u00e9 ovl\u00e1d\u00e1n\u00ed, k\u00f3dov\u00e1n\u00ed ECU a \u0159adu servisn\u00edch resetovac\u00edch funkc\u00ed. Testov\u00e1no na platform\u011b DiagZone z hlediska spolehlivosti, nab\u00edz\u00ed profesion\u00e1ln\u00ed v\u00fdkon za dostupn\u011bj\u0161\u00ed cenu.<\/p>","protected":false},"featured_media":3325,"template":"","meta":{"_acf_changed":false,"_seopress_robots_primary_cat":"none","_seopress_titles_title":"Elevate Your Diagnostic Capabilities - Kingbolen Ediag Plus FD","_seopress_titles_desc":"Enhance Your Diagnostics with Kingbolen Ediag Plus, Offering Support for CAN-FD Protocol and Bluetooth 5.0, Compatible with the DiagZone Server.","_seopress_robots_index":"","inline_featured_image":false,"_kad_blocks_custom_css":"","_kad_blocks_head_custom_js":"","_kad_blocks_body_custom_js":"","_kad_blocks_footer_custom_js":"","_themeisle_gutenberg_block_has_review":false,"_kad_post_transparent":"default","_kad_post_title":"","_kad_post_layout":"default","_kad_post_sidebar_id":"","_kad_post_content_style":"default","_kad_post_vertical_padding":"default","_kad_post_feature":"","_kad_post_feature_position":"","_kad_post_header":false,"_kad_post_footer":false,"iawp_total_views":260},"product_cat":[19],"product_tag":[],"class_list":{"0":"post-3324","1":"product","2":"type-product","3":"status-publish","4":"has-post-thumbnail","6":"product_cat-obd-connectors","8":"first","9":"instock","10":"shipping-taxable","11":"purchasable","12":"product-type-simple","13":"entry","14":"content-bg","15":"loop-entry"},"acf":[],"taxonomy_info":{"product_cat":[{"value":19,"label":"Obd connectors"}]},"featured_image_src_large":["https:\/\/diagzone.org\/wp-content\/uploads\/2025\/09\/Ediag_Plus_1.jpg",600,600,false],"author_info":[],"comment_info":"","_links":{"self":[{"href":"https:\/\/diagzone.org\/cs\/wp-json\/wp\/v2\/product\/3324","targetHints":{"allow":["GET"]}}],"collection":[{"href":"https:\/\/diagzone.org\/cs\/wp-json\/wp\/v2\/product"}],"about":[{"href":"https:\/\/diagzone.org\/cs\/wp-json\/wp\/v2\/types\/product"}],"wp:featuredmedia":[{"embeddable":true,"href":"https:\/\/diagzone.org\/cs\/wp-json\/wp\/v2\/media\/3325"}],"wp:attachment":[{"href":"https:\/\/diagzone.org\/cs\/wp-json\/wp\/v2\/media?parent=3324"}],"wp:term":[{"taxonomy":"product_cat","embeddable":true,"href":"https:\/\/diagzone.org\/cs\/wp-json\/wp\/v2\/product_cat?post=3324"},{"taxonomy":"product_tag","embeddable":true,"href":"https:\/\/diagzone.org\/cs\/wp-json\/wp\/v2\/product_tag?post=3324"}],"curies":[{"name":"wp","href":"https:\/\/api.w.org\/{rel}","templated":true}]}}