
{"id":3329,"date":"2025-09-26T14:12:16","date_gmt":"2025-09-26T12:12:16","guid":{"rendered":"https:\/\/diagzone.org\/?post_type=product&#038;p=3329"},"modified":"2026-04-17T16:17:23","modified_gmt":"2026-04-17T14:17:23","slug":"android-diagzone-10inch-obd2-tablet-professional-diagnostic","status":"publish","type":"product","link":"https:\/\/diagzone.org\/cs\/produkt\/android-diagzone-10inch-obd2-tablet-professional-diagnostic\/","title":{"rendered":"Android DiagZone 10palcov\u00fd OBD2 tablet \u2013 Profesion\u00e1ln\u00ed diagnostika"},"content":{"rendered":"<p data-start=\"233\" data-end=\"459\" class=\" translation-block\">D\u011bkujeme za v\u00e1\u0161 z\u00e1jem o <strong data-start=\"268\" data-end=\"306\">tablet Android DiagZone (3\/128 GB)<\/strong>.<br data-start=\"307\" data-end=\"310\">Tento profesion\u00e1ln\u00ed diagnostick\u00fd tablet je optimalizov\u00e1n pro pou\u017eit\u00ed s <strong data-start=\"376\" data-end=\"397\">platformou DiagZone<\/strong> a zaru\u010duje jak originalitu, tak vynikaj\u00edc\u00ed v\u00fdkon.<\/p>\n<h2 data-start=\"461\" data-end=\"485\">\ud83d\udd39 D\u016fle\u017eit\u00e9 upozorn\u011bn\u00ed<\/h2>\n<p data-start=\"486\" data-end=\"649\" class=\" translation-block\"><strong data-start=\"490\" data-end=\"517\">Android DiagZone Tablet<\/strong> je dod\u00e1v\u00e1n <a href=\"https:\/\/diagzone.org\/diagzone-activation\/\" target=\"_self\"><strong data-start=\"531\" data-end=\"578\">bez p\u0159edinstalovan\u00e9ho softwaru DiagZone<\/strong><\/a>.<\/p>\n<h2 data-start=\"651\" data-end=\"677\">\ud83d\udd39 Podpora a poradenstv\u00ed<\/h2>\n<p data-start=\"678\" data-end=\"919\" class=\" translation-block\">Pot\u0159ebujete pomoc s <strong data-start=\"693\" data-end=\"711\">nastaven\u00edm DiagZone<\/strong> na sv\u00e9m tabletu nebo za\u0159\u00edzen\u00ed OBD2?<br data-start=\"742\" data-end=\"745\">N\u00e1\u0161 t\u00fdm se zam\u011b\u0159uje na poskytov\u00e1n\u00ed podrobn\u00e9 pomoci krok za krokem. Nev\u00e1hejte n\u00e1s kdykoli <a href=\"https:\/\/wa.me\/31647604324\" target=\"_self\">kontaktovat<\/a>, pokud pot\u0159ebujete pomoc s instalac\u00ed nebo konfigurac\u00ed va\u0161\u00ed <strong data-start=\"895\" data-end=\"916\">platformy DiagZone<\/strong>.<\/p>\n<h2 data-start=\"921\" data-end=\"946\">\ud83d\udd39 Zaji\u0161t\u011bn\u00ed kvality<\/h2>\n<p data-start=\"947\" data-end=\"1170\" class=\" translation-block\">Ka\u017ed\u00fd <strong data-start=\"953\" data-end=\"980\">Android DiagZone Tablet<\/strong> je <strong data-start=\"984\" data-end=\"1010\">testov\u00e1n p\u0159ed odesl\u00e1n\u00edm<\/strong>, aby byla potvrzena bezchybn\u00e1 funk\u010dnost a kompatibilita s DiagZone.<br data-start=\"1077\" data-end=\"1080\">To zaji\u0161\u0165uje plynul\u00fd provoz, profesion\u00e1ln\u00ed spolehlivost a dlouhodobou \u017eivotnost.<\/p>\n<h1 data-start=\"1177\" data-end=\"1200\">Popis produktu<\/h1>\n<p data-start=\"1202\" data-end=\"1549\" class=\" translation-block\"><strong data-start=\"1206\" data-end=\"1259\">Tablet Android DiagZone (3 GB RAM \/ 128 GB \u00falo\u017ei\u0161t\u011b)<\/strong> je vysoce v\u00fdkonn\u00fd diagnostick\u00fd n\u00e1stroj, kter\u00fd poskytuje rychlou a stabiln\u00ed platformu pro provoz <strong data-start=\"1348\" data-end=\"1369\">softwaru DiagZone<\/strong>. D\u00edky velk\u00e9mu dotykov\u00e9mu displeji, v\u00fdkonn\u00e9mu hardwaru a optimalizovan\u00e9mu opera\u010dn\u00edmu syst\u00e9mu Android je ide\u00e1ln\u00edm spole\u010dn\u00edkem pro OBD2 konektory, jako jsou <strong data-start=\"1498\" data-end=\"1546\">DBScar VII, ThinkDiag 2 nebo Kingbolen Ediag plus<\/strong>.<\/p>\n<p data-start=\"1551\" data-end=\"1967\">\u2705 Profesion\u00e1ln\u00ed diagnostick\u00fd tablet s Androidem<br data-start=\"1597\" data-end=\"1600\" \/>\u2705 Velk\u00fd displej s vysok\u00fdm rozli\u0161en\u00edm pro snadnou diagnostiku<br data-start=\"1652\" data-end=\"1655\" \/>\u2705 <strong data-start=\"1657\" data-end=\"1684\">3 GB RAM + 128 GB \u00falo\u017ei\u0161t\u011b<\/strong> \u2013 plynul\u00fd v\u00fdkon a dostatek prostoru pro aktualizace<br data-start=\"1727\" data-end=\"1730\" \/>\u2705 Baterie s dlouhou v\u00fddr\u017e\u00ed pro d\u00edlensk\u00e9 nebo mobiln\u00ed pou\u017eit\u00ed<br data-start=\"1779\" data-end=\"1782\" \/>\u2705 P\u0159ipojen\u00ed Wi-Fi a Bluetooth pro rychl\u00e9 aktualizace a stabiln\u00ed p\u00e1rov\u00e1n\u00ed OBD2<br data-start=\"1854\" data-end=\"1857\" \/>\u2705 Odoln\u00e9 proveden\u00ed pro profesion\u00e1ln\u00ed \u017eivotnost<br data-start=\"1901\" data-end=\"1904\" \/>\u2705 Pln\u011b testov\u00e1no pro <strong data-start=\"1923\" data-end=\"1949\">Kompatibilita s DiagZone<\/strong> p\u0159ed odesl\u00e1n\u00edm<\/p>\n<p>\u26a0\ufe0f <strong data-start=\"179\" data-end=\"195\">Upozorn\u011bn\u00ed:<\/strong> Tento tablet neobsahuje software DiagZone, p\u0159edplatn\u00e9 ani OBD2 konektor.<br data-start=\"276\" data-end=\"279\" \/>\ud83d\udc49 A <strong data-start=\"284\" data-end=\"318\">P\u0159edplatn\u00e9 softwaru DiagZone<\/strong> lze zakoupit samostatn\u011b zde: <a class=\"decorated-link\" href=\"https:\/\/diagzone.org\/diagzone-buy-subscription\/\" target=\"_new\" rel=\"noopener\" data-start=\"353\" data-end=\"429\" data-is-only-node=\"\">Koupit p\u0159edplatn\u00e9 DiagZone<\/a><br data-start=\"429\" data-end=\"432\" \/>\ud83d\udc49 An <strong data-start=\"438\" data-end=\"509\">Diagnostick\u00fd konektor OBD2 (<a href=\"https:\/\/diagzone.org\/obd-shop\/\">nap\u0159. DBScar VII, ThinkDiag 2 nebo Ediag+ )<\/a><\/strong> mus\u00ed b\u00fdt tak\u00e9 zakoupeno samostatn\u011b v <a href=\"https:\/\/diagzone.org\/obd-shop\/\">v na\u0161em obchod\u011b<\/a> pro pou\u017e\u00edv\u00e1n\u00ed tabletu s DiagZone<\/p>\n<h2 data-start=\"921\" data-end=\"946\">\ud83d\udd39 Seznam balen\u00ed<\/h2>\n<ul>\n<li style=\"list-style-type: none;\">\n<ul data-start=\"1929\" data-end=\"1991\">\n<li data-start=\"1929\" data-end=\"1942\">\n<p data-start=\"1931\" data-end=\"1942\">Tablet \u00d71<\/p>\n<\/li>\n<li data-start=\"1943\" data-end=\"1970\">\n<p data-start=\"1945\" data-end=\"1970\">USB kabel (Mini USB) \u00d71<\/p>\n<\/li>\n<li data-start=\"1971\" data-end=\"1991\">\n<p data-start=\"1973\" data-end=\"1991\">Nap\u00e1jec\u00ed adapt\u00e9r \u00d71<\/p>\n<\/li>\n<\/ul>\n<\/li>\n<\/ul>\n<h1 data-start=\"2214\" data-end=\"2253\">Pro\u010d si vybrat Android DiagZone Tablet?<\/h1>\n<ul data-start=\"2255\" data-end=\"2565\">\n<li data-start=\"2255\" data-end=\"2328\">\n<p data-start=\"2257\" data-end=\"2328\" class=\" translation-block\">Optimalizov\u00e1no pro <strong data-start=\"2271\" data-end=\"2289\">u\u017eivatele DiagZone<\/strong> \u2013 p\u0159ipraveno pro profesion\u00e1ln\u00ed diagnostiku<\/p>\n<\/li>\n<li data-start=\"2329\" data-end=\"2392\">\n<p data-start=\"2331\" data-end=\"2392\" class=\" translation-block\"><strong data-start=\"2331\" data-end=\"2363\">V\u00fdkonn\u00fd hardware (3\/128 GB)<\/strong> pro rychlou komunikaci s ECU<\/p>\n<\/li>\n<li data-start=\"2393\" data-end=\"2465\">\n<p data-start=\"2395\" data-end=\"2465\">Velk\u00fd displej pro p\u0159ehledn\u00e9 zobrazen\u00ed diagnostick\u00fdch dat a report\u016f<\/p>\n<\/li>\n<li data-start=\"2466\" data-end=\"2509\">\n<p data-start=\"2468\" data-end=\"2509\">Odoln\u00e1 konstrukce pro d\u00edlensk\u00e9 prost\u0159ed\u00ed<\/p>\n<\/li>\n<li data-start=\"2510\" data-end=\"2565\">\n<p data-start=\"2512\" data-end=\"2565\">Pln\u011b testov\u00e1no pro zaji\u0161t\u011bn\u00ed plynul\u00e9ho provozu DiagZone<\/p>\n<\/li>\n<\/ul>\n<p data-start=\"2567\" data-end=\"2750\">\u2705 Stru\u010dn\u011b \u0159e\u010deno, <strong data-start=\"2583\" data-end=\"2610\">Tablet Android DiagZone<\/strong> nab\u00edz\u00ed dokonalou kombinaci <strong data-start=\"2645\" data-end=\"2686\">v\u00fdkon, p\u0159enosnost a kompatibilita<\/strong>, co\u017e z n\u011bj \u010din\u00ed ide\u00e1ln\u00ed za\u0159\u00edzen\u00ed pro provoz diagnostiky DiagZone.<\/p>","protected":false},"excerpt":{"rendered":"<p class=\" translation-block\"><strong data-start=\"2787\" data-end=\"2825\">Android DiagZone Tablet (3\/128 GB)<\/strong> je profesion\u00e1ln\u00ed diagnostick\u00fd tablet optimalizovan\u00fd pro provoz platformy DiagZone. D\u00edky v\u00fdkonn\u00e9mu syst\u00e9mu Android, velk\u00e9mu displeji, konektivit\u011b WiFi\/Bluetooth a zaru\u010den\u00e9 kompatibilit\u011b poskytuje plynul\u00fd v\u00fdkon a spolehlivost pro v\u0161echny diagnostick\u00e9 \u00falohy.<\/p>","protected":false},"featured_media":3332,"template":"","meta":{"_acf_changed":false,"_seopress_robots_primary_cat":"none","_seopress_titles_title":"Android 10\" Diagnostic Tablet 3\/128GB \u2013 DiagZone Ready Device","_seopress_titles_desc":"Professional Android 10\" diagnostic tablet with 3GB RAM and 128GB storage. Pre-tested for DiagZone, reliable performance for automotive diagnostics EOBD","_seopress_robots_index":"","inline_featured_image":false,"_kad_blocks_custom_css":"","_kad_blocks_head_custom_js":"","_kad_blocks_body_custom_js":"","_kad_blocks_footer_custom_js":"","_themeisle_gutenberg_block_has_review":false,"_kad_post_transparent":"default","_kad_post_title":"","_kad_post_layout":"default","_kad_post_sidebar_id":"","_kad_post_content_style":"default","_kad_post_vertical_padding":"default","_kad_post_feature":"","_kad_post_feature_position":"","_kad_post_header":false,"_kad_post_footer":false,"iawp_total_views":601},"product_cat":[21],"product_tag":[41,42,40],"class_list":{"0":"post-3329","1":"product","2":"type-product","3":"status-publish","4":"has-post-thumbnail","6":"product_cat-android-tablets","7":"product_tag-android","8":"product_tag-obd2","9":"product_tag-tablet","11":"first","12":"instock","13":"sale","14":"shipping-taxable","15":"purchasable","16":"product-type-simple","17":"entry","18":"content-bg","19":"loop-entry"},"acf":[],"taxonomy_info":{"product_cat":[{"value":21,"label":"Android tablets"}],"product_tag":[{"value":41,"label":"Android"},{"value":42,"label":"OBD2"},{"value":40,"label":"Tablet"}]},"featured_image_src_large":["https:\/\/diagzone.org\/wp-content\/uploads\/2025\/09\/Launch_Tablet_1.jpg",600,600,false],"author_info":[],"comment_info":"","_links":{"self":[{"href":"https:\/\/diagzone.org\/cs\/wp-json\/wp\/v2\/product\/3329","targetHints":{"allow":["GET"]}}],"collection":[{"href":"https:\/\/diagzone.org\/cs\/wp-json\/wp\/v2\/product"}],"about":[{"href":"https:\/\/diagzone.org\/cs\/wp-json\/wp\/v2\/types\/product"}],"wp:featuredmedia":[{"embeddable":true,"href":"https:\/\/diagzone.org\/cs\/wp-json\/wp\/v2\/media\/3332"}],"wp:attachment":[{"href":"https:\/\/diagzone.org\/cs\/wp-json\/wp\/v2\/media?parent=3329"}],"wp:term":[{"taxonomy":"product_cat","embeddable":true,"href":"https:\/\/diagzone.org\/cs\/wp-json\/wp\/v2\/product_cat?post=3329"},{"taxonomy":"product_tag","embeddable":true,"href":"https:\/\/diagzone.org\/cs\/wp-json\/wp\/v2\/product_tag?post=3329"}],"curies":[{"name":"wp","href":"https:\/\/api.w.org\/{rel}","templated":true}]}}