
{"id":3335,"date":"2025-09-26T14:21:23","date_gmt":"2025-09-26T12:21:23","guid":{"rendered":"https:\/\/diagzone.org\/?post_type=product&#038;p=3335"},"modified":"2025-09-26T16:48:19","modified_gmt":"2025-09-26T14:48:19","slug":"launch-vsp600-videoscope-camera-endoscope","status":"publish","type":"product","link":"https:\/\/diagzone.org\/cs\/produkt\/launch-vsp600-videoscope-camera-endoscope\/","title":{"rendered":"Endoskopick\u00e1 kamera Launch VSP600 Videoscope"},"content":{"rendered":"<p data-start=\"142\" data-end=\"372\" class=\" translation-block\">D\u011bkujeme za v\u00e1\u0161 z\u00e1jem o <strong data-start=\"177\" data-end=\"213\">Launch VSP-600 Inspection Camera<\/strong>.<br data-start=\"214\" data-end=\"217\">Toto za\u0159\u00edzen\u00ed je zcela nov\u00e9, pln\u011b otestovan\u00e9 z hlediska kvality a navr\u017een\u00e9 tak, aby poskytovalo profesion\u00e1ln\u00ed mo\u017enosti vizu\u00e1ln\u00ed inspekce pro automobilovou diagnostiku.<\/p>\n<h2 data-start=\"374\" data-end=\"398\">\ud83d\udd39 D\u016fle\u017eit\u00e9 upozorn\u011bn\u00ed<\/h2>\n<p data-start=\"399\" data-end=\"613\" class=\" translation-block\"><strong data-start=\"403\" data-end=\"414\">VSP-600<\/strong> je dod\u00e1v\u00e1n <strong data-start=\"428\" data-end=\"463\">bez jak\u00e9hokoli diagnostick\u00e9ho softwaru<\/strong>.<br data-start=\"464\" data-end=\"467\">Pro pou\u017eit\u00ed p\u0159i kontrol\u00e1ch vozidel ve spojen\u00ed s DiagZone nebo jin\u00fdmi diagnostick\u00fdmi n\u00e1stroji m\u016f\u017ee b\u00fdt vy\u017eadov\u00e1na kompatibiln\u00ed inspek\u010dn\u00ed aplikace nebo modul.<\/p>\n<h2 data-start=\"615\" data-end=\"641\">\ud83d\udd39 Podpora a poradenstv\u00ed<\/h2>\n<p data-start=\"642\" data-end=\"856\" class=\" translation-block\">Pot\u0159ebujete pomoc s nastaven\u00edm nebo pou\u017e\u00edv\u00e1n\u00edm inspek\u010dn\u00ed kamery?<br data-start=\"694\" data-end=\"697\">N\u00e1\u0161 t\u00fdm je p\u0159ipraven poskytnout podporu krok za krokem. Nev\u00e1hejte n\u00e1s kdykoli kontaktovat, pokud pot\u0159ebujete pomoc s integrac\u00ed VSP-600 do va\u0161\u00ed diagnostick\u00e9 sestavy.<\/p>\n<h2 data-start=\"858\" data-end=\"883\">\ud83d\udd39 Zaji\u0161t\u011bn\u00ed kvality<\/h2>\n<p data-start=\"884\" data-end=\"1088\" class=\" translation-block\">Ka\u017ed\u00fd <strong data-start=\"890\" data-end=\"908\">Launch VSP-600<\/strong> proch\u00e1z\u00ed p\u0159ed odesl\u00e1n\u00edm p\u0159\u00edsn\u00fdm testov\u00e1n\u00edm.<br data-start=\"952\" data-end=\"955\">Kontrolujeme kvalitu obrazu kamery, integritu kabelu, vodot\u011bsn\u00e1 t\u011bsn\u011bn\u00ed a konektivitu, abychom zajistili spolehliv\u00fd provoz a dlouhou \u017eivotnost.<\/p>\n<hr data-start=\"1090\" data-end=\"1093\" \/>\n<h1 data-start=\"1095\" data-end=\"1118\">Popis produktu<\/h1>\n<p data-start=\"1120\" data-end=\"1350\" class=\" translation-block\"><strong data-start=\"1124\" data-end=\"1160\">Launch VSP-600 Inspection Camera<\/strong> je profesion\u00e1ln\u00ed n\u00e1stroj pro vizu\u00e1ln\u00ed inspekci navr\u017een\u00fd pro automobilovou diagnostiku. Umo\u017e\u0148uje kontrolu st\u00edsn\u011bn\u00fdch prostor, potrub\u00ed, motorov\u00fdch prostor\u016f a sou\u010d\u00e1st\u00ed, kter\u00e9 jsou jinak obt\u00ed\u017en\u011b p\u0159\u00edstupn\u00e9.<\/p>\n<p data-start=\"1352\" data-end=\"1591\">\u2705 Vysokodefini\u010dn\u00ed kamerov\u00fd modul s nastaviteln\u00fdm LED osv\u011btlen\u00edm<br data-start=\"1412\" data-end=\"1415\" \/>\u2705 Flexibiln\u00ed, vodot\u011bsn\u00e1 sonda pro st\u00edsn\u011bn\u00e9 prostory<br data-start=\"1462\" data-end=\"1465\" \/>\u2705 Odoln\u00fd kryt a kabel vhodn\u00e9 pro pou\u017eit\u00ed v d\u00edln\u011b<br data-start=\"1516\" data-end=\"1519\" \/>\u2705 Kompatibiln\u00ed s inspek\u010dn\u00edm softwarem nebo moduly v diagnostick\u00fdch syst\u00e9mech<\/p>\n<p data-start=\"1593\" data-end=\"1809\">\u26a0\ufe0f <strong data-start=\"1596\" data-end=\"1612\">Upozorn\u011bn\u00ed:<\/strong> VSP-600 neobsahuje software DiagZone ani diagnostick\u00e9 p\u0159edplatn\u00e9.<br data-start=\"1689\" data-end=\"1692\" \/>\ud83d\udc49 Pro zobrazen\u00ed obrazu z kamery v diagnostick\u00e9m syst\u00e9mu je nutn\u00e1 samostatn\u00e1 inspek\u010dn\u00ed aplikace nebo kompatibiln\u00ed modul.<\/p>\n<hr data-start=\"1811\" data-end=\"1814\" \/>\n<h1 data-start=\"1816\" data-end=\"1846\">Pro\u010d si vybrat Launch VSP-600?<\/h1>\n<ul data-start=\"1848\" data-end=\"2078\">\n<li data-start=\"1848\" data-end=\"1910\">\n<p data-start=\"1850\" data-end=\"1910\">Profesion\u00e1ln\u00ed inspek\u010dn\u00ed kamera pro automobilov\u00e9 prost\u0159ed\u00ed<\/p>\n<\/li>\n<li data-start=\"1911\" data-end=\"1967\">\n<p data-start=\"1913\" data-end=\"1967\">Testov\u00e1no na optickou \u010distotu a mechanickou odolnost<\/p>\n<\/li>\n<li data-start=\"1968\" data-end=\"2016\">\n<p data-start=\"1970\" data-end=\"2016\">Ide\u00e1ln\u00ed dopl\u0148kov\u00fd n\u00e1stroj pro diagnostick\u00e9 techniky<\/p>\n<\/li>\n<li data-start=\"2017\" data-end=\"2078\">\n<p data-start=\"2019\" data-end=\"2078\">Perfektn\u00ed dopln\u011bk k OBD2 skener\u016fm a diagnostick\u00fdm tablet\u016fm<\/p>\n<\/li>\n<\/ul>\n<p data-start=\"2080\" data-end=\"2266\">\u2705 Stru\u010dn\u011b \u0159e\u010deno, <strong data-start=\"2096\" data-end=\"2132\">Launch VSP-600 Inspection Camera<\/strong> is a robust, high-clarity visual tool designed to help mechanics and diagnostic professionals inspect hard-to-reach areas reliably.<\/p>","protected":false},"excerpt":{"rendered":"<p>Launch VSP-600 Inspection Camera je profesion\u00e1ln\u00ed dopl\u0148kov\u00fd n\u00e1stroj pro automobilovou diagnostiku, vybaven\u00fd kamerou s vysok\u00fdm rozli\u0161en\u00edm, LED osv\u011btlen\u00edm a flexibiln\u00ed vodot\u011bsnou sondou. Je ide\u00e1ln\u00ed pro kontrolu t\u011b\u017eko p\u0159\u00edstupn\u00fdch m\u00edst v motorech, potrub\u00edch a sou\u010d\u00e1stech vozidla a zaji\u0161\u0165uje jasn\u00fd obraz a spolehliv\u00fd v\u00fdkon v d\u00edln\u011b.<\/p>","protected":false},"featured_media":3338,"template":"","meta":{"_acf_changed":false,"_seopress_robots_primary_cat":"none","_seopress_titles_title":"Launch VSP-600 Inspection Camera \u2013 Professional Automotive Endoscope HD","_seopress_titles_desc":"The Launch VSP-600 Inspection Camera offers HD imaging, LED lights, and a flexible waterproof probe. Ideal for checking hard-to-reach vehicle parts.","_seopress_robots_index":"","inline_featured_image":false,"_kad_blocks_custom_css":"","_kad_blocks_head_custom_js":"","_kad_blocks_body_custom_js":"","_kad_blocks_footer_custom_js":"","_themeisle_gutenberg_block_has_review":false,"_kad_post_transparent":"default","_kad_post_title":"","_kad_post_layout":"default","_kad_post_sidebar_id":"","_kad_post_content_style":"default","_kad_post_vertical_padding":"default","_kad_post_feature":"","_kad_post_feature_position":"","_kad_post_header":false,"_kad_post_footer":false,"iawp_total_views":22},"product_cat":[22],"product_tag":[32,36,27,35,33,34,31],"class_list":{"0":"post-3335","1":"product","2":"type-product","3":"status-publish","4":"has-post-thumbnail","6":"product_cat-accessories","7":"product_tag-camera","8":"product_tag-diagnostics","9":"product_tag-hd","10":"product_tag-led","11":"product_tag-videoscope","12":"product_tag-vsp-600","13":"product_tag-vsp600","15":"first","16":"instock","17":"shipping-taxable","18":"purchasable","19":"product-type-simple","20":"entry","21":"content-bg","22":"loop-entry"},"acf":[],"taxonomy_info":{"product_cat":[{"value":22,"label":"Accessories"}],"product_tag":[{"value":32,"label":"Camera"},{"value":36,"label":"diagnostics"},{"value":27,"label":"HD"},{"value":35,"label":"LED"},{"value":33,"label":"Videoscope"},{"value":34,"label":"VSP-600"},{"value":31,"label":"VSP600"}]},"featured_image_src_large":["https:\/\/diagzone.org\/wp-content\/uploads\/2025\/09\/Launch_VSP_600_1.jpg",600,600,false],"author_info":[],"comment_info":"","_links":{"self":[{"href":"https:\/\/diagzone.org\/cs\/wp-json\/wp\/v2\/product\/3335","targetHints":{"allow":["GET"]}}],"collection":[{"href":"https:\/\/diagzone.org\/cs\/wp-json\/wp\/v2\/product"}],"about":[{"href":"https:\/\/diagzone.org\/cs\/wp-json\/wp\/v2\/types\/product"}],"wp:featuredmedia":[{"embeddable":true,"href":"https:\/\/diagzone.org\/cs\/wp-json\/wp\/v2\/media\/3338"}],"wp:attachment":[{"href":"https:\/\/diagzone.org\/cs\/wp-json\/wp\/v2\/media?parent=3335"}],"wp:term":[{"taxonomy":"product_cat","embeddable":true,"href":"https:\/\/diagzone.org\/cs\/wp-json\/wp\/v2\/product_cat?post=3335"},{"taxonomy":"product_tag","embeddable":true,"href":"https:\/\/diagzone.org\/cs\/wp-json\/wp\/v2\/product_tag?post=3335"}],"curies":[{"name":"wp","href":"https:\/\/api.w.org\/{rel}","templated":true}]}}