
{"id":3364,"date":"2025-09-26T17:16:22","date_gmt":"2025-09-26T15:16:22","guid":{"rendered":"https:\/\/diagzone.org\/?post_type=product&#038;p=3364"},"modified":"2025-09-26T17:31:21","modified_gmt":"2025-09-26T15:31:21","slug":"diagzone-diagnostic-set-dbscar-7","status":"publish","type":"product","link":"https:\/\/diagzone.org\/cs\/produkt\/diagzone-diagnostic-set-dbscar-7\/","title":{"rendered":"Diagzone diagnostick\u00e1 sada DBSCAR 7"},"content":{"rendered":"<p data-start=\"196\" data-end=\"441\" class=\" translation-block\">D\u011bkujeme za v\u00e1\u0161 z\u00e1jem o <strong data-start=\"231\" data-end=\"267\">diagnostickou sadu Diagzone DBScar 7<\/strong>.<br data-start=\"268\" data-end=\"271\">Tato profesion\u00e1ln\u00ed diagnostick\u00e1 sada kombinuje v\u00fdkonn\u00fd tablet s Androidem a OBD2 konektor DBScar 7, je pln\u011b testov\u00e1na a optimalizov\u00e1na pro pou\u017eit\u00ed s <strong data-start=\"417\" data-end=\"438\">platformou DiagZone<\/strong>.<\/p>\n<p data-start=\"443\" data-end=\"611\">\ud83d\udd39 <strong data-start=\"104\" data-end=\"124\">D\u016fle\u017eit\u00e9 upozorn\u011bn\u00ed<\/strong><br data-start=\"124\" data-end=\"127\" \/>Sada <strong data-start=\"135\" data-end=\"181\">obsahuje platnou licenci softwaru DiagZone<\/strong> standardn\u011b<br data-start=\"193\" data-end=\"196\" \/>To znamen\u00e1, \u017ee m\u016f\u017eete okam\u017eit\u011b za\u010d\u00edt pou\u017e\u00edvat v\u0161echny diagnostick\u00e9 funkce bez nutnosti zakoupen\u00ed dal\u0161\u00edho p\u0159edplatn\u00e9ho.<\/p>\n<p data-start=\"613\" data-end=\"819\">\ud83d\udd39 <strong data-start=\"616\" data-end=\"638\">Podpora a poradenstv\u00ed<\/strong><br data-start=\"638\" data-end=\"641\" \/>Pot\u0159ebujete pomoc s nastaven\u00edm diagnostick\u00e9 sady?<br data-start=\"682\" data-end=\"685\" \/>N\u00e1\u0161 t\u00fdm je k dispozici, aby poskytl pomoc krok za krokem \u2013 od konfigurace tabletu a\u017e po aktivaci DBScar 7 na platform\u011b DiagZone.<\/p>\n<p data-start=\"821\" data-end=\"1020\">\ud83d\udd39 <strong data-start=\"824\" data-end=\"845\">Zaji\u0161t\u011bn\u00ed kvality<\/strong><br data-start=\"845\" data-end=\"848\" \/>Ka\u017ed\u00e1 diagnostick\u00e1 sada je p\u0159ed odesl\u00e1n\u00edm pln\u011b testov\u00e1na.<br data-start=\"901\" data-end=\"904\" \/>Tablet, adapt\u00e9r DBScar 7 a konektivita jsou ov\u011b\u0159ov\u00e1ny, aby byl zaji\u0161t\u011bn bezchybn\u00fd provoz a dlouhodob\u00e1 odolnost.<\/p>\n<h2 data-start=\"1027\" data-end=\"1051\">Popis produktu<\/h2>\n<p data-start=\"1053\" data-end=\"1244\" class=\" translation-block\"><strong data-start=\"1057\" data-end=\"1093\">Diagnostick\u00e1 sada Diagzone DBScar 7<\/strong> je ur\u010dena pro profesion\u00e1ln\u00ed autoservisy a nab\u00edz\u00ed pokro\u010dilou diagnostiku, k\u00f3dov\u00e1n\u00ed ECU a servisn\u00ed funkce pro \u0161irokou \u0161k\u00e1lu vozidel.<\/p>\n<p data-start=\"1246\" data-end=\"2000\">\u2705 <strong data-start=\"1248\" data-end=\"1264\">Kompletn\u00ed sada<\/strong> \u2013 Obsahuje tablet Android a OBD2 adapt\u00e9r DBScar 7<br data-start=\"1316\" data-end=\"1319\" \/>\u2705 <strong data-start=\"1321\" data-end=\"1347\">Kompatibilita s DiagZone<\/strong> \u2013 Funguje bezprobl\u00e9mov\u011b se softwarem DiagZone<br data-start=\"1389\" data-end=\"1392\" \/>\u2705 <strong data-start=\"1394\" data-end=\"1414\">Modern\u00ed protokoly<\/strong> \u2013 Podporuje <strong data-start=\"1426\" data-end=\"1436\">CAN FD<\/strong> a <strong data-start=\"1441\" data-end=\"1449\">DoIP<\/strong> pro nov\u00e9 generace vozidel<br data-start=\"1477\" data-end=\"1480\" \/>\u2705 <strong data-start=\"1482\" data-end=\"1508\">Obousm\u011brn\u00e9 ovl\u00e1d\u00e1n\u00ed<\/strong> \u2013 Prov\u00e1d\u00ed aktivn\u00ed testy, kalibrace komponent\u016f a k\u00f3dov\u00e1n\u00ed ECU<br data-start=\"1571\" data-end=\"1574\" \/>\u2705 <strong data-start=\"1576\" data-end=\"1603\">Vizu\u00e1ln\u00ed mapov\u00e1n\u00ed topologie<\/strong> \u2013 Umo\u017e\u0148uje rychlou diagnostiku cel\u00e9 s\u00edt\u011b vozidla<br data-start=\"1649\" data-end=\"1652\" \/>\u2705 <strong data-start=\"1654\" data-end=\"1681\">Komplexn\u00ed funkce<\/strong> \u2013 40+ servisn\u00edch a resetovac\u00edch funkc\u00ed (vst\u0159ikova\u010de, DPF, TPMS, baterie, kl\u00ed\u010de atd.)<br data-start=\"1759\" data-end=\"1762\" \/>\u2705 <strong data-start=\"1764\" data-end=\"1790\">\u0160irok\u00e9 pokryt\u00ed vozidel<\/strong> \u2013 Podporuje <strong data-start=\"1802\" data-end=\"1879\"><a href=\"https:\/\/diagzone.org\/diagzone-supported-european-cars\/\">Evropsk\u00fd<\/a>, <a href=\"https:\/\/diagzone.org\/diagzone-supported-asian-passanger-cars\/\">Asijsk\u00fd<\/a>, <a href=\"https:\/\/diagzone.org\/diagzone-supported-chinese-cars\/\">\u010c\u00ednsk\u00fd<\/a>, elektrick\u00e1 vozidla, motocykly a t\u011b\u017ek\u00e1 n\u00e1kladn\u00ed vozidla<\/strong> (s voliteln\u00fdm <a href=\"https:\/\/diagzone.org\/product\/gt106-plus-heavy-truck-power-adapter-24v-to-12v-adapter\/\">24V\u201312V p\u0159evodn\u00edk<\/a>)<br data-start=\"1913\" data-end=\"1916\" \/>\u2705 <strong data-start=\"1918\" data-end=\"1935\">Odoln\u00fd design<\/strong> \u2013 Odoln\u00fd tablet a zes\u00edlen\u00fd adapt\u00e9r pro ka\u017edodenn\u00ed d\u00edlensk\u00e9 pou\u017eit\u00ed<\/p>\n<p data-start=\"2002\" data-end=\"2154\">\u26a0\ufe0f <strong data-start=\"37\" data-end=\"53\">Upozorn\u011bn\u00ed:<\/strong> Softwarov\u00e1 licence je v t\u00e9to sad\u011b ji\u017e zahrnuta.<br data-start=\"109\" data-end=\"112\" \/>\ud83d\udc49 For heavy truck diagnostics, a <strong data-start=\"146\" data-end=\"175\">24V\u201312V konvertorov\u00fd adapt\u00e9r<\/strong> je vy\u017eadov\u00e1no a mus\u00ed b\u00fdt zakoupeno samostatn\u011b. M\u016f\u017eete jej objednat zde: <a class=\"decorated-link cursor-pointer\" href=\"https:\/\/diagzone.org\/product\/gt106-plus-heavy-truck-power-adapter-24v-to-12v-adapter\/\" target=\"_new\" rel=\"noopener\" data-start=\"245\" data-end=\"331\" data-is-only-node=\"\">Adapt\u00e9r pro t\u011b\u017ek\u00e1 n\u00e1kladn\u00ed vozidla<\/a><\/p>\n<h2 data-start=\"2161\" data-end=\"2210\">Pro\u010d si vybrat Diagzone Diagnostic Set DBScar 7?<\/h2>\n<ul data-start=\"2212\" data-end=\"2490\">\n<li data-start=\"2212\" data-end=\"2259\">\n<p data-start=\"2214\" data-end=\"2259\">Profesion\u00e1ln\u00ed all-in-one diagnostick\u00e9 \u0159e\u0161en\u00ed<\/p>\n<\/li>\n<li data-start=\"2260\" data-end=\"2313\">\n<p data-start=\"2262\" data-end=\"2313\">P\u0159edem testovan\u00fd tablet Android s konektorem DBScar 7<\/p>\n<\/li>\n<li data-start=\"2314\" data-end=\"2363\">\n<p data-start=\"2316\" data-end=\"2363\" class=\" translation-block\">Protokoly p\u0159ipraven\u00e9 na budoucnost: <strong data-start=\"2340\" data-end=\"2350\">CAN FD<\/strong> &amp; <strong data-start=\"2353\" data-end=\"2361\">DoIP<\/strong><\/p>\n<\/li>\n<li data-start=\"2364\" data-end=\"2441\">\n<p data-start=\"2366\" data-end=\"2441\" class=\" translation-block\">Podporuje <strong data-start=\"2375\" data-end=\"2422\">osobn\u00ed vozy, EV vozidla, hybridy, motocykly a n\u00e1kladn\u00ed vozidla<\/strong> (<a href=\"https:\/\/diagzone.org\/product\/gt106-plus-heavy-truck-power-adapter-24v-to-12v-adapter\/\" target=\"_self\">s adapt\u00e9rem<\/a>)<\/p>\n<\/li>\n<li data-start=\"2442\" data-end=\"2490\">\n<p data-start=\"2444\" data-end=\"2490\">Spolehliv\u00e1 konstrukce p\u0159ipraven\u00e1 pro d\u00edlnu pro ka\u017edodenn\u00ed pou\u017eit\u00ed<\/p>\n<\/li>\n<\/ul>\n<p data-start=\"718\" data-end=\"743\"><strong data-start=\"718\" data-end=\"741\">\ud83d\udd39 Sou\u010d\u00e1st balen\u00ed<\/strong><\/p>\n<ul data-start=\"744\" data-end=\"906\">\n<li data-start=\"744\" data-end=\"805\">\n<p data-start=\"746\" data-end=\"805\">8palcov\u00fd diagnostick\u00fd tablet Android (4 GB RAM \/ 64 GB \u00falo\u017ei\u0161t\u011b)<\/p>\n<\/li>\n<li data-start=\"806\" data-end=\"833\">\n<p data-start=\"808\" data-end=\"833\">OBD2 konektor DBScar 7<\/p>\n<\/li>\n<li data-start=\"834\" data-end=\"862\">\n<p data-start=\"836\" data-end=\"862\">Ochrann\u00e9 p\u0159epravn\u00ed pouzdro<\/p>\n<\/li>\n<li data-start=\"863\" data-end=\"888\">\n<p data-start=\"865\" data-end=\"888\">USB nab\u00edje\u010dka a kabel<\/p>\n<\/li>\n<li data-start=\"889\" data-end=\"906\">\n<p data-start=\"891\" data-end=\"906\">Nap\u00e1jec\u00ed adapt\u00e9r<\/p>\n<\/li>\n<\/ul>\n<h2 data-start=\"205\" data-end=\"223\">Zjistit v\u00edce<\/h2>\n<p data-start=\"224\" data-end=\"443\">Chcete se dozv\u011bd\u011bt v\u00edce o tom, jak <strong data-start=\"256\" data-end=\"292\">Diagnostick\u00e1 sada DiagZone DBScar 7<\/strong> funguje s osobn\u00edmi automobily, elektrick\u00fdmi vozidly, motocykly a t\u011b\u017ek\u00fdmi n\u00e1kladn\u00edmi vozidly?<br data-start=\"350\" data-end=\"353\" \/>Pod\u00edvejte se na n\u00e1\u0161 podrobn\u00fd pr\u016fvodce na na\u0161em blogu \ud83d\udc49 <a class=\"decorated-link cursor-pointer\" href=\"https:\/\/diagzone.org\/diagzone-package-description\/\" target=\"_new\" rel=\"noopener\" data-start=\"397\" data-end=\"441\">P\u0159e\u010dt\u011bte si v\u00edce zde<\/a><\/p>","protected":false},"excerpt":{"rendered":"<p class=\" translation-block\"><strong data-start=\"2527\" data-end=\"2563\">Diagnostick\u00e1 sada Diagzone DBScar 7<\/strong> obsahuje tablet a OBD2 konektor, podporuje CAN FD, DoIP, k\u00f3dov\u00e1n\u00ed ECU a v\u00edce ne\u017e 40 servisn\u00edch funkc\u00ed. Pokr\u00fdv\u00e1 evropsk\u00e1, asijsk\u00e1, \u010d\u00ednsk\u00e1 a elektrick\u00e1 (EV) vozidla, motocykly a t\u011b\u017ek\u00e1 n\u00e1kladn\u00ed vozidla.<\/p>","protected":false},"featured_media":3367,"template":"","meta":{"_acf_changed":false,"_seopress_robots_primary_cat":"none","_seopress_titles_title":"Diagzone Diagnostic Set DBScar 7 \u2013 Professional OBD2 Diagnostic Tablet & Adapter","_seopress_titles_desc":"Complete Diagzone Diagnostic Set with DBScar 7 adapter and 8-inch Android tablet (4GB\/64GB). Includes rugged case, charger, and Diagzone license. Supports EU, Asian, Chinese, EV, hybrid vehicles, motorcycles, and heavy-duty trucks.","_seopress_robots_index":"","inline_featured_image":false,"_kad_blocks_custom_css":"","_kad_blocks_head_custom_js":"","_kad_blocks_body_custom_js":"","_kad_blocks_footer_custom_js":"","_themeisle_gutenberg_block_has_review":false,"_kad_post_transparent":"default","_kad_post_title":"","_kad_post_layout":"default","_kad_post_sidebar_id":"","_kad_post_content_style":"default","_kad_post_vertical_padding":"default","_kad_post_feature":"","_kad_post_feature_position":"","_kad_post_header":false,"_kad_post_footer":false,"iawp_total_views":338},"product_cat":[23],"product_tag":[48,44,47,45,42,43,40,46],"class_list":{"0":"post-3364","1":"product","2":"type-product","3":"status-publish","4":"has-post-thumbnail","6":"product_cat-diagnostic-kits","7":"product_tag-cars","8":"product_tag-dbscar-7","9":"product_tag-ev","10":"product_tag-kit","11":"product_tag-obd2","12":"product_tag-set","13":"product_tag-tablet","14":"product_tag-trucks","16":"first","17":"instock","18":"shipping-taxable","19":"purchasable","20":"product-type-simple","21":"entry","22":"content-bg","23":"loop-entry"},"acf":[],"taxonomy_info":{"product_cat":[{"value":23,"label":"Diagnostic kits"}],"product_tag":[{"value":48,"label":"cars"},{"value":44,"label":"DBSCAR 7"},{"value":47,"label":"EV"},{"value":45,"label":"Kit"},{"value":42,"label":"OBD2"},{"value":43,"label":"Set"},{"value":40,"label":"Tablet"},{"value":46,"label":"trucks"}]},"featured_image_src_large":["https:\/\/diagzone.org\/wp-content\/uploads\/2025\/09\/Diagzone_Diagnostics_DBSCAR_7.jpg",600,600,false],"author_info":[],"comment_info":"","_links":{"self":[{"href":"https:\/\/diagzone.org\/cs\/wp-json\/wp\/v2\/product\/3364","targetHints":{"allow":["GET"]}}],"collection":[{"href":"https:\/\/diagzone.org\/cs\/wp-json\/wp\/v2\/product"}],"about":[{"href":"https:\/\/diagzone.org\/cs\/wp-json\/wp\/v2\/types\/product"}],"wp:featuredmedia":[{"embeddable":true,"href":"https:\/\/diagzone.org\/cs\/wp-json\/wp\/v2\/media\/3367"}],"wp:attachment":[{"href":"https:\/\/diagzone.org\/cs\/wp-json\/wp\/v2\/media?parent=3364"}],"wp:term":[{"taxonomy":"product_cat","embeddable":true,"href":"https:\/\/diagzone.org\/cs\/wp-json\/wp\/v2\/product_cat?post=3364"},{"taxonomy":"product_tag","embeddable":true,"href":"https:\/\/diagzone.org\/cs\/wp-json\/wp\/v2\/product_tag?post=3364"}],"curies":[{"name":"wp","href":"https:\/\/api.w.org\/{rel}","templated":true}]}}