
{"id":3379,"date":"2025-09-27T09:38:14","date_gmt":"2025-09-27T07:38:14","guid":{"rendered":"https:\/\/diagzone.org\/?post_type=product&#038;p=3379"},"modified":"2025-09-27T09:47:51","modified_gmt":"2025-09-27T07:47:51","slug":"diagzone-diagnostic-set-dbscar-7-max","status":"publish","type":"product","link":"https:\/\/diagzone.org\/cs\/produkt\/diagzone-diagnostic-set-dbscar-7-max\/","title":{"rendered":"Diagzone Diagnostick\u00e1 sada DBSCAR 7 MAX"},"content":{"rendered":"<p data-start=\"207\" data-end=\"493\" class=\" translation-block\">D\u011bkujeme za v\u00e1\u0161 z\u00e1jem o <strong data-start=\"242\" data-end=\"282\">diagnostickou sadu Diagzone DBScar 7 Max<\/strong>.<br data-start=\"283\" data-end=\"286\">Tato profesion\u00e1ln\u00ed diagnostick\u00e1 sada kombinuje v\u00fdkonn\u00fd <strong data-start=\"339\" data-end=\"390\">10palcov\u00fd tablet Android (3 GB RAM \/ 64 GB \u00falo\u017ei\u0161t\u011b)<\/strong> s <strong data-start=\"400\" data-end=\"427\">OBD2 konektorem DBScar 7<\/strong>, kter\u00fd je pln\u011b testov\u00e1n a optimalizov\u00e1n pro pou\u017eit\u00ed s platformou DiagZone.<\/p>\n<p data-start=\"500\" data-end=\"712\">\ud83d\udd39 <strong data-start=\"503\" data-end=\"523\">D\u016fle\u017eit\u00e9 upozorn\u011bn\u00ed<\/strong><br data-start=\"523\" data-end=\"526\" \/>Sada obsahuje platnou <strong data-start=\"551\" data-end=\"580\">Licence softwaru DiagZone<\/strong> standardn\u011b<br data-start=\"592\" data-end=\"595\" \/>To znamen\u00e1, \u017ee m\u016f\u017eete okam\u017eit\u011b za\u010d\u00edt pou\u017e\u00edvat v\u0161echny diagnostick\u00e9 funkce bez nutnosti zakoupen\u00ed dal\u0161\u00edho p\u0159edplatn\u00e9ho.<\/p>\n<p data-start=\"719\" data-end=\"925\">\ud83d\udd39 <strong data-start=\"722\" data-end=\"744\">Podpora a poradenstv\u00ed<\/strong><br data-start=\"744\" data-end=\"747\" \/>Pot\u0159ebujete pomoc s nastaven\u00edm diagnostick\u00e9 sady?<br data-start=\"788\" data-end=\"791\" \/>N\u00e1\u0161 t\u00fdm je k dispozici, aby poskytl pomoc krok za krokem \u2013 od konfigurace tabletu a\u017e po aktivaci DBScar 7 na platform\u011b DiagZone.<\/p>\n<p data-start=\"932\" data-end=\"1135\">\ud83d\udd39 <strong data-start=\"935\" data-end=\"956\">Zaji\u0161t\u011bn\u00ed kvality<\/strong><br data-start=\"956\" data-end=\"959\" \/>Ka\u017ed\u00e1 diagnostick\u00e1 sada je p\u0159ed odesl\u00e1n\u00edm pln\u011b testov\u00e1na.<br data-start=\"1012\" data-end=\"1015\" \/>The <strong data-start=\"1019\" data-end=\"1065\">Tablet, adapt\u00e9r DBScar 7 a konektivita<\/strong> jsou ov\u011b\u0159ov\u00e1ny, aby byl zaji\u0161t\u011bn bezchybn\u00fd provoz a dlouhodob\u00e1 odolnost.<\/p>\n<h2 data-start=\"1142\" data-end=\"1166\">Popis produktu<\/h2>\n<p data-start=\"1168\" data-end=\"1363\" class=\" translation-block\"><strong data-start=\"1172\" data-end=\"1212\">Diagnostick\u00e1 sada Diagzone DBScar 7 Max<\/strong> je navrhnut\u00e1 pre profesion\u00e1lne autoservisy a pon\u00faka pokro\u010dil\u00fa diagnostiku, k\u00f3dovanie ECU a servisn\u00e9 funkcie pre \u0161irok\u00fa \u0161k\u00e1lu vozidiel.<\/p>\n<p data-start=\"1365\" data-end=\"2115\">\u2705 <strong data-start=\"1367\" data-end=\"1383\">Kompletn\u00ed sada<\/strong> \u2013 Obsahuje 10palcov\u00fd tablet Android a OBD2 adapt\u00e9r DBScar 7<br data-start=\"1443\" data-end=\"1446\" \/>\u2705 <strong data-start=\"1448\" data-end=\"1474\">Kompatibilita s DiagZone<\/strong> \u2013 Funguje bezprobl\u00e9mov\u011b se softwarem DiagZone<br data-start=\"1516\" data-end=\"1519\" \/>\u2705 <strong data-start=\"1521\" data-end=\"1541\">Modern\u00ed protokoly<\/strong> \u2013 Podporuje CAN FD a DoIP pro nov\u00e9 generace vozidel<br data-start=\"1596\" data-end=\"1599\" \/>\u2705 <strong data-start=\"1601\" data-end=\"1627\">Obousm\u011brn\u00e9 ovl\u00e1d\u00e1n\u00ed<\/strong> \u2013 Prov\u00e1d\u00ed aktivn\u00ed testy, kalibrace komponent\u016f a k\u00f3dov\u00e1n\u00ed ECU<br data-start=\"1690\" data-end=\"1693\" \/>\u2705 <strong data-start=\"1695\" data-end=\"1722\">Vizu\u00e1ln\u00ed mapov\u00e1n\u00ed topologie<\/strong> \u2013 Umo\u017e\u0148uje rychlou diagnostiku cel\u00e9 s\u00edt\u011b vozidla<br data-start=\"1768\" data-end=\"1771\" \/>\u2705 <strong data-start=\"1773\" data-end=\"1800\">Komplexn\u00ed funkce<\/strong> \u2013 40+ servisn\u00edch a resetovac\u00edch funkc\u00ed (vst\u0159ikova\u010de, DPF, TPMS, baterie, kl\u00ed\u010de atd.)<br data-start=\"1878\" data-end=\"1881\" \/>\u2705 <strong data-start=\"1883\" data-end=\"1909\">\u0160irok\u00e9 pokryt\u00ed vozidel<\/strong> \u2013 Podporuje <a href=\"https:\/\/diagzone.org\/diagzone-supported-european-cars\/\">Evropsk\u00fd<\/a>, <a href=\"https:\/\/diagzone.org\/diagzone-supported-asian-passanger-cars\/\">Asijsk\u00fd<\/a>, <a href=\"https:\/\/diagzone.org\/diagzone-supported-chinese-cars\/\">\u010c\u00ednsk\u00fd<\/a>, elektrick\u00e1 vozidla, motocykly a t\u011b\u017ek\u00e1 n\u00e1kladn\u00ed vozidla (s voliteln\u00fdm <a href=\"https:\/\/diagzone.org\/product\/gt106-plus-heavy-truck-power-adapter-24v-to-12v-adapter\/\">24V\u201312V p\u0159evodn\u00edk<\/a>)<br data-start=\"2028\" data-end=\"2031\" \/>\u2705 <strong data-start=\"2033\" data-end=\"2050\">Odoln\u00fd design<\/strong> \u2013 Odoln\u00fd tablet a zes\u00edlen\u00fd adapt\u00e9r pro ka\u017edodenn\u00ed d\u00edlensk\u00e9 pou\u017eit\u00ed<\/p>\n<p data-start=\"2122\" data-end=\"2429\">\u26a0\ufe0f <strong data-start=\"2125\" data-end=\"2141\">Upozorn\u011bn\u00ed:<\/strong> Softwarov\u00e1 licence je v t\u00e9to sad\u011b ji\u017e zahrnuta.<br data-start=\"2197\" data-end=\"2200\" \/>\ud83d\udc49 Pro <strong data-start=\"2207\" data-end=\"2234\">diagnostika t\u011b\u017ek\u00fdch n\u00e1kladn\u00edch vozidel<\/strong>, a <a href=\"https:\/\/diagzone.org\/product\/gt106-plus-heavy-truck-power-adapter-24v-to-12v-adapter\/\"><strong data-start=\"2238\" data-end=\"2267\">24V\u201312V konvertorov\u00fd adapt\u00e9r<\/strong><\/a> je vy\u017eadov\u00e1no a mus\u00ed b\u00fdt zakoupeno samostatn\u011b. M\u016f\u017eete jej objednat zde: <strong data-start=\"2337\" data-end=\"2427\"><a class=\"decorated-link cursor-pointer\" href=\"https:\/\/diagzone.org\/product\/gt106-plus-heavy-truck-power-adapter-24v-to-12v-adapter\/\" target=\"_new\" rel=\"noopener\" data-start=\"2339\" data-end=\"2425\">Adapt\u00e9r pro t\u011b\u017ek\u00e1 n\u00e1kladn\u00ed vozidla<\/a><\/strong><\/p>\n<h2 data-start=\"2436\" data-end=\"2489\">Pro\u010d si vybrat diagnostickou sadu Diagzone DBScar 7 Max?<\/h2>\n<ul data-start=\"2491\" data-end=\"2765\">\n<li data-start=\"2491\" data-end=\"2538\">\n<p data-start=\"2493\" data-end=\"2538\">Profesion\u00e1ln\u00ed all-in-one diagnostick\u00e9 \u0159e\u0161en\u00ed<\/p>\n<\/li>\n<li data-start=\"2539\" data-end=\"2600\">\n<p data-start=\"2541\" data-end=\"2600\">P\u0159edem otestovan\u00fd 10palcov\u00fd tablet Android s konektorem DBScar 7<\/p>\n<\/li>\n<li data-start=\"2601\" data-end=\"2642\">\n<p data-start=\"2603\" data-end=\"2642\" class=\" translation-block\">Protokoly p\u0159ipraven\u00e9 na budoucnost: <strong data-start=\"2340\" data-end=\"2350\">CAN FD<\/strong> &amp; <strong data-start=\"2353\" data-end=\"2361\">DoIP<\/strong><\/p>\n<\/li>\n<li data-start=\"2643\" data-end=\"2716\">\n<p data-start=\"2645\" data-end=\"2716\" class=\" translation-block\">Podporuje <strong data-start=\"2375\" data-end=\"2422\">osobn\u00ed vozy, EV vozidla, hybridy, motocykly a n\u00e1kladn\u00ed vozidla<\/strong> (<a href=\"https:\/\/diagzone.org\/product\/gt106-plus-heavy-truck-power-adapter-24v-to-12v-adapter\/\" target=\"_self\">s adapt\u00e9rem<\/a>)<\/p>\n<\/li>\n<li data-start=\"2717\" data-end=\"2765\">\n<p data-start=\"2719\" data-end=\"2765\">Spolehliv\u00e1 konstrukce p\u0159ipraven\u00e1 pro d\u00edlnu pro ka\u017edodenn\u00ed pou\u017eit\u00ed<\/p>\n<\/li>\n<\/ul>\n<p data-start=\"2772\" data-end=\"2800\">\ud83d\udd39 <strong data-start=\"2775\" data-end=\"2798\">Sou\u010d\u00e1st\u00ed balen\u00ed<\/strong><\/p>\n<ul data-start=\"2802\" data-end=\"2969\">\n<li data-start=\"2802\" data-end=\"2868\">\n<p data-start=\"2804\" data-end=\"2868\" class=\" translation-block\">10palcov\u00fd diagnostick\u00fd tablet se syst\u00e9mem Android (<strong data-start=\"2839\" data-end=\"2865\">3 GB RAM \/ 64 GB \u00falo\u017ei\u0161t\u011b<\/strong>)<\/p>\n<\/li>\n<li data-start=\"2869\" data-end=\"2896\">\n<p data-start=\"2871\" data-end=\"2896\">OBD2 konektor DBScar 7<\/p>\n<\/li>\n<li data-start=\"2926\" data-end=\"2951\">\n<p data-start=\"2928\" data-end=\"2951\">USB nab\u00edje\u010dka a kabel<\/p>\n<\/li>\n<li data-start=\"2952\" data-end=\"2969\">\n<p data-start=\"2954\" data-end=\"2969\">Nap\u00e1jec\u00ed adapt\u00e9r<\/p>\n<\/li>\n<\/ul>\n<h2 data-start=\"2976\" data-end=\"2991\">Zjistit v\u00edce<\/h2>\n<p data-start=\"2993\" data-end=\"3190\">Chcete se dozv\u011bd\u011bt v\u00edce o tom, jak <strong data-start=\"3025\" data-end=\"3065\">Diagnostick\u00e1 sada DiagZone DBScar 7 Max<\/strong> funguje s osobn\u00edmi automobily, elektrick\u00fdmi vozidly, motocykly a t\u011b\u017ek\u00fdmi n\u00e1kladn\u00edmi vozidly?<br data-start=\"3123\" data-end=\"3126\" \/>Pod\u00edvejte se na n\u00e1\u0161 podrobn\u00fd pr\u016fvodce na na\u0161em blogu \ud83d\udc49 <a href=\"https:\/\/diagzone.org\/diagzone-package-description\/\"><strong data-start=\"3170\" data-end=\"3188\">P\u0159e\u010dt\u011bte si v\u00edce zde<\/strong><\/a><\/p>","protected":false},"excerpt":{"rendered":"<p class=\" translation-block\"><strong data-start=\"2527\" data-end=\"2563\">Diagnostick\u00e1 sada Diagzone DBScar 7 MAX<\/strong> obsahuje tablet a OBD2 konektor a podporuje CAN FD, DoIP, k\u00f3dov\u00e1n\u00ed ECU a v\u00edce ne\u017e 40 servisn\u00edch funkc\u00ed. Pokr\u00fdv\u00e1 evropsk\u00e1, asijsk\u00e1 a \u010d\u00ednsk\u00e1 vozidla, EV vozidla, motocykly a t\u011b\u017ek\u00e1 n\u00e1kladn\u00ed vozidla.<\/p>","protected":false},"featured_media":3378,"template":"","meta":{"_acf_changed":false,"_seopress_robots_primary_cat":"none","_seopress_titles_title":"Diagzone Diagnostic Set DBScar 7 Max \u2013 10\" Tablet (3GB\/64GB) with OBD2 Adapter","_seopress_titles_desc":"Diagzone Diagnostic Set DBScar 7 Max includes a 10-inch Android tablet (3GB\/64GB), DBScar 7 OBD2 connector, case, charger, and license. Supports cars, EVs, motorcycles, and trucks with 24V\u201312V converter.","_seopress_robots_index":"","inline_featured_image":false,"_kad_blocks_custom_css":"","_kad_blocks_head_custom_js":"","_kad_blocks_body_custom_js":"","_kad_blocks_footer_custom_js":"","_themeisle_gutenberg_block_has_review":false,"_kad_post_transparent":"default","_kad_post_title":"","_kad_post_layout":"default","_kad_post_sidebar_id":"","_kad_post_content_style":"default","_kad_post_vertical_padding":"default","_kad_post_feature":"","_kad_post_feature_position":"","_kad_post_header":false,"_kad_post_footer":false,"iawp_total_views":608},"product_cat":[23],"product_tag":[48,44,49,47,45,42,43,40,46],"class_list":{"0":"post-3379","1":"product","2":"type-product","3":"status-publish","4":"has-post-thumbnail","6":"product_cat-diagnostic-kits","7":"product_tag-cars","8":"product_tag-dbscar-7","9":"product_tag-dbscar-7-max","10":"product_tag-ev","11":"product_tag-kit","12":"product_tag-obd2","13":"product_tag-set","14":"product_tag-tablet","15":"product_tag-trucks","17":"first","18":"instock","19":"shipping-taxable","20":"purchasable","21":"product-type-simple","22":"entry","23":"content-bg","24":"loop-entry"},"acf":[],"taxonomy_info":{"product_cat":[{"value":23,"label":"Diagnostic kits"}],"product_tag":[{"value":48,"label":"cars"},{"value":44,"label":"DBSCAR 7"},{"value":49,"label":"DBScar 7 MAX"},{"value":47,"label":"EV"},{"value":45,"label":"Kit"},{"value":42,"label":"OBD2"},{"value":43,"label":"Set"},{"value":40,"label":"Tablet"},{"value":46,"label":"trucks"}]},"featured_image_src_large":["https:\/\/diagzone.org\/wp-content\/uploads\/2025\/09\/Diagzone_Diagnostic_Set_DBSCAR_7_MAX.jpg",600,600,false],"author_info":[],"comment_info":"","_links":{"self":[{"href":"https:\/\/diagzone.org\/cs\/wp-json\/wp\/v2\/product\/3379","targetHints":{"allow":["GET"]}}],"collection":[{"href":"https:\/\/diagzone.org\/cs\/wp-json\/wp\/v2\/product"}],"about":[{"href":"https:\/\/diagzone.org\/cs\/wp-json\/wp\/v2\/types\/product"}],"wp:featuredmedia":[{"embeddable":true,"href":"https:\/\/diagzone.org\/cs\/wp-json\/wp\/v2\/media\/3378"}],"wp:attachment":[{"href":"https:\/\/diagzone.org\/cs\/wp-json\/wp\/v2\/media?parent=3379"}],"wp:term":[{"taxonomy":"product_cat","embeddable":true,"href":"https:\/\/diagzone.org\/cs\/wp-json\/wp\/v2\/product_cat?post=3379"},{"taxonomy":"product_tag","embeddable":true,"href":"https:\/\/diagzone.org\/cs\/wp-json\/wp\/v2\/product_tag?post=3379"}],"curies":[{"name":"wp","href":"https:\/\/api.w.org\/{rel}","templated":true}]}}