
{"id":3382,"date":"2025-09-27T09:50:32","date_gmt":"2025-09-27T07:50:32","guid":{"rendered":"https:\/\/diagzone.org\/?post_type=product&#038;p=3382"},"modified":"2025-09-27T09:55:20","modified_gmt":"2025-09-27T07:55:20","slug":"kingbolen-ediag-plus-diagnostic-kit-obd2-scanner-with-8-tablet-diagzone-license","status":"publish","type":"product","link":"https:\/\/diagzone.org\/cs\/produkt\/kingbolen-ediag-plus-diagnostic-kit-obd2-scanner-with-8-tablet-diagzone-license\/","title":{"rendered":"Diagnostick\u00e1 sada Kingbolen Ediag Plus \u2013 OBD2 skener s 8\u2033 tabletem a licenc\u00ed DiagZone"},"content":{"rendered":"<p data-start=\"258\" data-end=\"580\" class=\" translation-block\">D\u011bkujeme za v\u00e1\u0161 z\u00e1jem o <strong data-start=\"293\" data-end=\"328\">Kingbolen Ediag+ Diagnostic Kit<\/strong>.<br data-start=\"329\" data-end=\"332\">Tato profesion\u00e1ln\u00ed sada obsahuje <strong data-start=\"367\" data-end=\"413\">diagnostick\u00fd Bluetooth OBD2 konektor Ediag+<\/strong> (klon ThinkDiag 2) spolu s <strong data-start=\"460\" data-end=\"510\">8palcov\u00fdm Android tabletem (4 GB RAM \/ 64 GB \u00falo\u017ei\u0161t\u011b)<\/strong>, pln\u011b otestovan\u00e9 a optimalizovan\u00e9 pro pou\u017eit\u00ed s <strong data-start=\"556\" data-end=\"577\">platformou DiagZone<\/strong>.<\/p>\n<p data-start=\"587\" data-end=\"769\">\ud83d\udd39 <strong data-start=\"590\" data-end=\"610\">D\u016fle\u017eit\u00e9 upozorn\u011bn\u00ed<\/strong><br data-start=\"610\" data-end=\"613\" \/>Sada neobsahuje p\u0159edinstalovanou softwarovou licenci.<br data-start=\"671\" data-end=\"674\" \/>Pro vyu\u017eit\u00ed v\u0161ech diagnostick\u00fdch funkc\u00ed je nutn\u00e1 <strong data-start=\"714\" data-end=\"748\">samostatn\u00e9 p\u0159edplatn\u00e9 DiagZone<\/strong> mus\u00ed b\u00fdt zakoupena.<\/p>\n<p data-start=\"776\" data-end=\"1012\">\ud83d\udd39 <strong data-start=\"779\" data-end=\"801\">Podpora a poradenstv\u00ed<\/strong><br data-start=\"801\" data-end=\"804\" \/>Pot\u0159ebujete pomoc s nastaven\u00edm DiagZone?<br data-start=\"834\" data-end=\"837\" \/>N\u00e1\u0161 t\u00fdm se v\u011bnuje poskytov\u00e1n\u00ed podpory krok za krokem. Nev\u00e1hejte n\u00e1s kdykoli kontaktovat, pokud pot\u0159ebujete pomoc s pou\u017e\u00edv\u00e1n\u00edm va\u0161\u00ed sady Ediag+ s platformou DiagZone OBD2.<\/p>\n<p data-start=\"1019\" data-end=\"1243\">\ud83d\udd39 <strong data-start=\"1022\" data-end=\"1043\">Zaji\u0161t\u011bn\u00ed kvality<\/strong><br data-start=\"1043\" data-end=\"1046\" \/>Ka\u017ed\u00fd <strong data-start=\"1052\" data-end=\"1072\">Kingbolen Ediag+<\/strong> a tablet je p\u0159ed odesl\u00e1n\u00edm testov\u00e1n na DiagZone.<br data-start=\"1122\" data-end=\"1125\" \/>T\u00edm je zaji\u0161t\u011bna spr\u00e1vn\u00e1 funk\u010dnost, stabiln\u00ed komunikace a spolehliv\u00fd v\u00fdkon pro profesion\u00e1ln\u00ed nebo osobn\u00ed pou\u017eit\u00ed.<\/p>\n<h2 data-start=\"1250\" data-end=\"1274\">Popis produktu<\/h2>\n<p data-start=\"1276\" data-end=\"1530\" class=\" translation-block\"><strong data-start=\"1280\" data-end=\"1315\">Kingbolen Ediag+ Diagnostic Kit<\/strong> kombinuje v\u0161estrannost Bluetooth OBD2 konektoru Ediag+ s pohodl\u00edm <strong data-start=\"1407\" data-end=\"1432\">8palcov\u00e9ho Android tabletu<\/strong> p\u0159edkonfigurovan\u00e9ho pro DiagZone. D\u00edky tomu jde o bal\u00ed\u010dek p\u0159ipraven\u00fd k okam\u017eit\u00e9mu pou\u017eit\u00ed pro d\u00edlny i nad\u0161ence.<\/p>\n<p data-start=\"1532\" data-end=\"2265\">\u2705 Kompletn\u00ed sada \u2013 obsahuje konektor OBD2 Ediag+ a 8palcov\u00fd tablet Android (4 GB RAM \/ 64 GB \u00falo\u017ei\u0161t\u011b)<br data-start=\"1616\" data-end=\"1619\" \/>\u2705 Funguje jako profesion\u00e1ln\u00ed OBD2 Bluetooth adapt\u00e9r<br data-start=\"1667\" data-end=\"1670\" \/>\u2705 Podporuje za\u0159\u00edzen\u00ed Android \u2013 pln\u011b kompatibiln\u00ed s Androidem 7\u201313 a Androidem 14 (pouze 32bit)<br data-start=\"1763\" data-end=\"1766\" \/>\u2705 Testov\u00e1no se softwarem DiagZone z hlediska kompatibility<br data-start=\"1815\" data-end=\"1818\" \/>\u2705 Stabiln\u00ed dvoure\u017eimov\u00e9 p\u0159ipojen\u00ed Bluetooth 5.0\/5.1<br data-start=\"1865\" data-end=\"1868\" \/>\u2705 Odoln\u00e9 pouzdro z ABS+PC+TPU s indika\u010dn\u00edmi kontrolkami<br data-start=\"1917\" data-end=\"1920\" \/>\u2705 Obsahuje 0,65 m dlouh\u00fd OBD2 kabel pro pohodln\u00e9 pou\u017eit\u00ed<br data-start=\"1967\" data-end=\"1970\" \/>\u2705 Podporuje protokol CAN-FD pro vozidla nov\u00e9 generace<br data-start=\"2024\" data-end=\"2027\" \/>\u2705 Pokro\u010dil\u00e9 funkce: reset oleje, regenerace DPF, k\u00f3dov\u00e1n\u00ed vst\u0159ikova\u010d\u016f, p\u0159izp\u016fsoben\u00ed baterie a dal\u0161\u00ed (v z\u00e1vislosti na modelu vozidla)<br data-start=\"2150\" data-end=\"2153\" \/>\u2705 Nab\u00edz\u00ed obousm\u011brn\u00e9 ovl\u00e1d\u00e1n\u00ed, k\u00f3dov\u00e1n\u00ed a adaptaci ECU, automatickou detekci VIN a kompletn\u00ed zpr\u00e1vy o stavu syst\u00e9m\u016f<\/p>\n<p data-start=\"2267\" data-end=\"2444\">\u26a0\ufe0f <strong data-start=\"100\" data-end=\"116\">Upozorn\u011bn\u00ed:<\/strong> Tato sada <strong data-start=\"126\" data-end=\"172\">obsahuje platnou licenci softwaru DiagZone<\/strong> standardn\u011b<br data-start=\"184\" data-end=\"187\" \/>\ud83d\udc49 V\u0161echny diagnostick\u00e9 funkce m\u016f\u017eete za\u010d\u00edt pou\u017e\u00edvat okam\u017eit\u011b bez nutnosti zakoupen\u00ed dal\u0161\u00edho p\u0159edplatn\u00e9ho.<\/p>\n<h2 data-start=\"2451\" data-end=\"2499\">Pro\u010d si vybrat diagnostickou sadu Kingbolen Ediag+?<\/h2>\n<ul data-start=\"2501\" data-end=\"2952\">\n<li data-start=\"2501\" data-end=\"2563\">\n<p data-start=\"2503\" data-end=\"2563\">Klon ThinkDiag 2 \u2013 stejn\u00e1 funk\u010dnost, cenov\u011b v\u00fdhodn\u011bj\u0161\u00ed<\/p>\n<\/li>\n<li data-start=\"2564\" data-end=\"2616\">\n<p data-start=\"2566\" data-end=\"2616\">Obsahuje 8palcov\u00fd Android tablet pro okam\u017eit\u00e9 pou\u017eit\u00ed<\/p>\n<\/li>\n<li data-start=\"2617\" data-end=\"2660\">\n<p data-start=\"2619\" data-end=\"2660\" class=\" translation-block\"><strong data-start=\"290\" data-end=\"317\">100 % testov\u00e1no na DiagZone<\/strong> p\u0159ed odesl\u00e1n\u00edm<\/p>\n<\/li>\n<li data-start=\"2661\" data-end=\"2716\">\n<p data-start=\"2663\" data-end=\"2716\">Profesion\u00e1ln\u00ed OBD2 konektor se stabiln\u00edm v\u00fdkonem<\/p>\n<\/li>\n<li data-start=\"2717\" data-end=\"2771\">\n<p data-start=\"2719\" data-end=\"2771\">Kompaktn\u00ed design s konektivitou Bluetooth 5.0\/5.1<\/p>\n<\/li>\n<li data-start=\"2772\" data-end=\"2854\">\n<p data-start=\"2774\" data-end=\"2854\">Kompatibiln\u00ed se softwarov\u00fdmi bal\u00ed\u010dky DiagZone pro osobn\u00ed vozidla, elektromobily a u\u017eitkov\u00e1 vozidla<\/p>\n<\/li>\n<li data-start=\"2855\" data-end=\"2952\">\n<p data-start=\"2857\" data-end=\"2952\" class=\" translation-block\">Podporuje hlavn\u00ed diagnostick\u00e9 protokoly: <strong data-start=\"3072\" data-end=\"3132\">ISO9141, KWP2000, J1850 VPW, J1850 PWM, CAN, UDS, CAN-FD<\/strong><\/p>\n<\/li>\n<\/ul>\n<p data-start=\"2959\" data-end=\"3207\">\u2705 <strong data-start=\"2961\" data-end=\"3205\">Stru\u010dn\u011b \u0159e\u010deno, Kingbolen Ediag+ Diagnostic Kit je cenov\u011b dostupnou alternativou k ThinkDiag 2, kter\u00e1 nab\u00edz\u00ed stejnou kompatibilitu s DiagZone s p\u0159idan\u00fdm komfortem 8palcov\u00e9ho tabletu s Androidem, a p\u0159edstavuje tak diagnostick\u00e9 \u0159e\u0161en\u00ed p\u0159ipraven\u00e9 k okam\u017eit\u00e9mu pou\u017eit\u00ed.<\/strong><\/p>","protected":false},"excerpt":{"rendered":"<p class=\" translation-block\"><strong data-start=\"213\" data-end=\"248\">Kingbolen Ediag+ Diagnostic Kit<\/strong> obsahuje kompaktn\u00ed Bluetooth OBD2 konektor, <strong data-start=\"297\" data-end=\"333\">8palcov\u00fd tablet Android (4 GB\/64 GB)<\/strong> a <strong data-start=\"341\" data-end=\"376\">platnou softwarovou licenci DiagZone<\/strong>. Je pln\u011b kompatibiln\u00ed s platformou DiagZone a podporuje <strong data-start=\"435\" data-end=\"445\">CAN-FD<\/strong>, obousm\u011brn\u00e9 ovl\u00e1d\u00e1n\u00ed, k\u00f3dov\u00e1n\u00ed ECU a \u0159adu servisn\u00edch reset\u016f \u2014 nab\u00edz\u00ed profesion\u00e1ln\u00ed diagnostiku v balen\u00ed p\u0159ipraven\u00e9m k okam\u017eit\u00e9mu pou\u017eit\u00ed.<\/p>","protected":false},"featured_media":3383,"template":"","meta":{"_acf_changed":false,"_seopress_robots_primary_cat":"none","_seopress_titles_title":"Kingbolen Ediag+ Diagnostic Kit \u2013 OBD2 Scanner with 8\" Tablet & DiagZone License","_seopress_titles_desc":"Kingbolen Ediag+ Diagnostic Kit with 8-inch Android tablet and DiagZone license. Supports CAN-FD, ECU coding, bi-directional tests, and service resets. Ready-to-use package for professional diagnostics.","_seopress_robots_index":"","inline_featured_image":false,"_kad_blocks_custom_css":"","_kad_blocks_head_custom_js":"","_kad_blocks_body_custom_js":"","_kad_blocks_footer_custom_js":"","_themeisle_gutenberg_block_has_review":false,"_kad_post_transparent":"default","_kad_post_title":"","_kad_post_layout":"default","_kad_post_sidebar_id":"","_kad_post_content_style":"default","_kad_post_vertical_padding":"default","_kad_post_feature":"","_kad_post_feature_position":"","_kad_post_header":false,"_kad_post_footer":false,"iawp_total_views":169},"product_cat":[23],"product_tag":[],"class_list":{"0":"post-3382","1":"product","2":"type-product","3":"status-publish","4":"has-post-thumbnail","6":"product_cat-diagnostic-kits","8":"first","9":"instock","10":"shipping-taxable","11":"purchasable","12":"product-type-simple","13":"entry","14":"content-bg","15":"loop-entry"},"acf":[],"taxonomy_info":{"product_cat":[{"value":23,"label":"Diagnostic kits"}]},"featured_image_src_large":["https:\/\/diagzone.org\/wp-content\/uploads\/2025\/09\/Diagzone_Automotive_Diagnostics_1.jpg",600,600,false],"author_info":[],"comment_info":"","_links":{"self":[{"href":"https:\/\/diagzone.org\/cs\/wp-json\/wp\/v2\/product\/3382","targetHints":{"allow":["GET"]}}],"collection":[{"href":"https:\/\/diagzone.org\/cs\/wp-json\/wp\/v2\/product"}],"about":[{"href":"https:\/\/diagzone.org\/cs\/wp-json\/wp\/v2\/types\/product"}],"wp:featuredmedia":[{"embeddable":true,"href":"https:\/\/diagzone.org\/cs\/wp-json\/wp\/v2\/media\/3383"}],"wp:attachment":[{"href":"https:\/\/diagzone.org\/cs\/wp-json\/wp\/v2\/media?parent=3382"}],"wp:term":[{"taxonomy":"product_cat","embeddable":true,"href":"https:\/\/diagzone.org\/cs\/wp-json\/wp\/v2\/product_cat?post=3382"},{"taxonomy":"product_tag","embeddable":true,"href":"https:\/\/diagzone.org\/cs\/wp-json\/wp\/v2\/product_tag?post=3382"}],"curies":[{"name":"wp","href":"https:\/\/api.w.org\/{rel}","templated":true}]}}