
{"id":3389,"date":"2025-09-27T10:07:39","date_gmt":"2025-09-27T08:07:39","guid":{"rendered":"https:\/\/diagzone.org\/?post_type=product&#038;p=3389"},"modified":"2025-09-27T10:10:57","modified_gmt":"2025-09-27T08:10:57","slug":"kingbolen-ediag-plus-diagnostic-kit-obd2-scanner-with-10-tablet-diagzone-license","status":"publish","type":"product","link":"https:\/\/diagzone.org\/cs\/produkt\/kingbolen-ediag-plus-diagnostic-kit-obd2-scanner-with-10-tablet-diagzone-license\/","title":{"rendered":"Diagnostick\u00e1 sada Kingbolen Ediag Plus \u2013 OBD2 skener s 10\u2033 tabletem a licenc\u00ed DiagZone"},"content":{"rendered":"<p data-start=\"272\" data-end=\"591\" class=\" translation-block\">D\u011bkujeme za v\u00e1\u0161 z\u00e1jem o <strong data-start=\"307\" data-end=\"342\">Kingbolen Ediag+ Diagnostic Kit<\/strong>.<br data-start=\"343\" data-end=\"346\">Tato profesion\u00e1ln\u00ed sada obsahuje <strong data-start=\"381\" data-end=\"427\">diagnostick\u00fd Bluetooth OBD2 konektor Ediag+<\/strong> (klon za\u0159\u00edzen\u00ed ThinkDiag 2) spolu s <strong data-start=\"473\" data-end=\"525\">10palcov\u00fdm tabletem Android (3 GB RAM \/ 128 GB \u00falo\u017ei\u0161t\u011b)<\/strong>, pln\u011b otestovan\u00fdm a optimalizovan\u00fdm pro pou\u017eit\u00ed s platformou DiagZone.<\/p>\n<p data-start=\"593\" data-end=\"797\">\ud83d\udd39 <strong data-start=\"596\" data-end=\"616\">D\u016fle\u017eit\u00e9 upozorn\u011bn\u00ed<\/strong><br data-start=\"616\" data-end=\"619\" \/>Tato sada <strong data-start=\"628\" data-end=\"682\">ji\u017e obsahuje platnou softwarovou licenci DiagZone<\/strong>.<br data-start=\"683\" data-end=\"686\" \/>M\u016f\u017eete okam\u017eit\u011b za\u010d\u00edt pou\u017e\u00edvat v\u0161echny diagnostick\u00e9 funkce, ani\u017e byste museli kupovat samostatn\u00e9 p\u0159edplatn\u00e9.<\/p>\n<p data-start=\"799\" data-end=\"1003\">\ud83d\udd39 <strong data-start=\"802\" data-end=\"824\">Podpora a poradenstv\u00ed<\/strong><br data-start=\"824\" data-end=\"827\" \/>Pot\u0159ebovat <a href=\"https:\/\/wa.me\/31647604324\">pomoc<\/a> s nastaven\u00edm DiagZone?<br data-start=\"857\" data-end=\"860\" \/>N\u00e1\u0161 t\u00fdm je k dispozici pro poskytnut\u00ed podpory krok za krokem \u2013 od konfigurace tabletu a\u017e po p\u0159ipojen\u00ed va\u0161eho Ediag+ k platform\u011b DiagZone OBD2.<\/p>\n<p data-start=\"1005\" data-end=\"1244\">\ud83d\udd39 <strong data-start=\"1008\" data-end=\"1029\">Zaji\u0161t\u011bn\u00ed kvality<\/strong><br data-start=\"1029\" data-end=\"1032\" \/>Ka\u017ed\u00e9 za\u0159\u00edzen\u00ed Kingbolen Ediag+ a ka\u017ed\u00fd tablet jsou p\u0159ed odesl\u00e1n\u00edm pln\u011b testov\u00e1ny na DiagZone.<br data-start=\"1117\" data-end=\"1120\" \/>T\u00edm je zaji\u0161t\u011bn stabiln\u00ed v\u00fdkon, spr\u00e1vn\u00e1 funk\u010dnost a spolehliv\u00e1 komunikace jak pro profesion\u00e1ln\u00ed, tak pro osobn\u00ed pou\u017eit\u00ed.<\/p>\n<h3 data-start=\"1251\" data-end=\"1267\">\u2705 Funkce<\/h3>\n<ul data-start=\"1269\" data-end=\"1909\">\n<li data-start=\"1269\" data-end=\"1365\">\n<p data-start=\"1271\" data-end=\"1365\" class=\" translation-block\">Kompletn\u00ed sada \u2013 obsahuje <strong data-start=\"1295\" data-end=\"1320\">OBD2 konektor Ediag+<\/strong> a <strong data-start=\"1325\" data-end=\"1363\">10palcov\u00fd Android tablet (3 GB\/128 GB)<\/strong><\/p>\n<\/li>\n<li data-start=\"1366\" data-end=\"1416\">\n<p data-start=\"1368\" data-end=\"1416\">Funguje jako profesion\u00e1ln\u00ed OBD2 Bluetooth adapt\u00e9r<\/p>\n<\/li>\n<li data-start=\"1417\" data-end=\"1484\">\n<p data-start=\"1419\" data-end=\"1484\">Pln\u011b kompatibiln\u00ed s Androidem 7\u201313 a Androidem 14 (pouze 32bit)<\/p>\n<\/li>\n<li data-start=\"1485\" data-end=\"1534\">\n<p data-start=\"1487\" data-end=\"1534\">Stabiln\u00ed Bluetooth 5.0\/5.1 p\u0159ipojen\u00ed v re\u017eimu dual-mode<\/p>\n<\/li>\n<li data-start=\"1535\" data-end=\"1586\">\n<p data-start=\"1537\" data-end=\"1586\">Odoln\u00e9 pouzdro z ABS+PC+TPU s indika\u010dn\u00edmi sv\u011btly<\/p>\n<\/li>\n<li data-start=\"1587\" data-end=\"1637\">\n<p data-start=\"1589\" data-end=\"1637\" class=\" translation-block\">Obsahuje <strong data-start=\"1598\" data-end=\"1619\">0,65 m OBD2 kabel<\/strong> pro pohodln\u00e9 pou\u017eit\u00ed<\/p>\n<\/li>\n<li data-start=\"1638\" data-end=\"1690\">\n<p data-start=\"1640\" data-end=\"1690\" class=\" translation-block\">Podporuje <strong data-start=\"1649\" data-end=\"1668\">protokol CAN-FD<\/strong> pro modern\u00ed vozidla<\/p>\n<\/li>\n<li data-start=\"1691\" data-end=\"1816\">\n<p data-start=\"1693\" data-end=\"1816\">Pokro\u010dil\u00e9 funkce: reset oleje, regenerace DPF, k\u00f3dov\u00e1n\u00ed vst\u0159ikova\u010d\u016f, p\u00e1rov\u00e1n\u00ed baterie a dal\u0161\u00ed (v z\u00e1vislosti na modelu vozidla)<\/p>\n<\/li>\n<li data-start=\"1817\" data-end=\"1909\">\n<p data-start=\"1819\" data-end=\"1909\">Obousm\u011brn\u00e9 ovl\u00e1d\u00e1n\u00ed, k\u00f3dov\u00e1n\u00ed a adaptace ECU, detekce Auto VIN, kompletn\u00ed syst\u00e9mov\u00e9 reporty<\/p>\n<\/li>\n<\/ul>\n<h3 data-start=\"1916\" data-end=\"1929\">\u26a0\ufe0f Pozn\u00e1mka<\/h3>\n<ul data-start=\"1930\" data-end=\"2110\">\n<li data-start=\"1930\" data-end=\"2023\">\n<p data-start=\"1932\" data-end=\"2023\" class=\" translation-block\">Sada <strong data-start=\"1940\" data-end=\"1982\">standardn\u011b obsahuje licenci DiagZone<\/strong> \u2013 nen\u00ed nutn\u00e9 kupovat dal\u0161\u00ed software.<\/p>\n<\/li>\n<li data-start=\"2024\" data-end=\"2110\">\n<p data-start=\"2026\" data-end=\"2110\" class=\" translation-block\">Pro <strong data-start=\"2030\" data-end=\"2046\">t\u011b\u017ek\u00e1 n\u00e1kladn\u00ed vozidla<\/strong> je nutn\u00fd <a href=\"https:\/\/diagzone.org\/product\/gt106-plus-heavy-truck-power-adapter-24v-to-12v-adapter\/\" target=\"_self\"><strong data-start=\"2050\" data-end=\"2079\">24V\u201312V p\u0159evodn\u00ed adapt\u00e9r<\/strong><\/a> (prod\u00e1v\u00e1 se samostatn\u011b).<\/p>\n<\/li>\n<\/ul>\n<h3 data-start=\"2117\" data-end=\"2168\">\u00a0Pro\u010d si vybrat diagnostickou sadu Kingbolen Ediag+?<\/h3>\n<ul data-start=\"2170\" data-end=\"2591\">\n<li data-start=\"2170\" data-end=\"2232\">\n<p data-start=\"2172\" data-end=\"2232\">Klon ThinkDiag 2 \u2013 stejn\u00e1 funk\u010dnost, cenov\u011b v\u00fdhodn\u011bj\u0161\u00ed<\/p>\n<\/li>\n<li data-start=\"2233\" data-end=\"2301\">\n<p data-start=\"2235\" data-end=\"2301\" class=\" translation-block\">Obsahuje <strong data-start=\"2244\" data-end=\"2270\">10palcov\u00fd Android tablet<\/strong> pro diagnostiku p\u0159ipravenou k okam\u017eit\u00e9mu pou\u017eit\u00ed<\/p>\n<\/li>\n<li data-start=\"2302\" data-end=\"2345\">\n<p data-start=\"2304\" data-end=\"2345\" class=\" translation-block\"><strong data-start=\"290\" data-end=\"317\">100 % testov\u00e1no na DiagZone<\/strong> p\u0159ed odesl\u00e1n\u00edm<\/p>\n<\/li>\n<li data-start=\"2346\" data-end=\"2407\">\n<p data-start=\"2348\" data-end=\"2407\">Kompaktn\u00ed design se silnou konektivitou Bluetooth 5.0\/5.1<\/p>\n<\/li>\n<li data-start=\"2408\" data-end=\"2495\">\n<p data-start=\"2410\" data-end=\"2495\">Podporuje osobn\u00ed vozy, elektromobily, motocykly a t\u011b\u017ek\u00e1 vozidla (s p\u0159evodn\u00edkem)<\/p>\n<\/li>\n<li data-start=\"2496\" data-end=\"2591\">\n<p data-start=\"2498\" data-end=\"2591\">Pokr\u00fdv\u00e1 hlavn\u00ed diagnostick\u00e9 protokoly: ISO9141, KWP2000, J1850 VPW, J1850 PWM, CAN, UDS, CAN-FD<\/p>\n<\/li>\n<\/ul>\n<p data-start=\"2598\" data-end=\"2831\">\u2705 <strong data-start=\"2600\" data-end=\"2612\">Stru\u010dn\u011b \u0159e\u010deno<\/strong>: The <strong data-start=\"2618\" data-end=\"2672\">Diagnostick\u00e1 sada Kingbolen Ediag+ (10 palc\u016f, 3 GB RAM \/ 128 GB \u00falo\u017ei\u0161t\u011b)<\/strong> je cenov\u011b dostupn\u00e1 alternativa k ThinkDiag 2, kter\u00e1 nab\u00edz\u00ed plnou kompatibilitu s DiagZone a v\u00fdkonn\u00fd tablet pro kompletn\u00ed diagnostick\u00e9 \u0159e\u0161en\u00ed p\u0159ipraven\u00e9 k okam\u017eit\u00e9mu pou\u017eit\u00ed.<\/p>","protected":false},"excerpt":{"rendered":"<p class=\" translation-block\"><strong data-start=\"213\" data-end=\"248\">Kingbolen Ediag+ Diagnostic Kit<\/strong> obsahuje kompaktn\u00ed Bluetooth OBD2 konektor, <strong data-start=\"297\" data-end=\"333\">8palcov\u00fd tablet Android (4 GB\/64 GB)<\/strong> a <strong data-start=\"341\" data-end=\"376\">platnou softwarovou licenci DiagZone<\/strong>. Je pln\u011b kompatibiln\u00ed s platformou DiagZone a podporuje <strong data-start=\"435\" data-end=\"445\">CAN-FD<\/strong>, obousm\u011brn\u00e9 ovl\u00e1d\u00e1n\u00ed, k\u00f3dov\u00e1n\u00ed ECU a \u0159adu servisn\u00edch reset\u016f \u2014 nab\u00edz\u00ed profesion\u00e1ln\u00ed diagnostiku v balen\u00ed p\u0159ipraven\u00e9m k okam\u017eit\u00e9mu pou\u017eit\u00ed.<\/p>","protected":false},"featured_media":3390,"template":"","meta":{"_acf_changed":false,"_seopress_robots_primary_cat":"none","_seopress_titles_title":"Kingbolen Ediag Plus Diagnostic Kit \u2013 OBD2 Scanner with 10\" Tablet & Pre-Installed DiagZone License","_seopress_titles_desc":"Buy the Kingbolen Ediag Plus Diagnostic Kit with 10-inch Android tablet (3GB\/128GB) and pre-installed DiagZone license. Supports CAN-FD, ECU coding, bi-directional control, and advanced service functions for cars, EVs, motorcycles, and heavy-duty vehicles (with adapter).","_seopress_robots_index":"","inline_featured_image":false,"_kad_blocks_custom_css":"","_kad_blocks_head_custom_js":"","_kad_blocks_body_custom_js":"","_kad_blocks_footer_custom_js":"","_themeisle_gutenberg_block_has_review":false,"_kad_post_transparent":"default","_kad_post_title":"","_kad_post_layout":"default","_kad_post_sidebar_id":"","_kad_post_content_style":"default","_kad_post_vertical_padding":"default","_kad_post_feature":"","_kad_post_feature_position":"","_kad_post_header":false,"_kad_post_footer":false,"iawp_total_views":210},"product_cat":[23],"product_tag":[],"class_list":{"0":"post-3389","1":"product","2":"type-product","3":"status-publish","4":"has-post-thumbnail","6":"product_cat-diagnostic-kits","8":"first","9":"instock","10":"shipping-taxable","11":"purchasable","12":"product-type-simple","13":"entry","14":"content-bg","15":"loop-entry"},"acf":[],"taxonomy_info":{"product_cat":[{"value":23,"label":"Diagnostic kits"}]},"featured_image_src_large":["https:\/\/diagzone.org\/wp-content\/uploads\/2025\/09\/Diagzone_Diagnostic_Set_EDIAG_PLUS.jpg",600,600,false],"author_info":[],"comment_info":"","_links":{"self":[{"href":"https:\/\/diagzone.org\/cs\/wp-json\/wp\/v2\/product\/3389","targetHints":{"allow":["GET"]}}],"collection":[{"href":"https:\/\/diagzone.org\/cs\/wp-json\/wp\/v2\/product"}],"about":[{"href":"https:\/\/diagzone.org\/cs\/wp-json\/wp\/v2\/types\/product"}],"wp:featuredmedia":[{"embeddable":true,"href":"https:\/\/diagzone.org\/cs\/wp-json\/wp\/v2\/media\/3390"}],"wp:attachment":[{"href":"https:\/\/diagzone.org\/cs\/wp-json\/wp\/v2\/media?parent=3389"}],"wp:term":[{"taxonomy":"product_cat","embeddable":true,"href":"https:\/\/diagzone.org\/cs\/wp-json\/wp\/v2\/product_cat?post=3389"},{"taxonomy":"product_tag","embeddable":true,"href":"https:\/\/diagzone.org\/cs\/wp-json\/wp\/v2\/product_tag?post=3389"}],"curies":[{"name":"wp","href":"https:\/\/api.w.org\/{rel}","templated":true}]}}