
{"id":3392,"date":"2025-09-27T10:14:35","date_gmt":"2025-09-27T08:14:35","guid":{"rendered":"https:\/\/diagzone.org\/?post_type=product&#038;p=3392"},"modified":"2025-09-27T10:15:55","modified_gmt":"2025-09-27T08:15:55","slug":"thinkcar-thinkdiag-2-diagnostic-set-with-8-inch-tablet-pre-installed-diagzone-license","status":"publish","type":"product","link":"https:\/\/diagzone.org\/cs\/produkt\/thinkcar-thinkdiag-2-diagnostic-set-with-8-inch-tablet-pre-installed-diagzone-license\/","title":{"rendered":"THINKCAR ThinkDiag 2 Diagnostick\u00e1 sada s 8palcov\u00fdm tabletem a p\u0159edinstalovanou licenc\u00ed DiagZone"},"content":{"rendered":"<p data-start=\"218\" data-end=\"600\" class=\" translation-block\">D\u011bkujeme za v\u00e1\u0161 z\u00e1jem o <strong data-start=\"253\" data-end=\"345\">diagnostickou sadu Diagzone \u2013 ThinkDiag 2 s 8palcov\u00fdm tabletem (4GB\/64GB) + licence DiagZone<\/strong>.<br data-start=\"346\" data-end=\"349\">Tento kompletn\u00ed diagnostick\u00fd bal\u00ed\u010dek kombinuje origin\u00e1ln\u00ed OBD2 Bluetooth konektor ThinkDiag 2 s v\u00fdkonn\u00fdm 10palcov\u00fdm tabletem Android a <strong data-start=\"486\" data-end=\"529\">p\u0159edinstalovanou softwarovou licenc\u00ed DiagZone<\/strong>, \u010d\u00edm\u017e poskytuje \u0159e\u0161en\u00ed p\u0159ipraven\u00e9 k okam\u017eit\u00e9mu pou\u017eit\u00ed pro profesion\u00e1ly a autoservisy.<\/p>\n<h3 data-start=\"607\" data-end=\"632\">\ud83d\udd39 D\u016fle\u017eit\u00e9 upozorn\u011bn\u00ed<\/h3>\n<p data-start=\"633\" data-end=\"810\">Sada <strong data-start=\"641\" data-end=\"706\">ji\u017e standardn\u011b obsahuje platnou softwarovou licenci DiagZone<\/strong>.<br data-start=\"707\" data-end=\"710\" \/>\ud83d\udc49 Nen\u00ed pot\u0159eba \u017e\u00e1dn\u00e9 dal\u0161\u00ed p\u0159edplatn\u00e9 \u2013 m\u016f\u017eete okam\u017eit\u011b za\u010d\u00edt pou\u017e\u00edvat v\u0161echny diagnostick\u00e9 funkce.<\/p>\n<h3 data-start=\"817\" data-end=\"844\">\ud83d\udd39 Podpora a poradenstv\u00ed<\/h3>\n<p data-start=\"845\" data-end=\"1011\" class=\" translation-block\">Pot\u0159ebujete pomoc s nastaven\u00edm diagnostick\u00e9 sady?<br data-start=\"886\" data-end=\"889\">N\u00e1\u0161 t\u00fdm poskytuje podrobnou pomoc krok za krokem \u2013 od nastaven\u00ed tabletu a\u017e po aktivaci ThinkDiag 2 na platform\u011b DiagZone.<\/p>\n<h3 data-start=\"1018\" data-end=\"1044\">\ud83d\udd39 Zaji\u0161t\u011bn\u00ed kvality<\/h3>\n<p data-start=\"1045\" data-end=\"1252\" class=\" translation-block\">Ka\u017ed\u00fd adapt\u00e9r ThinkDiag 2 a ka\u017ed\u00fd tablet jsou p\u0159ed odesl\u00e1n\u00edm pln\u011b testov\u00e1ny.<br data-start=\"1114\" data-end=\"1117\">Je ov\u011b\u0159ena konektivita, softwarov\u00e1 kompatibilita a v\u00fdkon, aby byla zaji\u0161t\u011bna profesion\u00e1ln\u00ed spolehlivost a dlouhodob\u00e1 \u017eivotnost.<\/p>\n<h2 data-start=\"1259\" data-end=\"1287\">\ud83d\udccc Funkce a vlastnosti<\/h2>\n<p data-start=\"1289\" data-end=\"2002\">\u2705 <strong data-start=\"1291\" data-end=\"1307\">Kompletn\u00ed sada<\/strong> \u2013 Obsahuje adapt\u00e9r ThinkDiag 2, 10palcov\u00fd Android tablet (4 GB RAM \/ 64 GB \u00falo\u017ei\u0161t\u011b), nab\u00edje\u010dku a kabely<br data-start=\"1426\" data-end=\"1429\" \/>\u2705 <strong data-start=\"1431\" data-end=\"1457\">Kompatibilita s DiagZone<\/strong> \u2013 Pln\u011b optimalizov\u00e1no pro pou\u017eit\u00ed se softwarem DiagZone<br data-start=\"1506\" data-end=\"1509\" \/>\u2705 <strong data-start=\"1511\" data-end=\"1531\">Modern\u00ed protokoly<\/strong> \u2013 Podporuje CAN-FD, DoIP a UDS pro nov\u00e9 generace vozidel<br data-start=\"1592\" data-end=\"1595\" \/>\u2705 <strong data-start=\"1597\" data-end=\"1623\">Obousm\u011brn\u00e9 ovl\u00e1d\u00e1n\u00ed<\/strong> \u2013 Prov\u00e1d\u00ed aktivn\u00ed testy, k\u00f3dov\u00e1n\u00ed ECU a adaptace komponent<br data-start=\"1685\" data-end=\"1688\" \/>\u2705 <strong data-start=\"1690\" data-end=\"1711\">Servisn\u00ed funkce<\/strong> \u2013 40+ mo\u017enost\u00ed resetu a \u00fadr\u017eby (vst\u0159ikova\u010de, DPF, TPMS, baterie, kl\u00ed\u010de atd.)<br data-start=\"1791\" data-end=\"1794\" \/>\u2705 <strong data-start=\"1796\" data-end=\"1814\">\u0160irok\u00e9 pokryt\u00ed<\/strong> \u2013 Evropsk\u00e1, asijsk\u00e1 a \u010d\u00ednsk\u00e1 vozidla, elektromobily, hybridy, motocykly a u\u017eitkov\u00e1 vozidla (s adapt\u00e9rem 24V\u201312V)<br data-start=\"1918\" data-end=\"1921\" \/>\u2705 <strong data-start=\"1923\" data-end=\"1939\">Robustn\u00ed konstrukce<\/strong> \u2013 Odoln\u00fd tablet a adapt\u00e9r navr\u017een\u00e9 pro ka\u017edodenn\u00ed pou\u017eit\u00ed v d\u00edln\u011b<\/p>\n<h2 data-start=\"2009\" data-end=\"2036\">\u26a0\ufe0f Upozorn\u011bn\u00ed pro t\u011b\u017ek\u00e1 n\u00e1kladn\u00ed vozidla<\/h2>\n<p data-start=\"2037\" data-end=\"2198\">Pro diagnostiku t\u011b\u017ek\u00fdch vozidel je pot\u0159eba <strong data-start=\"2068\" data-end=\"2097\">24V\u201312V konvertorov\u00fd adapt\u00e9r<\/strong> je vy\u017eadov\u00e1n a mus\u00ed b\u00fdt zakoupen samostatn\u011b.<br data-start=\"2143\" data-end=\"2146\" \/>\ud83d\udc49 M\u016f\u017eete si jej objednat zde: <a class=\"decorated-link\" href=\"#\" rel=\"noopener\" data-start=\"2172\" data-end=\"2196\">Adapt\u00e9r pro t\u011b\u017ek\u00e1 n\u00e1kladn\u00ed vozidla<\/a><\/p>\n<h2 data-start=\"2205\" data-end=\"2225\">\ud83d\udce6 Seznam balen\u00ed<\/h2>\n<ul data-start=\"2227\" data-end=\"2435\">\n<li data-start=\"2227\" data-end=\"2267\">\n<p data-start=\"2229\" data-end=\"2267\">ThinkDiag 2 OBD2 Bluetooth konektor<\/p>\n<\/li>\n<li data-start=\"2268\" data-end=\"2320\">\n<p data-start=\"2270\" data-end=\"2320\">10palcov\u00fd tablet Android (4 GB RAM \/ 64 GB \u00falo\u017ei\u0161t\u011b)<\/p>\n<\/li>\n<li data-start=\"2321\" data-end=\"2364\">\n<p data-start=\"2323\" data-end=\"2364\">P\u0159edinstalovan\u00e1 softwarov\u00e1 licence DiagZone<\/p>\n<\/li>\n<li data-start=\"834\" data-end=\"862\">\n<p data-start=\"836\" data-end=\"862\">Ochrann\u00e9 p\u0159epravn\u00ed pouzdro<\/p>\n<\/li>\n<li data-start=\"2394\" data-end=\"2417\">\n<p data-start=\"2396\" data-end=\"2417\">USB nab\u00edje\u010dka a kabel<\/p>\n<\/li>\n<li data-start=\"2418\" data-end=\"2435\">\n<p data-start=\"2420\" data-end=\"2435\">Nap\u00e1jec\u00ed adapt\u00e9r<\/p>\n<\/li>\n<\/ul>\n<h3 data-start=\"2442\" data-end=\"2458\">\u2705 Stru\u010dn\u011b \u0159e\u010deno<\/h3>\n<p data-start=\"2459\" data-end=\"2728\" class=\" translation-block\"><strong data-start=\"2463\" data-end=\"2524\">Diagnostick\u00e1 sada Diagzone s ThinkDiag 2 a 8palcov\u00fdm tabletem<\/strong> je profesion\u00e1ln\u00ed all-in-one diagnostick\u00e9 \u0159e\u0161en\u00ed. D\u00edky p\u0159edinstalovan\u00e9 licenci, odoln\u00e9mu tabletu a \u0161irok\u00e9 podpo\u0159e protokol\u016f je p\u0159ipravena pro osobn\u00ed vozy, elektromobily, hybridy, motocykly a dokonce i n\u00e1kladn\u00ed vozidla (s adapt\u00e9rem).<\/p>","protected":false},"excerpt":{"rendered":"<p class=\" translation-block\"><strong data-start=\"157\" data-end=\"172\">THINKDIAG 2<\/strong> je vysoce v\u00fdkonn\u00fd Bluetooth OBD2 konektor navr\u017een\u00fd pro rychlost, spolehlivost a p\u0159esn\u00fd p\u0159enos dat. Podporuje modern\u00ed <strong data-start=\"301\" data-end=\"325\">komunikaci CAN-FD<\/strong>, co\u017e z n\u011bj \u010din\u00ed ide\u00e1ln\u00ed \u0159e\u0161en\u00ed pro vozidla nov\u00e9 generace. D\u00edky \u0161irok\u00e9mu pokryt\u00ed od osobn\u00edch voz\u016f a\u017e po elektromobily a n\u00e1kladn\u00ed vozidla nab\u00edz\u00ed profesion\u00e1ln\u00ed v\u00fdkon v kompaktn\u00edm proveden\u00ed, pln\u011b testovan\u00fd na <strong data-start=\"505\" data-end=\"526\">DiagZone platform<\/strong>.<\/p>","protected":false},"featured_media":3393,"template":"","meta":{"_acf_changed":false,"_seopress_robots_primary_cat":"none","_seopress_titles_title":"Diagzone Diagnostic Kit | ThinkDiag 2 + 8\" Tablet (4\/64GB) + DiagZone License","_seopress_titles_desc":"Buy the Diagzone Diagnostic Kit with ThinkDiag 2 adapter, 8-inch Android tablet (4\/64GB), and pre-installed DiagZone license. Supports CAN-FD, DoIP, ECU coding, bi-directional tests, and service resets for cars, EVs, motorcycles, and trucks (with adapter).","_seopress_robots_index":"","inline_featured_image":false,"_kad_blocks_custom_css":"","_kad_blocks_head_custom_js":"","_kad_blocks_body_custom_js":"","_kad_blocks_footer_custom_js":"","_themeisle_gutenberg_block_has_review":false,"_kad_post_transparent":"default","_kad_post_title":"","_kad_post_layout":"default","_kad_post_sidebar_id":"","_kad_post_content_style":"default","_kad_post_vertical_padding":"default","_kad_post_feature":"","_kad_post_feature_position":"","_kad_post_header":false,"_kad_post_footer":false,"iawp_total_views":234},"product_cat":[23],"product_tag":[],"class_list":{"0":"post-3392","1":"product","2":"type-product","3":"status-publish","4":"has-post-thumbnail","6":"product_cat-diagnostic-kits","8":"first","9":"instock","10":"shipping-taxable","11":"purchasable","12":"product-type-simple","13":"entry","14":"content-bg","15":"loop-entry"},"acf":[],"taxonomy_info":{"product_cat":[{"value":23,"label":"Diagnostic kits"}]},"featured_image_src_large":["https:\/\/diagzone.org\/wp-content\/uploads\/2025\/09\/Diagzone_Diagnostic_Set_Thinkdiag.jpg",600,600,false],"author_info":[],"comment_info":"","_links":{"self":[{"href":"https:\/\/diagzone.org\/cs\/wp-json\/wp\/v2\/product\/3392","targetHints":{"allow":["GET"]}}],"collection":[{"href":"https:\/\/diagzone.org\/cs\/wp-json\/wp\/v2\/product"}],"about":[{"href":"https:\/\/diagzone.org\/cs\/wp-json\/wp\/v2\/types\/product"}],"wp:featuredmedia":[{"embeddable":true,"href":"https:\/\/diagzone.org\/cs\/wp-json\/wp\/v2\/media\/3393"}],"wp:attachment":[{"href":"https:\/\/diagzone.org\/cs\/wp-json\/wp\/v2\/media?parent=3392"}],"wp:term":[{"taxonomy":"product_cat","embeddable":true,"href":"https:\/\/diagzone.org\/cs\/wp-json\/wp\/v2\/product_cat?post=3392"},{"taxonomy":"product_tag","embeddable":true,"href":"https:\/\/diagzone.org\/cs\/wp-json\/wp\/v2\/product_tag?post=3392"}],"curies":[{"name":"wp","href":"https:\/\/api.w.org\/{rel}","templated":true}]}}