
{"id":3403,"date":"2025-09-27T12:07:16","date_gmt":"2025-09-27T10:07:16","guid":{"rendered":"https:\/\/diagzone.org\/?post_type=product&#038;p=3403"},"modified":"2025-09-27T18:50:35","modified_gmt":"2025-09-27T16:50:35","slug":"launch-x431-smartlink-c-2-0-diagzone-version","status":"publish","type":"product","link":"https:\/\/diagzone.org\/cs\/produkt\/launch-x431-smartlink-c-2-0-diagzone-version\/","title":{"rendered":"Launch X431 Smartlink C 2.0 \u2013 verze DiagZone"},"content":{"rendered":"<p data-start=\"172\" data-end=\"443\" class=\" translation-block\">D\u011bkujeme za v\u00e1\u0161 z\u00e1jem o <strong data-start=\"207\" data-end=\"226\">SmartLink C 2.0<\/strong>.<br data-start=\"227\" data-end=\"230\">Tento diagnostick\u00fd modul je ur\u010den pro t\u011b\u017ek\u00e1 u\u017eitkov\u00e1 i osobn\u00ed vozidla, je pln\u011b testov\u00e1n na <strong data-start=\"324\" data-end=\"345\">DiagZone platform<\/strong> a zaru\u010duje stabiln\u00ed v\u00fdkon, \u0161irokou kompatibilitu a profesion\u00e1ln\u00ed diagnostick\u00e9 funkce.<\/p>\n<p data-start=\"475\" data-end=\"768\">\ud83d\udd39 <strong data-start=\"478\" data-end=\"498\">D\u016fle\u017eit\u00e9 upozorn\u011bn\u00ed<\/strong><br data-start=\"498\" data-end=\"501\" \/>SmartLink C 2.0 je dod\u00e1v\u00e1n bez jak\u00e9hokoli p\u0159edinstalovan\u00e9ho softwaru.<br data-start=\"569\" data-end=\"572\" \/>\ud83d\udc49 Pro pou\u017eit\u00ed tohoto za\u0159\u00edzen\u00ed je pot\u0159eba <a href=\"https:\/\/diagzone.org\/diagzone-buy-subscription\/\"><strong data-start=\"597\" data-end=\"626\">samostatn\u00e1 licence DiagZone<\/strong><\/a> mus\u00ed b\u00fdt zakoupena.<br data-start=\"645\" data-end=\"648\" \/>\ud83d\udc49 Kompatibiln\u00ed s <strong data-start=\"667\" data-end=\"709\">osobn\u00ed vozidla a t\u011b\u017ek\u00e1 u\u017eitkov\u00e1 vozidla<\/strong>, podporuj\u00edc\u00ed \u0161irokou <strong data-start=\"729\" data-end=\"765\">provozn\u00ed nap\u011bt\u00ed od 9V do 36V<\/strong>.<\/p>\n<p data-start=\"629\" data-end=\"870\">\ud83d\udd39 <strong data-start=\"632\" data-end=\"654\">Podpora a poradenstv\u00ed<\/strong><br data-start=\"654\" data-end=\"657\" \/>Pot\u0159ebujete pomoc s nastaven\u00edm DiagZone?<br data-start=\"687\" data-end=\"690\" \/>N\u00e1\u0161 t\u00fdm se zam\u011b\u0159uje na poskytov\u00e1n\u00ed asistence krok za krokem. Nev\u00e1hejte <a href=\"https:\/\/wa.me\/31647604324\">kontaktujte n\u00e1s<\/a> kdykoli, pokud pot\u0159ebujete pomoc s pou\u017e\u00edv\u00e1n\u00edm va\u0161eho SmartLink C 2.0 s platformou DiagZone OBD2.<\/p>\n<p data-start=\"877\" data-end=\"1108\">\ud83d\udd39 <strong data-start=\"880\" data-end=\"901\">Zaji\u0161t\u011bn\u00ed kvality<\/strong><br data-start=\"901\" data-end=\"904\" \/>Ka\u017ed\u00fd SmartLink C 2.0 proch\u00e1z\u00ed p\u0159ed odesl\u00e1n\u00edm d\u016fkladn\u00fdm testov\u00e1n\u00edm na DiagZone.<br data-start=\"981\" data-end=\"984\" \/>To zaji\u0161\u0165uje spr\u00e1vnou funk\u010dnost, stabiln\u00ed komunikaci a spolehliv\u00fd v\u00fdkon pro profesion\u00e1ln\u00ed i osobn\u00ed pou\u017eit\u00ed.<\/p>\n<h2 data-start=\"1261\" data-end=\"1285\">Popis produktu<\/h2>\n<p data-start=\"1287\" data-end=\"1559\" class=\" translation-block\"><strong data-start=\"1291\" data-end=\"1310\">SmartLink C 2.0<\/strong> je pokro\u010dil\u00fd diagnostick\u00fd modul, navr\u017een\u00fd k roz\u0161\u00ed\u0159en\u00ed mo\u017enost\u00ed DiagZone pro osobn\u00ed i t\u011b\u017ek\u00e1 u\u017eitkov\u00e1 vozidla. D\u00edky v\u00fdkonn\u00e9mu hardwaru a v\u00edce mo\u017enostem p\u0159ipojen\u00ed poskytuje rychl\u00fd, stabiln\u00ed a profesion\u00e1ln\u00ed v\u00fdkon.<\/p>\n<p data-start=\"1561\" data-end=\"2352\">\u2705 Funguje jako profesion\u00e1ln\u00ed diagnostick\u00fd modul pro DiagZone<br data-start=\"1617\" data-end=\"1620\" \/>\u2705 Pln\u011b kompatibiln\u00ed se za\u0159\u00edzen\u00edmi Android (smartphony a tablety) \u2013 podporuje Android 7\u201313 a Android 14 (pouze 32bit)<br data-start=\"1737\" data-end=\"1740\" \/>\u2705 Testov\u00e1no se softwarem DiagZone z hlediska kompatibility<br data-start=\"1789\" data-end=\"1792\" \/>\u2705 V\u00edcen\u00e1sobn\u00e1 konektivita: Bluetooth, WiFi, USB a Ethernet<br data-start=\"1848\" data-end=\"1851\" \/>\u2705 Podporuje <strong data-start=\"1862\" data-end=\"1882\">modern\u00ed protokoly<\/strong> \u2013 DoIP, CAN-FD, UDS, J2534, RP1210, D-PDU<br data-start=\"1924\" data-end=\"1927\" \/>\u2705 Pokro\u010dil\u00e9 funkce: k\u00f3dov\u00e1n\u00ed ECU, obousm\u011brn\u00e9 ovl\u00e1d\u00e1n\u00ed, adaptace, automatick\u00e1 detekce VIN a kompletn\u00ed zpr\u00e1vy o stavu syst\u00e9mu<br data-start=\"2048\" data-end=\"2051\" \/>\u2705 Podporuje osobn\u00ed vozidla, elektromobily, motocykly, autobusy, zem\u011bd\u011blsk\u00e9 stroje, stavebn\u00ed vozidla a t\u011b\u017ek\u00e1 n\u00e1kladn\u00ed vozidla (s voliteln\u00fdm adapt\u00e9rem 24V\u201312V)<br data-start=\"2203\" data-end=\"2206\" \/>\u2705 \u0160irok\u00e1 <strong data-start=\"2213\" data-end=\"2240\">provozn\u00ed nap\u011bt\u00ed 9\u201336V<\/strong>, ide\u00e1ln\u00ed jak pro osobn\u00ed vozidla (12V), tak pro n\u00e1kladn\u00ed vozidla\/autobusy (24V)<br data-start=\"2290\" data-end=\"2293\" \/>\u2705 Robustn\u00ed kryt pro odolnost p\u0159i ka\u017edodenn\u00edm profesion\u00e1ln\u00edm pou\u017e\u00edv\u00e1n\u00ed<\/p>\n<h3 data-start=\"2126\" data-end=\"2158\">\ud83d\udce6 Obsah balen\u00ed<\/h3>\n<ul data-start=\"2159\" data-end=\"2279\">\n<li data-start=\"2159\" data-end=\"2189\">\n<p data-start=\"2161\" data-end=\"2189\">1 \u00d7 Modul SmartLink C 2.0<\/p>\n<\/li>\n<li data-start=\"2190\" data-end=\"2213\">\n<p data-start=\"2192\" data-end=\"2213\">1 \u00d7 Hlavn\u00ed OBD2 kabel<\/p>\n<\/li>\n<li data-start=\"2214\" data-end=\"2231\">\n<p data-start=\"2216\" data-end=\"2231\">1 \u00d7 USB kabel<\/p>\n<\/li>\n<li data-start=\"2232\" data-end=\"2253\">\n<p data-start=\"2234\" data-end=\"2253\">1 \u00d7 Nap\u00e1jec\u00ed adapt\u00e9r<\/p>\n<\/li>\n<\/ul>\n<p data-start=\"2286\" data-end=\"2563\">\u2705 <strong data-start=\"2521\" data-end=\"2801\">Stru\u010dn\u011b \u0159e\u010deno, SmartLink C 2.0 je v\u00fdkonn\u00fd a v\u0161estrann\u00fd diagnostick\u00fd modul, kter\u00fd nab\u00edz\u00ed plnou kompatibilitu s DiagZone, podporu 9\u201336V pro osobn\u00ed i n\u00e1kladn\u00ed vozidla, podporu modern\u00edch protokol\u016f a spolehliv\u00fd v\u00fdkon \u2013 co\u017e z n\u011bj \u010din\u00ed ide\u00e1ln\u00ed cenov\u011b efektivn\u00ed \u0159e\u0161en\u00ed pro profesion\u00e1ln\u00ed servisy.<\/strong><\/p>","protected":false},"excerpt":{"rendered":"<p class=\" translation-block\"><strong data-start=\"1806\" data-end=\"1825\">SmartLink C 2.0<\/strong> je profesion\u00e1ln\u00ed diagnostick\u00fd modul pro DiagZone, kter\u00fd podporuje osobn\u00ed vozy, elektromobily, t\u011b\u017ek\u00e1 n\u00e1kladn\u00ed vozidla, autobusy a stroje. Nab\u00edz\u00ed protokoly DoIP a CAN-FD, k\u00f3dov\u00e1n\u00ed ECU, obousm\u011brn\u00e9 testy a vy\u017eaduje samostatnou licenci DiagZone.<\/p>","protected":false},"featured_media":3431,"template":"","meta":{"_acf_changed":false,"_seopress_robots_primary_cat":"none","_seopress_titles_title":"SmartLink C 2.0 \u2013 Heavy Duty Diagnostic Module for DiagZone","_seopress_titles_desc":"Buy SmartLink C 2.0 \u2013 advanced diagnostic module for DiagZone platform. Supports cars, EVs, trucks, buses, and machinery with DoIP, CAN-FD, ECU coding, and bi-directional tests. DiagZone license required separately.","_seopress_robots_index":"","inline_featured_image":false,"_kad_blocks_custom_css":"","_kad_blocks_head_custom_js":"","_kad_blocks_body_custom_js":"","_kad_blocks_footer_custom_js":"","_themeisle_gutenberg_block_has_review":false,"_kad_post_transparent":"default","_kad_post_title":"","_kad_post_layout":"default","_kad_post_sidebar_id":"","_kad_post_content_style":"default","_kad_post_vertical_padding":"default","_kad_post_feature":"","_kad_post_feature_position":"","_kad_post_header":false,"_kad_post_footer":false,"iawp_total_views":257},"product_cat":[19],"product_tag":[52,53,42,54,51],"class_list":{"0":"post-3403","1":"product","2":"type-product","3":"status-publish","4":"has-post-thumbnail","6":"product_cat-obd-connectors","7":"product_tag-bluetooth","8":"product_tag-diagzone","9":"product_tag-obd2","10":"product_tag-smartlink-c-2-0","11":"product_tag-x431","13":"first","14":"instock","15":"sale","16":"shipping-taxable","17":"purchasable","18":"product-type-simple","19":"entry","20":"content-bg","21":"loop-entry"},"acf":[],"taxonomy_info":{"product_cat":[{"value":19,"label":"Obd connectors"}],"product_tag":[{"value":52,"label":"Bluetooth"},{"value":53,"label":"DiagZone"},{"value":42,"label":"OBD2"},{"value":54,"label":"SmartLink C 2.0"},{"value":51,"label":"X431"}]},"featured_image_src_large":["https:\/\/diagzone.org\/wp-content\/uploads\/2025\/09\/Diagzone_org__Smartlink_C_2.0_1.jpg",600,600,false],"author_info":[],"comment_info":"","_links":{"self":[{"href":"https:\/\/diagzone.org\/cs\/wp-json\/wp\/v2\/product\/3403","targetHints":{"allow":["GET"]}}],"collection":[{"href":"https:\/\/diagzone.org\/cs\/wp-json\/wp\/v2\/product"}],"about":[{"href":"https:\/\/diagzone.org\/cs\/wp-json\/wp\/v2\/types\/product"}],"wp:featuredmedia":[{"embeddable":true,"href":"https:\/\/diagzone.org\/cs\/wp-json\/wp\/v2\/media\/3431"}],"wp:attachment":[{"href":"https:\/\/diagzone.org\/cs\/wp-json\/wp\/v2\/media?parent=3403"}],"wp:term":[{"taxonomy":"product_cat","embeddable":true,"href":"https:\/\/diagzone.org\/cs\/wp-json\/wp\/v2\/product_cat?post=3403"},{"taxonomy":"product_tag","embeddable":true,"href":"https:\/\/diagzone.org\/cs\/wp-json\/wp\/v2\/product_tag?post=3403"}],"curies":[{"name":"wp","href":"https:\/\/api.w.org\/{rel}","templated":true}]}}