
{"id":3408,"date":"2025-09-27T12:15:53","date_gmt":"2025-09-27T10:15:53","guid":{"rendered":"https:\/\/diagzone.org\/?post_type=product&#038;p=3408"},"modified":"2025-09-27T18:56:27","modified_gmt":"2025-09-27T16:56:27","slug":"diagzone-dbscar-1-x431","status":"publish","type":"product","link":"https:\/\/diagzone.org\/cs\/produkt\/diagzone-dbscar-1-x431\/","title":{"rendered":"Diagzone Dbscar 1 X431"},"content":{"rendered":"<p data-start=\"223\" data-end=\"519\" class=\" translation-block\">D\u011bkujeme za v\u00e1\u0161 z\u00e1jem o <strong data-start=\"258\" data-end=\"288\">Bluetooth adapt\u00e9r DBScar 1<\/strong>.<br data-start=\"289\" data-end=\"292\">Tento kompaktn\u00ed OBD2 Bluetooth konektor je vyvinut spole\u010dnost\u00ed Launch pro propojen\u00ed diagnostick\u00fdch za\u0159\u00edzen\u00ed s platformami Android. Je pln\u011b testov\u00e1n z hlediska kompatibility a poskytuje spolehlivou komunikaci pro diagnostiku vozidel a \u010dten\u00ed dat.<\/p>\n<p data-start=\"526\" data-end=\"693\">\ud83d\udd39 <strong data-start=\"529\" data-end=\"549\">D\u016fle\u017eit\u00e9 upozorn\u011bn\u00ed<\/strong><br data-start=\"549\" data-end=\"552\" \/>Tento adapt\u00e9r obsahuje pouze hardware.<br data-start=\"592\" data-end=\"595\" \/>\ud83d\udc49 A <a href=\"https:\/\/diagzone.org\/diagzone-buy-subscription\/\">Licence softwaru DiagZone<\/a> mus\u00ed b\u00fdt zakoupena samostatn\u011b pro odemknut\u00ed v\u0161ech diagnostick\u00fdch funkc\u00ed.<\/p>\n<p data-start=\"700\" data-end=\"890\">\ud83d\udd39 <strong data-start=\"703\" data-end=\"725\">Podpora a poradenstv\u00ed<\/strong><br data-start=\"725\" data-end=\"728\" \/>Pot\u0159ebujete pomoc s integrac\u00ed DBScar 1 do va\u0161eho diagnostick\u00e9ho syst\u00e9mu?<br data-start=\"786\" data-end=\"789\" \/>N\u00e1\u0161 t\u00fdm je p\u0159ipraven <a href=\"https:\/\/wa.me\/31647604324\">pomoci<\/a> p\u0159i p\u00e1rov\u00e1n\u00ed, konfiguraci a pou\u017e\u00edv\u00e1n\u00ed s platformou DiagZone OBD2.<\/p>\n<p data-start=\"897\" data-end=\"1085\">\ud83d\udd39 <strong data-start=\"900\" data-end=\"921\">Zaji\u0161t\u011bn\u00ed kvality<\/strong><br data-start=\"921\" data-end=\"924\" \/>Ka\u017ed\u00fd DBScar 1 je p\u0159ed odesl\u00e1n\u00edm testov\u00e1n, aby byla zaji\u0161t\u011bna stabiln\u00ed komunikace Bluetooth, p\u0159esn\u00fd p\u0159enos dat a konzistentn\u00ed v\u00fdkon v d\u00edlensk\u00fdch podm\u00ednk\u00e1ch.<\/p>\n<h2 data-start=\"1092\" data-end=\"1133\">Popis produktu a specifikace<\/h2>\n<ul data-start=\"1135\" data-end=\"1764\">\n<li data-start=\"1135\" data-end=\"1227\">\n<p data-start=\"1137\" data-end=\"1227\">Bluetooth OBD2 adapt\u00e9r pro diagnostickou komunikaci s tablety a smartphony Android<\/p>\n<\/li>\n<li data-start=\"1228\" data-end=\"1354\">\n<p data-start=\"1230\" data-end=\"1354\" class=\" translation-block\">Vybaven\u00fd \u0161tandardn\u00fdm <strong data-start=\"1255\" data-end=\"1280\">16-pinov\u00fdm OBD2 konektorom<\/strong> a <strong data-start=\"1287\" data-end=\"1305\">portom Micro-USB<\/strong> na aktualiz\u00e1cie firmv\u00e9ru alebo priame d\u00e1tov\u00e9 pripojenie.<\/p>\n<\/li>\n<li data-start=\"1355\" data-end=\"1443\">\n<p data-start=\"1357\" data-end=\"1443\" class=\" translation-block\"><strong data-start=\"1357\" data-end=\"1389\">Kompatibiln\u00ed s Androidem 7\u201313<\/strong> a tak\u00e9 s <strong data-start=\"1405\" data-end=\"1441\">Androidem 14 (pouze 32bitov\u00e9 syst\u00e9my)<\/strong><\/p>\n<\/li>\n<li data-start=\"1444\" data-end=\"1475\">\n<p data-start=\"1446\" data-end=\"1475\" class=\" translation-block\">Provozn\u00ed nap\u011bt\u00ed: <strong data-start=\"1463\" data-end=\"1473\">9\u201315 V<\/strong><\/p>\n<\/li>\n<li data-start=\"1476\" data-end=\"1504\">\n<p data-start=\"1478\" data-end=\"1504\">Provozn\u00ed proud: &lt; 30 mA<\/p>\n<\/li>\n<li data-start=\"1505\" data-end=\"1553\">\n<p data-start=\"1507\" data-end=\"1553\">Rozsah provozn\u00ed teploty: \u201310 \u00b0C a\u017e 55 \u00b0C<\/p>\n<\/li>\n<li data-start=\"1554\" data-end=\"1600\">\n<p data-start=\"1556\" data-end=\"1600\">Rozsah skladovac\u00ed teploty: \u201320 \u00b0C a\u017e 70 \u00b0C<\/p>\n<\/li>\n<li data-start=\"1601\" data-end=\"1711\">\n<p data-start=\"1603\" data-end=\"1711\">Podporuje standardn\u00ed protokoly OBD2 pro \u010dten\u00ed\/maz\u00e1n\u00ed chybov\u00fdch k\u00f3d\u016f, streamov\u00e1n\u00ed \u017eiv\u00fdch dat, informace o ECU a dal\u0161\u00ed funkce<\/p>\n<\/li>\n<li data-start=\"1712\" data-end=\"1764\">\n<p data-start=\"1714\" data-end=\"1764\">Aktualizace firmwaru dostupn\u00e9 p\u0159es Bluetooth nebo USB<\/p>\n<\/li>\n<\/ul>\n<h3 data-start=\"1771\" data-end=\"1787\">\u2705 Stru\u010dn\u011b \u0159e\u010deno<\/h3>\n<p data-start=\"1788\" data-end=\"2057\">DBScar 1 je stabiln\u00ed a osv\u011bd\u010den\u00fd Bluetooth OBD2 adapt\u00e9r ur\u010den\u00fd pro za\u0159\u00edzen\u00ed Android (7\u201313 a 14 na 32bitov\u00fdch syst\u00e9mech). Zaji\u0161\u0165uje plynul\u00e9 spojen\u00ed se softwarem DiagZone, podporuje v\u0161echny kl\u00ed\u010dov\u00e9 funkce OBD2 a p\u0159edstavuje cenov\u011b dostupn\u00fd vstup do profesion\u00e1ln\u00ed diagnostiky.<\/p>","protected":false},"excerpt":{"rendered":"<p>Launch DBScar 1 je kompaktn\u00ed Bluetooth OBD2 adapt\u00e9r ur\u010den\u00fd pro za\u0159\u00edzen\u00ed Android (verze 7\u201313 a 14 ve 32bitov\u00e9 variant\u011b). Je pln\u011b testov\u00e1n s DiagZone a umo\u017e\u0148uje stabiln\u00ed diagnostiku vozidla, \u010dten\u00ed chybov\u00fdch k\u00f3d\u016f, \u017eiv\u00e1 data a informace o ECU. Je vy\u017eadov\u00e1na softwarov\u00e1 licence DiagZone, kterou lze zakoupit samostatn\u011b.<\/p>","protected":false},"featured_media":3434,"template":"","meta":{"_acf_changed":false,"_seopress_robots_primary_cat":"none","_seopress_titles_title":"Launch DBScar 1 Bluetooth OBD2 Adapter \u2013 Compatible with Android & DiagZone","_seopress_titles_desc":"Buy the Launch DBScar 1 Bluetooth OBD2 adapter \u2013 compact and reliable, compatible with Android 7\u201313 (and 14 on 32-bit). Fully tested for DiagZone diagnostics. Supports OBD2 fault code reading, live data, and ECU functions..","_seopress_robots_index":"","inline_featured_image":false,"_kad_blocks_custom_css":"","_kad_blocks_head_custom_js":"","_kad_blocks_body_custom_js":"","_kad_blocks_footer_custom_js":"","_themeisle_gutenberg_block_has_review":false,"_kad_post_transparent":"default","_kad_post_title":"","_kad_post_layout":"default","_kad_post_sidebar_id":"","_kad_post_content_style":"default","_kad_post_vertical_padding":"default","_kad_post_feature":"","_kad_post_feature_position":"","_kad_post_header":false,"_kad_post_footer":false,"iawp_total_views":451},"product_cat":[19],"product_tag":[52,53,42,54,51],"class_list":{"0":"post-3408","1":"product","2":"type-product","3":"status-publish","4":"has-post-thumbnail","6":"product_cat-obd-connectors","7":"product_tag-bluetooth","8":"product_tag-diagzone","9":"product_tag-obd2","10":"product_tag-smartlink-c-2-0","11":"product_tag-x431","13":"first","14":"instock","15":"shipping-taxable","16":"purchasable","17":"product-type-simple","18":"entry","19":"content-bg","20":"loop-entry"},"acf":[],"taxonomy_info":{"product_cat":[{"value":19,"label":"Obd connectors"}],"product_tag":[{"value":52,"label":"Bluetooth"},{"value":53,"label":"DiagZone"},{"value":42,"label":"OBD2"},{"value":54,"label":"SmartLink C 2.0"},{"value":51,"label":"X431"}]},"featured_image_src_large":["https:\/\/diagzone.org\/wp-content\/uploads\/2025\/09\/Diagzone_org__Launch_Dbscar_1_1.jpg",600,600,false],"author_info":[],"comment_info":"","_links":{"self":[{"href":"https:\/\/diagzone.org\/cs\/wp-json\/wp\/v2\/product\/3408","targetHints":{"allow":["GET"]}}],"collection":[{"href":"https:\/\/diagzone.org\/cs\/wp-json\/wp\/v2\/product"}],"about":[{"href":"https:\/\/diagzone.org\/cs\/wp-json\/wp\/v2\/types\/product"}],"wp:featuredmedia":[{"embeddable":true,"href":"https:\/\/diagzone.org\/cs\/wp-json\/wp\/v2\/media\/3434"}],"wp:attachment":[{"href":"https:\/\/diagzone.org\/cs\/wp-json\/wp\/v2\/media?parent=3408"}],"wp:term":[{"taxonomy":"product_cat","embeddable":true,"href":"https:\/\/diagzone.org\/cs\/wp-json\/wp\/v2\/product_cat?post=3408"},{"taxonomy":"product_tag","embeddable":true,"href":"https:\/\/diagzone.org\/cs\/wp-json\/wp\/v2\/product_tag?post=3408"}],"curies":[{"name":"wp","href":"https:\/\/api.w.org\/{rel}","templated":true}]}}