
{"id":3412,"date":"2025-09-27T12:38:04","date_gmt":"2025-09-27T10:38:04","guid":{"rendered":"https:\/\/diagzone.org\/?post_type=product&#038;p=3412"},"modified":"2026-01-08T18:16:16","modified_gmt":"2026-01-08T17:16:16","slug":"launch-i-tpms-handheld-tpms-service-tool-sensor-activation-programming-relearn","status":"publish","type":"product","link":"https:\/\/diagzone.org\/cs\/produkt\/launch-i-tpms-handheld-tpms-service-tool-sensor-activation-programming-relearn\/","title":{"rendered":"Launch i-TPMS Ru\u010dn\u00ed TPMS servisn\u00ed n\u00e1stroj \u2013 Aktivace, programov\u00e1n\u00ed a u\u010den\u00ed senzor\u016f"},"content":{"rendered":"<p data-start=\"230\" data-end=\"619\" class=\" translation-block\">D\u011bkujeme za v\u00e1\u0161 z\u00e1jem o <strong data-start=\"265\" data-end=\"295\">Launch i-TPMS pro DiagZone<\/strong>.<br data-start=\"296\" data-end=\"299\">Tento ru\u010dn\u00ed n\u00e1stroj TPMS (syst\u00e9m monitorov\u00e1n\u00ed tlaku v pneumatik\u00e1ch) je navr\u017een pro integraci s tablety DiagZone vybaven\u00fdmi softwarem DiagZone nebo pro provoz prost\u0159ednictv\u00edm aplikace i-TPMS pro Android. Byl d\u016fkladn\u011b testov\u00e1n z hlediska kompatibility a v\u00fdkonu a podporuje aktivaci senzor\u016f, programov\u00e1n\u00ed, \u010dten\u00ed dat a procesy u\u010den\u00ed pro \u0161irokou \u0161k\u00e1lu vozidel.<\/p>\n<p data-start=\"621\" data-end=\"725\">\ud83d\udd39 <strong data-start=\"624\" data-end=\"644\">D\u016fle\u017eit\u00e9 upozorn\u011bn\u00ed<\/strong><br data-start=\"644\" data-end=\"647\" \/>Tento produkt obsahuje pouze hardware. Licence DiagZone nen\u00ed zahrnuta.<\/p>\n<p data-start=\"727\" data-end=\"909\">\ud83d\udd39 <strong data-start=\"730\" data-end=\"752\">Podpora a poradenstv\u00ed<\/strong><br data-start=\"752\" data-end=\"755\" \/>Pot\u0159ebujete pomoc s propojen\u00edm s va\u0161\u00edm tabletem DiagZone?<br data-start=\"802\" data-end=\"805\" \/>Nab\u00edz\u00edme pomoc s p\u00e1rov\u00e1n\u00edm i-TPMS s va\u0161\u00edm tabletem DiagZone a tak\u00e9 podrobn\u00e9 n\u00e1vody ke v\u0161em operac\u00edm TPMS.<\/p>\n<p data-start=\"911\" data-end=\"1099\">\ud83d\udd39 <strong data-start=\"914\" data-end=\"935\">Zaji\u0161t\u011bn\u00ed kvality<\/strong><br data-start=\"935\" data-end=\"938\" \/>Ka\u017ed\u00e1 jednotka proch\u00e1z\u00ed p\u0159ed odesl\u00e1n\u00edm funk\u010dn\u00edm testov\u00e1n\u00edm, aby byla zaji\u0161t\u011bna stabiln\u00ed aktivace senzor\u016f, p\u0159esn\u00e1 m\u011b\u0159en\u00ed a spolehliv\u00e1 kompatibilita se syst\u00e9my DiagZone.<\/p>\n<h3 data-start=\"1106\" data-end=\"1134\">\u2705 Funkce a vlastnosti<\/h3>\n<ul data-start=\"1136\" data-end=\"1513\">\n<li data-start=\"1136\" data-end=\"1190\">\n<p data-start=\"1138\" data-end=\"1190\">Aktivace TPMS, \u010dten\u00ed, programov\u00e1n\u00ed a u\u010den\u00ed<\/p>\n<\/li>\n<li data-start=\"1191\" data-end=\"1239\">\n<p data-start=\"1193\" data-end=\"1239\" class=\" translation-block\">Podporuje senzory <strong data-start=\"1202\" data-end=\"1213\">315 MHz<\/strong> a <strong data-start=\"1218\" data-end=\"1229\">433 MHz<\/strong><\/p>\n<\/li>\n<li data-start=\"1240\" data-end=\"1298\">\n<p data-start=\"1242\" data-end=\"1298\">Pou\u017eiteln\u00e9 s DiagZone na tabletech DiagZone nebo prost\u0159ednictv\u00edm aplikace i-TPMS<\/p>\n<\/li>\n<li data-start=\"1299\" data-end=\"1349\">\n<p data-start=\"1301\" data-end=\"1349\">Pokr\u00fdv\u00e1 drtivou v\u011bt\u0161inu vozidel vybaven\u00fdch syst\u00e9mem TPMS<\/p>\n<\/li>\n<li data-start=\"1421\" data-end=\"1470\">\n<p data-start=\"1423\" data-end=\"1470\">Re\u017eimy u\u010den\u00ed: automatick\u00fd, statick\u00fd a OBD<\/p>\n<\/li>\n<li data-start=\"1471\" data-end=\"1513\">\n<p data-start=\"1473\" data-end=\"1513\">Kompaktn\u00ed, u\u017eivatelsky p\u0159\u00edv\u011btiv\u00fd ru\u010dn\u00ed design<\/p>\n<\/li>\n<li>Displays real-time sensor data: ID, pressure, temperature, battery<\/li>\n<\/ul>\n<h3 data-start=\"1520\" data-end=\"1552\">\ud83d\udce6 Obsah balen\u00ed<\/h3>\n<ul data-start=\"1554\" data-end=\"1620\">\n<li data-start=\"1554\" data-end=\"1582\">\n<p data-start=\"1556\" data-end=\"1582\">1 \u00d7 Za\u0159\u00edzen\u00ed Launch i-TPMS<\/p>\n<\/li>\n<li data-start=\"1583\" data-end=\"1600\">\n<p data-start=\"1585\" data-end=\"1600\">1 \u00d7 USB kabel<\/p>\n<\/li>\n<li data-start=\"1601\" data-end=\"1620\">\n<p data-start=\"1603\" data-end=\"1620\">1 \u00d7 U\u017eivatelsk\u00e1 p\u0159\u00edru\u010dka<\/p>\n<\/li>\n<\/ul>\n<p data-start=\"1627\" data-end=\"1825\">\u2705 <strong data-start=\"1629\" data-end=\"1825\">Stru\u010dn\u011b \u0159e\u010deno, Launch i-TPMS pro DiagZone je specializovan\u00fd TPMS servisn\u00ed n\u00e1stroj optimalizovan\u00fd pro tablety DiagZone a software DiagZone, kter\u00fd nab\u00edz\u00ed plnou aktivaci senzor\u016f, programov\u00e1n\u00ed a funkce u\u010den\u00ed.<\/strong><\/p>","protected":false},"excerpt":{"rendered":"<p>Launch i-TPMS je profesion\u00e1ln\u00ed n\u00e1stroj pro aktivaci a programov\u00e1n\u00ed TPMS ur\u010den\u00fd pro pou\u017eit\u00ed s tablety DiagZone. Podporuje senzory 315 MHz a 433 MHz, \u010dten\u00ed senzor\u016f, programov\u00e1n\u00ed a procesy u\u010den\u00ed pro \u0161irokou \u0161k\u00e1lu vozidel.<\/p>","protected":false},"featured_media":3463,"template":"","meta":{"_acf_changed":false,"_seopress_robots_primary_cat":"none","_seopress_titles_title":"Launch i-TPMS for DiagZone Tablet \u2013 TPMS Activation & Programming Tool","_seopress_titles_desc":"Buy Launch i-TPMS for DiagZone tablets. Professional TPMS tool for 315 MHz & 433 MHz sensors with activation, programming, and relearn functions. Reliable, tested, and workshop-ready.","_seopress_robots_index":"","inline_featured_image":false,"_kad_blocks_custom_css":"","_kad_blocks_head_custom_js":"","_kad_blocks_body_custom_js":"","_kad_blocks_footer_custom_js":"","_themeisle_gutenberg_block_has_review":false,"_kad_post_transparent":"default","_kad_post_title":"","_kad_post_layout":"default","_kad_post_sidebar_id":"","_kad_post_content_style":"default","_kad_post_vertical_padding":"default","_kad_post_feature":"","_kad_post_feature_position":"","_kad_post_header":false,"_kad_post_footer":false,"iawp_total_views":123},"product_cat":[22],"product_tag":[59,57,55,58,56],"class_list":{"0":"post-3412","1":"product","2":"type-product","3":"status-publish","4":"has-post-thumbnail","6":"product_cat-accessories","7":"product_tag-315-mhz","8":"product_tag-433-mhz","9":"product_tag-i-tpms","10":"product_tag-sensors","11":"product_tag-tpms","13":"first","14":"instock","15":"shipping-taxable","16":"purchasable","17":"product-type-simple","18":"entry","19":"content-bg","20":"loop-entry"},"acf":[],"taxonomy_info":{"product_cat":[{"value":22,"label":"Accessories"}],"product_tag":[{"value":59,"label":"315 MHz"},{"value":57,"label":"433 MHz"},{"value":55,"label":"i-TPMS"},{"value":58,"label":"sensors"},{"value":56,"label":"TPMS"}]},"featured_image_src_large":["https:\/\/diagzone.org\/wp-content\/uploads\/2025\/09\/Diagzone_Launch_X431_TPMS_1_ORG.jpg",600,600,false],"author_info":[],"comment_info":"","_links":{"self":[{"href":"https:\/\/diagzone.org\/cs\/wp-json\/wp\/v2\/product\/3412","targetHints":{"allow":["GET"]}}],"collection":[{"href":"https:\/\/diagzone.org\/cs\/wp-json\/wp\/v2\/product"}],"about":[{"href":"https:\/\/diagzone.org\/cs\/wp-json\/wp\/v2\/types\/product"}],"wp:featuredmedia":[{"embeddable":true,"href":"https:\/\/diagzone.org\/cs\/wp-json\/wp\/v2\/media\/3463"}],"wp:attachment":[{"href":"https:\/\/diagzone.org\/cs\/wp-json\/wp\/v2\/media?parent=3412"}],"wp:term":[{"taxonomy":"product_cat","embeddable":true,"href":"https:\/\/diagzone.org\/cs\/wp-json\/wp\/v2\/product_cat?post=3412"},{"taxonomy":"product_tag","embeddable":true,"href":"https:\/\/diagzone.org\/cs\/wp-json\/wp\/v2\/product_tag?post=3412"}],"curies":[{"name":"wp","href":"https:\/\/api.w.org\/{rel}","templated":true}]}}