
{"id":3419,"date":"2025-09-27T12:51:07","date_gmt":"2025-09-27T10:51:07","guid":{"rendered":"https:\/\/diagzone.org\/?post_type=product&#038;p=3419"},"modified":"2025-09-27T19:05:11","modified_gmt":"2025-09-27T17:05:11","slug":"diagzone-obd2-can-fd-extension-cable-16-pin-male-to-female-adapter","status":"publish","type":"product","link":"https:\/\/diagzone.org\/cs\/produkt\/diagzone-obd2-can-fd-extension-cable-16-pin-male-to-female-adapter\/","title":{"rendered":"DiagZone OBD2 CAN-FD prodlu\u017eovac\u00ed kabel \u2013 16pinov\u00fd adapt\u00e9r samec na samici"},"content":{"rendered":"<p data-start=\"138\" data-end=\"507\" class=\" translation-block\">D\u011bkujeme za v\u00e1\u0161 z\u00e1jem o <strong data-start=\"173\" data-end=\"213\">prodlu\u017eovac\u00ed kabel DiagZone CAN-FD OBD2<\/strong>.<br data-start=\"214\" data-end=\"217\">Tento vysoce kvalitn\u00ed prodlu\u017eovac\u00ed kabel je navr\u017een k prodlou\u017een\u00ed spojen\u00ed mezi diagnostick\u00fdm rozhran\u00edm (nap\u0159. DBScar, ThinkDiag, Ediag+) a OBD2 portem vozidla. Nab\u00edz\u00ed v\u011bt\u0161\u00ed flexibilitu, snadn\u011bj\u0161\u00ed p\u0159\u00edstup ve st\u00edsn\u011bn\u00fdch prostorech a chr\u00e1n\u00ed p\u016fvodn\u00ed OBD2 z\u00e1suvku p\u0159ed \u010dast\u00fdm opot\u0159eben\u00edm.<\/p>\n<p data-start=\"514\" data-end=\"655\">\ud83d\udd39 <strong data-start=\"517\" data-end=\"537\">D\u016fle\u017eit\u00e9 upozorn\u011bn\u00ed<\/strong><br data-start=\"537\" data-end=\"540\" \/>Tento produkt je <strong data-start=\"559\" data-end=\"577\">pouze p\u0159\u00edslu\u0161enstv\u00ed<\/strong>.<br data-start=\"578\" data-end=\"581\" \/>Neobsahuje \u017e\u00e1dn\u00fd software ani neposkytuje diagnostick\u00e9 funkce samostatn\u011b.<\/p>\n<p data-start=\"662\" data-end=\"843\">\ud83d\udd39 <strong data-start=\"665\" data-end=\"687\">Podpora a poradenstv\u00ed<\/strong><br data-start=\"687\" data-end=\"690\" \/>Pot\u0159ebujete pomoc s p\u0159ipojen\u00edm diagnostick\u00e9ho n\u00e1stroje pomoc\u00ed prodlu\u017eovac\u00edho kabelu?<br data-start=\"757\" data-end=\"760\" \/>N\u00e1\u0161 t\u00fdm m\u016f\u017ee poskytnout poradenstv\u00ed, aby byla zaji\u0161t\u011bna spr\u00e1vn\u00e1 instalace a nejlep\u0161\u00ed v\u00fdkon.<\/p>\n<p data-start=\"850\" data-end=\"1034\">\ud83d\udd39 <strong data-start=\"853\" data-end=\"874\">Zaji\u0161t\u011bn\u00ed kvality<\/strong><br data-start=\"874\" data-end=\"877\" \/>Ka\u017ed\u00fd kabel je p\u0159ed odesl\u00e1n\u00edm testov\u00e1n, aby byl zaji\u0161t\u011bn spolehliv\u00fd p\u0159enos dat p\u0159es v\u0161ech 16 pin\u016f a stabiln\u00ed komunikace pro diagnostiku OBD2 a CAN-FD.<\/p>\n<h2 data-start=\"1041\" data-end=\"1062\">Vlastnosti produktu<\/h2>\n<ul data-start=\"1064\" data-end=\"1460\">\n<li data-start=\"1064\" data-end=\"1114\">\n<p data-start=\"1066\" data-end=\"1114\"><strong data-start=\"1066\" data-end=\"1112\">16pinov\u00fd OBD2 prodlu\u017eovac\u00ed kabel samec\u2013samice<\/strong><\/p>\n<\/li>\n<li data-start=\"1115\" data-end=\"1164\">\n<p data-start=\"1117\" data-end=\"1164\" class=\" translation-block\">Podporuje <strong data-start=\"1126\" data-end=\"1162\">standardn\u00ed protokoly OBD2 a CAN-FD<\/strong><\/p>\n<\/li>\n<li data-start=\"1165\" data-end=\"1232\">\n<p data-start=\"1167\" data-end=\"1232\">Flexibiln\u00ed a odoln\u00e1 konstrukce, vhodn\u00e1 do d\u00edlensk\u00e9ho prost\u0159ed\u00ed<\/p>\n<\/li>\n<li data-start=\"1233\" data-end=\"1306\">\n<p data-start=\"1235\" data-end=\"1306\">Sni\u017euje opot\u0159eben\u00ed OBD2 z\u00e1suvky vozidla minimalizac\u00ed p\u0159\u00edm\u00e9ho nam\u00e1h\u00e1n\u00ed<\/p>\n<\/li>\n<li data-start=\"1307\" data-end=\"1367\">\n<p data-start=\"1309\" data-end=\"1367\">Umo\u017e\u0148uje snadn\u011bj\u0161\u00ed p\u0159\u00edstup k obt\u00ed\u017en\u011b dostupn\u00fdm diagnostick\u00fdm port\u016fm<\/p>\n<\/li>\n<li data-start=\"1368\" data-end=\"1460\">\n<p data-start=\"1370\" data-end=\"1460\">Ide\u00e1ln\u00ed pro pou\u017eit\u00ed s Bluetooth OBD2 adapt\u00e9ry \u2013 zlep\u0161uje um\u00edst\u011bn\u00ed a stabilitu p\u0159ipojen\u00ed<\/p>\n<\/li>\n<\/ul>\n<h3 data-start=\"1467\" data-end=\"1499\">\ud83d\udce6 Obsah balen\u00ed<\/h3>\n<ul data-start=\"1500\" data-end=\"1544\">\n<li data-start=\"1500\" data-end=\"1544\">\n<p data-start=\"1502\" data-end=\"1544\">1 \u00d7 prodlu\u017eovac\u00ed kabel DiagZone CAN-FD OBD2<\/p>\n<\/li>\n<\/ul>\n<p data-start=\"1551\" data-end=\"1807\">\u2705 <strong data-start=\"1553\" data-end=\"1805\">Stru\u010dn\u011b \u0159e\u010deno, prodlu\u017eovac\u00ed kabel DiagZone CAN-FD OBD2 je praktick\u00e9 a spolehliv\u00e9 p\u0159\u00edslu\u0161enstv\u00ed pro profesion\u00e1ln\u00ed i osobn\u00ed diagnostiku. Zaji\u0161\u0165uje stabiln\u00ed komunikaci, prodlu\u017euje \u017eivotnost konektoru a \u010din\u00ed diagnostickou sestavu pohodln\u011bj\u0161\u00ed a odoln\u011bj\u0161\u00ed.<\/strong><\/p>","protected":false},"excerpt":{"rendered":"<p>Vysoce kvalitn\u00ed prodlu\u017eovac\u00ed OBD2 kabel (16pinov\u00fd) pro prodlou\u017een\u00ed vzd\u00e1lenosti mezi diagnostick\u00fdm n\u00e1strojem a OBD2 portem vozidla. Zlep\u0161uje p\u0159\u00edstup, sni\u017euje opot\u0159eben\u00ed konektor\u016f a optimalizuje v\u00fdkon Bluetooth\/WiFi.<\/p>","protected":false},"featured_media":3450,"template":"","meta":{"_acf_changed":false,"_seopress_robots_primary_cat":"none","_seopress_titles_title":"OBD2 Extension Cable \u2013 16-pin Male to Female Diagnostic Extension","_seopress_titles_desc":"Buy durable OBD2 extension cable (16-pin). Extends reach between diagnostic tool and vehicle\u2019s OBD2 port, reduces socket wear, and improves accessibility for workshop setups.","_seopress_robots_index":"","inline_featured_image":false,"_kad_blocks_custom_css":"","_kad_blocks_head_custom_js":"","_kad_blocks_body_custom_js":"","_kad_blocks_footer_custom_js":"","_themeisle_gutenberg_block_has_review":false,"_kad_post_transparent":"default","_kad_post_title":"","_kad_post_layout":"default","_kad_post_sidebar_id":"","_kad_post_content_style":"default","_kad_post_vertical_padding":"default","_kad_post_feature":"","_kad_post_feature_position":"","_kad_post_header":false,"_kad_post_footer":false,"iawp_total_views":63},"product_cat":[22],"product_tag":[65,25,63,64,42],"class_list":{"0":"post-3419","1":"product","2":"type-product","3":"status-publish","4":"has-post-thumbnail","6":"product_cat-accessories","7":"product_tag-16-pin","8":"product_tag-adapter","9":"product_tag-can-fd","10":"product_tag-extension-cable","11":"product_tag-obd2","13":"first","14":"instock","15":"shipping-taxable","16":"purchasable","17":"product-type-simple","18":"entry","19":"content-bg","20":"loop-entry"},"acf":[],"taxonomy_info":{"product_cat":[{"value":22,"label":"Accessories"}],"product_tag":[{"value":65,"label":"16-Pin"},{"value":25,"label":"Adapter"},{"value":63,"label":"CAN-FD"},{"value":64,"label":"Extension Cable"},{"value":42,"label":"OBD2"}]},"featured_image_src_large":["https:\/\/diagzone.org\/wp-content\/uploads\/2025\/09\/Diagzone_Launch_X431_CAN_FD_1.jpg",600,600,false],"author_info":[],"comment_info":"","_links":{"self":[{"href":"https:\/\/diagzone.org\/cs\/wp-json\/wp\/v2\/product\/3419","targetHints":{"allow":["GET"]}}],"collection":[{"href":"https:\/\/diagzone.org\/cs\/wp-json\/wp\/v2\/product"}],"about":[{"href":"https:\/\/diagzone.org\/cs\/wp-json\/wp\/v2\/types\/product"}],"wp:featuredmedia":[{"embeddable":true,"href":"https:\/\/diagzone.org\/cs\/wp-json\/wp\/v2\/media\/3450"}],"wp:attachment":[{"href":"https:\/\/diagzone.org\/cs\/wp-json\/wp\/v2\/media?parent=3419"}],"wp:term":[{"taxonomy":"product_cat","embeddable":true,"href":"https:\/\/diagzone.org\/cs\/wp-json\/wp\/v2\/product_cat?post=3419"},{"taxonomy":"product_tag","embeddable":true,"href":"https:\/\/diagzone.org\/cs\/wp-json\/wp\/v2\/product_tag?post=3419"}],"curies":[{"name":"wp","href":"https:\/\/api.w.org\/{rel}","templated":true}]}}