
{"id":3422,"date":"2025-09-27T12:56:14","date_gmt":"2025-09-27T10:56:14","guid":{"rendered":"https:\/\/diagzone.org\/?post_type=product&#038;p=3422"},"modified":"2025-09-27T19:06:54","modified_gmt":"2025-09-27T17:06:54","slug":"16-pin-eobd-extension-cable-diagzone-compatible","status":"publish","type":"product","link":"https:\/\/diagzone.org\/cs\/produkt\/16-pin-eobd-extension-cable-diagzone-compatible\/","title":{"rendered":"16pinov\u00fd EOBD prodlu\u017eovac\u00ed kabel \u2013 kompatibiln\u00ed s DiagZone"},"content":{"rendered":"<p data-start=\"220\" data-end=\"677\" class=\" translation-block\">D\u011bkujeme za v\u00e1\u0161 z\u00e1jem o <strong data-start=\"255\" data-end=\"296\">prodlu\u017eovac\u00ed kabel EOBD 16pin na 16pin<\/strong>.<br data-start=\"297\" data-end=\"300\">Tento vysoce kvalitn\u00ed kabel je ur\u010den pro pou\u017eit\u00ed s <strong data-start=\"353\" data-end=\"374\">platformou DiagZone<\/strong> a je pln\u011b kompatibiln\u00ed se v\u0161emi OBD konektory, kter\u00e9 nab\u00edz\u00edme, v\u010detn\u011b DBScar 5, DBScar 7, ThinkDiag 2, Ediag+ a SmartLink C 2.0. Prodlu\u017euje spojen\u00ed mezi diagnostick\u00fdm adapt\u00e9rem a OBD2\/EOBD portem vozidla a poskytuje v\u011bt\u0161\u00ed flexibilitu, snadn\u011bj\u0161\u00ed p\u0159\u00edstup a men\u0161\u00ed opot\u0159eben\u00ed p\u016fvodn\u00edho konektoru.<\/p>\n<p data-start=\"684\" data-end=\"791\">\ud83d\udd39 <strong data-start=\"687\" data-end=\"707\">D\u016fle\u017eit\u00e9 upozorn\u011bn\u00ed<\/strong><br data-start=\"707\" data-end=\"710\" \/>Tento produkt je <strong data-start=\"726\" data-end=\"743\">pouze hardware<\/strong>.<br data-start=\"744\" data-end=\"747\" \/>Neobsahuje software ani licenci.<\/p>\n<p data-start=\"798\" data-end=\"996\">\ud83d\udd39 <strong data-start=\"801\" data-end=\"823\">Podpora a poradenstv\u00ed<\/strong><br data-start=\"823\" data-end=\"826\" \/>Pot\u0159ebujete pomoc s p\u0159ipojen\u00edm adapt\u00e9ru pomoc\u00ed prodlu\u017eovac\u00edho kabelu?<br data-start=\"888\" data-end=\"891\" \/>N\u00e1\u0161 t\u00fdm m\u016f\u017ee poskytnout pomoc k zaji\u0161t\u011bn\u00ed spr\u00e1vn\u00e9 instalace a spolehliv\u00e9ho pou\u017e\u00edv\u00e1n\u00ed se softwarem DiagZone.<\/p>\n<p data-start=\"1003\" data-end=\"1179\">\ud83d\udd39 <strong data-start=\"1006\" data-end=\"1027\">Zaji\u0161t\u011bn\u00ed kvality<\/strong><br data-start=\"1027\" data-end=\"1030\" \/>Ka\u017ed\u00fd kabel je p\u0159ed odesl\u00e1n\u00edm testov\u00e1n, aby byla zaji\u0161t\u011bna spr\u00e1vn\u00e1 konektivita pin-to-pin, stabiln\u00ed p\u0159enos dat a odolnost vhodn\u00e1 pro d\u00edlensk\u00e9 podm\u00ednky.<\/p>\n<h2 data-start=\"1186\" data-end=\"1207\">Vlastnosti produktu<\/h2>\n<ul data-start=\"1209\" data-end=\"1702\">\n<li data-start=\"1209\" data-end=\"1271\">\n<p data-start=\"1211\" data-end=\"1271\"><strong data-start=\"1211\" data-end=\"1269\">Prodlu\u017eovac\u00ed kabel OBD2\/EOBD 16pin samec na 16pin samice<\/strong><\/p>\n<\/li>\n<li data-start=\"1272\" data-end=\"1382\">\n<p data-start=\"1274\" data-end=\"1382\" class=\" translation-block\">Pln\u011b kompatibiln\u00ed s <strong data-start=\"1296\" data-end=\"1321\">DiagZone OBD adapters<\/strong> (DBScar 5, DBScar 7, ThinkDiag 2, Ediag+, SmartLink C 2.0)<\/p>\n<\/li>\n<li data-start=\"1383\" data-end=\"1469\">\n<p data-start=\"1385\" data-end=\"1469\">Prodlu\u017euje spojen\u00ed mezi diagnostick\u00fdm n\u00e1strojem a vozidlem pro v\u011bt\u0161\u00ed flexibilitu<\/p>\n<\/li>\n<li data-start=\"1470\" data-end=\"1537\">\n<p data-start=\"1472\" data-end=\"1537\">Chr\u00e1n\u00ed p\u016fvodn\u00ed OBD2 z\u00e1suvku p\u0159ed \u010dast\u00fdm nam\u00e1h\u00e1n\u00edm a opot\u0159eben\u00edm<\/p>\n<\/li>\n<li data-start=\"1538\" data-end=\"1621\">\n<p data-start=\"1540\" data-end=\"1621\">Spolehliv\u00fd p\u0159enos sign\u00e1lu pro p\u0159esnou diagnostiku v\u0161ech podporovan\u00fdch vozidel<\/p>\n<\/li>\n<li data-start=\"1622\" data-end=\"1702\">\n<p data-start=\"1624\" data-end=\"1702\">Odoln\u00e1 a flexibiln\u00ed konstrukce pro profesion\u00e1ln\u00ed d\u00edlny i osobn\u00ed pou\u017eit\u00ed<\/p>\n<\/li>\n<\/ul>\n<h3 data-start=\"1709\" data-end=\"1741\">\ud83d\udce6 Obsah balen\u00ed<\/h3>\n<ul data-start=\"1742\" data-end=\"1792\">\n<li data-start=\"1742\" data-end=\"1792\">\n<p data-start=\"1744\" data-end=\"1792\">1 \u00d7 Prodlu\u017eovac\u00ed kabel OBD2\/EOBD 16pin na 16pin<\/p>\n<\/li>\n<\/ul>\n<p data-start=\"1799\" data-end=\"2065\">\u2705 <strong data-start=\"1801\" data-end=\"2063\">Stru\u010dn\u011b \u0159e\u010deno, prodlu\u017eovac\u00ed kabel EOBD 16pin na 16pin je ide\u00e1ln\u00edm p\u0159\u00edslu\u0161enstv\u00edm pro u\u017eivatele DiagZone. Funguje se v\u0161emi podporovan\u00fdmi OBD adapt\u00e9ry, zaji\u0161\u0165uje stabiln\u00ed diagnostiku, chr\u00e1n\u00ed OBD2 port vozidla a usnad\u0148uje p\u0159ipojen\u00ed v jak\u00e9mkoli d\u00edlensk\u00e9m prost\u0159ed\u00ed.<\/strong><\/p>","protected":false},"excerpt":{"rendered":"<p>Prodlu\u017eovac\u00ed kabel EOBD 16 pin na 16 pin je pln\u011b kompatibiln\u00ed s platformou DiagZone a se v\u0161emi na\u0161imi OBD adapt\u00e9ry (DBScar 5, DBScar 7, ThinkDiag 2, Ediag+, SmartLink C 2.0). Prodlu\u017euje diagnostick\u00e9 p\u0159ipojen\u00ed, chr\u00e1n\u00ed port OBD2 a zaji\u0161\u0165uje stabiln\u00ed komunikaci b\u011bhem diagnostiky vozidla.<\/p>","protected":false},"featured_media":3458,"template":"","meta":{"_acf_changed":false,"_seopress_robots_primary_cat":"none","_seopress_titles_title":"16-Pin EOBD Extension Cable \u2013 Compatible with DiagZone & All OBD Adapters","_seopress_titles_desc":"Buy the 16-Pin to 16-Pin EOBD Extension Cable for DiagZone. Works with DBScar 5, DBScar 7, ThinkDiag 2, Ediag+, and SmartLink C 2.0. Protects the OBD2 port, extends connection reach, and ensures stable diagnostic performance.","_seopress_robots_index":"","inline_featured_image":false,"_kad_blocks_custom_css":"","_kad_blocks_head_custom_js":"","_kad_blocks_body_custom_js":"","_kad_blocks_footer_custom_js":"","_themeisle_gutenberg_block_has_review":false,"_kad_post_transparent":"default","_kad_post_title":"","_kad_post_layout":"default","_kad_post_sidebar_id":"","_kad_post_content_style":"default","_kad_post_vertical_padding":"default","_kad_post_feature":"","_kad_post_feature_position":"","_kad_post_header":false,"_kad_post_footer":false,"iawp_total_views":85},"product_cat":[22],"product_tag":[65,66,64,42],"class_list":{"0":"post-3422","1":"product","2":"type-product","3":"status-publish","4":"has-post-thumbnail","6":"product_cat-accessories","7":"product_tag-16-pin","8":"product_tag-eobd","9":"product_tag-extension-cable","10":"product_tag-obd2","12":"first","13":"instock","14":"shipping-taxable","15":"purchasable","16":"product-type-simple","17":"entry","18":"content-bg","19":"loop-entry"},"acf":[],"taxonomy_info":{"product_cat":[{"value":22,"label":"Accessories"}],"product_tag":[{"value":65,"label":"16-Pin"},{"value":66,"label":"EOBD"},{"value":64,"label":"Extension Cable"},{"value":42,"label":"OBD2"}]},"featured_image_src_large":["https:\/\/diagzone.org\/wp-content\/uploads\/2025\/09\/Diagzone_16pin_to_16pin_OBD2_cable_1.jpg",600,600,false],"author_info":[],"comment_info":"","_links":{"self":[{"href":"https:\/\/diagzone.org\/cs\/wp-json\/wp\/v2\/product\/3422","targetHints":{"allow":["GET"]}}],"collection":[{"href":"https:\/\/diagzone.org\/cs\/wp-json\/wp\/v2\/product"}],"about":[{"href":"https:\/\/diagzone.org\/cs\/wp-json\/wp\/v2\/types\/product"}],"wp:featuredmedia":[{"embeddable":true,"href":"https:\/\/diagzone.org\/cs\/wp-json\/wp\/v2\/media\/3458"}],"wp:attachment":[{"href":"https:\/\/diagzone.org\/cs\/wp-json\/wp\/v2\/media?parent=3422"}],"wp:term":[{"taxonomy":"product_cat","embeddable":true,"href":"https:\/\/diagzone.org\/cs\/wp-json\/wp\/v2\/product_cat?post=3422"},{"taxonomy":"product_tag","embeddable":true,"href":"https:\/\/diagzone.org\/cs\/wp-json\/wp\/v2\/product_tag?post=3422"}],"curies":[{"name":"wp","href":"https:\/\/api.w.org\/{rel}","templated":true}]}}