
{"id":673,"date":"2024-01-19T20:57:45","date_gmt":"2024-01-19T19:57:45","guid":{"rendered":"https:\/\/diagzone.org\/?post_type=product&#038;p=673"},"modified":"2026-01-05T13:58:38","modified_gmt":"2026-01-05T12:58:38","slug":"thinkcar-thinkdiag-2-can-fd-bi-directional-obd2-scanner","status":"publish","type":"product","link":"https:\/\/diagzone.org\/cs\/produkt\/thinkcar-thinkdiag-2-can-fd-bi-directional-obd2-scanner\/","title":{"rendered":"THINKCAR ThinkDiag 2 OBD2 skener s obousm\u011brnou komunikac\u00ed CAN-FD"},"content":{"rendered":"<p data-start=\"162\" data-end=\"369\" class=\" translation-block\">D\u011bkujeme za v\u00e1\u0161 z\u00e1jem o <strong data-start=\"197\" data-end=\"221\">Original THINKDIAG 2<\/strong>.<br data-start=\"222\" data-end=\"225\">Tento diagnostick\u00fd konektor je zcela nov\u00fd, pln\u011b testovan\u00fd na <strong data-start=\"285\" data-end=\"306\">DiagZone platform<\/strong> a zaru\u010duje originalitu i vynikaj\u00edc\u00ed v\u00fdkon.<\/p>\n<h2 data-start=\"371\" data-end=\"395\">\ud83d\udd39 D\u016fle\u017eit\u00e9 upozorn\u011bn\u00ed<\/h2>\n<p data-start=\"396\" data-end=\"534\" class=\" translation-block\">THINKDIAG 2 je dod\u00e1v\u00e1n <a href=\"https:\/\/diagzone.org\/diagzone-activation\/\" target=\"_self\"><strong data-start=\"425\" data-end=\"463\">bez jak\u00e9hokoli p\u0159edinstalovan\u00e9ho softwaru<\/strong><\/a>.<br data-start=\"464\" data-end=\"467\">Pro pou\u017e\u00edv\u00e1n\u00ed tohoto za\u0159\u00edzen\u00ed je nutn\u00e9 <strong data-start=\"489\" data-end=\"531\">samostatn\u00e9 <a href=\"https:\/\/diagzone.org\/diagzone-buy-subscription\/\" target=\"_self\">zakoupen\u00ed softwaru<\/a><\/strong>.<\/p>\n<h2 data-start=\"536\" data-end=\"562\">\ud83d\udd39 Podpora a poradenstv\u00ed<\/h2>\n<p data-start=\"563\" data-end=\"775\" class=\" translation-block\">Pot\u0159ebujete pomoc s <strong data-start=\"578\" data-end=\"596\">nastaven\u00edm DiagZone<\/strong>?<br data-start=\"597\" data-end=\"600\">N\u00e1\u0161 t\u00fdm poskytuje podrobnou pomoc krok za krokem. Nev\u00e1hejte n\u00e1s kdykoli <a href=\"https:\/\/wa.me\/31647604324\" target=\"_self\">kontaktovat<\/a>, pokud pot\u0159ebujete poradit s pou\u017e\u00edv\u00e1n\u00edm za\u0159\u00edzen\u00ed s <strong data-start=\"746\" data-end=\"772\">DiagZone OBD2 platform<\/strong>.<\/p>\n<h2 data-start=\"777\" data-end=\"802\">\ud83d\udd39 Zaji\u0161t\u011bn\u00ed kvality<\/h2>\n<p data-start=\"803\" data-end=\"977\" class=\" translation-block\">Ka\u017ed\u00fd THINKDIAG 2 proch\u00e1z\u00ed <strong data-start=\"831\" data-end=\"881\">d\u016fkladn\u00fdm testov\u00e1n\u00edm funk\u010dnosti p\u0159ed odesl\u00e1n\u00edm<\/strong>.<br data-start=\"882\" data-end=\"885\">To zaji\u0161\u0165uje bezchybn\u00fd provoz, profesion\u00e1ln\u00ed spolehlivost a dlouhodobou \u017eivotnost.<\/p>\n<h1 data-start=\"979\" data-end=\"1002\">Popis produktu<\/h1>\n<p data-start=\"1004\" data-end=\"1159\" class=\" translation-block\"><strong data-start=\"1008\" data-end=\"1023\">THINKDIAG 2<\/strong> je kompaktn\u00ed a v\u00fdkonn\u00fd <strong data-start=\"1050\" data-end=\"1089\">OBD2 Bluetooth diagnostick\u00fd konektor<\/strong>, navr\u017een\u00fd v\u00fdhradn\u011b pro kompatibilitu se <strong data-start=\"1135\" data-end=\"1156\">softwarem DiagZone<\/strong>.<\/p>\n<p data-start=\"1161\" data-end=\"1586\">\u2705 Funguje jako profesion\u00e1ln\u00ed OBD2 Bluetooth adapt\u00e9r<br data-start=\"1209\" data-end=\"1212\" \/>\u2705 Podporuje za\u0159\u00edzen\u00ed Android (smartphony a tablety) \u2013 pln\u011b kompatibiln\u00ed s <strong data-start=\"1287\" data-end=\"1303\">Android 7\u201313<\/strong>, a tak\u00e9 s <strong data-start=\"1319\" data-end=\"1355\">Android 14 (pouze 32bitov\u00e9 syst\u00e9my)<\/strong><br data-start=\"1355\" data-end=\"1358\" \/>\u2705 Testov\u00e1no se softwarem DiagZone pro ov\u011b\u0159en\u00ed pravosti<br data-start=\"1406\" data-end=\"1409\" \/>\u2705 Rychl\u00e9 a stabiln\u00ed Bluetooth 5.0 dual-mode p\u0159ipojen\u00ed<br data-start=\"1459\" data-end=\"1462\" \/>\u2705 Odoln\u00fd design s krytem z ABS+PC+TPU a dvojit\u00fdmi indik\u00e1tory<br data-start=\"1528\" data-end=\"1531\" \/>\u2705 Dod\u00e1v\u00e1 se s <strong data-start=\"1544\" data-end=\"1565\">0,65 m OBD2 kabel<\/strong> pro pohodln\u00e9 pou\u017eit\u00ed<\/p>\n<p data-start=\"1588\" data-end=\"1824\">\u26a0\ufe0f Upozorn\u011bn\u00ed: Tento konektor neobsahuje \u017e\u00e1dn\u00fd software ani p\u0159edplatn\u00e9.<br data-start=\"1669\" data-end=\"1672\" \/>\ud83d\udc49 P\u0159edplatn\u00e9 softwaru DiagZone lze zakoupit samostatn\u011b zde: <a class=\"decorated-link\" href=\"https:\/\/diagzone.org\/diagzone-buy-subscription\/\" target=\"_new\" rel=\"noopener\" data-start=\"1746\" data-end=\"1822\">Koupit p\u0159edplatn\u00e9 DiagZone<\/a><\/p>\n<h1 data-start=\"1826\" data-end=\"1853\">Pro\u010d zvolit THINKDIAG 2?<\/h1>\n<ul data-start=\"1855\" data-end=\"2272\">\n<li data-start=\"1855\" data-end=\"1907\">\n<p data-start=\"1857\" data-end=\"1907\"><strong data-start=\"1857\" data-end=\"1905\">Origin\u00e1ln\u00ed za\u0159\u00edzen\u00ed \u2013 \u017e\u00e1dn\u00e9 klony, \u017e\u00e1dn\u00e9 pad\u011blky<\/strong><\/p>\n<\/li>\n<li data-start=\"1908\" data-end=\"1955\">\n<p data-start=\"1910\" data-end=\"1955\" class=\" translation-block\"><strong data-start=\"290\" data-end=\"317\">100 % testov\u00e1no na DiagZone<\/strong> p\u0159ed odesl\u00e1n\u00edm<\/p>\n<\/li>\n<li data-start=\"1956\" data-end=\"2019\">\n<p data-start=\"1958\" data-end=\"2019\" class=\" translation-block\"><strong data-start=\"338\" data-end=\"369\">Profesion\u00e1ln\u00ed OBD2 konektor<\/strong> s garantovan\u00fdm v\u00fdkonem<\/p>\n<\/li>\n<li data-start=\"2020\" data-end=\"2072\">\n<p data-start=\"2022\" data-end=\"2072\" class=\" translation-block\">Kompaktn\u00ed rozm\u011bry, <strong data-start=\"2036\" data-end=\"2070\">snadn\u00e9 pou\u017eit\u00ed s Bluetooth 5.0<\/strong><\/p>\n<\/li>\n<li data-start=\"2073\" data-end=\"2169\">\n<p data-start=\"2075\" data-end=\"2169\" class=\" translation-block\">Kompatibiln\u00ed se <strong data-start=\"418\" data-end=\"498\">softwarov\u00fdmi bal\u00ed\u010dky DiagZone pro osobn\u00ed vozy, elektromobily a u\u017eitkov\u00e1 vozidla<\/strong><\/p>\n<\/li>\n<li data-start=\"2170\" data-end=\"2272\">\n<p data-start=\"2172\" data-end=\"2272\" class=\" translation-block\">Podporuje modern\u00ed diagnostick\u00e9 protokoly: <strong data-start=\"2210\" data-end=\"2270\">ISO9141, KWP2000, J1850 VPW, J1850 PWM, CAN, UDS, CAN-FD<\/strong><\/p>\n<\/li>\n<\/ul>\n<p data-start=\"2274\" data-end=\"2453\">\u2705 Stru\u010dn\u011b \u0159e\u010deno, <strong data-start=\"2290\" data-end=\"2305\">THINKDIAG 2<\/strong> je ide\u00e1ln\u00edm \u0159e\u0161en\u00edm pro ka\u017ed\u00e9ho, kdo hled\u00e1 <strong data-start=\"2353\" data-end=\"2414\">v\u00fdkonn\u00fd, kompaktn\u00ed a s DiagZone kompatibiln\u00ed OBD2 konektor<\/strong>, kter\u00e9mu d\u016fv\u011b\u0159uj\u00ed profesion\u00e1lov\u00e9 po cel\u00e9m sv\u011bt\u011b.<\/p>","protected":false},"excerpt":{"rendered":"<p class=\" translation-block\"><strong data-start=\"157\" data-end=\"172\">THINKDIAG 2<\/strong> je vysoce v\u00fdkonn\u00fd Bluetooth OBD2 konektor navr\u017een\u00fd pro rychlost, spolehlivost a p\u0159esn\u00fd p\u0159enos dat. Podporuje modern\u00ed <strong data-start=\"301\" data-end=\"325\">komunikaci CAN-FD<\/strong>, co\u017e z n\u011bj \u010din\u00ed ide\u00e1ln\u00ed \u0159e\u0161en\u00ed pro vozidla nov\u00e9 generace. D\u00edky \u0161irok\u00e9mu pokryt\u00ed od osobn\u00edch voz\u016f a\u017e po elektromobily a n\u00e1kladn\u00ed vozidla nab\u00edz\u00ed profesion\u00e1ln\u00ed v\u00fdkon v kompaktn\u00edm proveden\u00ed, pln\u011b testovan\u00fd na <strong data-start=\"505\" data-end=\"526\">DiagZone platform<\/strong>.<\/p>","protected":false},"featured_media":3320,"template":"","meta":{"_acf_changed":false,"_seopress_robots_primary_cat":"none","_seopress_titles_title":"Elevate Your Diagnostic Capabilities - THINKDIAG2: CAN-FD","_seopress_titles_desc":"Enhance Your Diagnostics with THINKDIAG 2, Offering Support for CAN-FD Protocol and Bluetooth 5.0, Compatible with the DiagZone Server.","_seopress_robots_index":"","inline_featured_image":false,"_kad_blocks_custom_css":"","_kad_blocks_head_custom_js":"","_kad_blocks_body_custom_js":"","_kad_blocks_footer_custom_js":"","_themeisle_gutenberg_block_has_review":false,"_kad_post_transparent":"default","_kad_post_title":"","_kad_post_layout":"default","_kad_post_sidebar_id":"","_kad_post_content_style":"default","_kad_post_vertical_padding":"default","_kad_post_feature":"","_kad_post_feature_position":"","_kad_post_header":false,"_kad_post_footer":false,"iawp_total_views":1067},"product_cat":[19],"product_tag":[],"class_list":{"0":"post-673","1":"product","2":"type-product","3":"status-publish","4":"has-post-thumbnail","6":"product_cat-obd-connectors","8":"first","9":"instock","10":"sale","11":"shipping-taxable","12":"purchasable","13":"product-type-simple","14":"entry","15":"content-bg","16":"loop-entry"},"acf":[],"taxonomy_info":{"product_cat":[{"value":19,"label":"Obd connectors"}]},"featured_image_src_large":["https:\/\/diagzone.org\/wp-content\/uploads\/2024\/01\/ThinkDiag_2_1.jpg",600,600,false],"author_info":[],"comment_info":"","_links":{"self":[{"href":"https:\/\/diagzone.org\/cs\/wp-json\/wp\/v2\/product\/673","targetHints":{"allow":["GET"]}}],"collection":[{"href":"https:\/\/diagzone.org\/cs\/wp-json\/wp\/v2\/product"}],"about":[{"href":"https:\/\/diagzone.org\/cs\/wp-json\/wp\/v2\/types\/product"}],"wp:featuredmedia":[{"embeddable":true,"href":"https:\/\/diagzone.org\/cs\/wp-json\/wp\/v2\/media\/3320"}],"wp:attachment":[{"href":"https:\/\/diagzone.org\/cs\/wp-json\/wp\/v2\/media?parent=673"}],"wp:term":[{"taxonomy":"product_cat","embeddable":true,"href":"https:\/\/diagzone.org\/cs\/wp-json\/wp\/v2\/product_cat?post=673"},{"taxonomy":"product_tag","embeddable":true,"href":"https:\/\/diagzone.org\/cs\/wp-json\/wp\/v2\/product_tag?post=673"}],"curies":[{"name":"wp","href":"https:\/\/api.w.org\/{rel}","templated":true}]}}