
{"id":2820,"date":"2025-09-22T11:47:17","date_gmt":"2025-09-22T09:47:17","guid":{"rendered":"https:\/\/diagzone.org\/?page_id=2820"},"modified":"2025-09-22T19:47:08","modified_gmt":"2025-09-22T17:47:08","slug":"diagzone-tutorials","status":"publish","type":"page","link":"https:\/\/diagzone.org\/de\/diagzone-tutorials\/","title":{"rendered":"DiagZone Tutorials"},"content":{"rendered":"<style>.kb-row-layout-id2820_860129-48 > .kt-row-column-wrap{align-content:start;}:where(.kb-row-layout-id2820_860129-48 > .kt-row-column-wrap) > .wp-block-kadence-column{justify-content:start;}.kb-row-layout-id2820_860129-48 > .kt-row-column-wrap{column-gap:var(--global-kb-gap-md, 2rem);row-gap:var(--global-kb-gap-md, 2rem);max-width:var( --global-content-width, 1444px );padding-left:var(--global-content-edge-padding);padding-right:var(--global-content-edge-padding);padding-top:var(--global-kb-spacing-md, 2rem);padding-bottom:var(--global-kb-spacing-xxl, 5rem);grid-template-columns:minmax(0, 1fr);}.kb-row-layout-id2820_860129-48 > .kt-row-layout-overlay{opacity:0.30;}@media all and (max-width: 1024px){.kb-row-layout-id2820_860129-48 > .kt-row-column-wrap{grid-template-columns:minmax(0, 1fr);}}@media all and (max-width: 767px){.kb-row-layout-id2820_860129-48 > .kt-row-column-wrap{grid-template-columns:minmax(0, 1fr);}}<\/style><div class=\"kb-row-layout-wrap kb-row-layout-id2820_860129-48 alignfull has-theme-palette7-background-color kt-row-has-bg wp-block-kadence-rowlayout\"><div class=\"kt-row-column-wrap kt-has-1-columns kt-row-layout-equal kt-tab-layout-inherit kt-mobile-layout-row kt-row-valign-top kb-theme-content-width\">\n<style>.kadence-column2820_1ca20f-11 > .kt-inside-inner-col,.kadence-column2820_1ca20f-11 > .kt-inside-inner-col:before{border-top-left-radius:0px;border-top-right-radius:0px;border-bottom-right-radius:0px;border-bottom-left-radius:0px;}.kadence-column2820_1ca20f-11 > .kt-inside-inner-col{column-gap:var(--global-kb-gap-sm, 1rem);}.kadence-column2820_1ca20f-11 > .kt-inside-inner-col{flex-direction:column;}.kadence-column2820_1ca20f-11 > .kt-inside-inner-col > .aligncenter{width:100%;}.kadence-column2820_1ca20f-11 > .kt-inside-inner-col:before{opacity:0.3;}.kadence-column2820_1ca20f-11{position:relative;}@media all and (max-width: 1024px){.kadence-column2820_1ca20f-11 > .kt-inside-inner-col{flex-direction:column;justify-content:center;}}@media all and (max-width: 767px){.kadence-column2820_1ca20f-11 > .kt-inside-inner-col{flex-direction:column;justify-content:center;}}<\/style>\n<div class=\"wp-block-kadence-column kadence-column2820_1ca20f-11\"><div class=\"kt-inside-inner-col\"><style>.wp-block-kadence-advancedheading.kt-adv-heading2820_bd60d9-a0, .wp-block-kadence-advancedheading.kt-adv-heading2820_bd60d9-a0[data-kb-block=\"kb-adv-heading2820_bd60d9-a0\"]{max-width:750px;margin-right:auto;margin-left:auto;text-align:center;font-size:var(--global-kb-font-size-md, 1.25rem);line-height:1.2;font-style:normal;font-family:var( --global-heading-font-family, inherit );text-transform:uppercase;}.wp-block-kadence-advancedheading.kt-adv-heading2820_bd60d9-a0 mark.kt-highlight, .wp-block-kadence-advancedheading.kt-adv-heading2820_bd60d9-a0[data-kb-block=\"kb-adv-heading2820_bd60d9-a0\"] mark.kt-highlight{font-style:normal;color:#f76a0c;-webkit-box-decoration-break:clone;box-decoration-break:clone;padding-top:0px;padding-right:0px;padding-bottom:0px;padding-left:0px;}@media all and (max-width: 1024px){.wp-block-kadence-advancedheading.kt-adv-heading2820_bd60d9-a0, .wp-block-kadence-advancedheading.kt-adv-heading2820_bd60d9-a0[data-kb-block=\"kb-adv-heading2820_bd60d9-a0\"]{padding-right:0px;}}<\/style>\n<h2 class=\"kt-adv-heading2820_bd60d9-a0 wp-block-kadence-advancedheading has-theme-palette-3-color has-text-color\" data-kb-block=\"kb-adv-heading2820_bd60d9-a0\">DiagZone-Tutorials \u2013 Schritt-f\u00fcr-Schritt-Anleitungen &amp; Tipps<\/h2>\n\n\n<style>.wp-block-kadence-advancedheading.kt-adv-heading2820_1f11d9-9f, .wp-block-kadence-advancedheading.kt-adv-heading2820_1f11d9-9f[data-kb-block=\"kb-adv-heading2820_1f11d9-9f\"]{max-width:700px;margin-right:auto;margin-left:auto;text-align:center;font-size:var(--global-kb-font-size-sm, 0.9rem);font-weight:300;font-style:normal;font-family:var( --global-body-font-family, inherit );}.wp-block-kadence-advancedheading.kt-adv-heading2820_1f11d9-9f mark.kt-highlight, .wp-block-kadence-advancedheading.kt-adv-heading2820_1f11d9-9f[data-kb-block=\"kb-adv-heading2820_1f11d9-9f\"] mark.kt-highlight{font-style:normal;color:#f76a0c;-webkit-box-decoration-break:clone;box-decoration-break:clone;padding-top:0px;padding-right:0px;padding-bottom:0px;padding-left:0px;}@media all and (max-width: 767px){.wp-block-kadence-advancedheading.kt-adv-heading2820_1f11d9-9f, .wp-block-kadence-advancedheading.kt-adv-heading2820_1f11d9-9f[data-kb-block=\"kb-adv-heading2820_1f11d9-9f\"]{padding-left:0px;}}<\/style>\n<p class=\"kt-adv-heading2820_1f11d9-9f wp-block-kadence-advancedheading has-theme-palette-3-color has-text-color\" data-kb-block=\"kb-adv-heading2820_1f11d9-9f\">In der Galerie unten finden Sie eine Sammlung von DiagZone-Tutorial-Videos. Jedes Video ist kurz, \u00fcbersichtlich und leicht verst\u00e4ndlich \u2013 von der Installation und Aktivierung des Abonnements bis hin zur t\u00e4glichen Fahrzeugdiagnose. W\u00e4hlen Sie das gew\u00fcnschte Video aus und folgen Sie der Schritt-f\u00fcr-Schritt-Anleitung.<\/p>\n\n\n<style>.kb-row-layout-id2820_351d5d-ec > .kt-row-column-wrap{align-content:center;}:where(.kb-row-layout-id2820_351d5d-ec > .kt-row-column-wrap) > .wp-block-kadence-column{justify-content:center;}.kb-row-layout-id2820_351d5d-ec > .kt-row-column-wrap{column-gap:80px;row-gap:var(--global-kb-gap-md, 2rem);padding-top:var(--global-kb-spacing-md, 2rem);padding-bottom:var(--global-kb-spacing-xl, 4rem);grid-template-columns:repeat(2, minmax(0, 1fr));}.kb-row-layout-id2820_351d5d-ec > .kt-row-layout-overlay{opacity:0.30;}@media all and (max-width: 1024px){.kb-row-layout-id2820_351d5d-ec > .kt-row-column-wrap{grid-template-columns:minmax(0, 1fr);}}@media all and (max-width: 767px){.kb-row-layout-id2820_351d5d-ec > .kt-row-column-wrap{grid-template-columns:minmax(0, 1fr);}}<\/style><div class=\"kb-row-layout-wrap kb-row-layout-id2820_351d5d-ec alignnone custom-video-switcher wp-block-kadence-rowlayout\"><div class=\"kt-row-column-wrap kt-has-2-columns kt-row-layout-equal kt-tab-layout-row kt-mobile-layout-row kt-row-valign-middle\">\n<style>.kadence-column2820_3561b4-75 > .kt-inside-inner-col,.kadence-column2820_3561b4-75 > .kt-inside-inner-col:before{border-top-left-radius:0px;border-top-right-radius:0px;border-bottom-right-radius:0px;border-bottom-left-radius:0px;}.kadence-column2820_3561b4-75 > .kt-inside-inner-col{column-gap:var(--global-kb-gap-sm, 1rem);}.kadence-column2820_3561b4-75 > .kt-inside-inner-col{flex-direction:column;}.kadence-column2820_3561b4-75 > .kt-inside-inner-col > .aligncenter{width:100%;}.kadence-column2820_3561b4-75 > .kt-inside-inner-col:before{opacity:0.3;}.kadence-column2820_3561b4-75{position:relative;}@media all and (max-width: 1024px){.kadence-column2820_3561b4-75 > .kt-inside-inner-col{flex-direction:column;justify-content:center;}}@media all and (max-width: 767px){.kadence-column2820_3561b4-75 > .kt-inside-inner-col{flex-direction:column;justify-content:center;}}<\/style>\n<div class=\"wp-block-kadence-column kadence-column2820_3561b4-75\"><div class=\"kt-inside-inner-col\"><style>.wp-block-kadence-column.kb-section-dir-horizontal > .kt-inside-inner-col > .kt-info-box2820_ec6070-db .kt-blocks-info-box-link-wrap{max-width:unset;}.kt-info-box2820_ec6070-db .kt-blocks-info-box-link-wrap{border-top-left-radius:140px;border-top-right-radius:140px;border-bottom-right-radius:140px;border-bottom-left-radius:140px;background:var(--global-palette9, #ffffff);padding-top:var(--global-kb-spacing-xxs, 0.5rem);padding-right:var(--global-kb-spacing-xxs, 0.5rem);padding-bottom:var(--global-kb-spacing-xxs, 0.5rem);padding-left:var(--global-kb-spacing-xxs, 0.5rem);margin-bottom:var(--global-kb-spacing-sm, 1.5rem);}.kt-info-box2820_ec6070-db.wp-block-kadence-infobox{max-width:100%;}.kt-info-box2820_ec6070-db .kadence-info-box-image-inner-intrisic-container{max-width:75px;}.kt-info-box2820_ec6070-db .kadence-info-box-image-inner-intrisic-container .kadence-info-box-image-intrisic{padding-bottom:100%;width:150px;height:0px;max-width:100%;}.kt-info-box2820_ec6070-db .kadence-info-box-icon-container .kt-info-svg-icon, .kt-info-box2820_ec6070-db .kt-info-svg-icon-flip, .kt-info-box2820_ec6070-db .kt-blocks-info-box-number{font-size:50px;}.kt-info-box2820_ec6070-db .kt-blocks-info-box-media{color:var(--global-palette1, #3182CE);border-radius:200px;overflow:hidden;border-top-width:0px;border-right-width:0px;border-bottom-width:0px;border-left-width:0px;padding-top:20px;padding-right:20px;padding-bottom:20px;padding-left:20px;margin-top:0px;margin-right:10px;margin-bottom:0px;margin-left:0px;}.kt-info-box2820_ec6070-db .kt-blocks-info-box-media .kadence-info-box-image-intrisic img{border-radius:200px;}.kt-info-box2820_ec6070-db .kt-blocks-info-box-link-wrap:hover .kt-blocks-info-box-media{color:var(--global-palette1, #3182CE);}.kt-info-box2820_ec6070-db .kt-infobox-textcontent h4.kt-blocks-info-box-title{color:var(--global-palette1, #3182CE);font-size:var(--global-kb-font-size-sm, 0.9rem);padding-top:0px;padding-right:0px;padding-bottom:0px;padding-left:0px;margin-top:5px;margin-right:0px;margin-bottom:10px;margin-left:0px;}.kt-info-box2820_ec6070-db .kt-blocks-info-box-link-wrap:hover h4.kt-blocks-info-box-title{color:var(--global-palette1, #3182CE);}.kt-info-box2820_ec6070-db .kt-blocks-info-box-learnmore{background:transparent;border-width:0px 0px 0px 0px;padding-top:4px;padding-right:8px;padding-bottom:4px;padding-left:8px;margin-top:10px;margin-right:0px;margin-bottom:10px;margin-left:0px;}<\/style>\n<div class=\"wp-block-kadence-infobox kt-info-box2820_ec6070-db\"><span class=\"kt-blocks-info-box-link-wrap info-box-link kt-blocks-info-box-media-align-left kt-info-halign-left\"><div class=\"kt-blocks-info-box-media-container\"><div class=\"kt-blocks-info-box-media kt-info-media-animate-none\"><div class=\"kadence-info-box-image-inner-intrisic-container\"><div class=\"kadence-info-box-image-intrisic kt-info-animate-none\"><div class=\"kadence-info-box-image-inner-intrisic\"><img loading=\"lazy\" decoding=\"async\" src=\"https:\/\/diagzone.org\/wp-content\/uploads\/2025\/09\/dzintallvideo1-150x150.jpg\" alt=\"\" width=\"150\" height=\"150\" class=\"kt-info-box-image wp-image-2830\" srcset=\"https:\/\/diagzone.org\/wp-content\/uploads\/2025\/09\/dzintallvideo1-150x150.jpg 150w, https:\/\/diagzone.org\/wp-content\/uploads\/2025\/09\/dzintallvideo1-300x300.jpg 300w, https:\/\/diagzone.org\/wp-content\/uploads\/2025\/09\/dzintallvideo1-100x100.jpg 100w\" sizes=\"auto, (max-width: 150px) 100vw, 150px\" \/><\/div><\/div><\/div><\/div><\/div><div class=\"kt-infobox-textcontent\"><h4 class=\"kt-blocks-info-box-title\">Diagzone \u2013 Anleitung zum Download der Software-APK<\/h4><\/div><\/span><\/div>\n\n\n<style>.wp-block-kadence-column.kb-section-dir-horizontal > .kt-inside-inner-col > .kt-info-box2820_2f9f96-f6 .kt-blocks-info-box-link-wrap{max-width:unset;}.kt-info-box2820_2f9f96-f6 .kt-blocks-info-box-link-wrap{border-top-left-radius:140px;border-top-right-radius:140px;border-bottom-right-radius:140px;border-bottom-left-radius:140px;background:var(--global-palette9, #ffffff);padding-top:var(--global-kb-spacing-xxs, 0.5rem);padding-right:var(--global-kb-spacing-xxs, 0.5rem);padding-bottom:var(--global-kb-spacing-xxs, 0.5rem);padding-left:var(--global-kb-spacing-xxs, 0.5rem);margin-bottom:var(--global-kb-spacing-sm, 1.5rem);}.kt-info-box2820_2f9f96-f6.wp-block-kadence-infobox{max-width:100%;}.kt-info-box2820_2f9f96-f6 .kadence-info-box-image-inner-intrisic-container{max-width:75px;}.kt-info-box2820_2f9f96-f6 .kadence-info-box-image-inner-intrisic-container .kadence-info-box-image-intrisic{padding-bottom:100%;width:150px;height:0px;max-width:100%;}.kt-info-box2820_2f9f96-f6 .kadence-info-box-icon-container .kt-info-svg-icon, .kt-info-box2820_2f9f96-f6 .kt-info-svg-icon-flip, .kt-info-box2820_2f9f96-f6 .kt-blocks-info-box-number{font-size:50px;}.kt-info-box2820_2f9f96-f6 .kt-blocks-info-box-media{color:var(--global-palette1, #3182CE);border-radius:200px;overflow:hidden;border-top-width:0px;border-right-width:0px;border-bottom-width:0px;border-left-width:0px;padding-top:20px;padding-right:20px;padding-bottom:20px;padding-left:20px;margin-top:0px;margin-right:10px;margin-bottom:0px;margin-left:0px;}.kt-info-box2820_2f9f96-f6 .kt-blocks-info-box-media .kadence-info-box-image-intrisic img{border-radius:200px;}.kt-info-box2820_2f9f96-f6 .kt-blocks-info-box-link-wrap:hover .kt-blocks-info-box-media{color:var(--global-palette1, #3182CE);}.kt-info-box2820_2f9f96-f6 .kt-infobox-textcontent h4.kt-blocks-info-box-title{color:var(--global-palette1, #3182CE);font-size:var(--global-kb-font-size-sm, 0.9rem);padding-top:0px;padding-right:0px;padding-bottom:0px;padding-left:0px;margin-top:5px;margin-right:0px;margin-bottom:10px;margin-left:0px;}.kt-info-box2820_2f9f96-f6 .kt-blocks-info-box-link-wrap:hover h4.kt-blocks-info-box-title{color:var(--global-palette1, #3182CE);}.kt-info-box2820_2f9f96-f6 .kt-blocks-info-box-learnmore{background:transparent;border-width:0px 0px 0px 0px;padding-top:4px;padding-right:8px;padding-bottom:4px;padding-left:8px;margin-top:10px;margin-right:0px;margin-bottom:10px;margin-left:0px;}<\/style>\n<div class=\"wp-block-kadence-infobox kt-info-box2820_2f9f96-f6\"><span class=\"kt-blocks-info-box-link-wrap info-box-link kt-blocks-info-box-media-align-left kt-info-halign-left\"><div class=\"kt-blocks-info-box-media-container\"><div class=\"kt-blocks-info-box-media kt-info-media-animate-none\"><div class=\"kadence-info-box-image-inner-intrisic-container\"><div class=\"kadence-info-box-image-intrisic kt-info-animate-none\"><div class=\"kadence-info-box-image-inner-intrisic\"><img loading=\"lazy\" decoding=\"async\" src=\"https:\/\/diagzone.org\/wp-content\/uploads\/2025\/09\/DiagzoneTestdemomode-150x150.png\" alt=\"\" width=\"150\" height=\"150\" class=\"kt-info-box-image wp-image-2789\" srcset=\"https:\/\/diagzone.org\/wp-content\/uploads\/2025\/09\/DiagzoneTestdemomode-150x150.png 150w, https:\/\/diagzone.org\/wp-content\/uploads\/2025\/09\/DiagzoneTestdemomode-300x300.png 300w, https:\/\/diagzone.org\/wp-content\/uploads\/2025\/09\/DiagzoneTestdemomode-768x768.png 768w, https:\/\/diagzone.org\/wp-content\/uploads\/2025\/09\/DiagzoneTestdemomode-600x600.png 600w, https:\/\/diagzone.org\/wp-content\/uploads\/2025\/09\/DiagzoneTestdemomode-100x100.png 100w, https:\/\/diagzone.org\/wp-content\/uploads\/2025\/09\/DiagzoneTestdemomode.png 1024w\" sizes=\"auto, (max-width: 150px) 100vw, 150px\" \/><\/div><\/div><\/div><\/div><\/div><div class=\"kt-infobox-textcontent\"><h4 class=\"kt-blocks-info-box-title\">Diagzone: Anleitung zur Installation der Diagnose-APK<\/h4><\/div><\/span><\/div>\n<\/div><\/div>\n\n\n<style>.kadence-column2820_b6ad83-d1 > .kt-inside-inner-col,.kadence-column2820_b6ad83-d1 > .kt-inside-inner-col:before{border-top-left-radius:0px;border-top-right-radius:0px;border-bottom-right-radius:0px;border-bottom-left-radius:0px;}.kadence-column2820_b6ad83-d1 > .kt-inside-inner-col{column-gap:var(--global-kb-gap-sm, 1rem);}.kadence-column2820_b6ad83-d1 > .kt-inside-inner-col{flex-direction:column;}.kadence-column2820_b6ad83-d1 > .kt-inside-inner-col > .aligncenter{width:100%;}.kadence-column2820_b6ad83-d1 > .kt-inside-inner-col:before{opacity:0.3;}.kadence-column2820_b6ad83-d1{position:relative;}@media all and (max-width: 1024px){.kadence-column2820_b6ad83-d1 > .kt-inside-inner-col{flex-direction:column;justify-content:center;}}@media all and (max-width: 767px){.kadence-column2820_b6ad83-d1 > .kt-inside-inner-col{flex-direction:column;justify-content:center;}}<\/style>\n<div class=\"wp-block-kadence-column kadence-column2820_b6ad83-d1\"><div class=\"kt-inside-inner-col\">\n<figure class=\"wp-block-video\"><video controls src=\"https:\/\/bcpro.fra1.cdn.digitaloceanspaces.com\/2025-09-21-11.50.11.mov\"><\/video><\/figure>\n\n\n\n<figure class=\"wp-block-video\"><video controls src=\"https:\/\/bcpro.fra1.cdn.digitaloceanspaces.com\/2025-09-21-12.04.09%20(1).webm\"><\/video><\/figure>\n<\/div><\/div>\n\n<\/div><\/div><\/div><\/div>\n\n<\/div><\/div>","protected":false},"excerpt":{"rendered":"<p>DiagZone Tutorials \u2013 Step by Step Guides &amp; Tips In the gallery below, you\u2019ll find a collection of DiagZone tutorial videos. Each video is short, clear, and easy to follow \u2013 from installation and subscription activation to everyday diagnostics. Select the video you need and follow the step-by-step guide<\/p>","protected":false},"author":3,"featured_media":0,"parent":0,"menu_order":0,"comment_status":"closed","ping_status":"closed","template":"","meta":{"_acf_changed":false,"_seopress_robots_primary_cat":"","_seopress_titles_title":"DiagZone Tutorials \u2013 Step by Step Guides & Tips","_seopress_titles_desc":"Explore DiagZone tutorials with easy step-by-step guides. Learn how to install, activate and use DiagZone software for full diagnostics and updates.","_seopress_robots_index":"","inline_featured_image":false,"_kad_blocks_custom_css":"","_kad_blocks_head_custom_js":"","_kad_blocks_body_custom_js":"","_kad_blocks_footer_custom_js":"","_themeisle_gutenberg_block_has_review":false,"_kad_post_transparent":"","_kad_post_title":"","_kad_post_layout":"","_kad_post_sidebar_id":"","_kad_post_content_style":"","_kad_post_vertical_padding":"","_kad_post_feature":"","_kad_post_feature_position":"","_kad_post_header":false,"_kad_post_footer":false,"iawp_total_views":1094,"footnotes":""},"class_list":["post-2820","page","type-page","status-publish","hentry"],"acf":[],"taxonomy_info":[],"featured_image_src_large":false,"author_info":{"display_name":"xdiag12","author_link":"https:\/\/diagzone.org\/de\/author\/xdiag12\/"},"comment_info":0,"_links":{"self":[{"href":"https:\/\/diagzone.org\/de\/wp-json\/wp\/v2\/pages\/2820","targetHints":{"allow":["GET"]}}],"collection":[{"href":"https:\/\/diagzone.org\/de\/wp-json\/wp\/v2\/pages"}],"about":[{"href":"https:\/\/diagzone.org\/de\/wp-json\/wp\/v2\/types\/page"}],"author":[{"embeddable":true,"href":"https:\/\/diagzone.org\/de\/wp-json\/wp\/v2\/users\/3"}],"replies":[{"embeddable":true,"href":"https:\/\/diagzone.org\/de\/wp-json\/wp\/v2\/comments?post=2820"}],"version-history":[{"count":17,"href":"https:\/\/diagzone.org\/de\/wp-json\/wp\/v2\/pages\/2820\/revisions"}],"predecessor-version":[{"id":3147,"href":"https:\/\/diagzone.org\/de\/wp-json\/wp\/v2\/pages\/2820\/revisions\/3147"}],"wp:attachment":[{"href":"https:\/\/diagzone.org\/de\/wp-json\/wp\/v2\/media?parent=2820"}],"curies":[{"name":"wp","href":"https:\/\/api.w.org\/{rel}","templated":true}]}}