
{"id":3,"date":"2024-01-12T18:22:47","date_gmt":"2024-01-12T18:22:47","guid":{"rendered":"https:\/\/diagzone.org\/?page_id=3"},"modified":"2025-10-09T10:41:04","modified_gmt":"2025-10-09T08:41:04","slug":"privacy-policy","status":"publish","type":"page","link":"https:\/\/diagzone.org\/de\/privacy-policy\/","title":{"rendered":"Datenschutzerkl\u00e4rung"},"content":{"rendered":"<style>.kb-row-layout-id3_ae0cfc-9b > .kt-row-column-wrap{align-content:start;}:where(.kb-row-layout-id3_ae0cfc-9b > .kt-row-column-wrap) > .wp-block-kadence-column{justify-content:start;}.kb-row-layout-id3_ae0cfc-9b > .kt-row-column-wrap{column-gap:var(--global-kb-gap-md, 2rem);row-gap:var(--global-kb-gap-md, 2rem);max-width:var( --global-content-width, 1444px );padding-left:var(--global-content-edge-padding);padding-right:var(--global-content-edge-padding);padding-top:var(--global-kb-spacing-4xl, 8rem);padding-bottom:var(--global-kb-spacing-4xl, 8rem);grid-template-columns:minmax(0, 1fr);}.kb-row-layout-id3_ae0cfc-9b > .kt-row-layout-overlay{opacity:0.30;}@media all and (max-width: 1024px){.kb-row-layout-id3_ae0cfc-9b > .kt-row-column-wrap{grid-template-columns:minmax(0, 1fr);}}@media all and (max-width: 767px){.kb-row-layout-id3_ae0cfc-9b > .kt-row-column-wrap{grid-template-columns:minmax(0, 1fr);}}<\/style><div class=\"kb-row-layout-wrap kb-row-layout-id3_ae0cfc-9b alignnone wp-block-kadence-rowlayout\"><div class=\"kt-row-column-wrap kt-has-1-columns kt-row-layout-equal kt-tab-layout-inherit kt-mobile-layout-row kt-row-valign-top kb-theme-content-width\">\n<style>.kadence-column3_8e4e10-0d > .kt-inside-inner-col,.kadence-column3_8e4e10-0d > .kt-inside-inner-col:before{border-top-left-radius:0px;border-top-right-radius:0px;border-bottom-right-radius:0px;border-bottom-left-radius:0px;}.kadence-column3_8e4e10-0d > .kt-inside-inner-col{column-gap:var(--global-kb-gap-sm, 1rem);}.kadence-column3_8e4e10-0d > .kt-inside-inner-col{flex-direction:column;}.kadence-column3_8e4e10-0d > .kt-inside-inner-col > .aligncenter{width:100%;}.kadence-column3_8e4e10-0d > .kt-inside-inner-col:before{opacity:0.3;}.kadence-column3_8e4e10-0d{position:relative;}@media all and (max-width: 1024px){.kadence-column3_8e4e10-0d > .kt-inside-inner-col{flex-direction:column;justify-content:center;}}@media all and (max-width: 767px){.kadence-column3_8e4e10-0d > .kt-inside-inner-col{flex-direction:column;justify-content:center;}}<\/style>\n<div class=\"wp-block-kadence-column kadence-column3_8e4e10-0d\"><div class=\"kt-inside-inner-col\">\n<p><br>Datenschutzerkl\u00e4rung<\/p>\n\n\n\n<p>Zuletzt aktualisiert: 15.06.2025<\/p>\n\n\n\n<p class=\" translation-block\">Vielen Dank, dass Sie sich f\u00fcr einen Einkauf bei DiagZone entschieden haben. Diese Datenschutzerkl\u00e4rung erl\u00e4utert, wie wir Ihre personenbezogenen Daten erfassen, verwenden, weitergeben und sch\u00fctzen. Durch den Zugriff auf oder die Nutzung unserer Website <a href=\"https:\/\/diagzone.org\/\" target=\"_self\">https:\/\/diagzone.org\n<\/a> sowie aller damit verbundenen Dienste (zusammenfassend die \u201eDienste\u201c) erkl\u00e4ren Sie sich mit den Bedingungen dieser Datenschutzerkl\u00e4rung einverstanden.<\/p>\n\n\n\n<p class=\" translation-block\"><strong>Personenbezogene Daten:<\/strong><br>\nWir k\u00f6nnen personenbezogene Daten wie Ihren Namen, Ihre Adresse, E-Mail-Adresse und Telefonnummer erfassen, wenn Sie einen Kauf t\u00e4tigen oder ein Konto erstellen.<br>\n<strong>Zahlungsinformationen:<\/strong><br>\nZur Abwicklung Ihrer Bestellungen erfassen wir Zahlungsinformationen, einschlie\u00dflich Kreditkartendaten oder anderer Zahlungsmethoden.<br>\nZahlungen werden sicher durch unseren Drittanbieter-Zahlungsdienstleister <strong>Stripe<\/strong> verarbeitet, und wir speichern keine vollst\u00e4ndigen Zahlungsdaten.<br>\nWeitere Informationen finden Sie in der <a href=\"https:\/\/stripe.com\/privacy\" target=\"_self\">Datenschutzerkl\u00e4rung von Stripe<\/a>.<br>\n<strong>Ger\u00e4teinformationen:<\/strong><br>\nWir k\u00f6nnen Informationen \u00fcber das von Ihnen verwendete Ger\u00e4t erfassen, einschlie\u00dflich IP-Adresse, Browsertyp und Ger\u00e4tekennungen.<br>\n<strong>Nutzungsinformationen:<\/strong><br>\nWir erfassen Informationen \u00fcber Ihre Interaktionen mit unserer Website, z. B. besuchte Seiten, angesehene Produkte und Ihr Surfverhalten.<br><br>\n\n<strong>Wie wir Ihre Informationen verwenden:<\/strong><br>\na. Zur Abwicklung und Verwaltung Ihrer Bestellungen.<br>\nb. Zur Kommunikation mit Ihnen \u00fcber Ihre Bestellungen und zur Bereitstellung von Kundensupport.<br>\nc. Zur Personalisierung Ihres Einkaufserlebnisses und zur Verbesserung unserer Website.<br>\nd. Zum Versand von Werbeangeboten, Newslettern und Updates (sofern Sie zugestimmt haben).<br><br>\n\n<strong>Weitergabe von Informationen:<\/strong><br>\na. Wir verkaufen, tauschen oder vermieten Ihre personenbezogenen Daten nicht an Dritte.<br>\nb. Wir k\u00f6nnen Ihre Daten an vertrauensw\u00fcrdige Drittanbieter weitergeben, die uns beim Betrieb unserer Website und bei der Durchf\u00fchrung unserer Gesch\u00e4ftst\u00e4tigkeit unterst\u00fctzen.<br><br>\n\n<strong>Datensicherheit:<\/strong><br>\na. Wir setzen branchen\u00fcbliche Sicherheitsma\u00dfnahmen zum Schutz Ihrer personenbezogenen Daten ein.<br>\nb. Dennoch ist keine Methode der Daten\u00fcbertragung \u00fcber das Internet oder der elektronischen Speicherung vollst\u00e4ndig sicher. Daher k\u00f6nnen wir keine absolute Sicherheit garantieren.<br><br>\n\n<strong>Ihre Rechte (DSGVO):<\/strong><br>\nWenn Sie sich im Europ\u00e4ischen Wirtschaftsraum (EWR) befinden, haben Sie das Recht auf Auskunft, Berichtigung, L\u00f6schung oder Einschr\u00e4nkung der Verarbeitung Ihrer personenbezogenen Daten sowie auf Daten\u00fcbertragbarkeit.<br>\nZur Aus\u00fcbung dieser Rechte kontaktieren Sie uns bitte unter <strong><a target=\"_self\">support@diagzone.org\n<\/a><\/strong>.<br><br>\n\n<strong>Ihre Wahlm\u00f6glichkeiten:<\/strong><br>\na. Sie k\u00f6nnen den Erhalt von Werbemitteilungen abbestellen, indem Sie den Abmeldeanweisungen in den E-Mails folgen oder uns kontaktieren.<br>\nb. Sie k\u00f6nnen Ihre Kontoinformationen aktualisieren oder korrigieren, indem Sie sich in Ihr Konto einloggen oder uns kontaktieren.<br><br>\n\n<strong>Kontakt:<\/strong><br>\nWenn Sie Fragen oder Bedenken zu unserer Datenschutzerkl\u00e4rung haben, kontaktieren Sie uns bitte unter <strong><a target=\"_self\">support@diagzone.org\n<\/a><\/strong>.<br><br>\n\n<strong>\u00c4nderungen der Datenschutzerkl\u00e4rung:<\/strong><br>\nWir behalten uns das Recht vor, diese Datenschutzerkl\u00e4rung jederzeit zu aktualisieren. \u00c4nderungen treten sofort mit Ver\u00f6ffentlichung auf unserer Website in Kraft.<\/p>\n\n\n\n<h3 class=\"wp-block-heading\"><strong>Verantwortlicher \/ Datenverantwortlicher:<\/strong><\/h3>\n\n\n\n<p class=\" translation-block\">CodeShift<br>\nE-Mail: <a target=\"_self\">support@diagzone.org\n<\/a><\/p>\n\n\n\n<p><\/p>\n\n\n\n<ol class=\"wp-block-list\"><\/ol>\n\n\n\n<p>Durch die fortgesetzte Nutzung unserer Website best\u00e4tigen Sie, dass Sie die Bedingungen dieser Datenschutzerkl\u00e4rung zur Kenntnis genommen haben und ihnen zustimmen.<\/p>\n<\/div><\/div>\n\n<\/div><\/div>\n\n<style>.kb-row-layout-id522_1b74f9-56 > .kt-row-column-wrap{align-content:start;}:where(.kb-row-layout-id522_1b74f9-56 > .kt-row-column-wrap) > .wp-block-kadence-column{justify-content:start;}.kb-row-layout-id522_1b74f9-56 > .kt-row-column-wrap{column-gap:var(--global-kb-gap-md, 2rem);row-gap:var(--global-kb-gap-md, 2rem);padding-bottom:var(--global-kb-spacing-md, 2rem);grid-template-columns:minmax(0, 1fr);}.kb-row-layout-id522_1b74f9-56{background-image:linear-gradient(180deg,var(--global-palette1) 30%,rgb(20,39,109) 100%);}.kb-row-layout-id522_1b74f9-56 > .kt-row-layout-overlay{opacity:0.09;}@media all and (max-width: 1024px){.kb-row-layout-id522_1b74f9-56 > .kt-row-column-wrap{grid-template-columns:minmax(0, 1fr);}}@media all and (max-width: 767px){.kb-row-layout-id522_1b74f9-56 > .kt-row-column-wrap{grid-template-columns:minmax(0, 1fr);}}<\/style><div class=\"kb-row-layout-wrap kb-row-layout-id522_1b74f9-56 alignfull has-theme-palette1-background-color kt-row-has-bg wp-block-kadence-rowlayout\"><div class=\"kt-row-column-wrap kt-has-1-columns kt-row-layout-equal kt-tab-layout-inherit kt-mobile-layout-row kt-row-valign-top\">\n<style>.kadence-column522_d2c269-2f > .kt-inside-inner-col,.kadence-column522_d2c269-2f > .kt-inside-inner-col:before{border-top-left-radius:0px;border-top-right-radius:0px;border-bottom-right-radius:0px;border-bottom-left-radius:0px;}.kadence-column522_d2c269-2f > .kt-inside-inner-col{column-gap:var(--global-kb-gap-sm, 1rem);}.kadence-column522_d2c269-2f > .kt-inside-inner-col{flex-direction:column;}.kadence-column522_d2c269-2f > .kt-inside-inner-col > .aligncenter{width:100%;}.kadence-column522_d2c269-2f > .kt-inside-inner-col:before{opacity:0.3;}.kadence-column522_d2c269-2f{position:relative;}@media all and (max-width: 1024px){.kadence-column522_d2c269-2f > .kt-inside-inner-col{flex-direction:column;justify-content:center;}}@media all and (max-width: 767px){.kadence-column522_d2c269-2f > .kt-inside-inner-col{flex-direction:column;justify-content:center;}}<\/style>\n<div class=\"wp-block-kadence-column kadence-column522_d2c269-2f\"><div class=\"kt-inside-inner-col\"><style>.kb-row-layout-id522_001f9d-01 > .kt-row-column-wrap{align-content:start;}:where(.kb-row-layout-id522_001f9d-01 > .kt-row-column-wrap) > .wp-block-kadence-column{justify-content:start;}.kb-row-layout-id522_001f9d-01 > .kt-row-column-wrap{column-gap:var(--global-kb-gap-md, 2rem);row-gap:var(--global-kb-gap-md, 2rem);padding-top:var(--global-kb-spacing-sm, 1.5rem);padding-bottom:var(--global-kb-spacing-sm, 1.5rem);grid-template-columns:minmax(0, 1fr);}.kb-row-layout-id522_001f9d-01 > .kt-row-layout-overlay{opacity:0.30;}@media all and (max-width: 1024px){.kb-row-layout-id522_001f9d-01 > .kt-row-column-wrap{grid-template-columns:minmax(0, 1fr);}}@media all and (max-width: 767px){.kb-row-layout-id522_001f9d-01 > .kt-row-column-wrap{grid-template-columns:minmax(0, 1fr);}}<\/style><div class=\"kb-row-layout-wrap kb-row-layout-id522_001f9d-01 alignnone wp-block-kadence-rowlayout\"><div class=\"kt-row-column-wrap kt-has-1-columns kt-row-layout-equal kt-tab-layout-inherit kt-mobile-layout-row kt-row-valign-top\">\n<style>.kadence-column522_52d44e-a8 > .kt-inside-inner-col,.kadence-column522_52d44e-a8 > .kt-inside-inner-col:before{border-top-left-radius:0px;border-top-right-radius:0px;border-bottom-right-radius:0px;border-bottom-left-radius:0px;}.kadence-column522_52d44e-a8 > .kt-inside-inner-col{column-gap:var(--global-kb-gap-sm, 1rem);}.kadence-column522_52d44e-a8 > .kt-inside-inner-col{flex-direction:column;}.kadence-column522_52d44e-a8 > .kt-inside-inner-col > .aligncenter{width:100%;}.kadence-column522_52d44e-a8 > .kt-inside-inner-col:before{opacity:0.3;}.kadence-column522_52d44e-a8{position:relative;}@media all and (max-width: 1024px){.kadence-column522_52d44e-a8 > .kt-inside-inner-col{flex-direction:column;justify-content:center;}}@media all and (max-width: 767px){.kadence-column522_52d44e-a8 > .kt-inside-inner-col{flex-direction:column;justify-content:center;}}<\/style>\n<div class=\"wp-block-kadence-column kadence-column522_52d44e-a8\"><div class=\"kt-inside-inner-col\"><style>.wp-block-kadence-advancedheading.kt-adv-heading522_694c7d-3d, .wp-block-kadence-advancedheading.kt-adv-heading522_694c7d-3d[data-kb-block=\"kb-adv-heading522_694c7d-3d\"]{text-align:center;font-size:var(--global-kb-font-size-xxl, 4rem);font-style:normal;}.wp-block-kadence-advancedheading.kt-adv-heading522_694c7d-3d mark.kt-highlight, .wp-block-kadence-advancedheading.kt-adv-heading522_694c7d-3d[data-kb-block=\"kb-adv-heading522_694c7d-3d\"] mark.kt-highlight{font-style:normal;color:#f76a0c;-webkit-box-decoration-break:clone;box-decoration-break:clone;padding-top:0px;padding-right:0px;padding-bottom:0px;padding-left:0px;}<\/style>\n<h2 class=\"kt-adv-heading522_694c7d-3d wp-block-kadence-advancedheading has-theme-palette-9-color has-text-color\" data-kb-block=\"kb-adv-heading522_694c7d-3d\">Kaufen Sie bei DiagZone ein und diagnostizieren Sie Ihr Fahrzeug mit unserer Premium-Software. <\/h2>\n\n\n<style>.wp-block-kadence-advancedbtn.kb-btns522_0da8e3-fa{gap:var(--global-kb-gap-sm, 1rem);justify-content:center;align-items:center;}.kt-btns522_0da8e3-fa .kt-button{font-weight:normal;font-style:normal;}.kt-btns522_0da8e3-fa .kt-btn-wrap-0{margin-right:5px;}.wp-block-kadence-advancedbtn.kt-btns522_0da8e3-fa .kt-btn-wrap-0 .kt-button{color:#555555;border-color:#555555;}.wp-block-kadence-advancedbtn.kt-btns522_0da8e3-fa .kt-btn-wrap-0 .kt-button:hover, .wp-block-kadence-advancedbtn.kt-btns522_0da8e3-fa .kt-btn-wrap-0 .kt-button:focus{color:#ffffff;border-color:#444444;}.wp-block-kadence-advancedbtn.kt-btns522_0da8e3-fa .kt-btn-wrap-0 .kt-button::before{display:none;}.wp-block-kadence-advancedbtn.kt-btns522_0da8e3-fa .kt-btn-wrap-0 .kt-button:hover, .wp-block-kadence-advancedbtn.kt-btns522_0da8e3-fa .kt-btn-wrap-0 .kt-button:focus{background:#444444;}<\/style>\n<div class=\"wp-block-kadence-advancedbtn kb-buttons-wrap kb-btns522_0da8e3-fa\"><style>ul.menu .wp-block-kadence-advancedbtn .kb-btn522_64975e-51.kb-button{width:initial;}.wp-block-kadence-advancedbtn .kb-btn522_64975e-51.kb-button{background:var(--global-palette3, #1A202C);}.wp-block-kadence-advancedbtn .kb-btn522_64975e-51.kb-button:hover, .wp-block-kadence-advancedbtn .kb-btn522_64975e-51.kb-button:focus{background:var(--global-palette6, #718096);}<\/style><a class=\"kb-button kt-button button kb-btn522_64975e-51 kt-btn-size-large kt-btn-width-type-auto kb-btn-global-fill kt-btn-has-text-true kt-btn-has-svg-false  wp-block-kadence-singlebtn\" href=\"https:\/\/diagzone.org\/#diagzone-sn-check-container\"><span class=\"kt-btn-inner-text\">Kompatible Anschl\u00fcsse pr\u00fcfen<\/span><\/a>\n\n<style>ul.menu .wp-block-kadence-advancedbtn .kb-btn522_718b54-cd.kb-button{width:initial;}.wp-block-kadence-advancedbtn .kb-btn522_718b54-cd.kb-button{background:var(--global-palette3, #1A202C);}.wp-block-kadence-advancedbtn .kb-btn522_718b54-cd.kb-button:hover, .wp-block-kadence-advancedbtn .kb-btn522_718b54-cd.kb-button:focus{background:var(--global-palette2, #2B6CB0);}<\/style><a class=\"kb-button kt-button button kb-btn522_718b54-cd kt-btn-size-large kt-btn-width-type-auto kb-btn-global-fill kt-btn-has-text-true kt-btn-has-svg-false  wp-block-kadence-singlebtn\" href=\"https:\/\/diagzone.org\/downloads\/\" target=\"_blank\" rel=\"noreferrer noopener\"><span class=\"kt-btn-inner-text\">APK herunterladen<\/span><\/a><\/div>\n<\/div><\/div>\n\n<\/div><\/div><\/div><\/div>\n\n<\/div><\/div>","protected":false},"excerpt":{"rendered":"<p>Privacy Policy Last updated: 15.06.2025 Thank you for choosing to shop at DiagZone. This Privacy Policy outlines how we collect, use, disclose, and safeguard your personal information. By accessing or using our website, https:\/\/diagzone.org, and any related services (collectively, the &#8220;Services&#8221;), you agree to the terms and conditions of this Privacy Policy. Personal Information:We may&#8230;<\/p>","protected":false},"author":1,"featured_media":0,"parent":0,"menu_order":0,"comment_status":"closed","ping_status":"open","template":"","meta":{"_acf_changed":false,"_seopress_robots_primary_cat":"","_seopress_titles_title":"","_seopress_titles_desc":"","_seopress_robots_index":"","inline_featured_image":false,"_kad_blocks_custom_css":"","_kad_blocks_head_custom_js":"","_kad_blocks_body_custom_js":"","_kad_blocks_footer_custom_js":"","_themeisle_gutenberg_block_has_review":false,"_kad_post_transparent":"","_kad_post_title":"","_kad_post_layout":"","_kad_post_sidebar_id":"","_kad_post_content_style":"","_kad_post_vertical_padding":"","_kad_post_feature":"","_kad_post_feature_position":"","_kad_post_header":false,"_kad_post_footer":false,"iawp_total_views":267,"footnotes":""},"class_list":["post-3","page","type-page","status-publish","hentry"],"acf":[],"taxonomy_info":[],"featured_image_src_large":false,"author_info":{"display_name":"diagzone","author_link":"https:\/\/diagzone.org\/de\/author\/xpro5\/"},"comment_info":0,"_links":{"self":[{"href":"https:\/\/diagzone.org\/de\/wp-json\/wp\/v2\/pages\/3","targetHints":{"allow":["GET"]}}],"collection":[{"href":"https:\/\/diagzone.org\/de\/wp-json\/wp\/v2\/pages"}],"about":[{"href":"https:\/\/diagzone.org\/de\/wp-json\/wp\/v2\/types\/page"}],"author":[{"embeddable":true,"href":"https:\/\/diagzone.org\/de\/wp-json\/wp\/v2\/users\/1"}],"replies":[{"embeddable":true,"href":"https:\/\/diagzone.org\/de\/wp-json\/wp\/v2\/comments?post=3"}],"version-history":[{"count":4,"href":"https:\/\/diagzone.org\/de\/wp-json\/wp\/v2\/pages\/3\/revisions"}],"predecessor-version":[{"id":3564,"href":"https:\/\/diagzone.org\/de\/wp-json\/wp\/v2\/pages\/3\/revisions\/3564"}],"wp:attachment":[{"href":"https:\/\/diagzone.org\/de\/wp-json\/wp\/v2\/media?parent=3"}],"curies":[{"name":"wp","href":"https:\/\/api.w.org\/{rel}","templated":true}]}}