
{"id":3329,"date":"2025-09-26T14:12:16","date_gmt":"2025-09-26T12:12:16","guid":{"rendered":"https:\/\/diagzone.org\/?post_type=product&#038;p=3329"},"modified":"2026-04-17T16:17:23","modified_gmt":"2026-04-17T14:17:23","slug":"android-diagzone-10inch-obd2-tablet-professional-diagnostic","status":"publish","type":"product","link":"https:\/\/diagzone.org\/de\/produkt\/android-diagzone-10inch-obd2-tablet-professional-diagnostic\/","title":{"rendered":"Android DiagZone 10-Zoll OBD2 Tablet \u2013 Professionelle Diagnose"},"content":{"rendered":"<p data-start=\"233\" data-end=\"459\" class=\" translation-block\">Vielen Dank f\u00fcr Ihr Interesse am <strong data-start=\"268\" data-end=\"306\">Android DiagZone Tablet (3\/128 GB)<\/strong>.<br data-start=\"307\" data-end=\"310\">Dieses professionelle Diagnosetablet ist f\u00fcr die Verwendung mit der <strong data-start=\"376\" data-end=\"397\">DiagZone-Plattform<\/strong> optimiert und garantiert sowohl Authentizit\u00e4t als auch eine hervorragende Leistung.<\/p>\n<h2 data-start=\"461\" data-end=\"485\">\ud83d\udd39 Wichtiger Hinweis<\/h2>\n<p data-start=\"486\" data-end=\"649\" class=\" translation-block\">Das <strong data-start=\"490\" data-end=\"517\">Android DiagZone Tablet<\/strong> wird <a href=\"https:\/\/diagzone.org\/diagzone-activation\/\" target=\"_self\"><strong data-start=\"531\" data-end=\"578\">ohne vorinstallierte DiagZone-Software<\/strong><\/a> geliefert.<\/p>\n<h2 data-start=\"651\" data-end=\"677\">\ud83d\udd39 Support &amp; Anleitung<\/h2>\n<p data-start=\"678\" data-end=\"919\" class=\" translation-block\">Ben\u00f6tigen Sie Hilfe bei der <strong data-start=\"693\" data-end=\"711\">DiagZone-Einrichtung<\/strong> auf Ihrem Tablet oder OBD2-Ger\u00e4t?<br data-start=\"742\" data-end=\"745\">Unser Team unterst\u00fctzt Sie mit einer Schritt-f\u00fcr-Schritt-Anleitung. Z\u00f6gern Sie nicht, uns jederzeit zu <a href=\"https:\/\/wa.me\/31647604324\" target=\"_self\">kontaktieren<\/a>, wenn Sie Hilfe bei der Installation oder Konfiguration Ihrer <strong data-start=\"895\" data-end=\"916\">DiagZone-Plattform<\/strong> ben\u00f6tigen.<\/p>\n<h2 data-start=\"921\" data-end=\"946\">\ud83d\udd39 Qualit\u00e4tssicherung<\/h2>\n<p data-start=\"947\" data-end=\"1170\" class=\" translation-block\">Jedes <strong data-start=\"953\" data-end=\"980\">Android DiagZone Tablet<\/strong> wird <strong data-start=\"984\" data-end=\"1010\">vor dem Versand getestet<\/strong>, um eine einwandfreie Funktionalit\u00e4t und Kompatibilit\u00e4t mit DiagZone zu best\u00e4tigen.<br data-start=\"1077\" data-end=\"1080\">Dies gew\u00e4hrleistet einen reibungslosen Betrieb, professionelle Zuverl\u00e4ssigkeit und langfristige Langlebigkeit.<\/p>\n<h1 data-start=\"1177\" data-end=\"1200\">Produktbeschreibung<\/h1>\n<p data-start=\"1202\" data-end=\"1549\" class=\" translation-block\">Das <strong data-start=\"1206\" data-end=\"1259\">Android DiagZone Tablet (3GB RAM \/ 128GB Speicher)<\/strong> ist ein leistungsstarkes Diagnosetool und bietet eine schnelle und stabile Plattform f\u00fcr die Ausf\u00fchrung der <strong data-start=\"1348\" data-end=\"1369\">DiagZone-Software<\/strong>. Dank des gro\u00dfen Touchscreens, der leistungsstarken Hardware und des optimierten Android-Betriebssystems ist es der perfekte Begleiter f\u00fcr OBD2-Adapter wie <strong data-start=\"1498\" data-end=\"1546\">DBScar VII, ThinkDiag 2 oder Kingbolen Ediag plus<\/strong>.<\/p>\n<p data-start=\"1551\" data-end=\"1967\">\u2705 Professionelles Android-Diagnosetablet<br data-start=\"1597\" data-end=\"1600\" \/>\u2705 Gro\u00dfes hochaufl\u00f6sendes Display f\u00fcr eine einfache Diagnose<br data-start=\"1652\" data-end=\"1655\" \/>\u2705 <strong data-start=\"1657\" data-end=\"1684\">3 GB RAM + 128 GB Speicher<\/strong> \u2013 fl\u00fcssige Leistung und ausreichend Speicherplatz f\u00fcr Updates<br data-start=\"1727\" data-end=\"1730\" \/>\u2705 Langlebiger Akku f\u00fcr den Einsatz in der Werkstatt oder mobil<br data-start=\"1779\" data-end=\"1782\" \/>\u2705 WLAN- und Bluetooth-Konnektivit\u00e4t f\u00fcr schnelle Updates und stabile OBD2-Verbindung<br data-start=\"1854\" data-end=\"1857\" \/>\u2705 Robustes Geh\u00e4use f\u00fcr professionelle Langlebigkeit<br data-start=\"1901\" data-end=\"1904\" \/>\u2705 Vollst\u00e4ndig getestet f\u00fcr <strong data-start=\"1923\" data-end=\"1949\">DiagZone-Kompatibilit\u00e4t<\/strong> vor dem Versand<\/p>\n<p>\u26a0\ufe0f <strong data-start=\"179\" data-end=\"195\">Bitte beachten:<\/strong> Dieses Tablet enth\u00e4lt keine DiagZone-Software, kein Abonnement und keinen OBD2-Adapter.<br data-start=\"276\" data-end=\"279\" \/>\ud83d\udc49 A <strong data-start=\"284\" data-end=\"318\">DiagZone-Software-Abonnement<\/strong> kann hier separat erworben werden: <a class=\"decorated-link\" href=\"https:\/\/diagzone.org\/diagzone-buy-subscription\/\" target=\"_new\" rel=\"noopener\" data-start=\"353\" data-end=\"429\" data-is-only-node=\"\">DiagZone-Abonnement kaufen<\/a><br data-start=\"429\" data-end=\"432\" \/>\ud83d\udc49 An <strong data-start=\"438\" data-end=\"509\">OBD2-Diagnoseanschluss (<a href=\"https:\/\/diagzone.org\/obd-shop\/\">z. B. DBScar VII, ThinkDiag 2 oder Ediag+ )<\/a><\/strong> muss ebenfalls separat erworben werden in <a href=\"https:\/\/diagzone.org\/obd-shop\/\">unserem Shop<\/a> um das Tablet mit DiagZone zu verwenden<\/p>\n<h2 data-start=\"921\" data-end=\"946\">\ud83d\udd39 Packliste<\/h2>\n<ul>\n<li style=\"list-style-type: none;\">\n<ul data-start=\"1929\" data-end=\"1991\">\n<li data-start=\"1929\" data-end=\"1942\">\n<p data-start=\"1931\" data-end=\"1942\">Tablet \u00d71<\/p>\n<\/li>\n<li data-start=\"1943\" data-end=\"1970\">\n<p data-start=\"1945\" data-end=\"1970\">USB-Kabel (Mini-USB) \u00d71<\/p>\n<\/li>\n<li data-start=\"1971\" data-end=\"1991\">\n<p data-start=\"1973\" data-end=\"1991\">Netzadapter \u00d71<\/p>\n<\/li>\n<\/ul>\n<\/li>\n<\/ul>\n<h1 data-start=\"2214\" data-end=\"2253\">Warum das Android DiagZone Tablet w\u00e4hlen?<\/h1>\n<ul data-start=\"2255\" data-end=\"2565\">\n<li data-start=\"2255\" data-end=\"2328\">\n<p data-start=\"2257\" data-end=\"2328\" class=\" translation-block\">Optimiert f\u00fcr <strong data-start=\"2271\" data-end=\"2289\">DiagZone-Nutzer<\/strong> \u2013 bereit f\u00fcr professionelle Diagnosen<\/p>\n<\/li>\n<li data-start=\"2329\" data-end=\"2392\">\n<p data-start=\"2331\" data-end=\"2392\" class=\" translation-block\"><strong data-start=\"2331\" data-end=\"2363\">Leistungsstarke Hardware (3\/128 GB)<\/strong> f\u00fcr schnelle ECU-Kommunikation<\/p>\n<\/li>\n<li data-start=\"2393\" data-end=\"2465\">\n<p data-start=\"2395\" data-end=\"2465\">Gro\u00dfes Display f\u00fcr eine klare Darstellung von Diagnosedaten und Berichten<\/p>\n<\/li>\n<li data-start=\"2466\" data-end=\"2509\">\n<p data-start=\"2468\" data-end=\"2509\">Robustes Design f\u00fcr Werkstattumgebungen<\/p>\n<\/li>\n<li data-start=\"2510\" data-end=\"2565\">\n<p data-start=\"2512\" data-end=\"2565\">Vollst\u00e4ndig getestet, um einen reibungslosen Betrieb von DiagZone zu gew\u00e4hrleisten<\/p>\n<\/li>\n<\/ul>\n<p data-start=\"2567\" data-end=\"2750\">\u2705 Kurz gesagt, das <strong data-start=\"2583\" data-end=\"2610\">Android DiagZone Tablet<\/strong> bietet die perfekte Kombination aus <strong data-start=\"2645\" data-end=\"2686\">Leistung, Mobilit\u00e4t und Kompatibilit\u00e4t<\/strong>, was es zum idealen Ger\u00e4t f\u00fcr die Durchf\u00fchrung von DiagZone-Diagnosen macht.<\/p>","protected":false},"excerpt":{"rendered":"<p class=\" translation-block\">Das <strong data-start=\"2787\" data-end=\"2825\">Android DiagZone Tablet (3\/128 GB)<\/strong> ist ein professionelles Diagnosetablet, das f\u00fcr den Betrieb der DiagZone-Plattform optimiert ist. Mit einem leistungsstarken Android-System, gro\u00dfem Display, WiFi-\/Bluetooth-Konnektivit\u00e4t und garantierter Kompatibilit\u00e4t bietet es eine reibungslose Leistung und hohe Zuverl\u00e4ssigkeit f\u00fcr alle Diagnoseaufgaben.<\/p>","protected":false},"featured_media":3332,"template":"","meta":{"_acf_changed":false,"_seopress_robots_primary_cat":"none","_seopress_titles_title":"Android 10\" Diagnostic Tablet 3\/128GB \u2013 DiagZone Ready Device","_seopress_titles_desc":"Professional Android 10\" diagnostic tablet with 3GB RAM and 128GB storage. Pre-tested for DiagZone, reliable performance for automotive diagnostics EOBD","_seopress_robots_index":"","inline_featured_image":false,"_kad_blocks_custom_css":"","_kad_blocks_head_custom_js":"","_kad_blocks_body_custom_js":"","_kad_blocks_footer_custom_js":"","_themeisle_gutenberg_block_has_review":false,"_kad_post_transparent":"default","_kad_post_title":"","_kad_post_layout":"default","_kad_post_sidebar_id":"","_kad_post_content_style":"default","_kad_post_vertical_padding":"default","_kad_post_feature":"","_kad_post_feature_position":"","_kad_post_header":false,"_kad_post_footer":false,"iawp_total_views":601},"product_cat":[21],"product_tag":[41,42,40],"class_list":{"0":"post-3329","1":"product","2":"type-product","3":"status-publish","4":"has-post-thumbnail","6":"product_cat-android-tablets","7":"product_tag-android","8":"product_tag-obd2","9":"product_tag-tablet","11":"first","12":"instock","13":"sale","14":"shipping-taxable","15":"purchasable","16":"product-type-simple","17":"entry","18":"content-bg","19":"loop-entry"},"acf":[],"taxonomy_info":{"product_cat":[{"value":21,"label":"Android tablets"}],"product_tag":[{"value":41,"label":"Android"},{"value":42,"label":"OBD2"},{"value":40,"label":"Tablet"}]},"featured_image_src_large":["https:\/\/diagzone.org\/wp-content\/uploads\/2025\/09\/Launch_Tablet_1.jpg",600,600,false],"author_info":[],"comment_info":"","_links":{"self":[{"href":"https:\/\/diagzone.org\/de\/wp-json\/wp\/v2\/product\/3329","targetHints":{"allow":["GET"]}}],"collection":[{"href":"https:\/\/diagzone.org\/de\/wp-json\/wp\/v2\/product"}],"about":[{"href":"https:\/\/diagzone.org\/de\/wp-json\/wp\/v2\/types\/product"}],"wp:featuredmedia":[{"embeddable":true,"href":"https:\/\/diagzone.org\/de\/wp-json\/wp\/v2\/media\/3332"}],"wp:attachment":[{"href":"https:\/\/diagzone.org\/de\/wp-json\/wp\/v2\/media?parent=3329"}],"wp:term":[{"taxonomy":"product_cat","embeddable":true,"href":"https:\/\/diagzone.org\/de\/wp-json\/wp\/v2\/product_cat?post=3329"},{"taxonomy":"product_tag","embeddable":true,"href":"https:\/\/diagzone.org\/de\/wp-json\/wp\/v2\/product_tag?post=3329"}],"curies":[{"name":"wp","href":"https:\/\/api.w.org\/{rel}","templated":true}]}}