
{"id":3364,"date":"2025-09-26T17:16:22","date_gmt":"2025-09-26T15:16:22","guid":{"rendered":"https:\/\/diagzone.org\/?post_type=product&#038;p=3364"},"modified":"2025-09-26T17:31:21","modified_gmt":"2025-09-26T15:31:21","slug":"diagzone-diagnostic-set-dbscar-7","status":"publish","type":"product","link":"https:\/\/diagzone.org\/de\/produkt\/diagzone-diagnostic-set-dbscar-7\/","title":{"rendered":"Diagzone Diagnose-Set DBSCAR 7"},"content":{"rendered":"<p data-start=\"196\" data-end=\"441\" class=\" translation-block\">Vielen Dank f\u00fcr Ihr Interesse an dem <strong data-start=\"231\" data-end=\"267\">Diagzone Diagnose-Set DBScar 7<\/strong>.<br data-start=\"268\" data-end=\"271\">Dieses professionelle Diagnoseset kombiniert ein leistungsstarkes Android-Tablet mit dem DBScar 7 OBD2-Stecker und ist vollst\u00e4ndig getestet sowie f\u00fcr die Nutzung mit der <strong data-start=\"417\" data-end=\"438\">DiagZone-Plattform<\/strong> optimiert.<\/p>\n<p data-start=\"443\" data-end=\"611\">\ud83d\udd39 <strong data-start=\"104\" data-end=\"124\">Wichtiger Hinweis<\/strong><br data-start=\"124\" data-end=\"127\" \/>Das Set <strong data-start=\"135\" data-end=\"181\">enth\u00e4lt eine g\u00fcltige DiagZone-Softwarelizenz<\/strong> standardm\u00e4\u00dfig<br data-start=\"193\" data-end=\"196\" \/>Das bedeutet, dass Sie sofort mit der Nutzung aller Diagnosefunktionen beginnen k\u00f6nnen, ohne ein zus\u00e4tzliches Abonnement erwerben zu m\u00fcssen.<\/p>\n<p data-start=\"613\" data-end=\"819\">\ud83d\udd39 <strong data-start=\"616\" data-end=\"638\">Support &amp; Anleitung<\/strong><br data-start=\"638\" data-end=\"641\" \/>Ben\u00f6tigen Sie Hilfe bei der Einrichtung Ihres Diagnosesets?<br data-start=\"682\" data-end=\"685\" \/>Unser Team steht zur Verf\u00fcgung, um Schritt-f\u00fcr-Schritt-Unterst\u00fctzung zu leisten \u2013 von der Tablet-Konfiguration bis zur Aktivierung von DBScar 7 auf der DiagZone-Plattform.<\/p>\n<p data-start=\"821\" data-end=\"1020\">\ud83d\udd39 <strong data-start=\"824\" data-end=\"845\">Qualit\u00e4tssicherung<\/strong><br data-start=\"845\" data-end=\"848\" \/>Jedes Diagnoseset wird vor dem Versand vollst\u00e4ndig getestet.<br data-start=\"901\" data-end=\"904\" \/>Tablet, DBScar 7 Adapter und Konnektivit\u00e4t werden \u00fcberpr\u00fcft, um einen einwandfreien Betrieb und eine langfristige Haltbarkeit sicherzustellen.<\/p>\n<h2 data-start=\"1027\" data-end=\"1051\">Produktbeschreibung<\/h2>\n<p data-start=\"1053\" data-end=\"1244\" class=\" translation-block\">Das <strong data-start=\"1057\" data-end=\"1093\">Diagzone Diagnose-Set DBScar 7<\/strong> wurde f\u00fcr professionelle Kfz-Werkst\u00e4tten entwickelt und bietet erweiterte Diagnostik, ECU-Codierung sowie Servicefunktionen f\u00fcr eine breite Palette von Fahrzeugen.<\/p>\n<p data-start=\"1246\" data-end=\"2000\">\u2705 <strong data-start=\"1248\" data-end=\"1264\">Komplettes Set<\/strong> \u2013 Enth\u00e4lt ein Android-Tablet und einen DBScar 7 OBD2-Adapter<br data-start=\"1316\" data-end=\"1319\" \/>\u2705 <strong data-start=\"1321\" data-end=\"1347\">DiagZone-Kompatibilit\u00e4t<\/strong> \u2013 Funktioniert nahtlos mit der DiagZone-Software<br data-start=\"1389\" data-end=\"1392\" \/>\u2705 <strong data-start=\"1394\" data-end=\"1414\">Moderne Protokolle<\/strong> \u2013 Unterst\u00fctzt <strong data-start=\"1426\" data-end=\"1436\">CAN FD<\/strong> und <strong data-start=\"1441\" data-end=\"1449\">DoIP<\/strong> f\u00fcr neue Fahrzeuggenerationen<br data-start=\"1477\" data-end=\"1480\" \/>\u2705 <strong data-start=\"1482\" data-end=\"1508\">Bidirektionale Steuerung<\/strong> \u2013 F\u00fchrt aktive Tests, Komponenten\u00adkalibrierungen und ECU-Codierung durch<br data-start=\"1571\" data-end=\"1574\" \/>\u2705 <strong data-start=\"1576\" data-end=\"1603\">Visuelle Topologieabbildung<\/strong> \u2013 Erm\u00f6glicht die schnelle Diagnose des gesamten Fahrzeugnetzwerks<br data-start=\"1649\" data-end=\"1652\" \/>\u2705 <strong data-start=\"1654\" data-end=\"1681\">Umfangreiche Funktionen<\/strong> \u2013 40+ Service- und Reset-Funktionen (Injektoren, DPF, TPMS, Batterien, Schl\u00fcssel usw.)<br data-start=\"1759\" data-end=\"1762\" \/>\u2705 <strong data-start=\"1764\" data-end=\"1790\">Breite Fahrzeugabdeckung<\/strong> \u2013 Unterst\u00fctzt <strong data-start=\"1802\" data-end=\"1879\"><a href=\"https:\/\/diagzone.org\/diagzone-supported-european-cars\/\">Europ\u00e4isch<\/a>, <a href=\"https:\/\/diagzone.org\/diagzone-supported-asian-passanger-cars\/\">Asiatisch<\/a>, <a href=\"https:\/\/diagzone.org\/diagzone-supported-chinese-cars\/\">Chinesisch<\/a>, Elektrofahrzeuge, Motorr\u00e4der und Nutzfahrzeuge<\/strong> (mit optionalem <a href=\"https:\/\/diagzone.org\/product\/gt106-plus-heavy-truck-power-adapter-24v-to-12v-adapter\/\">24V\u201312V-Wandler<\/a>)<br data-start=\"1913\" data-end=\"1916\" \/>\u2705 <strong data-start=\"1918\" data-end=\"1935\">Robustes Design<\/strong> \u2013 Robustes Tablet und verst\u00e4rkter Adapter f\u00fcr den t\u00e4glichen Werkstatteinsatz<\/p>\n<p data-start=\"2002\" data-end=\"2154\">\u26a0\ufe0f <strong data-start=\"37\" data-end=\"53\">Bitte beachten:<\/strong> Die Softwarelizenz ist in diesem Set bereits enthalten.<br data-start=\"109\" data-end=\"112\" \/>\ud83d\udc49 For heavy truck diagnostics, a <strong data-start=\"146\" data-end=\"175\">24V\u201312V Konverter-Adapter<\/strong> ist erforderlich und muss separat erworben werden. Sie k\u00f6nnen es hier bestellen: <a class=\"decorated-link cursor-pointer\" href=\"https:\/\/diagzone.org\/product\/gt106-plus-heavy-truck-power-adapter-24v-to-12v-adapter\/\" target=\"_new\" rel=\"noopener\" data-start=\"245\" data-end=\"331\" data-is-only-node=\"\">Adapter f\u00fcr schwere Nutzfahrzeuge<\/a><\/p>\n<h2 data-start=\"2161\" data-end=\"2210\">Warum das Diagzone Diagnostic Set DBScar 7 w\u00e4hlen?<\/h2>\n<ul data-start=\"2212\" data-end=\"2490\">\n<li data-start=\"2212\" data-end=\"2259\">\n<p data-start=\"2214\" data-end=\"2259\">Professionelle All-in-One-Diagnosel\u00f6sung<\/p>\n<\/li>\n<li data-start=\"2260\" data-end=\"2313\">\n<p data-start=\"2262\" data-end=\"2313\">Vorab getestetes Android-Tablet mit DBScar-7-Anschluss<\/p>\n<\/li>\n<li data-start=\"2314\" data-end=\"2363\">\n<p data-start=\"2316\" data-end=\"2363\" class=\" translation-block\">Zukunftssichere Protokolle: <strong data-start=\"2340\" data-end=\"2350\">CAN FD<\/strong> &amp; <strong data-start=\"2353\" data-end=\"2361\">DoIP<\/strong><\/p>\n<\/li>\n<li data-start=\"2364\" data-end=\"2441\">\n<p data-start=\"2366\" data-end=\"2441\" class=\" translation-block\">Unterst\u00fctzt <strong data-start=\"2375\" data-end=\"2422\">Pkw, EVs, Hybride, Motorr\u00e4der und Lkw<\/strong> (<a href=\"https:\/\/diagzone.org\/product\/gt106-plus-heavy-truck-power-adapter-24v-to-12v-adapter\/\" target=\"_self\">mit Konverter<\/a>)<\/p>\n<\/li>\n<li data-start=\"2442\" data-end=\"2490\">\n<p data-start=\"2444\" data-end=\"2490\">Zuverl\u00e4ssige, werkstatttaugliche Konstruktion f\u00fcr den t\u00e4glichen Einsatz<\/p>\n<\/li>\n<\/ul>\n<p data-start=\"718\" data-end=\"743\"><strong data-start=\"718\" data-end=\"741\">\ud83d\udd39 Im Lieferumfang enthalten<\/strong><\/p>\n<ul data-start=\"744\" data-end=\"906\">\n<li data-start=\"744\" data-end=\"805\">\n<p data-start=\"746\" data-end=\"805\">8-Zoll Android-Diagnosetablet (4 GB RAM \/ 64 GB Speicher)<\/p>\n<\/li>\n<li data-start=\"806\" data-end=\"833\">\n<p data-start=\"808\" data-end=\"833\">DBScar 7 OBD2-Anschluss<\/p>\n<\/li>\n<li data-start=\"834\" data-end=\"862\">\n<p data-start=\"836\" data-end=\"862\">Sch\u00fctzende Transporttasche<\/p>\n<\/li>\n<li data-start=\"863\" data-end=\"888\">\n<p data-start=\"865\" data-end=\"888\">USB-Ladeger\u00e4t und Kabel<\/p>\n<\/li>\n<li data-start=\"889\" data-end=\"906\">\n<p data-start=\"891\" data-end=\"906\">Netzadapter<\/p>\n<\/li>\n<\/ul>\n<h2 data-start=\"205\" data-end=\"223\">Mehr erfahren<\/h2>\n<p data-start=\"224\" data-end=\"443\">M\u00f6chten Sie mehr dar\u00fcber erfahren, wie der <strong data-start=\"256\" data-end=\"292\">DiagZone Diagnoseset DBScar 7<\/strong> funktioniert mit Pkw, Elektrofahrzeugen, Motorr\u00e4dern und schweren Nutzfahrzeugen?<br data-start=\"350\" data-end=\"353\" \/>Schauen Sie sich unseren ausf\u00fchrlichen Leitfaden in unserem Blog an \ud83d\udc49 <a class=\"decorated-link cursor-pointer\" href=\"https:\/\/diagzone.org\/diagzone-package-description\/\" target=\"_new\" rel=\"noopener\" data-start=\"397\" data-end=\"441\">Mehr dazu hier lesen<\/a><\/p>","protected":false},"excerpt":{"rendered":"<p class=\" translation-block\">Das <strong data-start=\"2527\" data-end=\"2563\">Diagzone Diagnose-Set DBScar 7<\/strong> umfasst ein Tablet und einen OBD2-Stecker und unterst\u00fctzt CAN FD, DoIP, ECU-Codierung sowie \u00fcber 40 Servicefunktionen. Es deckt EU-, asiatische, chinesische und EV-Fahrzeuge sowie Motorr\u00e4der und Nutzfahrzeuge (Heavy-Duty Trucks) ab.<\/p>","protected":false},"featured_media":3367,"template":"","meta":{"_acf_changed":false,"_seopress_robots_primary_cat":"none","_seopress_titles_title":"Diagzone Diagnostic Set DBScar 7 \u2013 Professional OBD2 Diagnostic Tablet & Adapter","_seopress_titles_desc":"Complete Diagzone Diagnostic Set with DBScar 7 adapter and 8-inch Android tablet (4GB\/64GB). Includes rugged case, charger, and Diagzone license. Supports EU, Asian, Chinese, EV, hybrid vehicles, motorcycles, and heavy-duty trucks.","_seopress_robots_index":"","inline_featured_image":false,"_kad_blocks_custom_css":"","_kad_blocks_head_custom_js":"","_kad_blocks_body_custom_js":"","_kad_blocks_footer_custom_js":"","_themeisle_gutenberg_block_has_review":false,"_kad_post_transparent":"default","_kad_post_title":"","_kad_post_layout":"default","_kad_post_sidebar_id":"","_kad_post_content_style":"default","_kad_post_vertical_padding":"default","_kad_post_feature":"","_kad_post_feature_position":"","_kad_post_header":false,"_kad_post_footer":false,"iawp_total_views":338},"product_cat":[23],"product_tag":[48,44,47,45,42,43,40,46],"class_list":{"0":"post-3364","1":"product","2":"type-product","3":"status-publish","4":"has-post-thumbnail","6":"product_cat-diagnostic-kits","7":"product_tag-cars","8":"product_tag-dbscar-7","9":"product_tag-ev","10":"product_tag-kit","11":"product_tag-obd2","12":"product_tag-set","13":"product_tag-tablet","14":"product_tag-trucks","16":"first","17":"instock","18":"shipping-taxable","19":"purchasable","20":"product-type-simple","21":"entry","22":"content-bg","23":"loop-entry"},"acf":[],"taxonomy_info":{"product_cat":[{"value":23,"label":"Diagnostic kits"}],"product_tag":[{"value":48,"label":"cars"},{"value":44,"label":"DBSCAR 7"},{"value":47,"label":"EV"},{"value":45,"label":"Kit"},{"value":42,"label":"OBD2"},{"value":43,"label":"Set"},{"value":40,"label":"Tablet"},{"value":46,"label":"trucks"}]},"featured_image_src_large":["https:\/\/diagzone.org\/wp-content\/uploads\/2025\/09\/Diagzone_Diagnostics_DBSCAR_7.jpg",600,600,false],"author_info":[],"comment_info":"","_links":{"self":[{"href":"https:\/\/diagzone.org\/de\/wp-json\/wp\/v2\/product\/3364","targetHints":{"allow":["GET"]}}],"collection":[{"href":"https:\/\/diagzone.org\/de\/wp-json\/wp\/v2\/product"}],"about":[{"href":"https:\/\/diagzone.org\/de\/wp-json\/wp\/v2\/types\/product"}],"wp:featuredmedia":[{"embeddable":true,"href":"https:\/\/diagzone.org\/de\/wp-json\/wp\/v2\/media\/3367"}],"wp:attachment":[{"href":"https:\/\/diagzone.org\/de\/wp-json\/wp\/v2\/media?parent=3364"}],"wp:term":[{"taxonomy":"product_cat","embeddable":true,"href":"https:\/\/diagzone.org\/de\/wp-json\/wp\/v2\/product_cat?post=3364"},{"taxonomy":"product_tag","embeddable":true,"href":"https:\/\/diagzone.org\/de\/wp-json\/wp\/v2\/product_tag?post=3364"}],"curies":[{"name":"wp","href":"https:\/\/api.w.org\/{rel}","templated":true}]}}