
{"id":3382,"date":"2025-09-27T09:50:32","date_gmt":"2025-09-27T07:50:32","guid":{"rendered":"https:\/\/diagzone.org\/?post_type=product&#038;p=3382"},"modified":"2025-09-27T09:55:20","modified_gmt":"2025-09-27T07:55:20","slug":"kingbolen-ediag-plus-diagnostic-kit-obd2-scanner-with-8-tablet-diagzone-license","status":"publish","type":"product","link":"https:\/\/diagzone.org\/de\/produkt\/kingbolen-ediag-plus-diagnostic-kit-obd2-scanner-with-8-tablet-diagzone-license\/","title":{"rendered":"Kingbolen Ediag Plus Diagnose-Kit \u2013 OBD2-Scanner mit 8\u2033-Tablet &amp; DiagZone-Lizenz"},"content":{"rendered":"<p data-start=\"258\" data-end=\"580\" class=\" translation-block\">Vielen Dank f\u00fcr Ihr Interesse an dem <strong data-start=\"293\" data-end=\"328\">Kingbolen Ediag+ Diagnostic Kit<\/strong>.<br data-start=\"329\" data-end=\"332\">Dieses professionelle Set enth\u00e4lt den <strong data-start=\"367\" data-end=\"413\">Ediag+ OBD2 Bluetooth-Diagnoseadapter<\/strong> (ein Klon des ThinkDiag 2) zusammen mit einem <strong data-start=\"460\" data-end=\"510\">8-Zoll-Android-Tablet (4 GB RAM \/ 64 GB Speicher)<\/strong>, vollst\u00e4ndig getestet und optimiert f\u00fcr die Verwendung mit der <strong data-start=\"556\" data-end=\"577\">DiagZone-Plattform<\/strong>.<\/p>\n<p data-start=\"587\" data-end=\"769\">\ud83d\udd39 <strong data-start=\"590\" data-end=\"610\">Wichtiger Hinweis<\/strong><br data-start=\"610\" data-end=\"613\" \/>Das Kit enth\u00e4lt keine vorinstallierte Softwarelizenz.<br data-start=\"671\" data-end=\"674\" \/>Um die vollst\u00e4ndigen Diagnosefunktionen zu nutzen, ist eine <strong data-start=\"714\" data-end=\"748\">eine separate DiagZone-Abonnement<\/strong> muss erworben werden.<\/p>\n<p data-start=\"776\" data-end=\"1012\">\ud83d\udd39 <strong data-start=\"779\" data-end=\"801\">Support &amp; Anleitung<\/strong><br data-start=\"801\" data-end=\"804\" \/>Ben\u00f6tigen Sie Hilfe bei der Einrichtung von DiagZone?<br data-start=\"834\" data-end=\"837\" \/>Unser Team ist darauf spezialisiert, Schritt-f\u00fcr-Schritt-Unterst\u00fctzung zu bieten. Z\u00f6gern Sie nicht, uns jederzeit zu kontaktieren, wenn Sie Hilfe bei der Nutzung Ihres Ediag+ Kits mit der DiagZone OBD2-Plattform ben\u00f6tigen.<\/p>\n<p data-start=\"1019\" data-end=\"1243\">\ud83d\udd39 <strong data-start=\"1022\" data-end=\"1043\">Qualit\u00e4tssicherung<\/strong><br data-start=\"1043\" data-end=\"1046\" \/>Jeder <strong data-start=\"1052\" data-end=\"1072\">Kingbolen Ediag+<\/strong> und das Tablet wird vor dem Versand auf DiagZone getestet.<br data-start=\"1122\" data-end=\"1125\" \/>Dies gew\u00e4hrleistet eine korrekte Funktionalit\u00e4t, stabile Kommunikation und zuverl\u00e4ssige Leistung sowohl f\u00fcr den professionellen als auch f\u00fcr den privaten Einsatz.<\/p>\n<h2 data-start=\"1250\" data-end=\"1274\">Produktbeschreibung<\/h2>\n<p data-start=\"1276\" data-end=\"1530\" class=\" translation-block\">Das <strong data-start=\"1280\" data-end=\"1315\">Kingbolen Ediag+ Diagnostic Kit<\/strong> kombiniert die Vielseitigkeit des Ediag+ Bluetooth OBD2-Connectors mit dem Komfort eines f\u00fcr DiagZone vorkonfigurierten <strong data-start=\"1407\" data-end=\"1432\">8-Zoll-Android-Tablets<\/strong>. Dadurch entsteht ein sofort einsatzbereites Paket f\u00fcr Werkst\u00e4tten und Enthusiasten.<\/p>\n<p data-start=\"1532\" data-end=\"2265\">\u2705 Komplettes Set \u2013 enth\u00e4lt den Ediag+ OBD2-Anschluss und ein 8-Zoll-Android-Tablet (4 GB RAM \/ 64 GB Speicher)<br data-start=\"1616\" data-end=\"1619\" \/>\u2705 Funktioniert als professioneller OBD2-Bluetooth-Adapter<br data-start=\"1667\" data-end=\"1670\" \/>\u2705 Unterst\u00fctzt Android-Ger\u00e4te \u2013 vollst\u00e4ndig kompatibel mit Android 7\u201313 sowie Android 14 (nur 32-Bit)<br data-start=\"1763\" data-end=\"1766\" \/>\u2705 Mit der DiagZone-Software auf Kompatibilit\u00e4t getestet<br data-start=\"1815\" data-end=\"1818\" \/>\u2705 Stabile Bluetooth-5.0\/5.1-Dual-Mode-Verbindung<br data-start=\"1865\" data-end=\"1868\" \/>\u2705 Robustes ABS+PC+TPU-Geh\u00e4use mit Statusanzeigen<br data-start=\"1917\" data-end=\"1920\" \/>\u2705 Enth\u00e4lt ein 0,65 m langes OBD2-Kabel f\u00fcr eine komfortable Nutzung<br data-start=\"1967\" data-end=\"1970\" \/>\u2705 Unterst\u00fctzt das CAN-FD-Protokoll f\u00fcr Fahrzeuge der neuen Generation<br data-start=\"2024\" data-end=\"2027\" \/>\u2705 Erweiterte Funktionen: \u00d6l-Reset, DPF-Regeneration, Injektorcodierung, Batterieanpassung und mehr (abh\u00e4ngig vom Fahrzeugmodell)<br data-start=\"2150\" data-end=\"2153\" \/>\u2705 Bietet bidirektionale Steuerung, ECU-Codierung &amp; -Anpassung, Auto-VIN-Erkennung sowie vollst\u00e4ndige Systemzustandsberichte<\/p>\n<p data-start=\"2267\" data-end=\"2444\">\u26a0\ufe0f <strong data-start=\"100\" data-end=\"116\">Bitte beachten:<\/strong> Dieses Set <strong data-start=\"126\" data-end=\"172\">enth\u00e4lt eine g\u00fcltige DiagZone-Softwarelizenz<\/strong> standardm\u00e4\u00dfig<br data-start=\"184\" data-end=\"187\" \/>\ud83d\udc49 Sie k\u00f6nnen sofort alle Diagnosefunktionen nutzen, ohne ein zus\u00e4tzliches Abonnement erwerben zu m\u00fcssen.<\/p>\n<h2 data-start=\"2451\" data-end=\"2499\">Warum das Kingbolen Ediag+ Diagnosekit w\u00e4hlen?<\/h2>\n<ul data-start=\"2501\" data-end=\"2952\">\n<li data-start=\"2501\" data-end=\"2563\">\n<p data-start=\"2503\" data-end=\"2563\">Klon des ThinkDiag 2 \u2013 gleiche Funktionalit\u00e4t, g\u00fcnstiger<\/p>\n<\/li>\n<li data-start=\"2564\" data-end=\"2616\">\n<p data-start=\"2566\" data-end=\"2616\">Enth\u00e4lt ein 8-Zoll-Android-Tablet f\u00fcr den sofortigen Einsatz<\/p>\n<\/li>\n<li data-start=\"2617\" data-end=\"2660\">\n<p data-start=\"2619\" data-end=\"2660\" class=\" translation-block\"><strong data-start=\"290\" data-end=\"317\">100 % auf DiagZone getestet<\/strong> vor dem Versand<\/p>\n<\/li>\n<li data-start=\"2661\" data-end=\"2716\">\n<p data-start=\"2663\" data-end=\"2716\">Professioneller OBD2-Connector mit stabiler Leistung<\/p>\n<\/li>\n<li data-start=\"2717\" data-end=\"2771\">\n<p data-start=\"2719\" data-end=\"2771\">Kompaktes Design mit Bluetooth-5.0\/5.1-Konnektivit\u00e4t<\/p>\n<\/li>\n<li data-start=\"2772\" data-end=\"2854\">\n<p data-start=\"2774\" data-end=\"2854\">Kompatibel mit DiagZone-Softwarepaketen f\u00fcr Pkw, Elektrofahrzeuge und Nutzfahrzeuge<\/p>\n<\/li>\n<li data-start=\"2855\" data-end=\"2952\">\n<p data-start=\"2857\" data-end=\"2952\" class=\" translation-block\">Unterst\u00fctzt die wichtigsten Diagnoseprotokolle: <strong data-start=\"3072\" data-end=\"3132\">ISO9141, KWP2000, J1850 VPW, J1850 PWM, CAN, UDS, CAN-FD<\/strong><\/p>\n<\/li>\n<\/ul>\n<p data-start=\"2959\" data-end=\"3207\">\u2705 <strong data-start=\"2961\" data-end=\"3205\">Kurz gesagt ist das Kingbolen Ediag+ Diagnostic Kit eine kosteneffiziente Alternative zum ThinkDiag 2, die die gleiche DiagZone-Kompatibilit\u00e4t bietet, erg\u00e4nzt durch den zus\u00e4tzlichen Komfort eines 8-Zoll-Android-Tablets und damit eine sofort einsatzbereite Diagnosel\u00f6sung darstellt.<\/strong><\/p>","protected":false},"excerpt":{"rendered":"<p class=\" translation-block\">Das <strong data-start=\"213\" data-end=\"248\">Kingbolen Ediag+ Diagnostic Kit<\/strong> umfasst einen kompakten Bluetooth-OBD2-Connector, ein <strong data-start=\"297\" data-end=\"333\">8-Zoll-Android-Tablet (4 GB\/64 GB)<\/strong> sowie eine <strong data-start=\"341\" data-end=\"376\">g\u00fcltige DiagZone-Softwarelizenz<\/strong>. Vollst\u00e4ndig kompatibel mit der DiagZone-Plattform unterst\u00fctzt es <strong data-start=\"435\" data-end=\"445\">CAN-FD<\/strong>, bidirektionale Steuerung, ECU-Codierung und zahlreiche Service-Resets \u2013 f\u00fcr professionelle Diagnosen in einem sofort einsatzbereiten Paket.<\/p>","protected":false},"featured_media":3383,"template":"","meta":{"_acf_changed":false,"_seopress_robots_primary_cat":"none","_seopress_titles_title":"Kingbolen Ediag+ Diagnostic Kit \u2013 OBD2 Scanner with 8\" Tablet & DiagZone License","_seopress_titles_desc":"Kingbolen Ediag+ Diagnostic Kit with 8-inch Android tablet and DiagZone license. Supports CAN-FD, ECU coding, bi-directional tests, and service resets. Ready-to-use package for professional diagnostics.","_seopress_robots_index":"","inline_featured_image":false,"_kad_blocks_custom_css":"","_kad_blocks_head_custom_js":"","_kad_blocks_body_custom_js":"","_kad_blocks_footer_custom_js":"","_themeisle_gutenberg_block_has_review":false,"_kad_post_transparent":"default","_kad_post_title":"","_kad_post_layout":"default","_kad_post_sidebar_id":"","_kad_post_content_style":"default","_kad_post_vertical_padding":"default","_kad_post_feature":"","_kad_post_feature_position":"","_kad_post_header":false,"_kad_post_footer":false,"iawp_total_views":172},"product_cat":[23],"product_tag":[],"class_list":{"0":"post-3382","1":"product","2":"type-product","3":"status-publish","4":"has-post-thumbnail","6":"product_cat-diagnostic-kits","8":"first","9":"instock","10":"shipping-taxable","11":"purchasable","12":"product-type-simple","13":"entry","14":"content-bg","15":"loop-entry"},"acf":[],"taxonomy_info":{"product_cat":[{"value":23,"label":"Diagnostic kits"}]},"featured_image_src_large":["https:\/\/diagzone.org\/wp-content\/uploads\/2025\/09\/Diagzone_Automotive_Diagnostics_1.jpg",600,600,false],"author_info":[],"comment_info":"","_links":{"self":[{"href":"https:\/\/diagzone.org\/de\/wp-json\/wp\/v2\/product\/3382","targetHints":{"allow":["GET"]}}],"collection":[{"href":"https:\/\/diagzone.org\/de\/wp-json\/wp\/v2\/product"}],"about":[{"href":"https:\/\/diagzone.org\/de\/wp-json\/wp\/v2\/types\/product"}],"wp:featuredmedia":[{"embeddable":true,"href":"https:\/\/diagzone.org\/de\/wp-json\/wp\/v2\/media\/3383"}],"wp:attachment":[{"href":"https:\/\/diagzone.org\/de\/wp-json\/wp\/v2\/media?parent=3382"}],"wp:term":[{"taxonomy":"product_cat","embeddable":true,"href":"https:\/\/diagzone.org\/de\/wp-json\/wp\/v2\/product_cat?post=3382"},{"taxonomy":"product_tag","embeddable":true,"href":"https:\/\/diagzone.org\/de\/wp-json\/wp\/v2\/product_tag?post=3382"}],"curies":[{"name":"wp","href":"https:\/\/api.w.org\/{rel}","templated":true}]}}