
{"id":3389,"date":"2025-09-27T10:07:39","date_gmt":"2025-09-27T08:07:39","guid":{"rendered":"https:\/\/diagzone.org\/?post_type=product&#038;p=3389"},"modified":"2025-09-27T10:10:57","modified_gmt":"2025-09-27T08:10:57","slug":"kingbolen-ediag-plus-diagnostic-kit-obd2-scanner-with-10-tablet-diagzone-license","status":"publish","type":"product","link":"https:\/\/diagzone.org\/de\/produkt\/kingbolen-ediag-plus-diagnostic-kit-obd2-scanner-with-10-tablet-diagzone-license\/","title":{"rendered":"Kingbolen Ediag Plus Diagnose-Kit \u2013 OBD2-Scanner mit 10\u2033-Tablet &amp; DiagZone-Lizenz"},"content":{"rendered":"<p data-start=\"272\" data-end=\"591\" class=\" translation-block\">Vielen Dank f\u00fcr Ihr Interesse am <strong data-start=\"307\" data-end=\"342\">Kingbolen Ediag+ Diagnostic Kit<\/strong>.<br data-start=\"343\" data-end=\"346\">Dieses professionelle Set umfasst den <strong data-start=\"381\" data-end=\"427\">Ediag+ OBD2 Bluetooth-Diagnosekonnektor<\/strong> (ein Klon des ThinkDiag 2) zusammen mit einem <strong data-start=\"473\" data-end=\"525\">10-Zoll-Android-Tablet (3 GB RAM \/ 128 GB Speicher)<\/strong>, vollst\u00e4ndig getestet und f\u00fcr die Verwendung mit der DiagZone-Plattform optimiert.<\/p>\n<p data-start=\"593\" data-end=\"797\">\ud83d\udd39 <strong data-start=\"596\" data-end=\"616\">Wichtiger Hinweis<\/strong><br data-start=\"616\" data-end=\"619\" \/>Dieses Set <strong data-start=\"628\" data-end=\"682\">enth\u00e4lt bereits eine g\u00fcltige DiagZone-Softwarelizenz<\/strong>.<br data-start=\"683\" data-end=\"686\" \/>Sie k\u00f6nnen sofort alle Diagnosefunktionen nutzen, ohne ein separates Abonnement erwerben zu m\u00fcssen.<\/p>\n<p data-start=\"799\" data-end=\"1003\">\ud83d\udd39 <strong data-start=\"802\" data-end=\"824\">Support &amp; Anleitung<\/strong><br data-start=\"824\" data-end=\"827\" \/>Bedarf <a href=\"https:\/\/wa.me\/31647604324\">Hilfe<\/a> bei der DiagZone-Einrichtung?<br data-start=\"857\" data-end=\"860\" \/>Unser Team steht Ihnen f\u00fcr eine Schritt-f\u00fcr-Schritt-Unterst\u00fctzung zur Verf\u00fcgung \u2013 von der Tablet-Konfiguration bis zur Verbindung Ihres Ediag+ mit der DiagZone OBD2-Plattform.<\/p>\n<p data-start=\"1005\" data-end=\"1244\">\ud83d\udd39 <strong data-start=\"1008\" data-end=\"1029\">Qualit\u00e4tssicherung<\/strong><br data-start=\"1029\" data-end=\"1032\" \/>Jedes Kingbolen Ediag+ Ger\u00e4t und jedes Tablet wird vor dem Versand vollst\u00e4ndig auf DiagZone getestet.<br data-start=\"1117\" data-end=\"1120\" \/>Dies gew\u00e4hrleistet eine stabile Leistung, korrekte Funktionalit\u00e4t und eine zuverl\u00e4ssige Kommunikation sowohl f\u00fcr den professionellen als auch f\u00fcr den privaten Einsatz.<\/p>\n<h3 data-start=\"1251\" data-end=\"1267\">\u2705 Funktionen<\/h3>\n<ul data-start=\"1269\" data-end=\"1909\">\n<li data-start=\"1269\" data-end=\"1365\">\n<p data-start=\"1271\" data-end=\"1365\" class=\" translation-block\">Komplettset \u2013 enth\u00e4lt den <strong data-start=\"1295\" data-end=\"1320\">Ediag+ OBD2-Connector<\/strong> und ein <strong data-start=\"1325\" data-end=\"1363\">10-Zoll-Android-Tablet (3 GB\/128 GB)<\/strong><\/p>\n<\/li>\n<li data-start=\"1366\" data-end=\"1416\">\n<p data-start=\"1368\" data-end=\"1416\">Funktioniert als professioneller OBD2-Bluetooth-Adapter<\/p>\n<\/li>\n<li data-start=\"1417\" data-end=\"1484\">\n<p data-start=\"1419\" data-end=\"1484\">Vollst\u00e4ndig kompatibel mit Android 7\u201313 und Android 14 (nur 32-Bit)<\/p>\n<\/li>\n<li data-start=\"1485\" data-end=\"1534\">\n<p data-start=\"1487\" data-end=\"1534\">Stabile Bluetooth-5.0\/5.1-Dual-Mode-Verbindung<\/p>\n<\/li>\n<li data-start=\"1535\" data-end=\"1586\">\n<p data-start=\"1537\" data-end=\"1586\">Robustes ABS+PC+TPU-Geh\u00e4use mit Statusanzeigen<\/p>\n<\/li>\n<li data-start=\"1587\" data-end=\"1637\">\n<p data-start=\"1589\" data-end=\"1637\" class=\" translation-block\">Enth\u00e4lt ein <strong data-start=\"1598\" data-end=\"1619\">0,65 m OBD2-Kabel<\/strong> f\u00fcr mehr Komfort<\/p>\n<\/li>\n<li data-start=\"1638\" data-end=\"1690\">\n<p data-start=\"1640\" data-end=\"1690\" class=\" translation-block\">Unterst\u00fctzt das <strong data-start=\"1649\" data-end=\"1668\">CAN-FD-Protokoll<\/strong> f\u00fcr moderne Fahrzeuge<\/p>\n<\/li>\n<li data-start=\"1691\" data-end=\"1816\">\n<p data-start=\"1693\" data-end=\"1816\">Erweiterte Funktionen: \u00d6l-Reset, DPF-Regeneration, Injektor-Codierung, Batteriematching und mehr (abh\u00e4ngig vom Fahrzeugmodell)<\/p>\n<\/li>\n<li data-start=\"1817\" data-end=\"1909\">\n<p data-start=\"1819\" data-end=\"1909\">Bidirektionale Steuerung, ECU-Codierung und -Anpassung, Auto-VIN-Erkennung, vollst\u00e4ndige Systemberichte<\/p>\n<\/li>\n<\/ul>\n<h3 data-start=\"1916\" data-end=\"1929\">\u26a0\ufe0f Hinweis<\/h3>\n<ul data-start=\"1930\" data-end=\"2110\">\n<li data-start=\"1930\" data-end=\"2023\">\n<p data-start=\"1932\" data-end=\"2023\" class=\" translation-block\">Das Set <strong data-start=\"1940\" data-end=\"1982\">enth\u00e4lt standardm\u00e4\u00dfig eine DiagZone-Lizenz<\/strong> \u2013 kein zus\u00e4tzlicher Softwarekauf erforderlich.<\/p>\n<\/li>\n<li data-start=\"2024\" data-end=\"2110\">\n<p data-start=\"2026\" data-end=\"2110\" class=\" translation-block\">F\u00fcr <strong data-start=\"2030\" data-end=\"2046\">schwere Nutzfahrzeuge<\/strong> ist ein <a href=\"https:\/\/diagzone.org\/product\/gt106-plus-heavy-truck-power-adapter-24v-to-12v-adapter\/\" target=\"_self\"><strong data-start=\"2050\" data-end=\"2079\">24V\u201312V-Spannungswandler<\/strong><\/a> erforderlich (separat erh\u00e4ltlich).<\/p>\n<\/li>\n<\/ul>\n<h3 data-start=\"2117\" data-end=\"2168\">\u00a0Warum das Kingbolen Ediag+ Diagnosekit w\u00e4hlen?<\/h3>\n<ul data-start=\"2170\" data-end=\"2591\">\n<li data-start=\"2170\" data-end=\"2232\">\n<p data-start=\"2172\" data-end=\"2232\">Klon des ThinkDiag 2 \u2013 gleiche Funktionalit\u00e4t, g\u00fcnstiger<\/p>\n<\/li>\n<li data-start=\"2233\" data-end=\"2301\">\n<p data-start=\"2235\" data-end=\"2301\" class=\" translation-block\">Enth\u00e4lt ein <strong data-start=\"2244\" data-end=\"2270\">10-Zoll-Android-Tablet<\/strong> f\u00fcr sofort einsatzbereite Diagnosen<\/p>\n<\/li>\n<li data-start=\"2302\" data-end=\"2345\">\n<p data-start=\"2304\" data-end=\"2345\" class=\" translation-block\"><strong data-start=\"290\" data-end=\"317\">100 % auf DiagZone getestet<\/strong> vor dem Versand<\/p>\n<\/li>\n<li data-start=\"2346\" data-end=\"2407\">\n<p data-start=\"2348\" data-end=\"2407\">Kompaktes Design mit starker Bluetooth-5.0\/5.1-Konnektivit\u00e4t<\/p>\n<\/li>\n<li data-start=\"2408\" data-end=\"2495\">\n<p data-start=\"2410\" data-end=\"2495\">Unterst\u00fctzt Pkw, Elektrofahrzeuge, Motorr\u00e4der und Nutzfahrzeuge (mit Konverter)<\/p>\n<\/li>\n<li data-start=\"2496\" data-end=\"2591\">\n<p data-start=\"2498\" data-end=\"2591\">Deckt die wichtigsten Diagnoseprotokolle ab: ISO9141, KWP2000, J1850 VPW, J1850 PWM, CAN, UDS, CAN-FD<\/p>\n<\/li>\n<\/ul>\n<p data-start=\"2598\" data-end=\"2831\">\u2705 <strong data-start=\"2600\" data-end=\"2612\">Kurz gesagt<\/strong>: Das <strong data-start=\"2618\" data-end=\"2672\">Kingbolen Ediag+ Diagnostic Kit (10 Zoll, 3 GB RAM \/ 128 GB Speicher)<\/strong> ist eine kosteneffiziente Alternative zum ThinkDiag 2 und bietet vollst\u00e4ndige DiagZone-Kompatibilit\u00e4t sowie ein leistungsstarkes Tablet f\u00fcr eine komplette, sofort einsatzbereite Diagnosel\u00f6sung.<\/p>","protected":false},"excerpt":{"rendered":"<p class=\" translation-block\">Das <strong data-start=\"213\" data-end=\"248\">Kingbolen Ediag+ Diagnostic Kit<\/strong> umfasst einen kompakten Bluetooth-OBD2-Connector, ein <strong data-start=\"297\" data-end=\"333\">8-Zoll-Android-Tablet (4 GB\/64 GB)<\/strong> sowie eine <strong data-start=\"341\" data-end=\"376\">g\u00fcltige DiagZone-Softwarelizenz<\/strong>. Vollst\u00e4ndig kompatibel mit der DiagZone-Plattform unterst\u00fctzt es <strong data-start=\"435\" data-end=\"445\">CAN-FD<\/strong>, bidirektionale Steuerung, ECU-Codierung und zahlreiche Service-Resets \u2013 f\u00fcr professionelle Diagnosen in einem sofort einsatzbereiten Paket.<\/p>","protected":false},"featured_media":3390,"template":"","meta":{"_acf_changed":false,"_seopress_robots_primary_cat":"none","_seopress_titles_title":"Kingbolen Ediag Plus Diagnostic Kit \u2013 OBD2 Scanner with 10\" Tablet & Pre-Installed DiagZone License","_seopress_titles_desc":"Buy the Kingbolen Ediag Plus Diagnostic Kit with 10-inch Android tablet (3GB\/128GB) and pre-installed DiagZone license. Supports CAN-FD, ECU coding, bi-directional control, and advanced service functions for cars, EVs, motorcycles, and heavy-duty vehicles (with adapter).","_seopress_robots_index":"","inline_featured_image":false,"_kad_blocks_custom_css":"","_kad_blocks_head_custom_js":"","_kad_blocks_body_custom_js":"","_kad_blocks_footer_custom_js":"","_themeisle_gutenberg_block_has_review":false,"_kad_post_transparent":"default","_kad_post_title":"","_kad_post_layout":"default","_kad_post_sidebar_id":"","_kad_post_content_style":"default","_kad_post_vertical_padding":"default","_kad_post_feature":"","_kad_post_feature_position":"","_kad_post_header":false,"_kad_post_footer":false,"iawp_total_views":210},"product_cat":[23],"product_tag":[],"class_list":{"0":"post-3389","1":"product","2":"type-product","3":"status-publish","4":"has-post-thumbnail","6":"product_cat-diagnostic-kits","8":"first","9":"instock","10":"shipping-taxable","11":"purchasable","12":"product-type-simple","13":"entry","14":"content-bg","15":"loop-entry"},"acf":[],"taxonomy_info":{"product_cat":[{"value":23,"label":"Diagnostic kits"}]},"featured_image_src_large":["https:\/\/diagzone.org\/wp-content\/uploads\/2025\/09\/Diagzone_Diagnostic_Set_EDIAG_PLUS.jpg",600,600,false],"author_info":[],"comment_info":"","_links":{"self":[{"href":"https:\/\/diagzone.org\/de\/wp-json\/wp\/v2\/product\/3389","targetHints":{"allow":["GET"]}}],"collection":[{"href":"https:\/\/diagzone.org\/de\/wp-json\/wp\/v2\/product"}],"about":[{"href":"https:\/\/diagzone.org\/de\/wp-json\/wp\/v2\/types\/product"}],"wp:featuredmedia":[{"embeddable":true,"href":"https:\/\/diagzone.org\/de\/wp-json\/wp\/v2\/media\/3390"}],"wp:attachment":[{"href":"https:\/\/diagzone.org\/de\/wp-json\/wp\/v2\/media?parent=3389"}],"wp:term":[{"taxonomy":"product_cat","embeddable":true,"href":"https:\/\/diagzone.org\/de\/wp-json\/wp\/v2\/product_cat?post=3389"},{"taxonomy":"product_tag","embeddable":true,"href":"https:\/\/diagzone.org\/de\/wp-json\/wp\/v2\/product_tag?post=3389"}],"curies":[{"name":"wp","href":"https:\/\/api.w.org\/{rel}","templated":true}]}}