
{"id":3403,"date":"2025-09-27T12:07:16","date_gmt":"2025-09-27T10:07:16","guid":{"rendered":"https:\/\/diagzone.org\/?post_type=product&#038;p=3403"},"modified":"2025-09-27T18:50:35","modified_gmt":"2025-09-27T16:50:35","slug":"launch-x431-smartlink-c-2-0-diagzone-version","status":"publish","type":"product","link":"https:\/\/diagzone.org\/de\/produkt\/launch-x431-smartlink-c-2-0-diagzone-version\/","title":{"rendered":"Launch X431 Smartlink C 2.0 \u2013 DiagZone-Version"},"content":{"rendered":"<p data-start=\"172\" data-end=\"443\" class=\" translation-block\">Vielen Dank f\u00fcr Ihr Interesse am <strong data-start=\"207\" data-end=\"226\">SmartLink C 2.0<\/strong>.<br data-start=\"227\" data-end=\"230\">Dieses Diagnosemodul ist f\u00fcr schwere Nutzfahrzeuge und Pkw konzipiert, vollst\u00e4ndig auf der <strong data-start=\"324\" data-end=\"345\">DiagZone platform<\/strong> getestet und garantiert stabile Leistung, breite Kompatibilit\u00e4t sowie professionelle Diagnosefunktionen.<\/p>\n<p data-start=\"475\" data-end=\"768\">\ud83d\udd39 <strong data-start=\"478\" data-end=\"498\">Wichtiger Hinweis<\/strong><br data-start=\"498\" data-end=\"501\" \/>Der SmartLink C 2.0 wird ohne vorinstallierte Software geliefert.<br data-start=\"569\" data-end=\"572\" \/>\ud83d\udc49 Um dieses Ger\u00e4t zu verwenden, ist ein <a href=\"https:\/\/diagzone.org\/diagzone-buy-subscription\/\"><strong data-start=\"597\" data-end=\"626\">separate DiagZone-Lizenz<\/strong><\/a> muss erworben werden.<br data-start=\"645\" data-end=\"648\" \/>\ud83d\udc49 Kompatibel mit <strong data-start=\"667\" data-end=\"709\">Pkw und Nutzfahrzeuge<\/strong>, mit Unterst\u00fctzung einer breiten <strong data-start=\"729\" data-end=\"765\">Betriebsspannung von 9V bis 36V<\/strong>.<\/p>\n<p data-start=\"629\" data-end=\"870\">\ud83d\udd39 <strong data-start=\"632\" data-end=\"654\">Support &amp; Anleitung<\/strong><br data-start=\"654\" data-end=\"657\" \/>Ben\u00f6tigen Sie Hilfe bei der Einrichtung von DiagZone?<br data-start=\"687\" data-end=\"690\" \/>Unser Team ist darauf spezialisiert, Schritt-f\u00fcr-Schritt-Unterst\u00fctzung zu bieten. Z\u00f6gern Sie nicht, <a href=\"https:\/\/wa.me\/31647604324\">kontaktieren Sie uns<\/a> jederzeit, wenn Sie Unterst\u00fctzung bei der Nutzung Ihres SmartLink C 2.0 mit der DiagZone OBD2-Plattform ben\u00f6tigen.<\/p>\n<p data-start=\"877\" data-end=\"1108\">\ud83d\udd39 <strong data-start=\"880\" data-end=\"901\">Qualit\u00e4tssicherung<\/strong><br data-start=\"901\" data-end=\"904\" \/>Jeder SmartLink C 2.0 durchl\u00e4uft vor dem Versand strenge Tests auf DiagZone.<br data-start=\"981\" data-end=\"984\" \/>Dies gew\u00e4hrleistet eine korrekte Funktionalit\u00e4t, stabile Kommunikation und zuverl\u00e4ssige Leistung sowohl f\u00fcr den professionellen als auch den privaten Einsatz.<\/p>\n<h2 data-start=\"1261\" data-end=\"1285\">Produktbeschreibung<\/h2>\n<p data-start=\"1287\" data-end=\"1559\" class=\" translation-block\">Der <strong data-start=\"1291\" data-end=\"1310\">SmartLink C 2.0<\/strong> ist ein fortschrittliches Diagnosemodul, das entwickelt wurde, um die DiagZone-Funktionen sowohl f\u00fcr Pkw als auch f\u00fcr schwere Nutzfahrzeuge zu erweitern. Dank leistungsstarker Hardware und mehrerer Anschlussm\u00f6glichkeiten bietet es schnelle, stabile und professionelle Leistung.<\/p>\n<p data-start=\"1561\" data-end=\"2352\">\u2705 Funktioniert als professionelles Diagnosemodul f\u00fcr DiagZone<br data-start=\"1617\" data-end=\"1620\" \/>\u2705 Vollst\u00e4ndig kompatibel mit Android-Ger\u00e4ten (Smartphones &amp; Tablets) \u2013 unterst\u00fctzt Android 7\u201313 sowie Android 14 (nur 32-Bit)<br data-start=\"1737\" data-end=\"1740\" \/>\u2705 Mit der DiagZone-Software auf Kompatibilit\u00e4t getestet<br data-start=\"1789\" data-end=\"1792\" \/>\u2705 Mehrfachkonnektivit\u00e4t: Bluetooth, WiFi, USB und Ethernet<br data-start=\"1848\" data-end=\"1851\" \/>\u2705 Unterst\u00fctzt <strong data-start=\"1862\" data-end=\"1882\">moderne Protokolle<\/strong> \u2013 DoIP, CAN-FD, UDS, J2534, RP1210, D-PDU<br data-start=\"1924\" data-end=\"1927\" \/>\u2705 Erweiterte Funktionen: ECU-Codierung, bidirektionale Steuerung, Anpassungen, Auto-VIN-Erkennung und vollst\u00e4ndige Systemzustandsberichte<br data-start=\"2048\" data-end=\"2051\" \/>\u2705 Unterst\u00fctzt Pkw, Elektrofahrzeuge, Motorr\u00e4der, Busse, landwirtschaftliche Maschinen, Baumaschinen und schwere Nutzfahrzeuge (mit optionalem 24V\u201312V-Adapter)<br data-start=\"2203\" data-end=\"2206\" \/>\u2705 Breite <strong data-start=\"2213\" data-end=\"2240\">Betriebsspannung 9\u201336V<\/strong>, ideal f\u00fcr Pkw (12V) sowie Lkw\/Busse (24V)<br data-start=\"2290\" data-end=\"2293\" \/>\u2705 Robustes Geh\u00e4use f\u00fcr Langlebigkeit im t\u00e4glichen professionellen Einsatz<\/p>\n<h3 data-start=\"2126\" data-end=\"2158\">\ud83d\udce6 Lieferumfang<\/h3>\n<ul data-start=\"2159\" data-end=\"2279\">\n<li data-start=\"2159\" data-end=\"2189\">\n<p data-start=\"2161\" data-end=\"2189\">1 \u00d7 SmartLink C 2.0 Modul<\/p>\n<\/li>\n<li data-start=\"2190\" data-end=\"2213\">\n<p data-start=\"2192\" data-end=\"2213\">1 \u00d7 OBD2-Hauptkabel<\/p>\n<\/li>\n<li data-start=\"2214\" data-end=\"2231\">\n<p data-start=\"2216\" data-end=\"2231\">1 \u00d7 USB-Kabel<\/p>\n<\/li>\n<li data-start=\"2232\" data-end=\"2253\">\n<p data-start=\"2234\" data-end=\"2253\">1 \u00d7 Netzadapter<\/p>\n<\/li>\n<\/ul>\n<p data-start=\"2286\" data-end=\"2563\">\u2705 <strong data-start=\"2521\" data-end=\"2801\">Kurz gesagt ist der SmartLink C 2.0 ein leistungsstarkes und vielseitiges Diagnosemodul, das volle DiagZone-Kompatibilit\u00e4t, 9\u201336V-Unterst\u00fctzung f\u00fcr Pkw und Lkw, Unterst\u00fctzung moderner Protokolle sowie zuverl\u00e4ssige Leistung bietet \u2013 und damit die perfekte kosteneffiziente L\u00f6sung f\u00fcr professionelle Werkst\u00e4tten darstellt.<\/strong><\/p>","protected":false},"excerpt":{"rendered":"<p class=\" translation-block\">Der <strong data-start=\"1806\" data-end=\"1825\">SmartLink C 2.0<\/strong> ist ein professionelles Diagnosemodul f\u00fcr DiagZone und unterst\u00fctzt Pkw, Elektrofahrzeuge, schwere Nutzfahrzeuge, Busse und Maschinen. Es bietet DoIP- und CAN-FD-Protokolle, ECU-Codierung, bi-direktionale Tests und erfordert eine separate DiagZone-Lizenz.<\/p>","protected":false},"featured_media":3431,"template":"","meta":{"_acf_changed":false,"_seopress_robots_primary_cat":"none","_seopress_titles_title":"SmartLink C 2.0 \u2013 Heavy Duty Diagnostic Module for DiagZone","_seopress_titles_desc":"Buy SmartLink C 2.0 \u2013 advanced diagnostic module for DiagZone platform. Supports cars, EVs, trucks, buses, and machinery with DoIP, CAN-FD, ECU coding, and bi-directional tests. DiagZone license required separately.","_seopress_robots_index":"","inline_featured_image":false,"_kad_blocks_custom_css":"","_kad_blocks_head_custom_js":"","_kad_blocks_body_custom_js":"","_kad_blocks_footer_custom_js":"","_themeisle_gutenberg_block_has_review":false,"_kad_post_transparent":"default","_kad_post_title":"","_kad_post_layout":"default","_kad_post_sidebar_id":"","_kad_post_content_style":"default","_kad_post_vertical_padding":"default","_kad_post_feature":"","_kad_post_feature_position":"","_kad_post_header":false,"_kad_post_footer":false,"iawp_total_views":259},"product_cat":[19],"product_tag":[52,53,42,54,51],"class_list":{"0":"post-3403","1":"product","2":"type-product","3":"status-publish","4":"has-post-thumbnail","6":"product_cat-obd-connectors","7":"product_tag-bluetooth","8":"product_tag-diagzone","9":"product_tag-obd2","10":"product_tag-smartlink-c-2-0","11":"product_tag-x431","13":"first","14":"instock","15":"sale","16":"shipping-taxable","17":"purchasable","18":"product-type-simple","19":"entry","20":"content-bg","21":"loop-entry"},"acf":[],"taxonomy_info":{"product_cat":[{"value":19,"label":"Obd connectors"}],"product_tag":[{"value":52,"label":"Bluetooth"},{"value":53,"label":"DiagZone"},{"value":42,"label":"OBD2"},{"value":54,"label":"SmartLink C 2.0"},{"value":51,"label":"X431"}]},"featured_image_src_large":["https:\/\/diagzone.org\/wp-content\/uploads\/2025\/09\/Diagzone_org__Smartlink_C_2.0_1.jpg",600,600,false],"author_info":[],"comment_info":"","_links":{"self":[{"href":"https:\/\/diagzone.org\/de\/wp-json\/wp\/v2\/product\/3403","targetHints":{"allow":["GET"]}}],"collection":[{"href":"https:\/\/diagzone.org\/de\/wp-json\/wp\/v2\/product"}],"about":[{"href":"https:\/\/diagzone.org\/de\/wp-json\/wp\/v2\/types\/product"}],"wp:featuredmedia":[{"embeddable":true,"href":"https:\/\/diagzone.org\/de\/wp-json\/wp\/v2\/media\/3431"}],"wp:attachment":[{"href":"https:\/\/diagzone.org\/de\/wp-json\/wp\/v2\/media?parent=3403"}],"wp:term":[{"taxonomy":"product_cat","embeddable":true,"href":"https:\/\/diagzone.org\/de\/wp-json\/wp\/v2\/product_cat?post=3403"},{"taxonomy":"product_tag","embeddable":true,"href":"https:\/\/diagzone.org\/de\/wp-json\/wp\/v2\/product_tag?post=3403"}],"curies":[{"name":"wp","href":"https:\/\/api.w.org\/{rel}","templated":true}]}}