
{"id":3419,"date":"2025-09-27T12:51:07","date_gmt":"2025-09-27T10:51:07","guid":{"rendered":"https:\/\/diagzone.org\/?post_type=product&#038;p=3419"},"modified":"2025-09-27T19:05:11","modified_gmt":"2025-09-27T17:05:11","slug":"diagzone-obd2-can-fd-extension-cable-16-pin-male-to-female-adapter","status":"publish","type":"product","link":"https:\/\/diagzone.org\/de\/produkt\/diagzone-obd2-can-fd-extension-cable-16-pin-male-to-female-adapter\/","title":{"rendered":"DiagZone OBD2 CAN-FD Verl\u00e4ngerungskabel \u2013 16-poliger Stecker-auf-Buchse-Adapter"},"content":{"rendered":"<p data-start=\"138\" data-end=\"507\" class=\" translation-block\">Vielen Dank f\u00fcr Ihr Interesse am <strong data-start=\"173\" data-end=\"213\">DiagZone CAN-FD OBD2-Verl\u00e4ngerungskabel<\/strong>.<br data-start=\"214\" data-end=\"217\">Dieses hochwertige Verl\u00e4ngerungskabel wurde entwickelt, um die Verbindung zwischen Ihrer Diagnoseschnittstelle (z. B. DBScar, ThinkDiag, Ediag+) und dem OBD2-Anschluss des Fahrzeugs zu verl\u00e4ngern. Es bietet mehr Flexibilit\u00e4t, erleichtert den Zugang in engen Bereichen und sch\u00fctzt die originale OBD2-Buchse vor h\u00e4ufigem Verschlei\u00df.<\/p>\n<p data-start=\"514\" data-end=\"655\">\ud83d\udd39 <strong data-start=\"517\" data-end=\"537\">Wichtiger Hinweis<\/strong><br data-start=\"537\" data-end=\"540\" \/>Dieses Produkt ist ein <strong data-start=\"559\" data-end=\"577\">nur ein Zubeh\u00f6r<\/strong>.<br data-start=\"578\" data-end=\"581\" \/>Es enth\u00e4lt keine Software und bietet selbst keine Diagnosefunktionen.<\/p>\n<p data-start=\"662\" data-end=\"843\">\ud83d\udd39 <strong data-start=\"665\" data-end=\"687\">Support &amp; Anleitung<\/strong><br data-start=\"687\" data-end=\"690\" \/>Ben\u00f6tigen Sie Hilfe beim Anschlie\u00dfen Ihres Diagnoseger\u00e4ts mit dem Verl\u00e4ngerungskabel?<br data-start=\"757\" data-end=\"760\" \/>Unser Team kann Anleitung bieten, um eine korrekte Installation und die beste Leistung sicherzustellen.<\/p>\n<p data-start=\"850\" data-end=\"1034\">\ud83d\udd39 <strong data-start=\"853\" data-end=\"874\">Qualit\u00e4tssicherung<\/strong><br data-start=\"874\" data-end=\"877\" \/>Jedes Kabel wird vor dem Versand getestet, um eine zuverl\u00e4ssige Daten\u00fcbertragung \u00fcber alle 16 Pins zu gew\u00e4hrleisten und eine stabile Kommunikation f\u00fcr OBD2- und CAN-FD-Diagnosen sicherzustellen.<\/p>\n<h2 data-start=\"1041\" data-end=\"1062\">Produkteigenschaften<\/h2>\n<ul data-start=\"1064\" data-end=\"1460\">\n<li data-start=\"1064\" data-end=\"1114\">\n<p data-start=\"1066\" data-end=\"1114\"><strong data-start=\"1066\" data-end=\"1112\">16-poliges OBD2-Verl\u00e4ngerungskabel (Stecker auf Buchse)<\/strong><\/p>\n<\/li>\n<li data-start=\"1115\" data-end=\"1164\">\n<p data-start=\"1117\" data-end=\"1164\" class=\" translation-block\">Unterst\u00fctzt <strong data-start=\"1126\" data-end=\"1162\">standardm\u00e4\u00dfige OBD2- und CAN-FD-Protokolle<\/strong><\/p>\n<\/li>\n<li data-start=\"1165\" data-end=\"1232\">\n<p data-start=\"1167\" data-end=\"1232\">Flexibles und robustes Design, geeignet f\u00fcr Werkstattumgebungen<\/p>\n<\/li>\n<li data-start=\"1233\" data-end=\"1306\">\n<p data-start=\"1235\" data-end=\"1306\">Reduziert den Verschlei\u00df der OBD2-Buchse des Fahrzeugs durch Minimierung direkter Belastung<\/p>\n<\/li>\n<li data-start=\"1307\" data-end=\"1367\">\n<p data-start=\"1309\" data-end=\"1367\">Erm\u00f6glicht einen einfacheren Zugang zu schwer erreichbaren Diagnoseanschl\u00fcssen<\/p>\n<\/li>\n<li data-start=\"1368\" data-end=\"1460\">\n<p data-start=\"1370\" data-end=\"1460\">Ideal f\u00fcr die Verwendung mit Bluetooth-OBD2-Adaptern \u2013 verbessert die Platzierung und die Verbindungsstabilit\u00e4t<\/p>\n<\/li>\n<\/ul>\n<h3 data-start=\"1467\" data-end=\"1499\">\ud83d\udce6 Lieferumfang<\/h3>\n<ul data-start=\"1500\" data-end=\"1544\">\n<li data-start=\"1500\" data-end=\"1544\">\n<p data-start=\"1502\" data-end=\"1544\">1 \u00d7 DiagZone CAN-FD OBD2-Verl\u00e4ngerungskabel<\/p>\n<\/li>\n<\/ul>\n<p data-start=\"1551\" data-end=\"1807\">\u2705 <strong data-start=\"1553\" data-end=\"1805\">Kurz gesagt ist das DiagZone CAN-FD OBD2-Verl\u00e4ngerungskabel ein praktisches und zuverl\u00e4ssiges Zubeh\u00f6r f\u00fcr professionelle oder private Diagnosen. Es gew\u00e4hrleistet eine stabile Kommunikation, verl\u00e4ngert die Lebensdauer des Steckers und macht Ihr Diagnosesetup komfortabler und langlebiger.<\/strong><\/p>","protected":false},"excerpt":{"rendered":"<p>Hochwertiges OBD2-Verl\u00e4ngerungskabel (16-polig) zur Verl\u00e4ngerung der Reichweite zwischen Ihrem Diagnoseger\u00e4t und dem OBD2-Anschluss des Fahrzeugs. Verbessert den Zugang, reduziert den Verschlei\u00df der Steckverbindungen und optimiert die Bluetooth-\/WiFi-Leistung.<\/p>","protected":false},"featured_media":3450,"template":"","meta":{"_acf_changed":false,"_seopress_robots_primary_cat":"none","_seopress_titles_title":"OBD2 Extension Cable \u2013 16-pin Male to Female Diagnostic Extension","_seopress_titles_desc":"Buy durable OBD2 extension cable (16-pin). Extends reach between diagnostic tool and vehicle\u2019s OBD2 port, reduces socket wear, and improves accessibility for workshop setups.","_seopress_robots_index":"","inline_featured_image":false,"_kad_blocks_custom_css":"","_kad_blocks_head_custom_js":"","_kad_blocks_body_custom_js":"","_kad_blocks_footer_custom_js":"","_themeisle_gutenberg_block_has_review":false,"_kad_post_transparent":"default","_kad_post_title":"","_kad_post_layout":"default","_kad_post_sidebar_id":"","_kad_post_content_style":"default","_kad_post_vertical_padding":"default","_kad_post_feature":"","_kad_post_feature_position":"","_kad_post_header":false,"_kad_post_footer":false,"iawp_total_views":63},"product_cat":[22],"product_tag":[65,25,63,64,42],"class_list":{"0":"post-3419","1":"product","2":"type-product","3":"status-publish","4":"has-post-thumbnail","6":"product_cat-accessories","7":"product_tag-16-pin","8":"product_tag-adapter","9":"product_tag-can-fd","10":"product_tag-extension-cable","11":"product_tag-obd2","13":"first","14":"instock","15":"shipping-taxable","16":"purchasable","17":"product-type-simple","18":"entry","19":"content-bg","20":"loop-entry"},"acf":[],"taxonomy_info":{"product_cat":[{"value":22,"label":"Accessories"}],"product_tag":[{"value":65,"label":"16-Pin"},{"value":25,"label":"Adapter"},{"value":63,"label":"CAN-FD"},{"value":64,"label":"Extension Cable"},{"value":42,"label":"OBD2"}]},"featured_image_src_large":["https:\/\/diagzone.org\/wp-content\/uploads\/2025\/09\/Diagzone_Launch_X431_CAN_FD_1.jpg",600,600,false],"author_info":[],"comment_info":"","_links":{"self":[{"href":"https:\/\/diagzone.org\/de\/wp-json\/wp\/v2\/product\/3419","targetHints":{"allow":["GET"]}}],"collection":[{"href":"https:\/\/diagzone.org\/de\/wp-json\/wp\/v2\/product"}],"about":[{"href":"https:\/\/diagzone.org\/de\/wp-json\/wp\/v2\/types\/product"}],"wp:featuredmedia":[{"embeddable":true,"href":"https:\/\/diagzone.org\/de\/wp-json\/wp\/v2\/media\/3450"}],"wp:attachment":[{"href":"https:\/\/diagzone.org\/de\/wp-json\/wp\/v2\/media?parent=3419"}],"wp:term":[{"taxonomy":"product_cat","embeddable":true,"href":"https:\/\/diagzone.org\/de\/wp-json\/wp\/v2\/product_cat?post=3419"},{"taxonomy":"product_tag","embeddable":true,"href":"https:\/\/diagzone.org\/de\/wp-json\/wp\/v2\/product_tag?post=3419"}],"curies":[{"name":"wp","href":"https:\/\/api.w.org\/{rel}","templated":true}]}}