
{"id":3422,"date":"2025-09-27T12:56:14","date_gmt":"2025-09-27T10:56:14","guid":{"rendered":"https:\/\/diagzone.org\/?post_type=product&#038;p=3422"},"modified":"2025-09-27T19:06:54","modified_gmt":"2025-09-27T17:06:54","slug":"16-pin-eobd-extension-cable-diagzone-compatible","status":"publish","type":"product","link":"https:\/\/diagzone.org\/de\/produkt\/16-pin-eobd-extension-cable-diagzone-compatible\/","title":{"rendered":"16-Pin EOBD-Verl\u00e4ngerungskabel \u2013 DiagZone-kompatibel"},"content":{"rendered":"<p data-start=\"220\" data-end=\"677\" class=\" translation-block\">Vielen Dank f\u00fcr Ihr Interesse am <strong data-start=\"255\" data-end=\"296\">16-poligen auf 16-poligen EOBD-Verl\u00e4ngerungskabel<\/strong>.<br data-start=\"297\" data-end=\"300\">Dieses hochwertige Kabel ist f\u00fcr die Verwendung mit der <strong data-start=\"353\" data-end=\"374\">DiagZone-Plattform<\/strong> konzipiert und vollst\u00e4ndig kompatibel mit allen von uns angebotenen OBD-Anschl\u00fcssen, einschlie\u00dflich DBScar 5, DBScar 7, ThinkDiag 2, Ediag+ und SmartLink C 2.0. Es verl\u00e4ngert die Verbindung zwischen Ihrem Diagnoseadapter und dem OBD2\/EOBD-Anschluss des Fahrzeugs und bietet mehr Flexibilit\u00e4t, einfacheren Zugang und geringeren Verschlei\u00df der originalen Buchse.<\/p>\n<p data-start=\"684\" data-end=\"791\">\ud83d\udd39 <strong data-start=\"687\" data-end=\"707\">Wichtiger Hinweis<\/strong><br data-start=\"707\" data-end=\"710\" \/>Dieses Produkt ist <strong data-start=\"726\" data-end=\"743\">nur Hardware<\/strong>.<br data-start=\"744\" data-end=\"747\" \/>Es enth\u00e4lt keine Software und keine Lizenz.<\/p>\n<p data-start=\"798\" data-end=\"996\">\ud83d\udd39 <strong data-start=\"801\" data-end=\"823\">Support &amp; Anleitung<\/strong><br data-start=\"823\" data-end=\"826\" \/>Ben\u00f6tigen Sie Hilfe beim Anschlie\u00dfen Ihres Adapters \u00fcber das Verl\u00e4ngerungskabel?<br data-start=\"888\" data-end=\"891\" \/>Unser Team kann Unterst\u00fctzung bieten, um eine korrekte Installation und eine zuverl\u00e4ssige Nutzung mit der DiagZone-Software sicherzustellen.<\/p>\n<p data-start=\"1003\" data-end=\"1179\">\ud83d\udd39 <strong data-start=\"1006\" data-end=\"1027\">Qualit\u00e4tssicherung<\/strong><br data-start=\"1027\" data-end=\"1030\" \/>Jedes Kabel wird vor dem Versand getestet, um eine korrekte Pin-zu-Pin-Konnektivit\u00e4t, eine stabile Daten\u00fcbertragung und eine f\u00fcr Werkstattbedingungen geeignete Haltbarkeit zu gew\u00e4hrleisten.<\/p>\n<h2 data-start=\"1186\" data-end=\"1207\">Produkteigenschaften<\/h2>\n<ul data-start=\"1209\" data-end=\"1702\">\n<li data-start=\"1209\" data-end=\"1271\">\n<p data-start=\"1211\" data-end=\"1271\"><strong data-start=\"1211\" data-end=\"1269\">16-poliges OBD2\/EOBD-Verl\u00e4ngerungskabel (Stecker auf Buchse)<\/strong><\/p>\n<\/li>\n<li data-start=\"1272\" data-end=\"1382\">\n<p data-start=\"1274\" data-end=\"1382\" class=\" translation-block\">Vollst\u00e4ndig kompatibel mit <strong data-start=\"1296\" data-end=\"1321\">DiagZone OBD adapters<\/strong> (DBScar 5, DBScar 7, ThinkDiag 2, Ediag+, SmartLink C 2.0)<\/p>\n<\/li>\n<li data-start=\"1383\" data-end=\"1469\">\n<p data-start=\"1385\" data-end=\"1469\">Erweitert die Verbindung zwischen Diagnoseger\u00e4t und Fahrzeug f\u00fcr mehr Flexibilit\u00e4t<\/p>\n<\/li>\n<li data-start=\"1470\" data-end=\"1537\">\n<p data-start=\"1472\" data-end=\"1537\">Sch\u00fctzt die originale OBD2-Buchse vor h\u00e4ufiger Belastung und Abnutzung<\/p>\n<\/li>\n<li data-start=\"1538\" data-end=\"1621\">\n<p data-start=\"1540\" data-end=\"1621\">Zuverl\u00e4ssige Signal\u00fcbertragung f\u00fcr pr\u00e4zise Diagnosen bei allen unterst\u00fctzten Fahrzeugen<\/p>\n<\/li>\n<li data-start=\"1622\" data-end=\"1702\">\n<p data-start=\"1624\" data-end=\"1702\">Robustes und flexibles Design f\u00fcr professionelle Werkst\u00e4tten und den privaten Gebrauch<\/p>\n<\/li>\n<\/ul>\n<h3 data-start=\"1709\" data-end=\"1741\">\ud83d\udce6 Lieferumfang<\/h3>\n<ul data-start=\"1742\" data-end=\"1792\">\n<li data-start=\"1742\" data-end=\"1792\">\n<p data-start=\"1744\" data-end=\"1792\">1 \u00d7 16-poliges OBD2\/EOBD-Verl\u00e4ngerungskabel (16-Pin auf 16-Pin)<\/p>\n<\/li>\n<\/ul>\n<p data-start=\"1799\" data-end=\"2065\">\u2705 <strong data-start=\"1801\" data-end=\"2063\">Kurz gesagt ist das 16-polige auf 16-polige EOBD-Verl\u00e4ngerungskabel das perfekte Zubeh\u00f6r f\u00fcr DiagZone-Nutzer. Es funktioniert mit allen unterst\u00fctzten OBD-Adaptern, sorgt f\u00fcr stabile Diagnosen, sch\u00fctzt den OBD2-Anschluss Ihres Fahrzeugs und erleichtert das Anschlie\u00dfen in jeder Werkstattumgebung.<\/strong><\/p>","protected":false},"excerpt":{"rendered":"<p>Das 16-Pin-zu-16-Pin EOBD-Verl\u00e4ngerungskabel ist vollst\u00e4ndig kompatibel mit der DiagZone-Plattform und allen unseren OBD-Adaptern (DBScar 5, DBScar 7, ThinkDiag 2, Ediag+, SmartLink C 2.0). Es verl\u00e4ngert die Diagnoseverbindung, sch\u00fctzt den OBD2-Anschluss und sorgt f\u00fcr eine stabile Kommunikation w\u00e4hrend der Fahrzeugdiagnose.<\/p>","protected":false},"featured_media":3458,"template":"","meta":{"_acf_changed":false,"_seopress_robots_primary_cat":"none","_seopress_titles_title":"16-Pin EOBD Extension Cable \u2013 Compatible with DiagZone & All OBD Adapters","_seopress_titles_desc":"Buy the 16-Pin to 16-Pin EOBD Extension Cable for DiagZone. Works with DBScar 5, DBScar 7, ThinkDiag 2, Ediag+, and SmartLink C 2.0. Protects the OBD2 port, extends connection reach, and ensures stable diagnostic performance.","_seopress_robots_index":"","inline_featured_image":false,"_kad_blocks_custom_css":"","_kad_blocks_head_custom_js":"","_kad_blocks_body_custom_js":"","_kad_blocks_footer_custom_js":"","_themeisle_gutenberg_block_has_review":false,"_kad_post_transparent":"default","_kad_post_title":"","_kad_post_layout":"default","_kad_post_sidebar_id":"","_kad_post_content_style":"default","_kad_post_vertical_padding":"default","_kad_post_feature":"","_kad_post_feature_position":"","_kad_post_header":false,"_kad_post_footer":false,"iawp_total_views":86},"product_cat":[22],"product_tag":[65,66,64,42],"class_list":{"0":"post-3422","1":"product","2":"type-product","3":"status-publish","4":"has-post-thumbnail","6":"product_cat-accessories","7":"product_tag-16-pin","8":"product_tag-eobd","9":"product_tag-extension-cable","10":"product_tag-obd2","12":"first","13":"instock","14":"shipping-taxable","15":"purchasable","16":"product-type-simple","17":"entry","18":"content-bg","19":"loop-entry"},"acf":[],"taxonomy_info":{"product_cat":[{"value":22,"label":"Accessories"}],"product_tag":[{"value":65,"label":"16-Pin"},{"value":66,"label":"EOBD"},{"value":64,"label":"Extension Cable"},{"value":42,"label":"OBD2"}]},"featured_image_src_large":["https:\/\/diagzone.org\/wp-content\/uploads\/2025\/09\/Diagzone_16pin_to_16pin_OBD2_cable_1.jpg",600,600,false],"author_info":[],"comment_info":"","_links":{"self":[{"href":"https:\/\/diagzone.org\/de\/wp-json\/wp\/v2\/product\/3422","targetHints":{"allow":["GET"]}}],"collection":[{"href":"https:\/\/diagzone.org\/de\/wp-json\/wp\/v2\/product"}],"about":[{"href":"https:\/\/diagzone.org\/de\/wp-json\/wp\/v2\/types\/product"}],"wp:featuredmedia":[{"embeddable":true,"href":"https:\/\/diagzone.org\/de\/wp-json\/wp\/v2\/media\/3458"}],"wp:attachment":[{"href":"https:\/\/diagzone.org\/de\/wp-json\/wp\/v2\/media?parent=3422"}],"wp:term":[{"taxonomy":"product_cat","embeddable":true,"href":"https:\/\/diagzone.org\/de\/wp-json\/wp\/v2\/product_cat?post=3422"},{"taxonomy":"product_tag","embeddable":true,"href":"https:\/\/diagzone.org\/de\/wp-json\/wp\/v2\/product_tag?post=3422"}],"curies":[{"name":"wp","href":"https:\/\/api.w.org\/{rel}","templated":true}]}}