
{"id":3,"date":"2024-01-12T18:22:47","date_gmt":"2024-01-12T18:22:47","guid":{"rendered":"https:\/\/diagzone.org\/?page_id=3"},"modified":"2025-10-09T10:41:04","modified_gmt":"2025-10-09T08:41:04","slug":"privacy-policy","status":"publish","type":"page","link":"https:\/\/diagzone.org\/es\/privacy-policy\/","title":{"rendered":"Pol\u00edtica de privacidad"},"content":{"rendered":"<style>.kb-row-layout-id3_ae0cfc-9b > .kt-row-column-wrap{align-content:start;}:where(.kb-row-layout-id3_ae0cfc-9b > .kt-row-column-wrap) > .wp-block-kadence-column{justify-content:start;}.kb-row-layout-id3_ae0cfc-9b > .kt-row-column-wrap{column-gap:var(--global-kb-gap-md, 2rem);row-gap:var(--global-kb-gap-md, 2rem);max-width:var( --global-content-width, 1444px );padding-left:var(--global-content-edge-padding);padding-right:var(--global-content-edge-padding);padding-top:var(--global-kb-spacing-4xl, 8rem);padding-bottom:var(--global-kb-spacing-4xl, 8rem);grid-template-columns:minmax(0, 1fr);}.kb-row-layout-id3_ae0cfc-9b > .kt-row-layout-overlay{opacity:0.30;}@media all and (max-width: 1024px){.kb-row-layout-id3_ae0cfc-9b > .kt-row-column-wrap{grid-template-columns:minmax(0, 1fr);}}@media all and (max-width: 767px){.kb-row-layout-id3_ae0cfc-9b > .kt-row-column-wrap{grid-template-columns:minmax(0, 1fr);}}<\/style><div class=\"kb-row-layout-wrap kb-row-layout-id3_ae0cfc-9b alignnone wp-block-kadence-rowlayout\"><div class=\"kt-row-column-wrap kt-has-1-columns kt-row-layout-equal kt-tab-layout-inherit kt-mobile-layout-row kt-row-valign-top kb-theme-content-width\">\n<style>.kadence-column3_8e4e10-0d > .kt-inside-inner-col,.kadence-column3_8e4e10-0d > .kt-inside-inner-col:before{border-top-left-radius:0px;border-top-right-radius:0px;border-bottom-right-radius:0px;border-bottom-left-radius:0px;}.kadence-column3_8e4e10-0d > .kt-inside-inner-col{column-gap:var(--global-kb-gap-sm, 1rem);}.kadence-column3_8e4e10-0d > .kt-inside-inner-col{flex-direction:column;}.kadence-column3_8e4e10-0d > .kt-inside-inner-col > .aligncenter{width:100%;}.kadence-column3_8e4e10-0d > .kt-inside-inner-col:before{opacity:0.3;}.kadence-column3_8e4e10-0d{position:relative;}@media all and (max-width: 1024px){.kadence-column3_8e4e10-0d > .kt-inside-inner-col{flex-direction:column;justify-content:center;}}@media all and (max-width: 767px){.kadence-column3_8e4e10-0d > .kt-inside-inner-col{flex-direction:column;justify-content:center;}}<\/style>\n<div class=\"wp-block-kadence-column kadence-column3_8e4e10-0d\"><div class=\"kt-inside-inner-col\">\n<p><br>Pol\u00edtica de privacidad<\/p>\n\n\n\n<p>\u00daltima actualizaci\u00f3n: 15.06.2025<\/p>\n\n\n\n<p class=\" translation-block\">Gracias por elegir comprar en DiagZone. Esta Pol\u00edtica de privacidad describe c\u00f3mo recopilamos, utilizamos, divulgamos y protegemos su informaci\u00f3n personal. Al acceder o utilizar nuestro sitio web <a href=\"https:\/\/diagzone.org\/\" target=\"_self\">https:\/\/diagzone.org\n<\/a> y cualquier servicio relacionado (colectivamente, los \u00ab Servicios\u00bb), usted acepta los t\u00e9rminos y condiciones de esta Pol\u00edtica de privacidad.<\/p>\n\n\n\n<p class=\" translation-block\"><strong>Informaci\u00f3n personal:<\/strong><br>\nPodemos recopilar informaci\u00f3n personal, como su nombre, direcci\u00f3n, correo electr\u00f3nico y n\u00famero de tel\u00e9fono, cuando realiza una compra o crea una cuenta.<br>\n<strong>Informaci\u00f3n de pago:<\/strong><br>\nPara procesar sus pedidos, recopilamos informaci\u00f3n de pago, incluidos los datos de la tarjeta de cr\u00e9dito u otros m\u00e9todos de pago.<br>\nLos pagos se procesan de forma segura a trav\u00e9s de nuestro proveedor externo <strong>Stripe<\/strong>, y no almacenamos sus datos completos de pago.<br>\nPara m\u00e1s informaci\u00f3n, consulte la <a href=\"https:\/\/stripe.com\/privacy\" target=\"_self\">Pol\u00edtica de privacidad de Stripe<\/a>.<br>\n<strong>Informaci\u00f3n del dispositivo:<\/strong><br>\nPodemos recopilar informaci\u00f3n sobre el dispositivo que utiliza para acceder a nuestro sitio web, incluida la direcci\u00f3n IP, el tipo de navegador y los identificadores del dispositivo.<br>\n<strong>Informaci\u00f3n de uso:<\/strong><br>\nRecopilamos informaci\u00f3n sobre sus interacciones con nuestro sitio web, como las p\u00e1ginas que visita, los productos que visualiza y sus patrones de navegaci\u00f3n.<br><br>\n\n<strong>C\u00f3mo utilizamos su informaci\u00f3n:<\/strong><br>\na. Para gestionar y completar sus pedidos.<br>\nb. Para comunicarnos con usted sobre sus pedidos y brindarle atenci\u00f3n al cliente.<br>\nc. Para personalizar su experiencia de compra y mejorar nuestro sitio web.<br>\nd. Para enviarle ofertas promocionales, boletines informativos y actualizaciones (si ha dado su consentimiento).<br><br>\n\n<strong>Compartici\u00f3n de informaci\u00f3n:<\/strong><br>\na. No vendemos, intercambiamos ni alquilamos su informaci\u00f3n personal a terceros.<br>\nb. Podemos compartir su informaci\u00f3n con proveedores externos de confianza que nos ayudan a operar nuestro sitio web y a llevar a cabo nuestro negocio.<br><br>\n\n<strong>Seguridad de los datos:<\/strong><br>\na. Implementamos medidas de seguridad est\u00e1ndar del sector para proteger su informaci\u00f3n personal.<br>\nb. Sin embargo, ning\u00fan m\u00e9todo de transmisi\u00f3n por Internet o de almacenamiento electr\u00f3nico es completamente seguro. Por lo tanto, no podemos garantizar una seguridad absoluta.<br><br>\n\n<strong>Sus derechos (RGPD):<\/strong><br>\nSi se encuentra en el Espacio Econ\u00f3mico Europeo (EEE), tiene derecho a acceder, corregir, eliminar o restringir el tratamiento de sus datos personales, as\u00ed como el derecho a la portabilidad de los datos.<br>\nPara ejercer estos derechos, p\u00f3ngase en contacto con nosotros en <strong><a target=\"_self\">support@diagzone.org\n<\/a><\/strong>.<br><br>\n\n<strong>Sus opciones:<\/strong><br>\na. Puede darse de baja de las comunicaciones promocionales siguiendo las instrucciones de cancelaci\u00f3n incluidas en los correos electr\u00f3nicos o contact\u00e1ndonos.<br>\nb. Puede actualizar o corregir la informaci\u00f3n de su cuenta iniciando sesi\u00f3n en su cuenta o contact\u00e1ndonos.<br><br>\n\n<strong>Cont\u00e1ctenos:<\/strong><br>\nSi tiene preguntas o inquietudes sobre nuestra Pol\u00edtica de privacidad, cont\u00e1ctenos en <strong><a target=\"_self\">support@diagzone.org\n<\/a><\/strong>.<br><br>\n\n<strong>Cambios en la Pol\u00edtica de privacidad:<\/strong><br>\nNos reservamos el derecho de actualizar esta Pol\u00edtica de privacidad en cualquier momento. Cualquier cambio ser\u00e1 efectivo inmediatamente despu\u00e9s de su publicaci\u00f3n en nuestro sitio web.<\/p>\n\n\n\n<h3 class=\"wp-block-heading\"><strong>Responsable del tratamiento \/ Responsable de los datos:<\/strong><\/h3>\n\n\n\n<p class=\" translation-block\">CodeShift<br>\nCorreo electr\u00f3nico: <a target=\"_self\">support@diagzone.org\n<\/a><\/p>\n\n\n\n<p><\/p>\n\n\n\n<ol class=\"wp-block-list\"><\/ol>\n\n\n\n<p>Al continuar utilizando nuestro sitio web, usted reconoce y acepta los t\u00e9rminos de esta Pol\u00edtica de privacidad.<\/p>\n<\/div><\/div>\n\n<\/div><\/div>\n\n<style>.kb-row-layout-id522_1b74f9-56 > .kt-row-column-wrap{align-content:start;}:where(.kb-row-layout-id522_1b74f9-56 > .kt-row-column-wrap) > .wp-block-kadence-column{justify-content:start;}.kb-row-layout-id522_1b74f9-56 > .kt-row-column-wrap{column-gap:var(--global-kb-gap-md, 2rem);row-gap:var(--global-kb-gap-md, 2rem);padding-bottom:var(--global-kb-spacing-md, 2rem);grid-template-columns:minmax(0, 1fr);}.kb-row-layout-id522_1b74f9-56{background-image:linear-gradient(180deg,var(--global-palette1) 30%,rgb(20,39,109) 100%);}.kb-row-layout-id522_1b74f9-56 > .kt-row-layout-overlay{opacity:0.09;}@media all and (max-width: 1024px){.kb-row-layout-id522_1b74f9-56 > .kt-row-column-wrap{grid-template-columns:minmax(0, 1fr);}}@media all and (max-width: 767px){.kb-row-layout-id522_1b74f9-56 > .kt-row-column-wrap{grid-template-columns:minmax(0, 1fr);}}<\/style><div class=\"kb-row-layout-wrap kb-row-layout-id522_1b74f9-56 alignfull has-theme-palette1-background-color kt-row-has-bg wp-block-kadence-rowlayout\"><div class=\"kt-row-column-wrap kt-has-1-columns kt-row-layout-equal kt-tab-layout-inherit kt-mobile-layout-row kt-row-valign-top\">\n<style>.kadence-column522_d2c269-2f > .kt-inside-inner-col,.kadence-column522_d2c269-2f > .kt-inside-inner-col:before{border-top-left-radius:0px;border-top-right-radius:0px;border-bottom-right-radius:0px;border-bottom-left-radius:0px;}.kadence-column522_d2c269-2f > .kt-inside-inner-col{column-gap:var(--global-kb-gap-sm, 1rem);}.kadence-column522_d2c269-2f > .kt-inside-inner-col{flex-direction:column;}.kadence-column522_d2c269-2f > .kt-inside-inner-col > .aligncenter{width:100%;}.kadence-column522_d2c269-2f > .kt-inside-inner-col:before{opacity:0.3;}.kadence-column522_d2c269-2f{position:relative;}@media all and (max-width: 1024px){.kadence-column522_d2c269-2f > .kt-inside-inner-col{flex-direction:column;justify-content:center;}}@media all and (max-width: 767px){.kadence-column522_d2c269-2f > .kt-inside-inner-col{flex-direction:column;justify-content:center;}}<\/style>\n<div class=\"wp-block-kadence-column kadence-column522_d2c269-2f\"><div class=\"kt-inside-inner-col\"><style>.kb-row-layout-id522_001f9d-01 > .kt-row-column-wrap{align-content:start;}:where(.kb-row-layout-id522_001f9d-01 > .kt-row-column-wrap) > .wp-block-kadence-column{justify-content:start;}.kb-row-layout-id522_001f9d-01 > .kt-row-column-wrap{column-gap:var(--global-kb-gap-md, 2rem);row-gap:var(--global-kb-gap-md, 2rem);padding-top:var(--global-kb-spacing-sm, 1.5rem);padding-bottom:var(--global-kb-spacing-sm, 1.5rem);grid-template-columns:minmax(0, 1fr);}.kb-row-layout-id522_001f9d-01 > .kt-row-layout-overlay{opacity:0.30;}@media all and (max-width: 1024px){.kb-row-layout-id522_001f9d-01 > .kt-row-column-wrap{grid-template-columns:minmax(0, 1fr);}}@media all and (max-width: 767px){.kb-row-layout-id522_001f9d-01 > .kt-row-column-wrap{grid-template-columns:minmax(0, 1fr);}}<\/style><div class=\"kb-row-layout-wrap kb-row-layout-id522_001f9d-01 alignnone wp-block-kadence-rowlayout\"><div class=\"kt-row-column-wrap kt-has-1-columns kt-row-layout-equal kt-tab-layout-inherit kt-mobile-layout-row kt-row-valign-top\">\n<style>.kadence-column522_52d44e-a8 > .kt-inside-inner-col,.kadence-column522_52d44e-a8 > .kt-inside-inner-col:before{border-top-left-radius:0px;border-top-right-radius:0px;border-bottom-right-radius:0px;border-bottom-left-radius:0px;}.kadence-column522_52d44e-a8 > .kt-inside-inner-col{column-gap:var(--global-kb-gap-sm, 1rem);}.kadence-column522_52d44e-a8 > .kt-inside-inner-col{flex-direction:column;}.kadence-column522_52d44e-a8 > .kt-inside-inner-col > .aligncenter{width:100%;}.kadence-column522_52d44e-a8 > .kt-inside-inner-col:before{opacity:0.3;}.kadence-column522_52d44e-a8{position:relative;}@media all and (max-width: 1024px){.kadence-column522_52d44e-a8 > .kt-inside-inner-col{flex-direction:column;justify-content:center;}}@media all and (max-width: 767px){.kadence-column522_52d44e-a8 > .kt-inside-inner-col{flex-direction:column;justify-content:center;}}<\/style>\n<div class=\"wp-block-kadence-column kadence-column522_52d44e-a8\"><div class=\"kt-inside-inner-col\"><style>.wp-block-kadence-advancedheading.kt-adv-heading522_694c7d-3d, .wp-block-kadence-advancedheading.kt-adv-heading522_694c7d-3d[data-kb-block=\"kb-adv-heading522_694c7d-3d\"]{text-align:center;font-size:var(--global-kb-font-size-xxl, 4rem);font-style:normal;}.wp-block-kadence-advancedheading.kt-adv-heading522_694c7d-3d mark.kt-highlight, .wp-block-kadence-advancedheading.kt-adv-heading522_694c7d-3d[data-kb-block=\"kb-adv-heading522_694c7d-3d\"] mark.kt-highlight{font-style:normal;color:#f76a0c;-webkit-box-decoration-break:clone;box-decoration-break:clone;padding-top:0px;padding-right:0px;padding-bottom:0px;padding-left:0px;}<\/style>\n<h2 class=\"kt-adv-heading522_694c7d-3d wp-block-kadence-advancedheading has-theme-palette-9-color has-text-color\" data-kb-block=\"kb-adv-heading522_694c7d-3d\">Compra en DiagZone y diagnostica tu coche con nuestro software premium. <\/h2>\n\n\n<style>.wp-block-kadence-advancedbtn.kb-btns522_0da8e3-fa{gap:var(--global-kb-gap-sm, 1rem);justify-content:center;align-items:center;}.kt-btns522_0da8e3-fa .kt-button{font-weight:normal;font-style:normal;}.kt-btns522_0da8e3-fa .kt-btn-wrap-0{margin-right:5px;}.wp-block-kadence-advancedbtn.kt-btns522_0da8e3-fa .kt-btn-wrap-0 .kt-button{color:#555555;border-color:#555555;}.wp-block-kadence-advancedbtn.kt-btns522_0da8e3-fa .kt-btn-wrap-0 .kt-button:hover, .wp-block-kadence-advancedbtn.kt-btns522_0da8e3-fa .kt-btn-wrap-0 .kt-button:focus{color:#ffffff;border-color:#444444;}.wp-block-kadence-advancedbtn.kt-btns522_0da8e3-fa .kt-btn-wrap-0 .kt-button::before{display:none;}.wp-block-kadence-advancedbtn.kt-btns522_0da8e3-fa .kt-btn-wrap-0 .kt-button:hover, .wp-block-kadence-advancedbtn.kt-btns522_0da8e3-fa .kt-btn-wrap-0 .kt-button:focus{background:#444444;}<\/style>\n<div class=\"wp-block-kadence-advancedbtn kb-buttons-wrap kb-btns522_0da8e3-fa\"><style>ul.menu .wp-block-kadence-advancedbtn .kb-btn522_64975e-51.kb-button{width:initial;}.wp-block-kadence-advancedbtn .kb-btn522_64975e-51.kb-button{background:var(--global-palette3, #1A202C);}.wp-block-kadence-advancedbtn .kb-btn522_64975e-51.kb-button:hover, .wp-block-kadence-advancedbtn .kb-btn522_64975e-51.kb-button:focus{background:var(--global-palette6, #718096);}<\/style><a class=\"kb-button kt-button button kb-btn522_64975e-51 kt-btn-size-large kt-btn-width-type-auto kb-btn-global-fill kt-btn-has-text-true kt-btn-has-svg-false  wp-block-kadence-singlebtn\" href=\"https:\/\/diagzone.org\/#diagzone-sn-check-container\"><span class=\"kt-btn-inner-text\">Comprobar los conectores compatibles<\/span><\/a>\n\n<style>ul.menu .wp-block-kadence-advancedbtn .kb-btn522_718b54-cd.kb-button{width:initial;}.wp-block-kadence-advancedbtn .kb-btn522_718b54-cd.kb-button{background:var(--global-palette3, #1A202C);}.wp-block-kadence-advancedbtn .kb-btn522_718b54-cd.kb-button:hover, .wp-block-kadence-advancedbtn .kb-btn522_718b54-cd.kb-button:focus{background:var(--global-palette2, #2B6CB0);}<\/style><a class=\"kb-button kt-button button kb-btn522_718b54-cd kt-btn-size-large kt-btn-width-type-auto kb-btn-global-fill kt-btn-has-text-true kt-btn-has-svg-false  wp-block-kadence-singlebtn\" href=\"https:\/\/diagzone.org\/downloads\/\" target=\"_blank\" rel=\"noreferrer noopener\"><span class=\"kt-btn-inner-text\">Descargar APK<\/span><\/a><\/div>\n<\/div><\/div>\n\n<\/div><\/div><\/div><\/div>\n\n<\/div><\/div>","protected":false},"excerpt":{"rendered":"<p>Privacy Policy Last updated: 15.06.2025 Thank you for choosing to shop at DiagZone. This Privacy Policy outlines how we collect, use, disclose, and safeguard your personal information. By accessing or using our website, https:\/\/diagzone.org, and any related services (collectively, the &#8220;Services&#8221;), you agree to the terms and conditions of this Privacy Policy. Personal Information:We may&#8230;<\/p>","protected":false},"author":1,"featured_media":0,"parent":0,"menu_order":0,"comment_status":"closed","ping_status":"open","template":"","meta":{"_acf_changed":false,"_seopress_robots_primary_cat":"","_seopress_titles_title":"","_seopress_titles_desc":"","_seopress_robots_index":"","inline_featured_image":false,"_kad_blocks_custom_css":"","_kad_blocks_head_custom_js":"","_kad_blocks_body_custom_js":"","_kad_blocks_footer_custom_js":"","_themeisle_gutenberg_block_has_review":false,"_kad_post_transparent":"","_kad_post_title":"","_kad_post_layout":"","_kad_post_sidebar_id":"","_kad_post_content_style":"","_kad_post_vertical_padding":"","_kad_post_feature":"","_kad_post_feature_position":"","_kad_post_header":false,"_kad_post_footer":false,"iawp_total_views":267,"footnotes":""},"class_list":["post-3","page","type-page","status-publish","hentry"],"acf":[],"taxonomy_info":[],"featured_image_src_large":false,"author_info":{"display_name":"diagzone","author_link":"https:\/\/diagzone.org\/es\/author\/xpro5\/"},"comment_info":0,"_links":{"self":[{"href":"https:\/\/diagzone.org\/es\/wp-json\/wp\/v2\/pages\/3","targetHints":{"allow":["GET"]}}],"collection":[{"href":"https:\/\/diagzone.org\/es\/wp-json\/wp\/v2\/pages"}],"about":[{"href":"https:\/\/diagzone.org\/es\/wp-json\/wp\/v2\/types\/page"}],"author":[{"embeddable":true,"href":"https:\/\/diagzone.org\/es\/wp-json\/wp\/v2\/users\/1"}],"replies":[{"embeddable":true,"href":"https:\/\/diagzone.org\/es\/wp-json\/wp\/v2\/comments?post=3"}],"version-history":[{"count":4,"href":"https:\/\/diagzone.org\/es\/wp-json\/wp\/v2\/pages\/3\/revisions"}],"predecessor-version":[{"id":3564,"href":"https:\/\/diagzone.org\/es\/wp-json\/wp\/v2\/pages\/3\/revisions\/3564"}],"wp:attachment":[{"href":"https:\/\/diagzone.org\/es\/wp-json\/wp\/v2\/media?parent=3"}],"curies":[{"name":"wp","href":"https:\/\/api.w.org\/{rel}","templated":true}]}}