
{"id":454,"date":"2024-01-18T15:40:09","date_gmt":"2024-01-18T14:40:09","guid":{"rendered":"https:\/\/diagzone.org\/?page_id=454"},"modified":"2025-10-09T10:46:11","modified_gmt":"2025-10-09T08:46:11","slug":"terms-and-conditions","status":"publish","type":"page","link":"https:\/\/diagzone.org\/es\/terms-and-conditions\/","title":{"rendered":"T\u00e9rminos y condiciones"},"content":{"rendered":"<style>.kb-row-layout-id454_a26300-05 > .kt-row-column-wrap{align-content:start;}:where(.kb-row-layout-id454_a26300-05 > .kt-row-column-wrap) > .wp-block-kadence-column{justify-content:start;}.kb-row-layout-id454_a26300-05 > .kt-row-column-wrap{column-gap:var(--global-kb-gap-md, 2rem);row-gap:var(--global-kb-gap-md, 2rem);max-width:var( --global-content-width, 1444px );padding-left:var(--global-content-edge-padding);padding-right:var(--global-content-edge-padding);padding-top:var(--global-kb-spacing-4xl, 8rem);padding-bottom:var(--global-kb-spacing-4xl, 8rem);grid-template-columns:minmax(0, 1fr);}.kb-row-layout-id454_a26300-05 > .kt-row-layout-overlay{opacity:0.30;}@media all and (max-width: 1024px){.kb-row-layout-id454_a26300-05 > .kt-row-column-wrap{grid-template-columns:minmax(0, 1fr);}}@media all and (max-width: 767px){.kb-row-layout-id454_a26300-05 > .kt-row-column-wrap{grid-template-columns:minmax(0, 1fr);}}<\/style><div class=\"kb-row-layout-wrap kb-row-layout-id454_a26300-05 alignnone wp-block-kadence-rowlayout\"><div class=\"kt-row-column-wrap kt-has-1-columns kt-row-layout-equal kt-tab-layout-inherit kt-mobile-layout-row kt-row-valign-top kb-theme-content-width\">\n<style>.kadence-column454_34c797-f0 > .kt-inside-inner-col,.kadence-column454_34c797-f0 > .kt-inside-inner-col:before{border-top-left-radius:0px;border-top-right-radius:0px;border-bottom-right-radius:0px;border-bottom-left-radius:0px;}.kadence-column454_34c797-f0 > .kt-inside-inner-col{column-gap:var(--global-kb-gap-sm, 1rem);}.kadence-column454_34c797-f0 > .kt-inside-inner-col{flex-direction:column;}.kadence-column454_34c797-f0 > .kt-inside-inner-col > .aligncenter{width:100%;}.kadence-column454_34c797-f0 > .kt-inside-inner-col:before{opacity:0.3;}.kadence-column454_34c797-f0{position:relative;}@media all and (max-width: 1024px){.kadence-column454_34c797-f0 > .kt-inside-inner-col{flex-direction:column;justify-content:center;}}@media all and (max-width: 767px){.kadence-column454_34c797-f0 > .kt-inside-inner-col{flex-direction:column;justify-content:center;}}<\/style>\n<div class=\"wp-block-kadence-column kadence-column454_34c797-f0\"><div class=\"kt-inside-inner-col\">\n<p>T\u00e9rminos y condiciones<\/p>\n\n\n\n<p>\u00daltima actualizaci\u00f3n: 15.06.2025<\/p>\n\n\n\n<p class=\" translation-block\">Lea atentamente estos T\u00e9rminos y Condiciones antes de utilizar <a href=\"https:\/\/diagzone.org\" target=\"_self\">https:\/\/diagzone.org\n<\/a> (el \u00ab sitio web \u00bb) y de realizar cualquier transacci\u00f3n con <strong>CodeShift<\/strong>, el operador de DiagZone.<\/p>\n\n\n\n<p>Al acceder o utilizar nuestro sitio web y comprar productos de DiagZone, usted acepta cumplir y quedar vinculado por estos T\u00e9rminos y Condiciones.<\/p>\n\n\n\n<hr class=\"wp-block-separator has-alpha-channel-opacity\"\/>\n\n\n\n<p class=\" translation-block\"><strong>Condiciones generales:<\/strong><br>\na. Al realizar un pedido a trav\u00e9s de nuestro sitio web, confirmas que tienes al menos 18 a\u00f1os o que cuentas con la capacidad legal para celebrar contratos.<br>\nb. Aceptas proporcionar informaci\u00f3n precisa y completa al realizar una compra.<br>\nc. DiagZone se reserva el derecho de rechazar el servicio, cancelar cuentas y anular pedidos a su entera discreci\u00f3n.<\/p>\n\n\n\n<hr class=\"wp-block-separator has-alpha-channel-opacity\"\/>\n\n\n\n<p class=\" translation-block\"><strong>Informaci\u00f3n del producto:<\/strong><br>\na. DiagZone hace todo lo posible por mostrar la informaci\u00f3n del producto de forma precisa. Sin embargo, no garantizamos que las descripciones de los productos u otro contenido del sitio web sean precisos, completos, fiables, actuales o libres de errores.<br>\nb. Los precios est\u00e1n sujetos a cambios sin previo aviso.<\/p>\n\n\n\n<hr class=\"wp-block-separator has-alpha-channel-opacity\"\/>\n\n\n\n<p class=\" translation-block\"><strong>Aceptaci\u00f3n y confirmaci\u00f3n del pedido:<\/strong><br>\na. Una vez que realice un pedido, recibir\u00e1 un correo electr\u00f3nico de confirmaci\u00f3n. Esta confirmaci\u00f3n no garantiza la aceptaci\u00f3n de su pedido. DiagZone se reserva el derecho de limitar cantidades y rechazar o cancelar pedidos.<br>\nb. La aceptaci\u00f3n de su pedido solo se confirma cuando enviamos o entregamos electr\u00f3nicamente el producto y le notificamos dicha entrega.<\/p>\n\n\n\n<hr class=\"wp-block-separator has-alpha-channel-opacity\"\/>\n\n\n\n<p class=\" translation-block\"><strong>Pago:<\/strong><br>\na. Todos los pagos se procesan a trav\u00e9s de pasarelas de pago seguras. <strong>Utilizamos Stripe como nuestro procesador de pagos<\/strong>, y CodeShift d.o.o. no almacena ni tiene acceso a la informaci\u00f3n de su tarjeta de cr\u00e9dito.<br>\nb. Al completar una compra, usted autoriza a Stripe a procesar el pago de forma segura en nombre de CodeShift d.o.o.<\/p>\n\n\n\n<hr class=\"wp-block-separator has-alpha-channel-opacity\"\/>\n\n\n\n<p class=\" translation-block\"><strong>Entrega digital:<\/strong><br>\na. Todas las licencias de software, activaciones y c\u00f3digos digitales se entregan electr\u00f3nicamente por correo electr\u00f3nico o dentro de su cuenta.<br>\nb. Debido a la naturaleza de los productos digitales, <strong>no se admiten reembolsos despu\u00e9s de la activaci\u00f3n o descarga de la licencia<\/strong>.<\/p>\n\n\n\n<hr class=\"wp-block-separator has-alpha-channel-opacity\"\/>\n\n\n\n<p class=\" translation-block\"><strong>Propiedad intelectual:<\/strong><br>\na. El contenido de este sitio web, incluidos im\u00e1genes, textos, logotipos y gr\u00e1ficos, es propiedad de DiagZone \/ CodeShift y est\u00e1 protegido por las leyes de propiedad intelectual.<\/p>\n\n\n\n<hr class=\"wp-block-separator has-alpha-channel-opacity\"\/>\n\n\n\n<p class=\" translation-block\"><strong>Limitaci\u00f3n de responsabilidad:<\/strong><br>\na. En ning\u00fan caso CodeShift d.o.o. o DiagZone ser\u00e1n responsables de da\u00f1os directos, indirectos, incidentales, especiales o consecuentes que surjan de o est\u00e9n relacionados de cualquier manera con el uso de nuestro sitio web o productos.<\/p>\n\n\n\n<hr class=\"wp-block-separator has-alpha-channel-opacity\"\/>\n\n\n\n<p class=\" translation-block\"><strong>Ley aplicable:<\/strong><br>\na. Estos T\u00e9rminos y Condiciones se rigen e interpretan de conformidad con las leyes de <strong>BIH<\/strong>.<\/p>\n\n\n\n<hr class=\"wp-block-separator has-alpha-channel-opacity\"\/>\n\n\n\n<p class=\" translation-block\"><strong>Cont\u00e1ctenos:<\/strong><br>\nSi tiene alguna pregunta o inquietud sobre estos T\u00e9rminos y Condiciones, p\u00f3ngase en contacto con nosotros en <strong><a target=\"_self\">support@diagzone.org\n<\/a><\/strong>.<\/p>\n\n\n\n<hr class=\"wp-block-separator has-alpha-channel-opacity\"\/>\n\n\n\n<p>DiagZone \/ CodeShift se reserva el derecho de actualizar o modificar estos T\u00e9rminos y Condiciones en cualquier momento y sin previo aviso. Al continuar utilizando nuestro sitio web, aceptas quedar vinculado por la versi\u00f3n m\u00e1s reciente de estos T\u00e9rminos y Condiciones.<\/p>\n\n\n\n<ol class=\"wp-block-list\"><\/ol>\n\n\n\n<p>DiagZone se reserva el derecho de actualizar o modificar estos T\u00e9rminos y Condiciones en cualquier momento y sin previo aviso. Al continuar utilizando nuestro sitio web, aceptas quedar vinculado por la versi\u00f3n m\u00e1s reciente de estos T\u00e9rminos y Condiciones.<\/p>\n<\/div><\/div>\n\n<\/div><\/div>\n\n<style>.kb-row-layout-id522_1b74f9-56 > .kt-row-column-wrap{align-content:start;}:where(.kb-row-layout-id522_1b74f9-56 > .kt-row-column-wrap) > .wp-block-kadence-column{justify-content:start;}.kb-row-layout-id522_1b74f9-56 > .kt-row-column-wrap{column-gap:var(--global-kb-gap-md, 2rem);row-gap:var(--global-kb-gap-md, 2rem);padding-bottom:var(--global-kb-spacing-md, 2rem);grid-template-columns:minmax(0, 1fr);}.kb-row-layout-id522_1b74f9-56{background-image:linear-gradient(180deg,var(--global-palette1) 30%,rgb(20,39,109) 100%);}.kb-row-layout-id522_1b74f9-56 > .kt-row-layout-overlay{opacity:0.09;}@media all and (max-width: 1024px){.kb-row-layout-id522_1b74f9-56 > .kt-row-column-wrap{grid-template-columns:minmax(0, 1fr);}}@media all and (max-width: 767px){.kb-row-layout-id522_1b74f9-56 > .kt-row-column-wrap{grid-template-columns:minmax(0, 1fr);}}<\/style><div class=\"kb-row-layout-wrap kb-row-layout-id522_1b74f9-56 alignfull has-theme-palette1-background-color kt-row-has-bg wp-block-kadence-rowlayout\"><div class=\"kt-row-column-wrap kt-has-1-columns kt-row-layout-equal kt-tab-layout-inherit kt-mobile-layout-row kt-row-valign-top\">\n<style>.kadence-column522_d2c269-2f > .kt-inside-inner-col,.kadence-column522_d2c269-2f > .kt-inside-inner-col:before{border-top-left-radius:0px;border-top-right-radius:0px;border-bottom-right-radius:0px;border-bottom-left-radius:0px;}.kadence-column522_d2c269-2f > .kt-inside-inner-col{column-gap:var(--global-kb-gap-sm, 1rem);}.kadence-column522_d2c269-2f > .kt-inside-inner-col{flex-direction:column;}.kadence-column522_d2c269-2f > .kt-inside-inner-col > .aligncenter{width:100%;}.kadence-column522_d2c269-2f > .kt-inside-inner-col:before{opacity:0.3;}.kadence-column522_d2c269-2f{position:relative;}@media all and (max-width: 1024px){.kadence-column522_d2c269-2f > .kt-inside-inner-col{flex-direction:column;justify-content:center;}}@media all and (max-width: 767px){.kadence-column522_d2c269-2f > .kt-inside-inner-col{flex-direction:column;justify-content:center;}}<\/style>\n<div class=\"wp-block-kadence-column kadence-column522_d2c269-2f\"><div class=\"kt-inside-inner-col\"><style>.kb-row-layout-id522_001f9d-01 > .kt-row-column-wrap{align-content:start;}:where(.kb-row-layout-id522_001f9d-01 > .kt-row-column-wrap) > .wp-block-kadence-column{justify-content:start;}.kb-row-layout-id522_001f9d-01 > .kt-row-column-wrap{column-gap:var(--global-kb-gap-md, 2rem);row-gap:var(--global-kb-gap-md, 2rem);padding-top:var(--global-kb-spacing-sm, 1.5rem);padding-bottom:var(--global-kb-spacing-sm, 1.5rem);grid-template-columns:minmax(0, 1fr);}.kb-row-layout-id522_001f9d-01 > .kt-row-layout-overlay{opacity:0.30;}@media all and (max-width: 1024px){.kb-row-layout-id522_001f9d-01 > .kt-row-column-wrap{grid-template-columns:minmax(0, 1fr);}}@media all and (max-width: 767px){.kb-row-layout-id522_001f9d-01 > .kt-row-column-wrap{grid-template-columns:minmax(0, 1fr);}}<\/style><div class=\"kb-row-layout-wrap kb-row-layout-id522_001f9d-01 alignnone wp-block-kadence-rowlayout\"><div class=\"kt-row-column-wrap kt-has-1-columns kt-row-layout-equal kt-tab-layout-inherit kt-mobile-layout-row kt-row-valign-top\">\n<style>.kadence-column522_52d44e-a8 > .kt-inside-inner-col,.kadence-column522_52d44e-a8 > .kt-inside-inner-col:before{border-top-left-radius:0px;border-top-right-radius:0px;border-bottom-right-radius:0px;border-bottom-left-radius:0px;}.kadence-column522_52d44e-a8 > .kt-inside-inner-col{column-gap:var(--global-kb-gap-sm, 1rem);}.kadence-column522_52d44e-a8 > .kt-inside-inner-col{flex-direction:column;}.kadence-column522_52d44e-a8 > .kt-inside-inner-col > .aligncenter{width:100%;}.kadence-column522_52d44e-a8 > .kt-inside-inner-col:before{opacity:0.3;}.kadence-column522_52d44e-a8{position:relative;}@media all and (max-width: 1024px){.kadence-column522_52d44e-a8 > .kt-inside-inner-col{flex-direction:column;justify-content:center;}}@media all and (max-width: 767px){.kadence-column522_52d44e-a8 > .kt-inside-inner-col{flex-direction:column;justify-content:center;}}<\/style>\n<div class=\"wp-block-kadence-column kadence-column522_52d44e-a8\"><div class=\"kt-inside-inner-col\"><style>.wp-block-kadence-advancedheading.kt-adv-heading522_694c7d-3d, .wp-block-kadence-advancedheading.kt-adv-heading522_694c7d-3d[data-kb-block=\"kb-adv-heading522_694c7d-3d\"]{text-align:center;font-size:var(--global-kb-font-size-xxl, 4rem);font-style:normal;}.wp-block-kadence-advancedheading.kt-adv-heading522_694c7d-3d mark.kt-highlight, .wp-block-kadence-advancedheading.kt-adv-heading522_694c7d-3d[data-kb-block=\"kb-adv-heading522_694c7d-3d\"] mark.kt-highlight{font-style:normal;color:#f76a0c;-webkit-box-decoration-break:clone;box-decoration-break:clone;padding-top:0px;padding-right:0px;padding-bottom:0px;padding-left:0px;}<\/style>\n<h2 class=\"kt-adv-heading522_694c7d-3d wp-block-kadence-advancedheading has-theme-palette-9-color has-text-color\" data-kb-block=\"kb-adv-heading522_694c7d-3d\">Compra en DiagZone y diagnostica tu coche con nuestro software premium. <\/h2>\n\n\n<style>.wp-block-kadence-advancedbtn.kb-btns522_0da8e3-fa{gap:var(--global-kb-gap-sm, 1rem);justify-content:center;align-items:center;}.kt-btns522_0da8e3-fa .kt-button{font-weight:normal;font-style:normal;}.kt-btns522_0da8e3-fa .kt-btn-wrap-0{margin-right:5px;}.wp-block-kadence-advancedbtn.kt-btns522_0da8e3-fa .kt-btn-wrap-0 .kt-button{color:#555555;border-color:#555555;}.wp-block-kadence-advancedbtn.kt-btns522_0da8e3-fa .kt-btn-wrap-0 .kt-button:hover, .wp-block-kadence-advancedbtn.kt-btns522_0da8e3-fa .kt-btn-wrap-0 .kt-button:focus{color:#ffffff;border-color:#444444;}.wp-block-kadence-advancedbtn.kt-btns522_0da8e3-fa .kt-btn-wrap-0 .kt-button::before{display:none;}.wp-block-kadence-advancedbtn.kt-btns522_0da8e3-fa .kt-btn-wrap-0 .kt-button:hover, .wp-block-kadence-advancedbtn.kt-btns522_0da8e3-fa .kt-btn-wrap-0 .kt-button:focus{background:#444444;}<\/style>\n<div class=\"wp-block-kadence-advancedbtn kb-buttons-wrap kb-btns522_0da8e3-fa\"><style>ul.menu .wp-block-kadence-advancedbtn .kb-btn522_64975e-51.kb-button{width:initial;}.wp-block-kadence-advancedbtn .kb-btn522_64975e-51.kb-button{background:var(--global-palette3, #1A202C);}.wp-block-kadence-advancedbtn .kb-btn522_64975e-51.kb-button:hover, .wp-block-kadence-advancedbtn .kb-btn522_64975e-51.kb-button:focus{background:var(--global-palette6, #718096);}<\/style><a class=\"kb-button kt-button button kb-btn522_64975e-51 kt-btn-size-large kt-btn-width-type-auto kb-btn-global-fill kt-btn-has-text-true kt-btn-has-svg-false  wp-block-kadence-singlebtn\" href=\"https:\/\/diagzone.org\/#diagzone-sn-check-container\"><span class=\"kt-btn-inner-text\">Comprobar los conectores compatibles<\/span><\/a>\n\n<style>ul.menu .wp-block-kadence-advancedbtn .kb-btn522_718b54-cd.kb-button{width:initial;}.wp-block-kadence-advancedbtn .kb-btn522_718b54-cd.kb-button{background:var(--global-palette3, #1A202C);}.wp-block-kadence-advancedbtn .kb-btn522_718b54-cd.kb-button:hover, .wp-block-kadence-advancedbtn .kb-btn522_718b54-cd.kb-button:focus{background:var(--global-palette2, #2B6CB0);}<\/style><a class=\"kb-button kt-button button kb-btn522_718b54-cd kt-btn-size-large kt-btn-width-type-auto kb-btn-global-fill kt-btn-has-text-true kt-btn-has-svg-false  wp-block-kadence-singlebtn\" href=\"https:\/\/diagzone.org\/downloads\/\" target=\"_blank\" rel=\"noreferrer noopener\"><span class=\"kt-btn-inner-text\">Descargar APK<\/span><\/a><\/div>\n<\/div><\/div>\n\n<\/div><\/div><\/div><\/div>\n\n<\/div><\/div>","protected":false},"excerpt":{"rendered":"<p>Terms and Conditions Last updated: 15.06.2025 Please read these Terms and Conditions carefully before using https:\/\/diagzone.org (the \u201cwebsite\u201d) and engaging in any transactions with CodeShift, the operator of DiagZone. By accessing or using our website and purchasing products from DiagZone, you agree to comply with and be bound by these Terms and Conditions. General Conditions:a&#8230;.<\/p>","protected":false},"author":1,"featured_media":0,"parent":0,"menu_order":0,"comment_status":"closed","ping_status":"closed","template":"","meta":{"_acf_changed":false,"_seopress_robots_primary_cat":"","_seopress_titles_title":"","_seopress_titles_desc":"","_seopress_robots_index":"","inline_featured_image":false,"_kad_blocks_custom_css":"","_kad_blocks_head_custom_js":"","_kad_blocks_body_custom_js":"","_kad_blocks_footer_custom_js":"","_themeisle_gutenberg_block_has_review":false,"_kad_post_transparent":"","_kad_post_title":"","_kad_post_layout":"","_kad_post_sidebar_id":"","_kad_post_content_style":"","_kad_post_vertical_padding":"","_kad_post_feature":"","_kad_post_feature_position":"","_kad_post_header":false,"_kad_post_footer":false,"iawp_total_views":364,"footnotes":""},"class_list":["post-454","page","type-page","status-publish","hentry"],"acf":[],"taxonomy_info":[],"featured_image_src_large":false,"author_info":{"display_name":"diagzone","author_link":"https:\/\/diagzone.org\/es\/author\/xpro5\/"},"comment_info":0,"_links":{"self":[{"href":"https:\/\/diagzone.org\/es\/wp-json\/wp\/v2\/pages\/454","targetHints":{"allow":["GET"]}}],"collection":[{"href":"https:\/\/diagzone.org\/es\/wp-json\/wp\/v2\/pages"}],"about":[{"href":"https:\/\/diagzone.org\/es\/wp-json\/wp\/v2\/types\/page"}],"author":[{"embeddable":true,"href":"https:\/\/diagzone.org\/es\/wp-json\/wp\/v2\/users\/1"}],"replies":[{"embeddable":true,"href":"https:\/\/diagzone.org\/es\/wp-json\/wp\/v2\/comments?post=454"}],"version-history":[{"count":6,"href":"https:\/\/diagzone.org\/es\/wp-json\/wp\/v2\/pages\/454\/revisions"}],"predecessor-version":[{"id":3566,"href":"https:\/\/diagzone.org\/es\/wp-json\/wp\/v2\/pages\/454\/revisions\/3566"}],"wp:attachment":[{"href":"https:\/\/diagzone.org\/es\/wp-json\/wp\/v2\/media?parent=454"}],"curies":[{"name":"wp","href":"https:\/\/api.w.org\/{rel}","templated":true}]}}