
{"id":3329,"date":"2025-09-26T14:12:16","date_gmt":"2025-09-26T12:12:16","guid":{"rendered":"https:\/\/diagzone.org\/?post_type=product&#038;p=3329"},"modified":"2026-04-17T16:17:23","modified_gmt":"2026-04-17T14:17:23","slug":"android-diagzone-10inch-obd2-tablet-professional-diagnostic","status":"publish","type":"product","link":"https:\/\/diagzone.org\/es\/producto\/android-diagzone-10inch-obd2-tablet-professional-diagnostic\/","title":{"rendered":"Tablet OBD2 Android DiagZone de 10 pulgadas \u2013 Diagn\u00f3stico profesional"},"content":{"rendered":"<p data-start=\"233\" data-end=\"459\" class=\" translation-block\">Gracias por su inter\u00e9s en la <strong data-start=\"268\" data-end=\"306\">tablet Android DiagZone (3\/128 GB)<\/strong>.<br data-start=\"307\" data-end=\"310\">Esta tableta de diagn\u00f3stico profesional est\u00e1 optimizada para su uso con la <strong data-start=\"376\" data-end=\"397\">plataforma DiagZone<\/strong> y garantiza tanto la autenticidad como un rendimiento excelente.<\/p>\n<h2 data-start=\"461\" data-end=\"485\">\ud83d\udd39 Aviso importante<\/h2>\n<p data-start=\"486\" data-end=\"649\" class=\" translation-block\">La <strong data-start=\"490\" data-end=\"517\">Android DiagZone Tablet<\/strong> se entrega <a href=\"https:\/\/diagzone.org\/diagzone-activation\/\" target=\"_self\"><strong data-start=\"531\" data-end=\"578\">sin software DiagZone preinstalado<\/strong><\/a>.<\/p>\n<h2 data-start=\"651\" data-end=\"677\">\ud83d\udd39 Soporte y orientaci\u00f3n<\/h2>\n<p data-start=\"678\" data-end=\"919\" class=\" translation-block\">\u00bfNecesitas ayuda con la <strong data-start=\"693\" data-end=\"711\">configuraci\u00f3n de DiagZone<\/strong> en tu tablet o dispositivo OBD2?<br data-start=\"742\" data-end=\"745\">Nuestro equipo se dedica a proporcionar asistencia paso a paso. No dudes en <a href=\"https:\/\/wa.me\/31647604324\" target=\"_self\">contactarnos<\/a> en cualquier momento si necesitas orientaci\u00f3n para instalar o configurar tu <strong data-start=\"895\" data-end=\"916\">plataforma DiagZone<\/strong>.<\/p>\n<h2 data-start=\"921\" data-end=\"946\">\ud83d\udd39 Garant\u00eda de calidad<\/h2>\n<p data-start=\"947\" data-end=\"1170\" class=\" translation-block\">Cada <strong data-start=\"953\" data-end=\"980\">Android DiagZone Tablet<\/strong> es <strong data-start=\"984\" data-end=\"1010\">probada antes del env\u00edo<\/strong> para confirmar un funcionamiento impecable y la compatibilidad con DiagZone.<br data-start=\"1077\" data-end=\"1080\">Esto garantiza un funcionamiento fluido, una fiabilidad de nivel profesional y una durabilidad a largo plazo.<\/p>\n<h1 data-start=\"1177\" data-end=\"1200\">Descripci\u00f3n del producto<\/h1>\n<p data-start=\"1202\" data-end=\"1549\" class=\" translation-block\">La <strong data-start=\"1206\" data-end=\"1259\">tablet Android DiagZone (3 GB de RAM \/ 128 GB de almacenamiento)<\/strong> es una herramienta de diagn\u00f3stico de alto rendimiento que ofrece una plataforma r\u00e1pida y estable para ejecutar el <strong data-start=\"1348\" data-end=\"1369\">software DiagZone<\/strong>. Gracias a su gran pantalla t\u00e1ctil, su potente hardware y su sistema Android optimizado, es el compa\u00f1ero perfecto para conectores OBD2 como <strong data-start=\"1498\" data-end=\"1546\">DBScar VII, ThinkDiag 2 o Kingbolen Ediag plus<\/strong>.<\/p>\n<p data-start=\"1551\" data-end=\"1967\">\u2705 Tablet de diagn\u00f3stico Android de nivel profesional<br data-start=\"1597\" data-end=\"1600\" \/>\u2705 Pantalla grande de alta resoluci\u00f3n para diagn\u00f3sticos sencillos<br data-start=\"1652\" data-end=\"1655\" \/>\u2705 <strong data-start=\"1657\" data-end=\"1684\">3 GB de RAM + 128 GB de almacenamiento<\/strong> \u2013 rendimiento fluido y espacio suficiente para actualizaciones<br data-start=\"1727\" data-end=\"1730\" \/>\u2705 Bater\u00eda de larga duraci\u00f3n para uso en taller o m\u00f3vil<br data-start=\"1779\" data-end=\"1782\" \/>\u2705 Conectividad Wi-Fi y Bluetooth para actualizaciones r\u00e1pidas y emparejamiento OBD2 estable<br data-start=\"1854\" data-end=\"1857\" \/>\u2705 Carcasa robusta para una durabilidad profesional<br data-start=\"1901\" data-end=\"1904\" \/>\u2705 Totalmente probado para <strong data-start=\"1923\" data-end=\"1949\">Compatibilidad con DiagZone<\/strong> antes del env\u00edo<\/p>\n<p>\u26a0\ufe0f <strong data-start=\"179\" data-end=\"195\">Tenga en cuenta:<\/strong> Esta tablet no incluye el software DiagZone, la suscripci\u00f3n ni el conector OBD2.<br data-start=\"276\" data-end=\"279\" \/>\ud83d\udc49 A <strong data-start=\"284\" data-end=\"318\">Suscripci\u00f3n al software DiagZone<\/strong> se puede adquirir por separado aqu\u00ed: <a class=\"decorated-link\" href=\"https:\/\/diagzone.org\/diagzone-buy-subscription\/\" target=\"_new\" rel=\"noopener\" data-start=\"353\" data-end=\"429\" data-is-only-node=\"\">Comprar suscripci\u00f3n DiagZone<\/a><br data-start=\"429\" data-end=\"432\" \/>\ud83d\udc49 An <strong data-start=\"438\" data-end=\"509\">Conector de diagn\u00f3stico OBD2 (<a href=\"https:\/\/diagzone.org\/obd-shop\/\">p. ej. DBScar VII, ThinkDiag 2 o Ediag+ )<\/a><\/strong> tambi\u00e9n debe adquirirse por separado en <a href=\"https:\/\/diagzone.org\/obd-shop\/\">nuestra tienda<\/a> para usar la tablet con DiagZone<\/p>\n<h2 data-start=\"921\" data-end=\"946\">\ud83d\udd39 Lista de embalaje<\/h2>\n<ul>\n<li style=\"list-style-type: none;\">\n<ul data-start=\"1929\" data-end=\"1991\">\n<li data-start=\"1929\" data-end=\"1942\">\n<p data-start=\"1931\" data-end=\"1942\">Tablette \u00d71<\/p>\n<\/li>\n<li data-start=\"1943\" data-end=\"1970\">\n<p data-start=\"1945\" data-end=\"1970\">Cable USB (Mini USB) \u00d71<\/p>\n<\/li>\n<li data-start=\"1971\" data-end=\"1991\">\n<p data-start=\"1973\" data-end=\"1991\">Adaptador de corriente \u00d71<\/p>\n<\/li>\n<\/ul>\n<\/li>\n<\/ul>\n<h1 data-start=\"2214\" data-end=\"2253\">\u00bfPor qu\u00e9 elegir la tableta Android DiagZone?<\/h1>\n<ul data-start=\"2255\" data-end=\"2565\">\n<li data-start=\"2255\" data-end=\"2328\">\n<p data-start=\"2257\" data-end=\"2328\" class=\" translation-block\">Optimizado para <strong data-start=\"2271\" data-end=\"2289\">usuarios de DiagZone<\/strong> \u2013 listo para diagn\u00f3sticos profesionales<\/p>\n<\/li>\n<li data-start=\"2329\" data-end=\"2392\">\n<p data-start=\"2331\" data-end=\"2392\" class=\" translation-block\"><strong data-start=\"2331\" data-end=\"2363\">Hardware potente (3\/128 GB)<\/strong> para una comunicaci\u00f3n ECU r\u00e1pida<\/p>\n<\/li>\n<li data-start=\"2393\" data-end=\"2465\">\n<p data-start=\"2395\" data-end=\"2465\">Pantalla grande para una visualizaci\u00f3n clara de los datos y reportes de diagn\u00f3stico<\/p>\n<\/li>\n<li data-start=\"2466\" data-end=\"2509\">\n<p data-start=\"2468\" data-end=\"2509\">Dise\u00f1o robusto para entornos de taller<\/p>\n<\/li>\n<li data-start=\"2510\" data-end=\"2565\">\n<p data-start=\"2512\" data-end=\"2565\">Totalmente probado para garantizar un funcionamiento fluido de DiagZone<\/p>\n<\/li>\n<\/ul>\n<p data-start=\"2567\" data-end=\"2750\">\u2705 En resumen, el <strong data-start=\"2583\" data-end=\"2610\">Tablet Android DiagZone<\/strong> ofrece la combinaci\u00f3n perfecta de <strong data-start=\"2645\" data-end=\"2686\">potencia, portabilidad y compatibilidad<\/strong>, lo que lo convierte en el dispositivo ideal para ejecutar diagn\u00f3sticos DiagZone.<\/p>","protected":false},"excerpt":{"rendered":"<p class=\" translation-block\">La <strong data-start=\"2787\" data-end=\"2825\">Android DiagZone Tablet (3\/128 GB)<\/strong> es una tableta de diagn\u00f3stico profesional optimizada para ejecutar la plataforma DiagZone. Con un potente sistema Android, una gran pantalla, conectividad WiFi\/Bluetooth y compatibilidad garantizada, ofrece un rendimiento fluido y fiabilidad para todas las tareas de diagn\u00f3stico.<\/p>","protected":false},"featured_media":3332,"template":"","meta":{"_acf_changed":false,"_seopress_robots_primary_cat":"none","_seopress_titles_title":"Android 10\" Diagnostic Tablet 3\/128GB \u2013 DiagZone Ready Device","_seopress_titles_desc":"Professional Android 10\" diagnostic tablet with 3GB RAM and 128GB storage. Pre-tested for DiagZone, reliable performance for automotive diagnostics EOBD","_seopress_robots_index":"","inline_featured_image":false,"_kad_blocks_custom_css":"","_kad_blocks_head_custom_js":"","_kad_blocks_body_custom_js":"","_kad_blocks_footer_custom_js":"","_themeisle_gutenberg_block_has_review":false,"_kad_post_transparent":"default","_kad_post_title":"","_kad_post_layout":"default","_kad_post_sidebar_id":"","_kad_post_content_style":"default","_kad_post_vertical_padding":"default","_kad_post_feature":"","_kad_post_feature_position":"","_kad_post_header":false,"_kad_post_footer":false,"iawp_total_views":606},"product_cat":[21],"product_tag":[41,42,40],"class_list":{"0":"post-3329","1":"product","2":"type-product","3":"status-publish","4":"has-post-thumbnail","6":"product_cat-android-tablets","7":"product_tag-android","8":"product_tag-obd2","9":"product_tag-tablet","11":"first","12":"instock","13":"sale","14":"shipping-taxable","15":"purchasable","16":"product-type-simple","17":"entry","18":"content-bg","19":"loop-entry"},"acf":[],"taxonomy_info":{"product_cat":[{"value":21,"label":"Android tablets"}],"product_tag":[{"value":41,"label":"Android"},{"value":42,"label":"OBD2"},{"value":40,"label":"Tablet"}]},"featured_image_src_large":["https:\/\/diagzone.org\/wp-content\/uploads\/2025\/09\/Launch_Tablet_1.jpg",600,600,false],"author_info":[],"comment_info":"","_links":{"self":[{"href":"https:\/\/diagzone.org\/es\/wp-json\/wp\/v2\/product\/3329","targetHints":{"allow":["GET"]}}],"collection":[{"href":"https:\/\/diagzone.org\/es\/wp-json\/wp\/v2\/product"}],"about":[{"href":"https:\/\/diagzone.org\/es\/wp-json\/wp\/v2\/types\/product"}],"wp:featuredmedia":[{"embeddable":true,"href":"https:\/\/diagzone.org\/es\/wp-json\/wp\/v2\/media\/3332"}],"wp:attachment":[{"href":"https:\/\/diagzone.org\/es\/wp-json\/wp\/v2\/media?parent=3329"}],"wp:term":[{"taxonomy":"product_cat","embeddable":true,"href":"https:\/\/diagzone.org\/es\/wp-json\/wp\/v2\/product_cat?post=3329"},{"taxonomy":"product_tag","embeddable":true,"href":"https:\/\/diagzone.org\/es\/wp-json\/wp\/v2\/product_tag?post=3329"}],"curies":[{"name":"wp","href":"https:\/\/api.w.org\/{rel}","templated":true}]}}