
{"id":3335,"date":"2025-09-26T14:21:23","date_gmt":"2025-09-26T12:21:23","guid":{"rendered":"https:\/\/diagzone.org\/?post_type=product&#038;p=3335"},"modified":"2025-09-26T16:48:19","modified_gmt":"2025-09-26T14:48:19","slug":"launch-vsp600-videoscope-camera-endoscope","status":"publish","type":"product","link":"https:\/\/diagzone.org\/es\/producto\/launch-vsp600-videoscope-camera-endoscope\/","title":{"rendered":"C\u00e1mara endosc\u00f3pica Launch VSP600 Videoscope"},"content":{"rendered":"<p data-start=\"142\" data-end=\"372\" class=\" translation-block\">Gracias por su inter\u00e9s en la <strong data-start=\"177\" data-end=\"213\">Launch VSP-600 Inspection Camera<\/strong>.<br data-start=\"214\" data-end=\"217\">Este dispositivo es completamente nuevo, ha sido probado exhaustivamente en calidad y est\u00e1 dise\u00f1ado para ofrecer capacidades de inspecci\u00f3n visual de nivel profesional para el diagn\u00f3stico automotriz.<\/p>\n<h2 data-start=\"374\" data-end=\"398\">\ud83d\udd39 Aviso importante<\/h2>\n<p data-start=\"399\" data-end=\"613\" class=\" translation-block\">El <strong data-start=\"403\" data-end=\"414\">VSP-600<\/strong> se entrega <strong data-start=\"428\" data-end=\"463\">sin ning\u00fan software de diagn\u00f3stico<\/strong>.<br data-start=\"464\" data-end=\"467\">Para utilizarlo en inspecciones de veh\u00edculos junto con DiagZone u otras herramientas de diagn\u00f3stico, puede ser necesaria una aplicaci\u00f3n o un m\u00f3dulo de inspecci\u00f3n compatible.<\/p>\n<h2 data-start=\"615\" data-end=\"641\">\ud83d\udd39 Soporte y orientaci\u00f3n<\/h2>\n<p data-start=\"642\" data-end=\"856\" class=\" translation-block\">\u00bfNecesita ayuda para configurar o utilizar la c\u00e1mara de inspecci\u00f3n?<br data-start=\"694\" data-end=\"697\">Nuestro equipo est\u00e1 listo para proporcionar asistencia paso a paso. No dude en contactarnos en cualquier momento si necesita ayuda para integrar el VSP-600 en su configuraci\u00f3n de diagn\u00f3stico.<\/p>\n<h2 data-start=\"858\" data-end=\"883\">\ud83d\udd39 Garant\u00eda de calidad<\/h2>\n<p data-start=\"884\" data-end=\"1088\" class=\" translation-block\">Cada <strong data-start=\"890\" data-end=\"908\">Launch VSP-600<\/strong> se somete a pruebas rigurosas antes del env\u00edo.<br data-start=\"952\" data-end=\"955\">Comprobamos la nitidez de la c\u00e1mara, la integridad del cable, los sellos impermeables y la conectividad para garantizar un funcionamiento fiable y una durabilidad a largo plazo.<\/p>\n<hr data-start=\"1090\" data-end=\"1093\" \/>\n<h1 data-start=\"1095\" data-end=\"1118\">Descripci\u00f3n del producto<\/h1>\n<p data-start=\"1120\" data-end=\"1350\" class=\" translation-block\">La <strong data-start=\"1124\" data-end=\"1160\">Launch VSP-600 Inspection Camera<\/strong> es una herramienta profesional de inspecci\u00f3n visual dise\u00f1ada para el diagn\u00f3stico automotriz. Ayuda a inspeccionar espacios reducidos, conductos, compartimentos del motor y componentes que de otro modo son dif\u00edciles de alcanzar.<\/p>\n<p data-start=\"1352\" data-end=\"1591\">\u2705 M\u00f3dulo de c\u00e1mara de alta definici\u00f3n con iluminaci\u00f3n LED ajustable<br data-start=\"1412\" data-end=\"1415\" \/>\u2705 Sonda flexible e impermeable para espacios reducidos<br data-start=\"1462\" data-end=\"1465\" \/>\u2705 Carcasa y cable duraderos, adecuados para uso en taller<br data-start=\"1516\" data-end=\"1519\" \/>\u2705 Compatible con software o m\u00f3dulos de inspecci\u00f3n en sistemas de diagn\u00f3stico<\/p>\n<p data-start=\"1593\" data-end=\"1809\">\u26a0\ufe0f <strong data-start=\"1596\" data-end=\"1612\">Tenga en cuenta:<\/strong> El VSP-600 no incluye el software DiagZone ni una suscripci\u00f3n de diagn\u00f3stico.<br data-start=\"1689\" data-end=\"1692\" \/>\ud83d\udc49 Se requiere una aplicaci\u00f3n de inspecci\u00f3n independiente o un m\u00f3dulo compatible para mostrar la imagen de la c\u00e1mara en su sistema de diagn\u00f3stico.<\/p>\n<hr data-start=\"1811\" data-end=\"1814\" \/>\n<h1 data-start=\"1816\" data-end=\"1846\">\u00bfPor qu\u00e9 elegir el Launch VSP-600?<\/h1>\n<ul data-start=\"1848\" data-end=\"2078\">\n<li data-start=\"1848\" data-end=\"1910\">\n<p data-start=\"1850\" data-end=\"1910\">C\u00e1mara de inspecci\u00f3n profesional para entornos automotrices<\/p>\n<\/li>\n<li data-start=\"1911\" data-end=\"1967\">\n<p data-start=\"1913\" data-end=\"1967\">Probada para garantizar claridad \u00f3ptica y durabilidad mec\u00e1nica<\/p>\n<\/li>\n<li data-start=\"1968\" data-end=\"2016\">\n<p data-start=\"1970\" data-end=\"2016\">Herramienta complementaria ideal para t\u00e9cnicos en diagn\u00f3stico<\/p>\n<\/li>\n<li data-start=\"2017\" data-end=\"2078\">\n<p data-start=\"2019\" data-end=\"2078\">El complemento perfecto para esc\u00e1neres OBD2 y tabletas de diagn\u00f3stico<\/p>\n<\/li>\n<\/ul>\n<p data-start=\"2080\" data-end=\"2266\">\u2705 En resumen, el <strong data-start=\"2096\" data-end=\"2132\">Launch VSP-600 Inspection Camera<\/strong> is a robust, high-clarity visual tool designed to help mechanics and diagnostic professionals inspect hard-to-reach areas reliably.<\/p>","protected":false},"excerpt":{"rendered":"<p>La Launch VSP-600 Inspection Camera es una herramienta profesional complementaria para el diagn\u00f3stico automotriz, con una c\u00e1mara de alta resoluci\u00f3n, iluminaci\u00f3n LED y una sonda flexible e impermeable. Ideal para inspeccionar zonas de dif\u00edcil acceso en motores, conductos y componentes del veh\u00edculo, garantiza im\u00e1genes claras y un rendimiento fiable en entornos de taller.<\/p>","protected":false},"featured_media":3338,"template":"","meta":{"_acf_changed":false,"_seopress_robots_primary_cat":"none","_seopress_titles_title":"Launch VSP-600 Inspection Camera \u2013 Professional Automotive Endoscope HD","_seopress_titles_desc":"The Launch VSP-600 Inspection Camera offers HD imaging, LED lights, and a flexible waterproof probe. Ideal for checking hard-to-reach vehicle parts.","_seopress_robots_index":"","inline_featured_image":false,"_kad_blocks_custom_css":"","_kad_blocks_head_custom_js":"","_kad_blocks_body_custom_js":"","_kad_blocks_footer_custom_js":"","_themeisle_gutenberg_block_has_review":false,"_kad_post_transparent":"default","_kad_post_title":"","_kad_post_layout":"default","_kad_post_sidebar_id":"","_kad_post_content_style":"default","_kad_post_vertical_padding":"default","_kad_post_feature":"","_kad_post_feature_position":"","_kad_post_header":false,"_kad_post_footer":false,"iawp_total_views":22},"product_cat":[22],"product_tag":[32,36,27,35,33,34,31],"class_list":{"0":"post-3335","1":"product","2":"type-product","3":"status-publish","4":"has-post-thumbnail","6":"product_cat-accessories","7":"product_tag-camera","8":"product_tag-diagnostics","9":"product_tag-hd","10":"product_tag-led","11":"product_tag-videoscope","12":"product_tag-vsp-600","13":"product_tag-vsp600","15":"first","16":"instock","17":"shipping-taxable","18":"purchasable","19":"product-type-simple","20":"entry","21":"content-bg","22":"loop-entry"},"acf":[],"taxonomy_info":{"product_cat":[{"value":22,"label":"Accessories"}],"product_tag":[{"value":32,"label":"Camera"},{"value":36,"label":"diagnostics"},{"value":27,"label":"HD"},{"value":35,"label":"LED"},{"value":33,"label":"Videoscope"},{"value":34,"label":"VSP-600"},{"value":31,"label":"VSP600"}]},"featured_image_src_large":["https:\/\/diagzone.org\/wp-content\/uploads\/2025\/09\/Launch_VSP_600_1.jpg",600,600,false],"author_info":[],"comment_info":"","_links":{"self":[{"href":"https:\/\/diagzone.org\/es\/wp-json\/wp\/v2\/product\/3335","targetHints":{"allow":["GET"]}}],"collection":[{"href":"https:\/\/diagzone.org\/es\/wp-json\/wp\/v2\/product"}],"about":[{"href":"https:\/\/diagzone.org\/es\/wp-json\/wp\/v2\/types\/product"}],"wp:featuredmedia":[{"embeddable":true,"href":"https:\/\/diagzone.org\/es\/wp-json\/wp\/v2\/media\/3338"}],"wp:attachment":[{"href":"https:\/\/diagzone.org\/es\/wp-json\/wp\/v2\/media?parent=3335"}],"wp:term":[{"taxonomy":"product_cat","embeddable":true,"href":"https:\/\/diagzone.org\/es\/wp-json\/wp\/v2\/product_cat?post=3335"},{"taxonomy":"product_tag","embeddable":true,"href":"https:\/\/diagzone.org\/es\/wp-json\/wp\/v2\/product_tag?post=3335"}],"curies":[{"name":"wp","href":"https:\/\/api.w.org\/{rel}","templated":true}]}}