
{"id":3364,"date":"2025-09-26T17:16:22","date_gmt":"2025-09-26T15:16:22","guid":{"rendered":"https:\/\/diagzone.org\/?post_type=product&#038;p=3364"},"modified":"2025-09-26T17:31:21","modified_gmt":"2025-09-26T15:31:21","slug":"diagzone-diagnostic-set-dbscar-7","status":"publish","type":"product","link":"https:\/\/diagzone.org\/es\/producto\/diagzone-diagnostic-set-dbscar-7\/","title":{"rendered":"Diagzone Conjunto de diagn\u00f3stico DBSCAR 7"},"content":{"rendered":"<p data-start=\"196\" data-end=\"441\" class=\" translation-block\">Gracias por su inter\u00e9s en el <strong data-start=\"231\" data-end=\"267\">conjunto de diagn\u00f3stico Diagzone DBScar 7<\/strong>.<br data-start=\"268\" data-end=\"271\">Este conjunto de diagn\u00f3stico profesional combina una potente tablet Android con el conector OBD2 DBScar 7, completamente probado y optimizado para su uso con la <strong data-start=\"417\" data-end=\"438\">plataforma DiagZone<\/strong>.<\/p>\n<p data-start=\"443\" data-end=\"611\">\ud83d\udd39 <strong data-start=\"104\" data-end=\"124\">Aviso importante<\/strong><br data-start=\"124\" data-end=\"127\" \/>El conjunto <strong data-start=\"135\" data-end=\"181\">incluye una licencia de software DiagZone v\u00e1lida<\/strong> por defecto<br data-start=\"193\" data-end=\"196\" \/>Esto significa que puede comenzar a utilizar inmediatamente todas las funciones de diagn\u00f3stico sin necesidad de adquirir una suscripci\u00f3n adicional.<\/p>\n<p data-start=\"613\" data-end=\"819\">\ud83d\udd39 <strong data-start=\"616\" data-end=\"638\">Soporte y orientaci\u00f3n<\/strong><br data-start=\"638\" data-end=\"641\" \/>\u00bfNecesita ayuda para configurar su kit de diagn\u00f3stico?<br data-start=\"682\" data-end=\"685\" \/>Nuestro equipo est\u00e1 disponible para ofrecer asistencia paso a paso, desde la configuraci\u00f3n de la tablet hasta la activaci\u00f3n de DBScar 7 en la plataforma DiagZone.<\/p>\n<p data-start=\"821\" data-end=\"1020\">\ud83d\udd39 <strong data-start=\"824\" data-end=\"845\">Garant\u00eda de calidad<\/strong><br data-start=\"845\" data-end=\"848\" \/>Cada conjunto de diagn\u00f3stico se prueba completamente antes del env\u00edo.<br data-start=\"901\" data-end=\"904\" \/>La tablet, el adaptador DBScar 7 y la conectividad se verifican para garantizar un funcionamiento impecable y una durabilidad a largo plazo.<\/p>\n<h2 data-start=\"1027\" data-end=\"1051\">Descripci\u00f3n del producto<\/h2>\n<p data-start=\"1053\" data-end=\"1244\" class=\" translation-block\">El <strong data-start=\"1057\" data-end=\"1093\">conjunto de diagn\u00f3stico Diagzone DBScar 7<\/strong> est\u00e1 dise\u00f1ado para talleres automotrices profesionales, ofreciendo diagn\u00f3sticos avanzados, codificaci\u00f3n ECU y funciones de servicio para una amplia gama de veh\u00edculos.<\/p>\n<p data-start=\"1246\" data-end=\"2000\">\u2705 <strong data-start=\"1248\" data-end=\"1264\">Kit completo<\/strong> \u2013 Incluye una tablet Android y un adaptador OBD2 DBScar 7<br data-start=\"1316\" data-end=\"1319\" \/>\u2705 <strong data-start=\"1321\" data-end=\"1347\">Compatibilidad con DiagZone<\/strong> \u2013 Funciona sin problemas con el software DiagZone<br data-start=\"1389\" data-end=\"1392\" \/>\u2705 <strong data-start=\"1394\" data-end=\"1414\">Protocolos modernos<\/strong> \u2013 Admite <strong data-start=\"1426\" data-end=\"1436\">CAN FD<\/strong> y <strong data-start=\"1441\" data-end=\"1449\">DoIP<\/strong> para nuevas generaciones de veh\u00edculos<br data-start=\"1477\" data-end=\"1480\" \/>\u2705 <strong data-start=\"1482\" data-end=\"1508\">Control bidireccional<\/strong> \u2013 Realiza pruebas activas, calibraciones de componentes y codificaci\u00f3n de ECU<br data-start=\"1571\" data-end=\"1574\" \/>\u2705 <strong data-start=\"1576\" data-end=\"1603\">Mapeo topol\u00f3gico visual<\/strong> \u2013 Permite diagnosticar r\u00e1pidamente toda la red del veh\u00edculo<br data-start=\"1649\" data-end=\"1652\" \/>\u2705 <strong data-start=\"1654\" data-end=\"1681\">Funciones completas<\/strong> \u2013 M\u00e1s de 40 funciones de servicio y reinicio (inyectores, DPF, TPMS, bater\u00edas, llaves, etc.)<br data-start=\"1759\" data-end=\"1762\" \/>\u2705 <strong data-start=\"1764\" data-end=\"1790\">Amplia cobertura de veh\u00edculos<\/strong> \u2013 Admite <strong data-start=\"1802\" data-end=\"1879\"><a href=\"https:\/\/diagzone.org\/diagzone-supported-european-cars\/\">Europeo<\/a>, <a href=\"https:\/\/diagzone.org\/diagzone-supported-asian-passanger-cars\/\">Asi\u00e1tico<\/a>, <a href=\"https:\/\/diagzone.org\/diagzone-supported-chinese-cars\/\">Chino<\/a>, veh\u00edculos el\u00e9ctricos, motocicletas y camiones de servicio pesado<\/strong> (con opcional <a href=\"https:\/\/diagzone.org\/product\/gt106-plus-heavy-truck-power-adapter-24v-to-12v-adapter\/\">convertidor 24V\u201312V<\/a>)<br data-start=\"1913\" data-end=\"1916\" \/>\u2705 <strong data-start=\"1918\" data-end=\"1935\">Dise\u00f1o robusto<\/strong> \u2013 Tablet resistente y adaptador reforzado para uso diario en taller<\/p>\n<p data-start=\"2002\" data-end=\"2154\">\u26a0\ufe0f <strong data-start=\"37\" data-end=\"53\">Tenga en cuenta:<\/strong> La licencia de software ya est\u00e1 incluida en este conjunto.<br data-start=\"109\" data-end=\"112\" \/>\ud83d\udc49 For heavy truck diagnostics, a <strong data-start=\"146\" data-end=\"175\">Adaptador convertidor 24V\u201312V<\/strong> es necesario y debe adquirirse por separado. Puede pedirlo aqu\u00ed: <a class=\"decorated-link cursor-pointer\" href=\"https:\/\/diagzone.org\/product\/gt106-plus-heavy-truck-power-adapter-24v-to-12v-adapter\/\" target=\"_new\" rel=\"noopener\" data-start=\"245\" data-end=\"331\" data-is-only-node=\"\">Adaptador para camiones pesados<\/a><\/p>\n<h2 data-start=\"2161\" data-end=\"2210\">\u00bfPor qu\u00e9 elegir el Diagzone Diagnostic Set DBScar 7?<\/h2>\n<ul data-start=\"2212\" data-end=\"2490\">\n<li data-start=\"2212\" data-end=\"2259\">\n<p data-start=\"2214\" data-end=\"2259\">Soluci\u00f3n de diagn\u00f3stico profesional todo en uno<\/p>\n<\/li>\n<li data-start=\"2260\" data-end=\"2313\">\n<p data-start=\"2262\" data-end=\"2313\">Tableta Android probada previamente con conector DBScar 7<\/p>\n<\/li>\n<li data-start=\"2314\" data-end=\"2363\">\n<p data-start=\"2316\" data-end=\"2363\" class=\" translation-block\">Protocolos preparados para el futuro: <strong data-start=\"2340\" data-end=\"2350\">CAN FD<\/strong> &amp; <strong data-start=\"2353\" data-end=\"2361\">DoIP<\/strong><\/p>\n<\/li>\n<li data-start=\"2364\" data-end=\"2441\">\n<p data-start=\"2366\" data-end=\"2441\" class=\" translation-block\">Compatible con <strong data-start=\"2375\" data-end=\"2422\">coches, veh\u00edculos el\u00e9ctricos, h\u00edbridos, motocicletas y camiones<\/strong> (<a href=\"https:\/\/diagzone.org\/product\/gt106-plus-heavy-truck-power-adapter-24v-to-12v-adapter\/\" target=\"_self\">con convertidor<\/a>)<\/p>\n<\/li>\n<li data-start=\"2442\" data-end=\"2490\">\n<p data-start=\"2444\" data-end=\"2490\">Construcci\u00f3n fiable y lista para taller para uso diario<\/p>\n<\/li>\n<\/ul>\n<p data-start=\"718\" data-end=\"743\"><strong data-start=\"718\" data-end=\"741\">\ud83d\udd39 Incluido en el conjunto<\/strong><\/p>\n<ul data-start=\"744\" data-end=\"906\">\n<li data-start=\"744\" data-end=\"805\">\n<p data-start=\"746\" data-end=\"805\">Tableta de diagn\u00f3stico Android de 8 pulgadas (4 GB RAM \/ 64 GB de almacenamiento)<\/p>\n<\/li>\n<li data-start=\"806\" data-end=\"833\">\n<p data-start=\"808\" data-end=\"833\">Conector OBD2 DBScar 7<\/p>\n<\/li>\n<li data-start=\"834\" data-end=\"862\">\n<p data-start=\"836\" data-end=\"862\">Estuche de transporte protector<\/p>\n<\/li>\n<li data-start=\"863\" data-end=\"888\">\n<p data-start=\"865\" data-end=\"888\">Cargador USB y cable<\/p>\n<\/li>\n<li data-start=\"889\" data-end=\"906\">\n<p data-start=\"891\" data-end=\"906\">Adaptador de corriente<\/p>\n<\/li>\n<\/ul>\n<h2 data-start=\"205\" data-end=\"223\">M\u00e1s informaci\u00f3n<\/h2>\n<p data-start=\"224\" data-end=\"443\">\u00bfQuiere saber m\u00e1s sobre c\u00f3mo el <strong data-start=\"256\" data-end=\"292\">Conjunto de diagn\u00f3stico DiagZone DBScar 7<\/strong> funciona con autom\u00f3viles, veh\u00edculos el\u00e9ctricos, motocicletas y camiones pesados?<br data-start=\"350\" data-end=\"353\" \/>Consulta nuestra gu\u00eda detallada en nuestro blog \ud83d\udc49 <a class=\"decorated-link cursor-pointer\" href=\"https:\/\/diagzone.org\/diagzone-package-description\/\" target=\"_new\" rel=\"noopener\" data-start=\"397\" data-end=\"441\">Leer m\u00e1s aqu\u00ed<\/a><\/p>","protected":false},"excerpt":{"rendered":"<p class=\" translation-block\">El <strong data-start=\"2527\" data-end=\"2563\">Conjunto de diagn\u00f3stico Diagzone DBScar 7<\/strong> incluye una tablet y un conector OBD2, con soporte para CAN FD, DoIP, codificaci\u00f3n ECU y m\u00e1s de 40 funciones de servicio. Cubre veh\u00edculos europeos, asi\u00e1ticos, chinos, el\u00e9ctricos (EV), motocicletas y camiones de servicio pesado.<\/p>","protected":false},"featured_media":3367,"template":"","meta":{"_acf_changed":false,"_seopress_robots_primary_cat":"none","_seopress_titles_title":"Diagzone Diagnostic Set DBScar 7 \u2013 Professional OBD2 Diagnostic Tablet & Adapter","_seopress_titles_desc":"Complete Diagzone Diagnostic Set with DBScar 7 adapter and 8-inch Android tablet (4GB\/64GB). Includes rugged case, charger, and Diagzone license. Supports EU, Asian, Chinese, EV, hybrid vehicles, motorcycles, and heavy-duty trucks.","_seopress_robots_index":"","inline_featured_image":false,"_kad_blocks_custom_css":"","_kad_blocks_head_custom_js":"","_kad_blocks_body_custom_js":"","_kad_blocks_footer_custom_js":"","_themeisle_gutenberg_block_has_review":false,"_kad_post_transparent":"default","_kad_post_title":"","_kad_post_layout":"default","_kad_post_sidebar_id":"","_kad_post_content_style":"default","_kad_post_vertical_padding":"default","_kad_post_feature":"","_kad_post_feature_position":"","_kad_post_header":false,"_kad_post_footer":false,"iawp_total_views":338},"product_cat":[23],"product_tag":[48,44,47,45,42,43,40,46],"class_list":{"0":"post-3364","1":"product","2":"type-product","3":"status-publish","4":"has-post-thumbnail","6":"product_cat-diagnostic-kits","7":"product_tag-cars","8":"product_tag-dbscar-7","9":"product_tag-ev","10":"product_tag-kit","11":"product_tag-obd2","12":"product_tag-set","13":"product_tag-tablet","14":"product_tag-trucks","16":"first","17":"instock","18":"shipping-taxable","19":"purchasable","20":"product-type-simple","21":"entry","22":"content-bg","23":"loop-entry"},"acf":[],"taxonomy_info":{"product_cat":[{"value":23,"label":"Diagnostic kits"}],"product_tag":[{"value":48,"label":"cars"},{"value":44,"label":"DBSCAR 7"},{"value":47,"label":"EV"},{"value":45,"label":"Kit"},{"value":42,"label":"OBD2"},{"value":43,"label":"Set"},{"value":40,"label":"Tablet"},{"value":46,"label":"trucks"}]},"featured_image_src_large":["https:\/\/diagzone.org\/wp-content\/uploads\/2025\/09\/Diagzone_Diagnostics_DBSCAR_7.jpg",600,600,false],"author_info":[],"comment_info":"","_links":{"self":[{"href":"https:\/\/diagzone.org\/es\/wp-json\/wp\/v2\/product\/3364","targetHints":{"allow":["GET"]}}],"collection":[{"href":"https:\/\/diagzone.org\/es\/wp-json\/wp\/v2\/product"}],"about":[{"href":"https:\/\/diagzone.org\/es\/wp-json\/wp\/v2\/types\/product"}],"wp:featuredmedia":[{"embeddable":true,"href":"https:\/\/diagzone.org\/es\/wp-json\/wp\/v2\/media\/3367"}],"wp:attachment":[{"href":"https:\/\/diagzone.org\/es\/wp-json\/wp\/v2\/media?parent=3364"}],"wp:term":[{"taxonomy":"product_cat","embeddable":true,"href":"https:\/\/diagzone.org\/es\/wp-json\/wp\/v2\/product_cat?post=3364"},{"taxonomy":"product_tag","embeddable":true,"href":"https:\/\/diagzone.org\/es\/wp-json\/wp\/v2\/product_tag?post=3364"}],"curies":[{"name":"wp","href":"https:\/\/api.w.org\/{rel}","templated":true}]}}