
{"id":3382,"date":"2025-09-27T09:50:32","date_gmt":"2025-09-27T07:50:32","guid":{"rendered":"https:\/\/diagzone.org\/?post_type=product&#038;p=3382"},"modified":"2025-09-27T09:55:20","modified_gmt":"2025-09-27T07:55:20","slug":"kingbolen-ediag-plus-diagnostic-kit-obd2-scanner-with-8-tablet-diagzone-license","status":"publish","type":"product","link":"https:\/\/diagzone.org\/es\/producto\/kingbolen-ediag-plus-diagnostic-kit-obd2-scanner-with-8-tablet-diagzone-license\/","title":{"rendered":"Kit de diagn\u00f3stico Kingbolen Ediag Plus \u2013 esc\u00e1ner OBD2 con tableta de 8\u2033 y licencia DiagZone"},"content":{"rendered":"<p data-start=\"258\" data-end=\"580\" class=\" translation-block\">Gracias por su inter\u00e9s en el <strong data-start=\"293\" data-end=\"328\">Kingbolen Ediag+ Diagnostic Kit<\/strong>.<br data-start=\"329\" data-end=\"332\">Este kit profesional incluye el <strong data-start=\"367\" data-end=\"413\">conector de diagn\u00f3stico Bluetooth OBD2 Ediag+<\/strong> (un clon del ThinkDiag 2) junto con una <strong data-start=\"460\" data-end=\"510\">tableta Android de 8 pulgadas (4 GB RAM \/ 64 GB de almacenamiento)<\/strong>, totalmente probados y optimizados para su uso con la <strong data-start=\"556\" data-end=\"577\">plataforma DiagZone<\/strong>.<\/p>\n<p data-start=\"587\" data-end=\"769\">\ud83d\udd39 <strong data-start=\"590\" data-end=\"610\">Aviso importante<\/strong><br data-start=\"610\" data-end=\"613\" \/>El kit no incluye una licencia de software preinstalada.<br data-start=\"671\" data-end=\"674\" \/>Para utilizar todas las funciones de diagn\u00f3stico, se requiere una <strong data-start=\"714\" data-end=\"748\">una suscripci\u00f3n DiagZone independiente<\/strong> debe adquirirse.<\/p>\n<p data-start=\"776\" data-end=\"1012\">\ud83d\udd39 <strong data-start=\"779\" data-end=\"801\">Soporte y orientaci\u00f3n<\/strong><br data-start=\"801\" data-end=\"804\" \/>\u00bfNecesita ayuda con la configuraci\u00f3n de DiagZone?<br data-start=\"834\" data-end=\"837\" \/>Nuestro equipo se dedica a ofrecer asistencia paso a paso. No dude en contactarnos en cualquier momento si necesita orientaci\u00f3n para utilizar su kit Ediag+ con la plataforma DiagZone OBD2.<\/p>\n<p data-start=\"1019\" data-end=\"1243\">\ud83d\udd39 <strong data-start=\"1022\" data-end=\"1043\">Garant\u00eda de calidad<\/strong><br data-start=\"1043\" data-end=\"1046\" \/>Cada <strong data-start=\"1052\" data-end=\"1072\">Kingbolen Ediag+<\/strong> y la tableta se prueba en DiagZone antes del env\u00edo.<br data-start=\"1122\" data-end=\"1125\" \/>Esto garantiza un funcionamiento correcto, una comunicaci\u00f3n estable y un rendimiento fiable para uso profesional o personal.<\/p>\n<h2 data-start=\"1250\" data-end=\"1274\">Descripci\u00f3n del producto<\/h2>\n<p data-start=\"1276\" data-end=\"1530\" class=\" translation-block\">El <strong data-start=\"1280\" data-end=\"1315\">Kingbolen Ediag+ Diagnostic Kit<\/strong> combina la versatilidad del conector Bluetooth OBD2 Ediag+ con la comodidad de una <strong data-start=\"1407\" data-end=\"1432\">tableta Android de 8 pulgadas<\/strong> preconfigurada para DiagZone. Esto lo convierte en un paquete listo para usar tanto para talleres como para entusiastas.<\/p>\n<p data-start=\"1532\" data-end=\"2265\">\u2705 Conjunto completo \u2013 incluye el conector OBD2 Ediag+ y una tableta Android de 8 pulgadas (4 GB RAM \/ 64 GB de almacenamiento)<br data-start=\"1616\" data-end=\"1619\" \/>\u2705 Funciona como un adaptador Bluetooth OBD2 profesional<br data-start=\"1667\" data-end=\"1670\" \/>\u2705 Compatible con dispositivos Android \u2013 totalmente compatible con Android 7\u201313 y Android 14 (solo 32 bits)<br data-start=\"1763\" data-end=\"1766\" \/>\u2705 Probado con el software DiagZone para garantizar la compatibilidad<br data-start=\"1815\" data-end=\"1818\" \/>\u2705 Conexi\u00f3n Bluetooth 5.0\/5.1 de doble modo estable<br data-start=\"1865\" data-end=\"1868\" \/>\u2705 Carcasa robusta de ABS+PC+TPU con indicadores luminosos<br data-start=\"1917\" data-end=\"1920\" \/>\u2705 Incluye un cable OBD2 de 0,65 m para un uso c\u00f3modo<br data-start=\"1967\" data-end=\"1970\" \/>\u2705 Compatible con el protocolo CAN-FD para veh\u00edculos de nueva generaci\u00f3n<br data-start=\"2024\" data-end=\"2027\" \/>\u2705 Funciones avanzadas: reinicio de aceite, regeneraci\u00f3n del DPF, codificaci\u00f3n de inyectores, emparejamiento de bater\u00eda y m\u00e1s (seg\u00fan el modelo del veh\u00edculo)<br data-start=\"2150\" data-end=\"2153\" \/>\u2705 Incorpora control bidireccional, codificaci\u00f3n y adaptaci\u00f3n de la ECU, detecci\u00f3n autom\u00e1tica del VIN y reportes completos del estado del sistema<\/p>\n<p data-start=\"2267\" data-end=\"2444\">\u26a0\ufe0f <strong data-start=\"100\" data-end=\"116\">Tenga en cuenta:<\/strong> Este kit <strong data-start=\"126\" data-end=\"172\">incluye una licencia de software DiagZone v\u00e1lida<\/strong> por defecto<br data-start=\"184\" data-end=\"187\" \/>\ud83d\udc49 Puede comenzar a utilizar inmediatamente todas las funciones de diagn\u00f3stico sin necesidad de adquirir una suscripci\u00f3n adicional.<\/p>\n<h2 data-start=\"2451\" data-end=\"2499\">\u00bfPor qu\u00e9 elegir el kit de diagn\u00f3stico Kingbolen Ediag+?<\/h2>\n<ul data-start=\"2501\" data-end=\"2952\">\n<li data-start=\"2501\" data-end=\"2563\">\n<p data-start=\"2503\" data-end=\"2563\">Clon de ThinkDiag 2 \u2013 misma funcionalidad, m\u00e1s asequible<\/p>\n<\/li>\n<li data-start=\"2564\" data-end=\"2616\">\n<p data-start=\"2566\" data-end=\"2616\">Incluye una tableta Android de 8 pulgadas para uso inmediato<\/p>\n<\/li>\n<li data-start=\"2617\" data-end=\"2660\">\n<p data-start=\"2619\" data-end=\"2660\" class=\" translation-block\"><strong data-start=\"290\" data-end=\"317\">Probado al 100 % en DiagZone<\/strong> antes del env\u00edo<\/p>\n<\/li>\n<li data-start=\"2661\" data-end=\"2716\">\n<p data-start=\"2663\" data-end=\"2716\">Conector OBD2 profesional con rendimiento estable<\/p>\n<\/li>\n<li data-start=\"2717\" data-end=\"2771\">\n<p data-start=\"2719\" data-end=\"2771\">Dise\u00f1o compacto con conectividad Bluetooth 5.0\/5.1<\/p>\n<\/li>\n<li data-start=\"2772\" data-end=\"2854\">\n<p data-start=\"2774\" data-end=\"2854\">Compatible con los paquetes de software DiagZone para turismos, veh\u00edculos el\u00e9ctricos y veh\u00edculos pesados<\/p>\n<\/li>\n<li data-start=\"2855\" data-end=\"2952\">\n<p data-start=\"2857\" data-end=\"2952\" class=\" translation-block\">Admite los principales protocolos de diagn\u00f3stico: <strong data-start=\"3072\" data-end=\"3132\">ISO9141, KWP2000, J1850 VPW, J1850 PWM, CAN, UDS, CAN-FD<\/strong><\/p>\n<\/li>\n<\/ul>\n<p data-start=\"2959\" data-end=\"3207\">\u2705 <strong data-start=\"2961\" data-end=\"3205\">En resumen, el Kingbolen Ediag+ Diagnostic Kit es una alternativa rentable al ThinkDiag 2, que ofrece la misma compatibilidad con DiagZone con la comodidad a\u00f1adida de una tableta Android de 8 pulgadas, convirti\u00e9ndolo en una soluci\u00f3n de diagn\u00f3stico lista para usar.<\/strong><\/p>","protected":false},"excerpt":{"rendered":"<p class=\" translation-block\">El <strong data-start=\"213\" data-end=\"248\">Kingbolen Ediag+ Diagnostic Kit<\/strong> incluye un conector OBD2 Bluetooth compacto, una <strong data-start=\"297\" data-end=\"333\">tableta Android de 8 pulgadas (4 GB\/64 GB)<\/strong> y una <strong data-start=\"341\" data-end=\"376\">licencia v\u00e1lida del software DiagZone<\/strong>. Totalmente compatible con la plataforma DiagZone, admite <strong data-start=\"435\" data-end=\"445\">CAN-FD<\/strong>, control bidireccional, codificaci\u00f3n ECU y m\u00faltiples funciones de reseteo \u2014 ofreciendo diagn\u00f3sticos profesionales en un paquete listo para usar.<\/p>","protected":false},"featured_media":3383,"template":"","meta":{"_acf_changed":false,"_seopress_robots_primary_cat":"none","_seopress_titles_title":"Kingbolen Ediag+ Diagnostic Kit \u2013 OBD2 Scanner with 8\" Tablet & DiagZone License","_seopress_titles_desc":"Kingbolen Ediag+ Diagnostic Kit with 8-inch Android tablet and DiagZone license. Supports CAN-FD, ECU coding, bi-directional tests, and service resets. Ready-to-use package for professional diagnostics.","_seopress_robots_index":"","inline_featured_image":false,"_kad_blocks_custom_css":"","_kad_blocks_head_custom_js":"","_kad_blocks_body_custom_js":"","_kad_blocks_footer_custom_js":"","_themeisle_gutenberg_block_has_review":false,"_kad_post_transparent":"default","_kad_post_title":"","_kad_post_layout":"default","_kad_post_sidebar_id":"","_kad_post_content_style":"default","_kad_post_vertical_padding":"default","_kad_post_feature":"","_kad_post_feature_position":"","_kad_post_header":false,"_kad_post_footer":false,"iawp_total_views":172},"product_cat":[23],"product_tag":[],"class_list":{"0":"post-3382","1":"product","2":"type-product","3":"status-publish","4":"has-post-thumbnail","6":"product_cat-diagnostic-kits","8":"first","9":"instock","10":"shipping-taxable","11":"purchasable","12":"product-type-simple","13":"entry","14":"content-bg","15":"loop-entry"},"acf":[],"taxonomy_info":{"product_cat":[{"value":23,"label":"Diagnostic kits"}]},"featured_image_src_large":["https:\/\/diagzone.org\/wp-content\/uploads\/2025\/09\/Diagzone_Automotive_Diagnostics_1.jpg",600,600,false],"author_info":[],"comment_info":"","_links":{"self":[{"href":"https:\/\/diagzone.org\/es\/wp-json\/wp\/v2\/product\/3382","targetHints":{"allow":["GET"]}}],"collection":[{"href":"https:\/\/diagzone.org\/es\/wp-json\/wp\/v2\/product"}],"about":[{"href":"https:\/\/diagzone.org\/es\/wp-json\/wp\/v2\/types\/product"}],"wp:featuredmedia":[{"embeddable":true,"href":"https:\/\/diagzone.org\/es\/wp-json\/wp\/v2\/media\/3383"}],"wp:attachment":[{"href":"https:\/\/diagzone.org\/es\/wp-json\/wp\/v2\/media?parent=3382"}],"wp:term":[{"taxonomy":"product_cat","embeddable":true,"href":"https:\/\/diagzone.org\/es\/wp-json\/wp\/v2\/product_cat?post=3382"},{"taxonomy":"product_tag","embeddable":true,"href":"https:\/\/diagzone.org\/es\/wp-json\/wp\/v2\/product_tag?post=3382"}],"curies":[{"name":"wp","href":"https:\/\/api.w.org\/{rel}","templated":true}]}}