
{"id":3386,"date":"2025-09-27T10:01:34","date_gmt":"2025-09-27T08:01:34","guid":{"rendered":"https:\/\/diagzone.org\/?post_type=product&#038;p=3386"},"modified":"2025-09-27T10:03:22","modified_gmt":"2025-09-27T08:03:22","slug":"thinkcar-thinkdiag-2-diagnostic-set-with-10-inch-tablet-pre-installed-diagzone-license","status":"publish","type":"product","link":"https:\/\/diagzone.org\/es\/producto\/thinkcar-thinkdiag-2-diagnostic-set-with-10-inch-tablet-pre-installed-diagzone-license\/","title":{"rendered":"THINKCAR ThinkDiag 2 Kit de diagn\u00f3stico con tableta de 10 pulgadas y licencia DiagZone preinstalada"},"content":{"rendered":"<p data-start=\"218\" data-end=\"600\" class=\" translation-block\">Gracias por su inter\u00e9s en el <strong data-start=\"253\" data-end=\"345\">kit de diagn\u00f3stico Diagzone \u2013 ThinkDiag 2 con tableta de 10 pulgadas (3GB\/128GB) + licencia DiagZone<\/strong>.<br data-start=\"346\" data-end=\"349\">Este paquete de diagn\u00f3stico completo combina el conector OBD2 Bluetooth ThinkDiag 2 original con una potente tableta Android de 10 pulgadas y una <strong data-start=\"486\" data-end=\"529\">licencia de software DiagZone preinstalada<\/strong>, ofreciendo una soluci\u00f3n lista para usar para profesionales y talleres.<\/p>\n<h3 data-start=\"607\" data-end=\"632\">\ud83d\udd39 Aviso importante<\/h3>\n<p data-start=\"633\" data-end=\"810\">El kit <strong data-start=\"641\" data-end=\"706\">ya incluye de forma predeterminada una licencia de software DiagZone v\u00e1lida<\/strong>.<br data-start=\"707\" data-end=\"710\" \/>\ud83d\udc49 No se necesita ninguna suscripci\u00f3n adicional \u2013 puede empezar a utilizar todas las funciones de diagn\u00f3stico de inmediato.<\/p>\n<h3 data-start=\"817\" data-end=\"844\">\ud83d\udd39 Soporte y orientaci\u00f3n<\/h3>\n<p data-start=\"845\" data-end=\"1011\" class=\" translation-block\">\u00bfNecesita ayuda para configurar su kit de diagn\u00f3stico?<br data-start=\"886\" data-end=\"889\">Nuestro equipo ofrece asistencia paso a paso, desde la configuraci\u00f3n de la tableta hasta la activaci\u00f3n de ThinkDiag 2 en la plataforma DiagZone.<\/p>\n<h3 data-start=\"1018\" data-end=\"1044\">\ud83d\udd39 Garant\u00eda de calidad<\/h3>\n<p data-start=\"1045\" data-end=\"1252\" class=\" translation-block\">Cada adaptador ThinkDiag 2 y cada tableta se prueban completamente antes del env\u00edo.<br data-start=\"1114\" data-end=\"1117\">Se verifican la conectividad, la compatibilidad del software y el rendimiento para garantizar una fiabilidad de nivel profesional y una durabilidad a largo plazo.<\/p>\n<h2 data-start=\"1259\" data-end=\"1287\">\ud83d\udccc Caracter\u00edsticas y funciones<\/h2>\n<p data-start=\"1289\" data-end=\"2002\">\u2705 <strong data-start=\"1291\" data-end=\"1307\">Kit completo<\/strong> \u2013 Incluye el adaptador ThinkDiag 2, una tableta Android de 10 pulgadas (3 GB RAM \/ 128 GB de almacenamiento), cargador y cables<br data-start=\"1426\" data-end=\"1429\" \/>\u2705 <strong data-start=\"1431\" data-end=\"1457\">Compatibilidad con DiagZone<\/strong> \u2013 Totalmente optimizado para su uso con el software DiagZone<br data-start=\"1506\" data-end=\"1509\" \/>\u2705 <strong data-start=\"1511\" data-end=\"1531\">Protocolos modernos<\/strong> \u2013 Admite CAN-FD, DoIP y UDS para las nuevas generaciones de veh\u00edculos<br data-start=\"1592\" data-end=\"1595\" \/>\u2705 <strong data-start=\"1597\" data-end=\"1623\">Control bidireccional<\/strong> \u2013 Realiza pruebas activas, codificaci\u00f3n de la ECU y adaptaciones de componentes<br data-start=\"1685\" data-end=\"1688\" \/>\u2705 <strong data-start=\"1690\" data-end=\"1711\">Funciones de servicio<\/strong> \u2013 M\u00e1s de 40 opciones de reinicio y mantenimiento (inyectores, DPF, TPMS, bater\u00edas, llaves, etc.)<br data-start=\"1791\" data-end=\"1794\" \/>\u2705 <strong data-start=\"1796\" data-end=\"1814\">Amplia cobertura<\/strong> \u2013 Veh\u00edculos europeos, asi\u00e1ticos y chinos, veh\u00edculos el\u00e9ctricos, h\u00edbridos, motocicletas y veh\u00edculos pesados (con adaptador 24V\u201312V)<br data-start=\"1918\" data-end=\"1921\" \/>\u2705 <strong data-start=\"1923\" data-end=\"1939\">Construcci\u00f3n robusta<\/strong> \u2013 Tableta y adaptador resistentes, dise\u00f1ados para el uso diario en talleres<\/p>\n<h2 data-start=\"2009\" data-end=\"2036\">\u26a0\ufe0f Aviso para camiones pesados<\/h2>\n<p data-start=\"2037\" data-end=\"2198\">Para el diagn\u00f3stico de camiones pesados, se requiere un <strong data-start=\"2068\" data-end=\"2097\">Adaptador convertidor 24V\u201312V<\/strong> es necesario y debe adquirirse por separado.<br data-start=\"2143\" data-end=\"2146\" \/>\ud83d\udc49 Puede pedirlo aqu\u00ed: <a class=\"decorated-link\" href=\"#\" rel=\"noopener\" data-start=\"2172\" data-end=\"2196\">Adaptador para camiones pesados<\/a><\/p>\n<h2 data-start=\"2205\" data-end=\"2225\">\ud83d\udce6 Lista de empaque<\/h2>\n<ul data-start=\"2227\" data-end=\"2435\">\n<li data-start=\"2227\" data-end=\"2267\">\n<p data-start=\"2229\" data-end=\"2267\">ThinkDiag 2 Conector Bluetooth OBD2<\/p>\n<\/li>\n<li data-start=\"2268\" data-end=\"2320\">\n<p data-start=\"2270\" data-end=\"2320\">Tableta Android de 10 pulgadas (3 GB RAM \/ 128 GB de almacenamiento)<\/p>\n<\/li>\n<li data-start=\"2321\" data-end=\"2364\">\n<p data-start=\"2323\" data-end=\"2364\">Licencia de software DiagZone preinstalada<\/p>\n<\/li>\n<li data-start=\"2394\" data-end=\"2417\">\n<p data-start=\"2396\" data-end=\"2417\">Cargador USB y cable<\/p>\n<\/li>\n<li data-start=\"2418\" data-end=\"2435\">\n<p data-start=\"2420\" data-end=\"2435\">Adaptador de corriente<\/p>\n<\/li>\n<\/ul>\n<h3 data-start=\"2442\" data-end=\"2458\">\u2705 En resumen<\/h3>\n<p data-start=\"2459\" data-end=\"2728\" class=\" translation-block\">El <strong data-start=\"2463\" data-end=\"2524\">kit de diagn\u00f3stico Diagzone con ThinkDiag 2 y tableta de 10 pulgadas<\/strong> es una soluci\u00f3n de diagn\u00f3stico profesional todo en uno. Con licencia preinstalada, tableta robusta y amplia compatibilidad de protocolos, est\u00e1 listo para coches, veh\u00edculos el\u00e9ctricos, h\u00edbridos, motocicletas e incluso camiones (con adaptador).<\/p>","protected":false},"excerpt":{"rendered":"<p class=\" translation-block\">El <strong data-start=\"157\" data-end=\"172\">THINKDIAG 2<\/strong> es un conector OBD2 Bluetooth de alto rendimiento, dise\u00f1ado para ofrecer velocidad, fiabilidad y una transferencia de datos precisa. Es compatible con la comunicaci\u00f3n moderna <strong data-start=\"301\" data-end=\"325\">CAN-FD<\/strong>, lo que lo hace ideal para veh\u00edculos de nueva generaci\u00f3n. Con una amplia cobertura desde coches hasta veh\u00edculos el\u00e9ctricos y camiones, ofrece un rendimiento de nivel profesional en un dise\u00f1o compacto, totalmente probado en la <strong data-start=\"505\" data-end=\"526\">DiagZone platform<\/strong>.<\/p>","protected":false},"featured_media":3387,"template":"","meta":{"_acf_changed":false,"_seopress_robots_primary_cat":"none","_seopress_titles_title":"Diagzone Diagnostic Kit | ThinkDiag 2 + 10\" Tablet (3\/128GB) + DiagZone License","_seopress_titles_desc":"Buy the Diagzone Diagnostic Kit with ThinkDiag 2 adapter, 10-inch Android tablet (3\/128GB), and pre-installed DiagZone license. Supports CAN-FD, DoIP, ECU coding, bi-directional tests, and service resets for cars, EVs, motorcycles, and trucks (with adapter).","_seopress_robots_index":"","inline_featured_image":false,"_kad_blocks_custom_css":"","_kad_blocks_head_custom_js":"","_kad_blocks_body_custom_js":"","_kad_blocks_footer_custom_js":"","_themeisle_gutenberg_block_has_review":false,"_kad_post_transparent":"default","_kad_post_title":"","_kad_post_layout":"default","_kad_post_sidebar_id":"","_kad_post_content_style":"default","_kad_post_vertical_padding":"default","_kad_post_feature":"","_kad_post_feature_position":"","_kad_post_header":false,"_kad_post_footer":false,"iawp_total_views":456},"product_cat":[23],"product_tag":[],"class_list":{"0":"post-3386","1":"product","2":"type-product","3":"status-publish","4":"has-post-thumbnail","6":"product_cat-diagnostic-kits","8":"first","9":"instock","10":"shipping-taxable","11":"purchasable","12":"product-type-simple","13":"entry","14":"content-bg","15":"loop-entry"},"acf":[],"taxonomy_info":{"product_cat":[{"value":23,"label":"Diagnostic kits"}]},"featured_image_src_large":["https:\/\/diagzone.org\/wp-content\/uploads\/2025\/09\/Diagzone_Diagnostic_Set_PLUS.jpg",600,600,false],"author_info":[],"comment_info":"","_links":{"self":[{"href":"https:\/\/diagzone.org\/es\/wp-json\/wp\/v2\/product\/3386","targetHints":{"allow":["GET"]}}],"collection":[{"href":"https:\/\/diagzone.org\/es\/wp-json\/wp\/v2\/product"}],"about":[{"href":"https:\/\/diagzone.org\/es\/wp-json\/wp\/v2\/types\/product"}],"wp:featuredmedia":[{"embeddable":true,"href":"https:\/\/diagzone.org\/es\/wp-json\/wp\/v2\/media\/3387"}],"wp:attachment":[{"href":"https:\/\/diagzone.org\/es\/wp-json\/wp\/v2\/media?parent=3386"}],"wp:term":[{"taxonomy":"product_cat","embeddable":true,"href":"https:\/\/diagzone.org\/es\/wp-json\/wp\/v2\/product_cat?post=3386"},{"taxonomy":"product_tag","embeddable":true,"href":"https:\/\/diagzone.org\/es\/wp-json\/wp\/v2\/product_tag?post=3386"}],"curies":[{"name":"wp","href":"https:\/\/api.w.org\/{rel}","templated":true}]}}