
{"id":3389,"date":"2025-09-27T10:07:39","date_gmt":"2025-09-27T08:07:39","guid":{"rendered":"https:\/\/diagzone.org\/?post_type=product&#038;p=3389"},"modified":"2025-09-27T10:10:57","modified_gmt":"2025-09-27T08:10:57","slug":"kingbolen-ediag-plus-diagnostic-kit-obd2-scanner-with-10-tablet-diagzone-license","status":"publish","type":"product","link":"https:\/\/diagzone.org\/es\/producto\/kingbolen-ediag-plus-diagnostic-kit-obd2-scanner-with-10-tablet-diagzone-license\/","title":{"rendered":"Kit de diagn\u00f3stico Kingbolen Ediag Plus \u2013 esc\u00e1ner OBD2 con tablet de 10\u2033 y licencia DiagZone"},"content":{"rendered":"<p data-start=\"272\" data-end=\"591\" class=\" translation-block\">Gracias por su inter\u00e9s en el <strong data-start=\"307\" data-end=\"342\">Kingbolen Ediag+ Diagnostic Kit<\/strong>.<br data-start=\"343\" data-end=\"346\">Este kit profesional incluye el <strong data-start=\"381\" data-end=\"427\">conector de diagn\u00f3stico Bluetooth OBD2 Ediag+<\/strong> (un clon del ThinkDiag 2) junto con una <strong data-start=\"473\" data-end=\"525\">tableta Android de 10 pulgadas (3 GB de RAM \/ 128 GB de almacenamiento)<\/strong>, totalmente probada y optimizada para su uso con la plataforma DiagZone.<\/p>\n<p data-start=\"593\" data-end=\"797\">\ud83d\udd39 <strong data-start=\"596\" data-end=\"616\">Aviso importante<\/strong><br data-start=\"616\" data-end=\"619\" \/>Este kit <strong data-start=\"628\" data-end=\"682\">ya incluye una licencia de software DiagZone v\u00e1lida<\/strong>.<br data-start=\"683\" data-end=\"686\" \/>Puede comenzar a utilizar inmediatamente todas las funciones de diagn\u00f3stico sin necesidad de adquirir una suscripci\u00f3n independiente.<\/p>\n<p data-start=\"799\" data-end=\"1003\">\ud83d\udd39 <strong data-start=\"802\" data-end=\"824\">Soporte y orientaci\u00f3n<\/strong><br data-start=\"824\" data-end=\"827\" \/>Necesidad <a href=\"https:\/\/wa.me\/31647604324\">ayuda<\/a> con la configuraci\u00f3n de DiagZone?<br data-start=\"857\" data-end=\"860\" \/>Nuestro equipo est\u00e1 disponible para brindar asistencia paso a paso, desde la configuraci\u00f3n de la tableta hasta la conexi\u00f3n de su Ediag+ a la plataforma DiagZone OBD2.<\/p>\n<p data-start=\"1005\" data-end=\"1244\">\ud83d\udd39 <strong data-start=\"1008\" data-end=\"1029\">Garant\u00eda de calidad<\/strong><br data-start=\"1029\" data-end=\"1032\" \/>Cada dispositivo y tableta Kingbolen Ediag+ se prueban completamente en DiagZone antes del env\u00edo.<br data-start=\"1117\" data-end=\"1120\" \/>Esto garantiza un rendimiento estable, un funcionamiento correcto y una comunicaci\u00f3n fiable tanto para uso profesional como personal.<\/p>\n<h3 data-start=\"1251\" data-end=\"1267\">\u2705 Funciones<\/h3>\n<ul data-start=\"1269\" data-end=\"1909\">\n<li data-start=\"1269\" data-end=\"1365\">\n<p data-start=\"1271\" data-end=\"1365\" class=\" translation-block\">Conjunto completo \u2013 incluye el <strong data-start=\"1295\" data-end=\"1320\">conector OBD2 Ediag+<\/strong> y una <strong data-start=\"1325\" data-end=\"1363\">tableta Android de 10 pulgadas (3 GB\/128 GB)<\/strong><\/p>\n<\/li>\n<li data-start=\"1366\" data-end=\"1416\">\n<p data-start=\"1368\" data-end=\"1416\">Funciona como un adaptador OBD2 Bluetooth profesional<\/p>\n<\/li>\n<li data-start=\"1417\" data-end=\"1484\">\n<p data-start=\"1419\" data-end=\"1484\">Totalmente compatible con Android 7\u201313 y Android 14 (solo 32 bits)<\/p>\n<\/li>\n<li data-start=\"1485\" data-end=\"1534\">\n<p data-start=\"1487\" data-end=\"1534\">Conexi\u00f3n Bluetooth 5.0\/5.1 de doble modo estable<\/p>\n<\/li>\n<li data-start=\"1535\" data-end=\"1586\">\n<p data-start=\"1537\" data-end=\"1586\">Carcasa resistente de ABS+PC+TPU con luces indicadoras<\/p>\n<\/li>\n<li data-start=\"1587\" data-end=\"1637\">\n<p data-start=\"1589\" data-end=\"1637\" class=\" translation-block\">Incluye un <strong data-start=\"1598\" data-end=\"1619\">cable OBD2 de 0,65 m<\/strong> para mayor comodidad<\/p>\n<\/li>\n<li data-start=\"1638\" data-end=\"1690\">\n<p data-start=\"1640\" data-end=\"1690\" class=\" translation-block\">Admite el <strong data-start=\"1649\" data-end=\"1668\">protocolo CAN-FD<\/strong> para veh\u00edculos modernos<\/p>\n<\/li>\n<li data-start=\"1691\" data-end=\"1816\">\n<p data-start=\"1693\" data-end=\"1816\">Funciones avanzadas: reinicio de aceite, regeneraci\u00f3n DPF, codificaci\u00f3n de inyectores, emparejamiento de bater\u00eda y m\u00e1s (seg\u00fan el modelo del veh\u00edculo)<\/p>\n<\/li>\n<li data-start=\"1817\" data-end=\"1909\">\n<p data-start=\"1819\" data-end=\"1909\">Control bidireccional, codificaci\u00f3n y adaptaci\u00f3n ECU, detecci\u00f3n Auto VIN, informes completos del estado del sistema<\/p>\n<\/li>\n<\/ul>\n<h3 data-start=\"1916\" data-end=\"1929\">\u26a0\ufe0f Nota<\/h3>\n<ul data-start=\"1930\" data-end=\"2110\">\n<li data-start=\"1930\" data-end=\"2023\">\n<p data-start=\"1932\" data-end=\"2023\" class=\" translation-block\">El kit <strong data-start=\"1940\" data-end=\"1982\">incluye una licencia DiagZone de forma predeterminada<\/strong> \u2013 no se requiere la compra de software adicional.<\/p>\n<\/li>\n<li data-start=\"2024\" data-end=\"2110\">\n<p data-start=\"2026\" data-end=\"2110\" class=\" translation-block\">Para <strong data-start=\"2030\" data-end=\"2046\">camiones pesados<\/strong>, se requiere un <a href=\"https:\/\/diagzone.org\/product\/gt106-plus-heavy-truck-power-adapter-24v-to-12v-adapter\/\" target=\"_self\"><strong data-start=\"2050\" data-end=\"2079\">adaptador convertidor 24V\u201312V<\/strong><\/a> (se vende por separado).<\/p>\n<\/li>\n<\/ul>\n<h3 data-start=\"2117\" data-end=\"2168\">\u00a0\u00bfPor qu\u00e9 elegir el kit de diagn\u00f3stico Kingbolen Ediag+?<\/h3>\n<ul data-start=\"2170\" data-end=\"2591\">\n<li data-start=\"2170\" data-end=\"2232\">\n<p data-start=\"2172\" data-end=\"2232\">Clon de ThinkDiag 2 \u2013 misma funcionalidad, m\u00e1s asequible<\/p>\n<\/li>\n<li data-start=\"2233\" data-end=\"2301\">\n<p data-start=\"2235\" data-end=\"2301\" class=\" translation-block\">Incluye una <strong data-start=\"2244\" data-end=\"2270\">tableta Android de 10 pulgadas<\/strong> para diagn\u00f3sticos listos para usar<\/p>\n<\/li>\n<li data-start=\"2302\" data-end=\"2345\">\n<p data-start=\"2304\" data-end=\"2345\" class=\" translation-block\"><strong data-start=\"290\" data-end=\"317\">Probado al 100 % en DiagZone<\/strong> antes del env\u00edo<\/p>\n<\/li>\n<li data-start=\"2346\" data-end=\"2407\">\n<p data-start=\"2348\" data-end=\"2407\">Dise\u00f1o compacto con conectividad Bluetooth 5.0\/5.1 potente<\/p>\n<\/li>\n<li data-start=\"2408\" data-end=\"2495\">\n<p data-start=\"2410\" data-end=\"2495\">Compatible con turismos, veh\u00edculos el\u00e9ctricos, motocicletas y veh\u00edculos pesados (con convertidor)<\/p>\n<\/li>\n<li data-start=\"2496\" data-end=\"2591\">\n<p data-start=\"2498\" data-end=\"2591\">Cubre los principales protocolos de diagn\u00f3stico: ISO9141, KWP2000, J1850 VPW, J1850 PWM, CAN, UDS, CAN-FD<\/p>\n<\/li>\n<\/ul>\n<p data-start=\"2598\" data-end=\"2831\">\u2705 <strong data-start=\"2600\" data-end=\"2612\">En resumen<\/strong>: El <strong data-start=\"2618\" data-end=\"2672\">kit de diagn\u00f3stico Kingbolen Ediag+ (10 pulgadas, 3 GB de RAM \/ 128 GB de almacenamiento)<\/strong> es una alternativa rentable al ThinkDiag 2, que ofrece compatibilidad total con DiagZone y una tableta potente para una soluci\u00f3n de diagn\u00f3stico completa y lista para usar.<\/p>","protected":false},"excerpt":{"rendered":"<p class=\" translation-block\">El <strong data-start=\"213\" data-end=\"248\">Kingbolen Ediag+ Diagnostic Kit<\/strong> incluye un conector OBD2 Bluetooth compacto, una <strong data-start=\"297\" data-end=\"333\">tableta Android de 8 pulgadas (4 GB\/64 GB)<\/strong> y una <strong data-start=\"341\" data-end=\"376\">licencia v\u00e1lida del software DiagZone<\/strong>. Totalmente compatible con la plataforma DiagZone, admite <strong data-start=\"435\" data-end=\"445\">CAN-FD<\/strong>, control bidireccional, codificaci\u00f3n ECU y m\u00faltiples funciones de reseteo \u2014 ofreciendo diagn\u00f3sticos profesionales en un paquete listo para usar.<\/p>","protected":false},"featured_media":3390,"template":"","meta":{"_acf_changed":false,"_seopress_robots_primary_cat":"none","_seopress_titles_title":"Kingbolen Ediag Plus Diagnostic Kit \u2013 OBD2 Scanner with 10\" Tablet & Pre-Installed DiagZone License","_seopress_titles_desc":"Buy the Kingbolen Ediag Plus Diagnostic Kit with 10-inch Android tablet (3GB\/128GB) and pre-installed DiagZone license. Supports CAN-FD, ECU coding, bi-directional control, and advanced service functions for cars, EVs, motorcycles, and heavy-duty vehicles (with adapter).","_seopress_robots_index":"","inline_featured_image":false,"_kad_blocks_custom_css":"","_kad_blocks_head_custom_js":"","_kad_blocks_body_custom_js":"","_kad_blocks_footer_custom_js":"","_themeisle_gutenberg_block_has_review":false,"_kad_post_transparent":"default","_kad_post_title":"","_kad_post_layout":"default","_kad_post_sidebar_id":"","_kad_post_content_style":"default","_kad_post_vertical_padding":"default","_kad_post_feature":"","_kad_post_feature_position":"","_kad_post_header":false,"_kad_post_footer":false,"iawp_total_views":210},"product_cat":[23],"product_tag":[],"class_list":{"0":"post-3389","1":"product","2":"type-product","3":"status-publish","4":"has-post-thumbnail","6":"product_cat-diagnostic-kits","8":"first","9":"instock","10":"shipping-taxable","11":"purchasable","12":"product-type-simple","13":"entry","14":"content-bg","15":"loop-entry"},"acf":[],"taxonomy_info":{"product_cat":[{"value":23,"label":"Diagnostic kits"}]},"featured_image_src_large":["https:\/\/diagzone.org\/wp-content\/uploads\/2025\/09\/Diagzone_Diagnostic_Set_EDIAG_PLUS.jpg",600,600,false],"author_info":[],"comment_info":"","_links":{"self":[{"href":"https:\/\/diagzone.org\/es\/wp-json\/wp\/v2\/product\/3389","targetHints":{"allow":["GET"]}}],"collection":[{"href":"https:\/\/diagzone.org\/es\/wp-json\/wp\/v2\/product"}],"about":[{"href":"https:\/\/diagzone.org\/es\/wp-json\/wp\/v2\/types\/product"}],"wp:featuredmedia":[{"embeddable":true,"href":"https:\/\/diagzone.org\/es\/wp-json\/wp\/v2\/media\/3390"}],"wp:attachment":[{"href":"https:\/\/diagzone.org\/es\/wp-json\/wp\/v2\/media?parent=3389"}],"wp:term":[{"taxonomy":"product_cat","embeddable":true,"href":"https:\/\/diagzone.org\/es\/wp-json\/wp\/v2\/product_cat?post=3389"},{"taxonomy":"product_tag","embeddable":true,"href":"https:\/\/diagzone.org\/es\/wp-json\/wp\/v2\/product_tag?post=3389"}],"curies":[{"name":"wp","href":"https:\/\/api.w.org\/{rel}","templated":true}]}}