
{"id":3403,"date":"2025-09-27T12:07:16","date_gmt":"2025-09-27T10:07:16","guid":{"rendered":"https:\/\/diagzone.org\/?post_type=product&#038;p=3403"},"modified":"2025-09-27T18:50:35","modified_gmt":"2025-09-27T16:50:35","slug":"launch-x431-smartlink-c-2-0-diagzone-version","status":"publish","type":"product","link":"https:\/\/diagzone.org\/es\/producto\/launch-x431-smartlink-c-2-0-diagzone-version\/","title":{"rendered":"Launch X431 Smartlink C 2.0 \u2013 versi\u00f3n DiagZone"},"content":{"rendered":"<p data-start=\"172\" data-end=\"443\" class=\" translation-block\">Gracias por su inter\u00e9s en el <strong data-start=\"207\" data-end=\"226\">SmartLink C 2.0<\/strong>.<br data-start=\"227\" data-end=\"230\">Este m\u00f3dulo de diagn\u00f3stico est\u00e1 dise\u00f1ado para veh\u00edculos pesados y de pasajeros, totalmente probado en la <strong data-start=\"324\" data-end=\"345\">DiagZone platform<\/strong>, y garantiza un rendimiento estable, amplia compatibilidad y funciones de diagn\u00f3stico profesionales.<\/p>\n<p data-start=\"475\" data-end=\"768\">\ud83d\udd39 <strong data-start=\"478\" data-end=\"498\">Aviso importante<\/strong><br data-start=\"498\" data-end=\"501\" \/>El SmartLink C 2.0 se entrega sin ning\u00fan software preinstalado.<br data-start=\"569\" data-end=\"572\" \/>\ud83d\udc49 Para utilizar este dispositivo, se requiere un <a href=\"https:\/\/diagzone.org\/diagzone-buy-subscription\/\"><strong data-start=\"597\" data-end=\"626\">licencia DiagZone independiente<\/strong><\/a> debe adquirirse.<br data-start=\"645\" data-end=\"648\" \/>\ud83d\udc49 Compatible con <strong data-start=\"667\" data-end=\"709\">turismos y veh\u00edculos pesados<\/strong>, admitiendo una amplia <strong data-start=\"729\" data-end=\"765\">voltaje de funcionamiento de 9V a 36V<\/strong>.<\/p>\n<p data-start=\"629\" data-end=\"870\">\ud83d\udd39 <strong data-start=\"632\" data-end=\"654\">Soporte y orientaci\u00f3n<\/strong><br data-start=\"654\" data-end=\"657\" \/>\u00bfNecesita ayuda con la configuraci\u00f3n de DiagZone?<br data-start=\"687\" data-end=\"690\" \/>Nuestro equipo se dedica a proporcionar asistencia paso a paso. No dude en <a href=\"https:\/\/wa.me\/31647604324\">cont\u00e1ctenos<\/a> en cualquier momento si necesita orientaci\u00f3n para usar su SmartLink C 2.0 con la plataforma OBD2 DiagZone.<\/p>\n<p data-start=\"877\" data-end=\"1108\">\ud83d\udd39 <strong data-start=\"880\" data-end=\"901\">Garant\u00eda de calidad<\/strong><br data-start=\"901\" data-end=\"904\" \/>Cada SmartLink C 2.0 se somete a rigurosas pruebas en DiagZone antes del env\u00edo.<br data-start=\"981\" data-end=\"984\" \/>Esto garantiza un funcionamiento correcto, una comunicaci\u00f3n estable y un rendimiento fiable tanto para uso profesional como personal.<\/p>\n<h2 data-start=\"1261\" data-end=\"1285\">Descripci\u00f3n del producto<\/h2>\n<p data-start=\"1287\" data-end=\"1559\" class=\" translation-block\">El <strong data-start=\"1291\" data-end=\"1310\">SmartLink C 2.0<\/strong> es un m\u00f3dulo de diagn\u00f3stico avanzado, dise\u00f1ado para ampliar las capacidades de DiagZone tanto en veh\u00edculos de pasajeros como en veh\u00edculos pesados. Gracias a su potente hardware y a m\u00faltiples opciones de conectividad, ofrece un rendimiento r\u00e1pido, estable y de nivel profesional.<\/p>\n<p data-start=\"1561\" data-end=\"2352\">\u2705 Funciona como un m\u00f3dulo de diagn\u00f3stico profesional para DiagZone<br data-start=\"1617\" data-end=\"1620\" \/>\u2705 Totalmente compatible con dispositivos Android (smartphones y tabletas) \u2013 compatible con Android 7\u201313 y Android 14 (solo 32 bits)<br data-start=\"1737\" data-end=\"1740\" \/>\u2705 Probado con el software DiagZone para garantizar la compatibilidad<br data-start=\"1789\" data-end=\"1792\" \/>\u2705 Conectividad m\u00faltiple: Bluetooth, WiFi, USB y Ethernet<br data-start=\"1848\" data-end=\"1851\" \/>\u2705 Admite <strong data-start=\"1862\" data-end=\"1882\">protocolos modernos<\/strong> \u2013 DoIP, CAN-FD, UDS, J2534, RP1210, D-PDU<br data-start=\"1924\" data-end=\"1927\" \/>\u2705 Funciones avanzadas: codificaci\u00f3n de la ECU, control bidireccional, adaptaciones, detecci\u00f3n autom\u00e1tica del VIN e informes completos del estado del sistema<br data-start=\"2048\" data-end=\"2051\" \/>\u2705 Compatible con turismos, veh\u00edculos el\u00e9ctricos, motocicletas, autobuses, maquinaria agr\u00edcola, veh\u00edculos de construcci\u00f3n y camiones pesados (con adaptador 24V\u201312V opcional)<br data-start=\"2203\" data-end=\"2206\" \/>\u2705 Amplia <strong data-start=\"2213\" data-end=\"2240\">voltaje de funcionamiento 9\u201336V<\/strong>, ideal tanto para coches (12V) como para camiones\/autobuses (24V)<br data-start=\"2290\" data-end=\"2293\" \/>\u2705 Carcasa robusta para una mayor durabilidad en el uso profesional diario<\/p>\n<h3 data-start=\"2126\" data-end=\"2158\">\ud83d\udce6 Incluido en el paquete<\/h3>\n<ul data-start=\"2159\" data-end=\"2279\">\n<li data-start=\"2159\" data-end=\"2189\">\n<p data-start=\"2161\" data-end=\"2189\">1 \u00d7 M\u00f3dulo SmartLink C 2.0<\/p>\n<\/li>\n<li data-start=\"2190\" data-end=\"2213\">\n<p data-start=\"2192\" data-end=\"2213\">1 \u00d7 Cable principal OBD2<\/p>\n<\/li>\n<li data-start=\"2214\" data-end=\"2231\">\n<p data-start=\"2216\" data-end=\"2231\">1 \u00d7 Cable USB<\/p>\n<\/li>\n<li data-start=\"2232\" data-end=\"2253\">\n<p data-start=\"2234\" data-end=\"2253\">1 \u00d7 Adaptador de corriente<\/p>\n<\/li>\n<\/ul>\n<p data-start=\"2286\" data-end=\"2563\">\u2705 <strong data-start=\"2521\" data-end=\"2801\">En resumen, el SmartLink C 2.0 es un m\u00f3dulo de diagn\u00f3stico potente y vers\u00e1til que ofrece compatibilidad total con DiagZone, soporte de 9\u201336V para coches y camiones, compatibilidad con protocolos modernos y un rendimiento fiable, lo que lo convierte en la soluci\u00f3n rentable perfecta para talleres profesionales.<\/strong><\/p>","protected":false},"excerpt":{"rendered":"<p class=\" translation-block\">El <strong data-start=\"1806\" data-end=\"1825\">SmartLink C 2.0<\/strong> es un m\u00f3dulo de diagn\u00f3stico profesional para DiagZone, compatible con autom\u00f3viles, veh\u00edculos el\u00e9ctricos, camiones pesados, autobuses y maquinaria. Ofrece protocolos DoIP y CAN-FD, codificaci\u00f3n ECU, pruebas bidireccionales y requiere una licencia DiagZone independiente.<\/p>","protected":false},"featured_media":3431,"template":"","meta":{"_acf_changed":false,"_seopress_robots_primary_cat":"none","_seopress_titles_title":"SmartLink C 2.0 \u2013 Heavy Duty Diagnostic Module for DiagZone","_seopress_titles_desc":"Buy SmartLink C 2.0 \u2013 advanced diagnostic module for DiagZone platform. Supports cars, EVs, trucks, buses, and machinery with DoIP, CAN-FD, ECU coding, and bi-directional tests. DiagZone license required separately.","_seopress_robots_index":"","inline_featured_image":false,"_kad_blocks_custom_css":"","_kad_blocks_head_custom_js":"","_kad_blocks_body_custom_js":"","_kad_blocks_footer_custom_js":"","_themeisle_gutenberg_block_has_review":false,"_kad_post_transparent":"default","_kad_post_title":"","_kad_post_layout":"default","_kad_post_sidebar_id":"","_kad_post_content_style":"default","_kad_post_vertical_padding":"default","_kad_post_feature":"","_kad_post_feature_position":"","_kad_post_header":false,"_kad_post_footer":false,"iawp_total_views":265},"product_cat":[19],"product_tag":[52,53,42,54,51],"class_list":{"0":"post-3403","1":"product","2":"type-product","3":"status-publish","4":"has-post-thumbnail","6":"product_cat-obd-connectors","7":"product_tag-bluetooth","8":"product_tag-diagzone","9":"product_tag-obd2","10":"product_tag-smartlink-c-2-0","11":"product_tag-x431","13":"first","14":"instock","15":"sale","16":"shipping-taxable","17":"purchasable","18":"product-type-simple","19":"entry","20":"content-bg","21":"loop-entry"},"acf":[],"taxonomy_info":{"product_cat":[{"value":19,"label":"Obd connectors"}],"product_tag":[{"value":52,"label":"Bluetooth"},{"value":53,"label":"DiagZone"},{"value":42,"label":"OBD2"},{"value":54,"label":"SmartLink C 2.0"},{"value":51,"label":"X431"}]},"featured_image_src_large":["https:\/\/diagzone.org\/wp-content\/uploads\/2025\/09\/Diagzone_org__Smartlink_C_2.0_1.jpg",600,600,false],"author_info":[],"comment_info":"","_links":{"self":[{"href":"https:\/\/diagzone.org\/es\/wp-json\/wp\/v2\/product\/3403","targetHints":{"allow":["GET"]}}],"collection":[{"href":"https:\/\/diagzone.org\/es\/wp-json\/wp\/v2\/product"}],"about":[{"href":"https:\/\/diagzone.org\/es\/wp-json\/wp\/v2\/types\/product"}],"wp:featuredmedia":[{"embeddable":true,"href":"https:\/\/diagzone.org\/es\/wp-json\/wp\/v2\/media\/3431"}],"wp:attachment":[{"href":"https:\/\/diagzone.org\/es\/wp-json\/wp\/v2\/media?parent=3403"}],"wp:term":[{"taxonomy":"product_cat","embeddable":true,"href":"https:\/\/diagzone.org\/es\/wp-json\/wp\/v2\/product_cat?post=3403"},{"taxonomy":"product_tag","embeddable":true,"href":"https:\/\/diagzone.org\/es\/wp-json\/wp\/v2\/product_tag?post=3403"}],"curies":[{"name":"wp","href":"https:\/\/api.w.org\/{rel}","templated":true}]}}