
{"id":3408,"date":"2025-09-27T12:15:53","date_gmt":"2025-09-27T10:15:53","guid":{"rendered":"https:\/\/diagzone.org\/?post_type=product&#038;p=3408"},"modified":"2025-09-27T18:56:27","modified_gmt":"2025-09-27T16:56:27","slug":"diagzone-dbscar-1-x431","status":"publish","type":"product","link":"https:\/\/diagzone.org\/es\/producto\/diagzone-dbscar-1-x431\/","title":{"rendered":"Diagzone Dbscar 1 X431"},"content":{"rendered":"<p data-start=\"223\" data-end=\"519\" class=\" translation-block\">Gracias por su inter\u00e9s en el <strong data-start=\"258\" data-end=\"288\">adaptador Bluetooth DBScar 1<\/strong>.<br data-start=\"289\" data-end=\"292\">Este conector OBD2 Bluetooth compacto ha sido desarrollado por Launch para conectar dispositivos de diagn\u00f3stico con plataformas Android. Totalmente probado para garantizar la compatibilidad, ofrece una comunicaci\u00f3n fiable para el diagn\u00f3stico del veh\u00edculo y la lectura de datos.<\/p>\n<p data-start=\"526\" data-end=\"693\">\ud83d\udd39 <strong data-start=\"529\" data-end=\"549\">Aviso importante<\/strong><br data-start=\"549\" data-end=\"552\" \/>Este adaptador incluye \u00fanicamente el hardware.<br data-start=\"592\" data-end=\"595\" \/>\ud83d\udc49 A <a href=\"https:\/\/diagzone.org\/diagzone-buy-subscription\/\">Licencia del software DiagZone<\/a> debe adquirirse por separado para desbloquear todas las funciones de diagn\u00f3stico.<\/p>\n<p data-start=\"700\" data-end=\"890\">\ud83d\udd39 <strong data-start=\"703\" data-end=\"725\">Soporte y orientaci\u00f3n<\/strong><br data-start=\"725\" data-end=\"728\" \/>\u00bfNecesita ayuda para integrar DBScar 1 en su sistema de diagn\u00f3stico?<br data-start=\"786\" data-end=\"789\" \/>Nuestro equipo est\u00e1 listo para <a href=\"https:\/\/wa.me\/31647604324\">ayudar<\/a> con el emparejamiento, la configuraci\u00f3n y el uso con la plataforma OBD2 DiagZone.<\/p>\n<p data-start=\"897\" data-end=\"1085\">\ud83d\udd39 <strong data-start=\"900\" data-end=\"921\">Garant\u00eda de calidad<\/strong><br data-start=\"921\" data-end=\"924\" \/>Cada DBScar 1 se prueba antes del env\u00edo para garantizar una comunicaci\u00f3n Bluetooth estable, una transferencia de datos precisa y un rendimiento constante en condiciones de taller.<\/p>\n<h2 data-start=\"1092\" data-end=\"1133\">Descripci\u00f3n del producto y especificaciones<\/h2>\n<ul data-start=\"1135\" data-end=\"1764\">\n<li data-start=\"1135\" data-end=\"1227\">\n<p data-start=\"1137\" data-end=\"1227\">Adaptador OBD2 Bluetooth para comunicaci\u00f3n de diagn\u00f3stico con tabletas y smartphones Android<\/p>\n<\/li>\n<li data-start=\"1228\" data-end=\"1354\">\n<p data-start=\"1230\" data-end=\"1354\" class=\" translation-block\">Equipado con un <strong data-start=\"1255\" data-end=\"1280\">conector OBD2 est\u00e1ndar de 16 pines<\/strong> y un <strong data-start=\"1287\" data-end=\"1305\">puerto Micro-USB<\/strong> para actualizaciones de firmware o conexi\u00f3n de datos directa.<\/p>\n<\/li>\n<li data-start=\"1355\" data-end=\"1443\">\n<p data-start=\"1357\" data-end=\"1443\" class=\" translation-block\"><strong data-start=\"1357\" data-end=\"1389\">Compatible con Android 7\u201313<\/strong> y tambi\u00e9n con <strong data-start=\"1405\" data-end=\"1441\">Android 14 (solo sistemas de 32 bits)<\/strong><\/p>\n<\/li>\n<li data-start=\"1444\" data-end=\"1475\">\n<p data-start=\"1446\" data-end=\"1475\" class=\" translation-block\">Voltaje de funcionamiento: <strong data-start=\"1463\" data-end=\"1473\">9\u201315 V<\/strong><\/p>\n<\/li>\n<li data-start=\"1476\" data-end=\"1504\">\n<p data-start=\"1478\" data-end=\"1504\">Corriente de funcionamiento: &lt; 30 mA<\/p>\n<\/li>\n<li data-start=\"1505\" data-end=\"1553\">\n<p data-start=\"1507\" data-end=\"1553\">Rango de temperatura de funcionamiento: \u201310 \u00b0C a 55 \u00b0C<\/p>\n<\/li>\n<li data-start=\"1554\" data-end=\"1600\">\n<p data-start=\"1556\" data-end=\"1600\">Rango de temperatura de almacenamiento: \u201320 \u00b0C a 70 \u00b0C<\/p>\n<\/li>\n<li data-start=\"1601\" data-end=\"1711\">\n<p data-start=\"1603\" data-end=\"1711\">Admite protocolos OBD2 est\u00e1ndar para la lectura y borrado de c\u00f3digos de fallo, transmisi\u00f3n de datos en tiempo real, informaci\u00f3n de la ECU y m\u00e1s<\/p>\n<\/li>\n<li data-start=\"1712\" data-end=\"1764\">\n<p data-start=\"1714\" data-end=\"1764\">Actualizaciones de firmware disponibles mediante Bluetooth o USB<\/p>\n<\/li>\n<\/ul>\n<h3 data-start=\"1771\" data-end=\"1787\">\u2705 En resumen<\/h3>\n<p data-start=\"1788\" data-end=\"2057\">DBScar 1 es un adaptador OBD2 Bluetooth estable y probado, dise\u00f1ado para dispositivos Android (7\u201313 y 14 en sistemas de 32 bits). Garantiza una conexi\u00f3n fluida con el software DiagZone, admite todas las funciones OBD2 clave y ofrece una opci\u00f3n rentable para iniciarse en el diagn\u00f3stico profesional.<\/p>","protected":false},"excerpt":{"rendered":"<p>El Launch DBScar 1 es un adaptador OBD2 Bluetooth compacto dise\u00f1ado para dispositivos Android (versiones 7\u201313 y 14 en 32 bits). Totalmente probado con DiagZone, permite diagn\u00f3sticos de veh\u00edculo estables, lectura de c\u00f3digos de fallo, datos en tiempo real e informaci\u00f3n de la ECU. Se requiere una licencia de software DiagZone, que se puede adquirir por separado.<\/p>","protected":false},"featured_media":3434,"template":"","meta":{"_acf_changed":false,"_seopress_robots_primary_cat":"none","_seopress_titles_title":"Launch DBScar 1 Bluetooth OBD2 Adapter \u2013 Compatible with Android & DiagZone","_seopress_titles_desc":"Buy the Launch DBScar 1 Bluetooth OBD2 adapter \u2013 compact and reliable, compatible with Android 7\u201313 (and 14 on 32-bit). Fully tested for DiagZone diagnostics. Supports OBD2 fault code reading, live data, and ECU functions..","_seopress_robots_index":"","inline_featured_image":false,"_kad_blocks_custom_css":"","_kad_blocks_head_custom_js":"","_kad_blocks_body_custom_js":"","_kad_blocks_footer_custom_js":"","_themeisle_gutenberg_block_has_review":false,"_kad_post_transparent":"default","_kad_post_title":"","_kad_post_layout":"default","_kad_post_sidebar_id":"","_kad_post_content_style":"default","_kad_post_vertical_padding":"default","_kad_post_feature":"","_kad_post_feature_position":"","_kad_post_header":false,"_kad_post_footer":false,"iawp_total_views":451},"product_cat":[19],"product_tag":[52,53,42,54,51],"class_list":{"0":"post-3408","1":"product","2":"type-product","3":"status-publish","4":"has-post-thumbnail","6":"product_cat-obd-connectors","7":"product_tag-bluetooth","8":"product_tag-diagzone","9":"product_tag-obd2","10":"product_tag-smartlink-c-2-0","11":"product_tag-x431","13":"first","14":"instock","15":"shipping-taxable","16":"purchasable","17":"product-type-simple","18":"entry","19":"content-bg","20":"loop-entry"},"acf":[],"taxonomy_info":{"product_cat":[{"value":19,"label":"Obd connectors"}],"product_tag":[{"value":52,"label":"Bluetooth"},{"value":53,"label":"DiagZone"},{"value":42,"label":"OBD2"},{"value":54,"label":"SmartLink C 2.0"},{"value":51,"label":"X431"}]},"featured_image_src_large":["https:\/\/diagzone.org\/wp-content\/uploads\/2025\/09\/Diagzone_org__Launch_Dbscar_1_1.jpg",600,600,false],"author_info":[],"comment_info":"","_links":{"self":[{"href":"https:\/\/diagzone.org\/es\/wp-json\/wp\/v2\/product\/3408","targetHints":{"allow":["GET"]}}],"collection":[{"href":"https:\/\/diagzone.org\/es\/wp-json\/wp\/v2\/product"}],"about":[{"href":"https:\/\/diagzone.org\/es\/wp-json\/wp\/v2\/types\/product"}],"wp:featuredmedia":[{"embeddable":true,"href":"https:\/\/diagzone.org\/es\/wp-json\/wp\/v2\/media\/3434"}],"wp:attachment":[{"href":"https:\/\/diagzone.org\/es\/wp-json\/wp\/v2\/media?parent=3408"}],"wp:term":[{"taxonomy":"product_cat","embeddable":true,"href":"https:\/\/diagzone.org\/es\/wp-json\/wp\/v2\/product_cat?post=3408"},{"taxonomy":"product_tag","embeddable":true,"href":"https:\/\/diagzone.org\/es\/wp-json\/wp\/v2\/product_tag?post=3408"}],"curies":[{"name":"wp","href":"https:\/\/api.w.org\/{rel}","templated":true}]}}