
{"id":3416,"date":"2025-09-27T12:46:15","date_gmt":"2025-09-27T10:46:15","guid":{"rendered":"https:\/\/diagzone.org\/?post_type=product&#038;p=3416"},"modified":"2025-09-27T19:06:24","modified_gmt":"2025-09-27T17:06:24","slug":"bst360-bluetooth-battery-tester-diagzone-x431-compatible","status":"publish","type":"product","link":"https:\/\/diagzone.org\/es\/producto\/bst360-bluetooth-battery-tester-diagzone-x431-compatible\/","title":{"rendered":"BST360 Probador de bater\u00eda Bluetooth \u2013 Compatible con DiagZone \/ X431"},"content":{"rendered":"<p data-start=\"268\" data-end=\"591\" class=\" translation-block\">Gracias por su inter\u00e9s en el DiagZone<strong data-start=\"303\" data-end=\"345\"> probador de bater\u00eda Bluetooth BST360<\/strong>.<br data-start=\"346\" data-end=\"349\">Este probador de bater\u00eda Bluetooth compacto est\u00e1 dise\u00f1ado para su uso con tablets DiagZone compatibles o mediante aplicaciones para smartphone. Totalmente probado en estabilidad y precisi\u00f3n, realiza comprobaciones r\u00e1pidas del estado de la bater\u00eda y diagn\u00f3sticos del sistema de arranque y carga.<\/p>\n<p data-start=\"593\" data-end=\"739\">\ud83d\udd39 <strong data-start=\"596\" data-end=\"616\">Aviso importante<\/strong><br data-start=\"616\" data-end=\"619\" \/>Este producto incluye \u00fanicamente la pinza de prueba de hardware y el m\u00f3dulo Bluetooth. No se incluye ninguna licencia de diagn\u00f3stico ni de DiagZone.<\/p>\n<p data-start=\"741\" data-end=\"934\">\ud83d\udd39 <strong data-start=\"744\" data-end=\"766\">Soporte y orientaci\u00f3n<\/strong><br data-start=\"766\" data-end=\"769\" \/>\u00bfNecesita ayuda para emparejarlo con su tablet DiagZone o su aplicaci\u00f3n?<br data-start=\"823\" data-end=\"826\" \/>Nuestro equipo est\u00e1 listo para guiarle en la configuraci\u00f3n, calibraci\u00f3n y uso del BST360 con su sistema de diagn\u00f3stico.<\/p>\n<p data-start=\"936\" data-end=\"1159\">\ud83d\udd39 <strong data-start=\"939\" data-end=\"960\">Garant\u00eda de calidad<\/strong><br data-start=\"960\" data-end=\"963\" \/>Cada unidad BST360 se somete a pruebas funcionales antes del env\u00edo.<br data-start=\"1026\" data-end=\"1029\" \/>Esto garantiza pruebas de bater\u00eda fiables, una comunicaci\u00f3n Bluetooth estable y diagn\u00f3sticos precisos en condiciones t\u00edpicas de taller.<\/p>\n<h3 data-start=\"124\" data-end=\"152\">\u2705 Funciones y caracter\u00edsticas<\/h3>\n<ul data-start=\"154\" data-end=\"907\">\n<li data-start=\"154\" data-end=\"244\">\n<p data-start=\"156\" data-end=\"244\" class=\" translation-block\">Compatible con <strong data-start=\"165\" data-end=\"199\">bater\u00edas de plomo-\u00e1cido de 6V y 12V<\/strong>, incluidos los tipos Flooded, GEL, AGM y EFP<\/p>\n<\/li>\n<li data-start=\"245\" data-end=\"359\">\n<p data-start=\"247\" data-end=\"359\" class=\" translation-block\">Mide la <strong data-start=\"256\" data-end=\"357\">capacidad de la bater\u00eda, la corriente de arranque en fr\u00edo (CCA), el voltaje, el estado de salud (SOH) y el estado de carga (SOC)<\/strong><\/p>\n<\/li>\n<li data-start=\"360\" data-end=\"455\">\n<p data-start=\"362\" data-end=\"455\" class=\" translation-block\">Realiza <strong data-start=\"371\" data-end=\"453\">pruebas del sistema de carga, del motor de arranque, detecci\u00f3n de rizado y an\u00e1lisis de voltaje y corriente<\/strong><\/p>\n<\/li>\n<li data-start=\"456\" data-end=\"530\">\n<p data-start=\"458\" data-end=\"530\" class=\" translation-block\">Fournit des <strong data-start=\"467\" data-end=\"501\">diagnostics rapides en environ 3 secondes<\/strong> avec des rapports num\u00e9riques clairs<\/p>\n<\/li>\n<li data-start=\"531\" data-end=\"606\">\n<p data-start=\"533\" data-end=\"606\" class=\" translation-block\">Conectividad Bluetooth para su uso con <strong data-start=\"569\" data-end=\"604\">smartphones o tabletas DiagZone<\/strong><\/p>\n<\/li>\n<li data-start=\"607\" data-end=\"694\">\n<p data-start=\"609\" data-end=\"694\" class=\" translation-block\">Admite m\u00faltiples <strong data-start=\"627\" data-end=\"648\">est\u00e1ndares de bater\u00eda<\/strong>: CCA, DIN, IEC, EN, SAE, GB, JIS, BCI, etc.<\/p>\n<\/li>\n<li data-start=\"695\" data-end=\"790\">\n<p data-start=\"697\" data-end=\"790\" class=\" translation-block\"><strong data-start=\"706\" data-end=\"738\">Protection int\u00e9gr\u00e9e contre l\u2019inversion de polarit\u00e9<\/strong> \u2013 utilisation s\u00fbre sans chaleur, \u00e9tincelles ni risque de dommages<\/p>\n<\/li>\n<li data-start=\"791\" data-end=\"824\">\n<p data-start=\"793\" data-end=\"824\" class=\" translation-block\">Plage de tension de test : <strong data-start=\"813\" data-end=\"822\">6\u201316V<\/strong><\/p>\n<\/li>\n<li data-start=\"825\" data-end=\"907\">\n<p data-start=\"827\" data-end=\"907\" class=\" translation-block\">Totalmente compatible con <strong data-start=\"849\" data-end=\"880\">DiagZone diagnostic tablets<\/strong> para una integraci\u00f3n avanzada<\/p>\n<\/li>\n<\/ul>\n<h3 data-start=\"2270\" data-end=\"2302\">\ud83d\udce6 Incluido en el paquete<\/h3>\n<ul data-start=\"2304\" data-end=\"2375\">\n<li data-start=\"2304\" data-end=\"2355\">\n<p data-start=\"2306\" data-end=\"2355\">1 \u00d7 pinza del comprobador de bater\u00edas Bluetooth DiagZone BST360<\/p>\n<\/li>\n<li data-start=\"2356\" data-end=\"2375\">\n<p data-start=\"2358\" data-end=\"2375\">1 \u00d7 Manual de usuario<\/p>\n<\/li>\n<\/ul>\n<p>\u2705 <strong data-start=\"111\" data-end=\"451\">En resumen, el probador de bater\u00eda Bluetooth DiagZone BST360 es una herramienta compacta, precisa y lista para el taller para el an\u00e1lisis del estado de la bater\u00eda. Es compatible con bater\u00edas de plomo-\u00e1cido de 6V\/12V, realiza pruebas del sistema de arranque y carga, y se integra sin problemas con tablets DiagZone mediante Bluetooth, lo que lo convierte en un dispositivo imprescindible para cualquier taller profesional.<\/strong><\/p>","protected":false},"excerpt":{"rendered":"<p>El DiagZone BST360 es un comprobador de bater\u00edas Bluetooth compatible con tabletas DiagZone \/ X431. Es compatible con bater\u00edas de 6\u201316 V, realiza pruebas de carga, arranque y estado, y env\u00eda los resultados por Bluetooth para el diagn\u00f3stico.<\/p>","protected":false},"featured_media":3459,"template":"","meta":{"_acf_changed":false,"_seopress_robots_primary_cat":"none","_seopress_titles_title":"DiagZone BST360 Bluetooth Battery Tester \u2013 Compatible with DiagZone & X431","_seopress_titles_desc":"Buy the DiagZone BST360 Bluetooth Battery Tester\u2014compact and powerful, compatible with DiagZone and X431 tablets. Tests 6V & 12V batteries, checks charging systems, starter, ripple, and displays full battery health report via Bluetooth.","_seopress_robots_index":"","inline_featured_image":false,"_kad_blocks_custom_css":"","_kad_blocks_head_custom_js":"","_kad_blocks_body_custom_js":"","_kad_blocks_footer_custom_js":"","_themeisle_gutenberg_block_has_review":false,"_kad_post_transparent":"default","_kad_post_title":"","_kad_post_layout":"default","_kad_post_sidebar_id":"","_kad_post_content_style":"default","_kad_post_vertical_padding":"default","_kad_post_feature":"","_kad_post_feature_position":"","_kad_post_header":false,"_kad_post_footer":false,"iawp_total_views":82},"product_cat":[22],"product_tag":[61,60,62],"class_list":{"0":"post-3416","1":"product","2":"type-product","3":"status-publish","4":"has-post-thumbnail","6":"product_cat-accessories","7":"product_tag-battery","8":"product_tag-bst360","9":"product_tag-tester-clip","11":"first","12":"instock","13":"shipping-taxable","14":"purchasable","15":"product-type-simple","16":"entry","17":"content-bg","18":"loop-entry"},"acf":[],"taxonomy_info":{"product_cat":[{"value":22,"label":"Accessories"}],"product_tag":[{"value":61,"label":"Battery"},{"value":60,"label":"BST360"},{"value":62,"label":"Tester clip"}]},"featured_image_src_large":["https:\/\/diagzone.org\/wp-content\/uploads\/2025\/09\/Diagzone_Launch-_BST_360_1.jpg",600,600,false],"author_info":[],"comment_info":"","_links":{"self":[{"href":"https:\/\/diagzone.org\/es\/wp-json\/wp\/v2\/product\/3416","targetHints":{"allow":["GET"]}}],"collection":[{"href":"https:\/\/diagzone.org\/es\/wp-json\/wp\/v2\/product"}],"about":[{"href":"https:\/\/diagzone.org\/es\/wp-json\/wp\/v2\/types\/product"}],"wp:featuredmedia":[{"embeddable":true,"href":"https:\/\/diagzone.org\/es\/wp-json\/wp\/v2\/media\/3459"}],"wp:attachment":[{"href":"https:\/\/diagzone.org\/es\/wp-json\/wp\/v2\/media?parent=3416"}],"wp:term":[{"taxonomy":"product_cat","embeddable":true,"href":"https:\/\/diagzone.org\/es\/wp-json\/wp\/v2\/product_cat?post=3416"},{"taxonomy":"product_tag","embeddable":true,"href":"https:\/\/diagzone.org\/es\/wp-json\/wp\/v2\/product_tag?post=3416"}],"curies":[{"name":"wp","href":"https:\/\/api.w.org\/{rel}","templated":true}]}}