
{"id":3419,"date":"2025-09-27T12:51:07","date_gmt":"2025-09-27T10:51:07","guid":{"rendered":"https:\/\/diagzone.org\/?post_type=product&#038;p=3419"},"modified":"2025-09-27T19:05:11","modified_gmt":"2025-09-27T17:05:11","slug":"diagzone-obd2-can-fd-extension-cable-16-pin-male-to-female-adapter","status":"publish","type":"product","link":"https:\/\/diagzone.org\/es\/producto\/diagzone-obd2-can-fd-extension-cable-16-pin-male-to-female-adapter\/","title":{"rendered":"DiagZone OBD2 CAN-FD cable de extensi\u00f3n \u2013 adaptador macho de 16 pines a hembra"},"content":{"rendered":"<p data-start=\"138\" data-end=\"507\" class=\" translation-block\">Gracias por su inter\u00e9s en el <strong data-start=\"173\" data-end=\"213\">cable de extensi\u00f3n OBD2 CAN-FD DiagZone<\/strong>.<br data-start=\"214\" data-end=\"217\">Este cable de extensi\u00f3n de alta calidad est\u00e1 dise\u00f1ado para ampliar la conexi\u00f3n entre su interfaz de diagn\u00f3stico (p. ej., DBScar, ThinkDiag, Ediag+) y el puerto OBD2 del veh\u00edculo. Ofrece mayor flexibilidad, un acceso m\u00e1s sencillo en espacios reducidos y protege el conector OBD2 original del desgaste frecuente.<\/p>\n<p data-start=\"514\" data-end=\"655\">\ud83d\udd39 <strong data-start=\"517\" data-end=\"537\">Aviso importante<\/strong><br data-start=\"537\" data-end=\"540\" \/>Este producto es un <strong data-start=\"559\" data-end=\"577\">solo un accesorio<\/strong>.<br data-start=\"578\" data-end=\"581\" \/>No incluye software ni proporciona funciones de diagn\u00f3stico por s\u00ed solo.<\/p>\n<p data-start=\"662\" data-end=\"843\">\ud83d\udd39 <strong data-start=\"665\" data-end=\"687\">Soporte y orientaci\u00f3n<\/strong><br data-start=\"687\" data-end=\"690\" \/>\u00bfNecesita ayuda para conectar su herramienta de diagn\u00f3stico con el cable de extensi\u00f3n?<br data-start=\"757\" data-end=\"760\" \/>Nuestro equipo puede proporcionar orientaci\u00f3n para garantizar una instalaci\u00f3n correcta y el mejor rendimiento.<\/p>\n<p data-start=\"850\" data-end=\"1034\">\ud83d\udd39 <strong data-start=\"853\" data-end=\"874\">Garant\u00eda de calidad<\/strong><br data-start=\"874\" data-end=\"877\" \/>Cada cable se prueba antes del env\u00edo para garantizar una transferencia de datos fiable a trav\u00e9s de los 16 pines y una comunicaci\u00f3n estable para diagn\u00f3sticos OBD2 y CAN-FD.<\/p>\n<h2 data-start=\"1041\" data-end=\"1062\">Caracter\u00edsticas del producto<\/h2>\n<ul data-start=\"1064\" data-end=\"1460\">\n<li data-start=\"1064\" data-end=\"1114\">\n<p data-start=\"1066\" data-end=\"1114\"><strong data-start=\"1066\" data-end=\"1112\">Cable de extensi\u00f3n OBD2 de 16 pines macho a hembra<\/strong><\/p>\n<\/li>\n<li data-start=\"1115\" data-end=\"1164\">\n<p data-start=\"1117\" data-end=\"1164\" class=\" translation-block\">Compatible con <strong data-start=\"1126\" data-end=\"1162\">los protocolos est\u00e1ndar OBD2 y CAN-FD<\/strong><\/p>\n<\/li>\n<li data-start=\"1165\" data-end=\"1232\">\n<p data-start=\"1167\" data-end=\"1232\">Dise\u00f1o flexible y duradero, adecuado para entornos de taller<\/p>\n<\/li>\n<li data-start=\"1233\" data-end=\"1306\">\n<p data-start=\"1235\" data-end=\"1306\">Reduce el desgaste del conector OBD2 del veh\u00edculo al minimizar la tensi\u00f3n directa<\/p>\n<\/li>\n<li data-start=\"1307\" data-end=\"1367\">\n<p data-start=\"1309\" data-end=\"1367\">Proporciona un acceso m\u00e1s sencillo a puertos de diagn\u00f3stico de dif\u00edcil acceso<\/p>\n<\/li>\n<li data-start=\"1368\" data-end=\"1460\">\n<p data-start=\"1370\" data-end=\"1460\">Ideal para usar con adaptadores OBD2 Bluetooth: mejora la colocaci\u00f3n y la estabilidad de la conexi\u00f3n<\/p>\n<\/li>\n<\/ul>\n<h3 data-start=\"1467\" data-end=\"1499\">\ud83d\udce6 Incluido en el paquete<\/h3>\n<ul data-start=\"1500\" data-end=\"1544\">\n<li data-start=\"1500\" data-end=\"1544\">\n<p data-start=\"1502\" data-end=\"1544\">1 \u00d7 cable de extensi\u00f3n OBD2 CAN-FD DiagZone<\/p>\n<\/li>\n<\/ul>\n<p data-start=\"1551\" data-end=\"1807\">\u2705 <strong data-start=\"1553\" data-end=\"1805\">En resumen, el cable de extensi\u00f3n OBD2 CAN-FD DiagZone es un accesorio pr\u00e1ctico y fiable para diagn\u00f3sticos profesionales o personales. Garantiza una comunicaci\u00f3n estable, prolonga la vida \u00fatil del conector y hace que su configuraci\u00f3n de diagn\u00f3stico sea m\u00e1s c\u00f3moda y duradera.<\/strong><\/p>","protected":false},"excerpt":{"rendered":"<p>Cable de extensi\u00f3n OBD2 de alta calidad (16 pines) para ampliar el alcance entre su herramienta de diagn\u00f3stico y el puerto OBD2 del veh\u00edculo. Mejora el acceso, reduce el desgaste del conector y optimiza el rendimiento Bluetooth\/WiFi.<\/p>","protected":false},"featured_media":3450,"template":"","meta":{"_acf_changed":false,"_seopress_robots_primary_cat":"none","_seopress_titles_title":"OBD2 Extension Cable \u2013 16-pin Male to Female Diagnostic Extension","_seopress_titles_desc":"Buy durable OBD2 extension cable (16-pin). Extends reach between diagnostic tool and vehicle\u2019s OBD2 port, reduces socket wear, and improves accessibility for workshop setups.","_seopress_robots_index":"","inline_featured_image":false,"_kad_blocks_custom_css":"","_kad_blocks_head_custom_js":"","_kad_blocks_body_custom_js":"","_kad_blocks_footer_custom_js":"","_themeisle_gutenberg_block_has_review":false,"_kad_post_transparent":"default","_kad_post_title":"","_kad_post_layout":"default","_kad_post_sidebar_id":"","_kad_post_content_style":"default","_kad_post_vertical_padding":"default","_kad_post_feature":"","_kad_post_feature_position":"","_kad_post_header":false,"_kad_post_footer":false,"iawp_total_views":63},"product_cat":[22],"product_tag":[65,25,63,64,42],"class_list":{"0":"post-3419","1":"product","2":"type-product","3":"status-publish","4":"has-post-thumbnail","6":"product_cat-accessories","7":"product_tag-16-pin","8":"product_tag-adapter","9":"product_tag-can-fd","10":"product_tag-extension-cable","11":"product_tag-obd2","13":"first","14":"instock","15":"shipping-taxable","16":"purchasable","17":"product-type-simple","18":"entry","19":"content-bg","20":"loop-entry"},"acf":[],"taxonomy_info":{"product_cat":[{"value":22,"label":"Accessories"}],"product_tag":[{"value":65,"label":"16-Pin"},{"value":25,"label":"Adapter"},{"value":63,"label":"CAN-FD"},{"value":64,"label":"Extension Cable"},{"value":42,"label":"OBD2"}]},"featured_image_src_large":["https:\/\/diagzone.org\/wp-content\/uploads\/2025\/09\/Diagzone_Launch_X431_CAN_FD_1.jpg",600,600,false],"author_info":[],"comment_info":"","_links":{"self":[{"href":"https:\/\/diagzone.org\/es\/wp-json\/wp\/v2\/product\/3419","targetHints":{"allow":["GET"]}}],"collection":[{"href":"https:\/\/diagzone.org\/es\/wp-json\/wp\/v2\/product"}],"about":[{"href":"https:\/\/diagzone.org\/es\/wp-json\/wp\/v2\/types\/product"}],"wp:featuredmedia":[{"embeddable":true,"href":"https:\/\/diagzone.org\/es\/wp-json\/wp\/v2\/media\/3450"}],"wp:attachment":[{"href":"https:\/\/diagzone.org\/es\/wp-json\/wp\/v2\/media?parent=3419"}],"wp:term":[{"taxonomy":"product_cat","embeddable":true,"href":"https:\/\/diagzone.org\/es\/wp-json\/wp\/v2\/product_cat?post=3419"},{"taxonomy":"product_tag","embeddable":true,"href":"https:\/\/diagzone.org\/es\/wp-json\/wp\/v2\/product_tag?post=3419"}],"curies":[{"name":"wp","href":"https:\/\/api.w.org\/{rel}","templated":true}]}}