
{"id":670,"date":"2024-01-19T20:56:43","date_gmt":"2024-01-19T19:56:43","guid":{"rendered":"https:\/\/diagzone.org\/?post_type=product&#038;p=670"},"modified":"2025-09-26T13:15:37","modified_gmt":"2025-09-26T11:15:37","slug":"launch-dbscar-vii-dbscar7-bluetooth-obd2-scanner-supports-can-fd-doip-protocols-powerful-all-systems-for-x431","status":"publish","type":"product","link":"https:\/\/diagzone.org\/es\/producto\/launch-dbscar-vii-dbscar7-bluetooth-obd2-scanner-supports-can-fd-doip-protocols-powerful-all-systems-for-x431\/","title":{"rendered":"Launch DBScar VII DBSCAR7 Esc\u00e1ner OBD2 Bluetooth compatible con CAN-FD y DoIP \u2013 diagn\u00f3stico potente de todos los sistemas para X431"},"content":{"rendered":"<p data-start=\"252\" data-end=\"470\" class=\" translation-block\"><strong data-start=\"252\" data-end=\"329\">Gracias por su inter\u00e9s en el Original Launch DBScar VII (DBScar 7).<\/strong><br data-start=\"329\" data-end=\"332\">Este conector es <strong data-start=\"350\" data-end=\"363\">completamente nuevo<\/strong>, probado en la <strong data-start=\"379\" data-end=\"400\">plataforma DiagZone<\/strong>, y garantiza tanto la <strong data-start=\"422\" data-end=\"438\">autenticidad<\/strong> como un <strong data-start=\"443\" data-end=\"467\">rendimiento superior<\/strong>.<\/p>\n<h2 data-start=\"472\" data-end=\"496\">\ud83d\udd39 Aviso importante<\/h2>\n<p data-start=\"497\" data-end=\"681\" class=\" translation-block\">El Launch <strong data-start=\"508\" data-end=\"533\">DBScar VII (DBScar 7)<\/strong> se entrega <strong data-start=\"547\" data-end=\"585\">sin <a href=\"https:\/\/diagzone.org\/diagzone-activation\/\" target=\"_self\">software preinstalado<\/a><\/strong>.<br data-start=\"586\" data-end=\"589\">Para desbloquear todo el potencial de este dispositivo, se requiere una <strong data-start=\"636\" data-end=\"678\"><a href=\"https:\/\/diagzone.org\/diagzone-buy-subscription\/\" target=\"_self\">compra de software<\/a> por separado<\/strong>.<\/p>\n<h2 data-start=\"683\" data-end=\"709\">\ud83d\udd39 Soporte y orientaci\u00f3n<\/h2>\n<p data-start=\"710\" data-end=\"940\" class=\" translation-block\">\u00bfNecesita ayuda con la <strong data-start=\"725\" data-end=\"748\">activaci\u00f3n de DiagZone<\/strong>?<br data-start=\"749\" data-end=\"752\">Nuestro equipo ofrece <strong data-start=\"787\" data-end=\"814\">asistencia paso a paso<\/strong>. No dude en <a href=\"https:\/\/wa.me\/31647604324\" target=\"_self\"><strong data-start=\"829\" data-end=\"851\">contactarnos en cualquier momento<\/strong><\/a> si necesita ayuda para activar su dispositivo con la <strong data-start=\"911\" data-end=\"937\">plataforma OBD2 DiagZone<\/strong>.<\/p>\n<h2 data-start=\"942\" data-end=\"967\">\ud83d\udd39 Garant\u00eda de calidad<\/h2>\n<p data-start=\"968\" data-end=\"1141\" class=\" translation-block\">Cada DBScar VII pasa por <strong data-start=\"995\" data-end=\"1040\">rigurosas pruebas con tester IO antes del env\u00edo<\/strong>.<br data-start=\"1041\" data-end=\"1044\">Esto garantiza un <strong data-start=\"1060\" data-end=\"1086\">funcionamiento impecable<\/strong>, fiabilidad profesional y durabilidad a largo plazo.<\/p>\n<h2 data-start=\"1143\" data-end=\"1167\">Descripci\u00f3n del producto<\/h2>\n<p data-start=\"1168\" data-end=\"1318\" class=\" translation-block\">El <strong data-start=\"1172\" data-end=\"1204\">Launch DBScar VII (DBScar 7)<\/strong> es un <strong data-start=\"1220\" data-end=\"1249\">conector de diagn\u00f3stico OBD2<\/strong> avanzado, dise\u00f1ado <strong data-start=\"1259\" data-end=\"1315\">exclusivamente para ser compatible con el software DiagZone<\/strong>.<\/p>\n<p data-start=\"1320\" data-end=\"1533\">\u2705 Funciona como <strong data-start=\"1333\" data-end=\"1372\">adaptador Bluetooth OBD2 profesional<\/strong><br data-start=\"1372\" data-end=\"1375\" \/>\u2705 <strong data-start=\"444\" data-end=\"496\">Admite dispositivos Android (smartphones y tabletas)<\/strong> \u2013 totalmente compatible con <strong data-start=\"521\" data-end=\"537\">Android 7\u201313<\/strong>, y tambi\u00e9n con <strong data-start=\"553\" data-end=\"589\">Android 14 (solo sistemas de 32 bits)<\/strong><br data-start=\"1425\" data-end=\"1428\" \/>\u2705 Probado con <strong data-start=\"1442\" data-end=\"1480\">software DiagZone para autenticidad<\/strong><br data-start=\"1480\" data-end=\"1483\" \/>\u2705 Activaci\u00f3n sencilla con licencia de software independiente<\/p>\n<p data-start=\"1535\" data-end=\"1618\">\u26a0\ufe0f <strong data-start=\"176\" data-end=\"192\">Tenga en cuenta:<\/strong> Este conector no incluye ning\u00fan software ni suscripci\u00f3n.<br data-start=\"254\" data-end=\"257\" \/>\ud83d\udc49 A <strong data-start=\"262\" data-end=\"296\">Suscripci\u00f3n al software DiagZone<\/strong> se puede adquirir por separado aqu\u00ed: <a class=\"decorated-link\" href=\"https:\/\/diagzone.org\/diagzone-buy-subscription\/\" target=\"_new\" rel=\"noopener\" data-start=\"331\" data-end=\"407\" data-is-only-node=\"\">Comprar suscripci\u00f3n DiagZone<\/a><\/p>\n<h2 data-start=\"1620\" data-end=\"1654\">\u00bfPor qu\u00e9 elegir el Launch DBScar VII?<\/h2>\n<ul>\n<li data-start=\"216\" data-end=\"287\">\n<p data-start=\"218\" data-end=\"287\"><strong data-start=\"218\" data-end=\"285\">Dispositivo Launch original \u2013 Chip completo \u2013 sin clones, sin falsificaciones<\/strong><\/p>\n<\/li>\n<li data-start=\"288\" data-end=\"335\">\n<p data-start=\"290\" data-end=\"335\" class=\" translation-block\"><strong data-start=\"290\" data-end=\"317\">Probado al 100 % en DiagZone<\/strong> antes del env\u00edo<\/p>\n<\/li>\n<li data-start=\"336\" data-end=\"399\">\n<p data-start=\"338\" data-end=\"399\" class=\" translation-block\"><strong data-start=\"338\" data-end=\"369\">Conector OBD2 profesional<\/strong> con rendimiento garantizado<\/p>\n<\/li>\n<li data-start=\"400\" data-end=\"500\">\n<p data-start=\"402\" data-end=\"500\" class=\" translation-block\">Compatible con los <strong data-start=\"418\" data-end=\"498\">paquetes de software DiagZone para turismos, veh\u00edculos el\u00e9ctricos y veh\u00edculos pesados<\/strong><\/p>\n<\/li>\n<li data-start=\"501\" data-end=\"612\">\n<p data-start=\"503\" data-end=\"612\" class=\" translation-block\">Compatible con todos los principales protocolos de diagn\u00f3stico: <strong data-start=\"544\" data-end=\"610\">ISO9141, KWP2000, J1850 VPW, J1850 PWM, CAN, UDS, DOIP, CAN-FD<\/strong><\/p>\n<\/li>\n<\/ul>","protected":false},"excerpt":{"rendered":"<p data-start=\"129\" data-end=\"534\">El Launch DBScar VII (DBScar 7) original es un conector OBD2 Bluetooth de alto rendimiento, dise\u00f1ado para ofrecer velocidad, fiabilidad y una transferencia de datos precisa. Es compatible con los protocolos m\u00e1s recientes de los veh\u00edculos, incluidos CAN FD y DOIP, lo que lo hace ideal para autom\u00f3viles modernos, veh\u00edculos el\u00e9ctricos y camiones. Con una amplia cobertura y un rendimiento de nivel profesional en un dise\u00f1o compacto, garantiza una comunicaci\u00f3n r\u00e1pida y estable para diagn\u00f3sticos avanzados.<\/p>","protected":false},"featured_media":3312,"template":"","meta":{"_acf_changed":false,"_seopress_robots_primary_cat":"none","_seopress_titles_title":"Original Launch DBScar VII (DBScar 7)","_seopress_titles_desc":"Original Launch DBScar VII, a tested product ensuring authenticity and superior performance on the Diagzone platform.","_seopress_robots_index":"","inline_featured_image":false,"_kad_blocks_custom_css":"","_kad_blocks_head_custom_js":"","_kad_blocks_body_custom_js":"","_kad_blocks_footer_custom_js":"","_themeisle_gutenberg_block_has_review":false,"_kad_post_transparent":"default","_kad_post_title":"","_kad_post_layout":"default","_kad_post_sidebar_id":"","_kad_post_content_style":"default","_kad_post_vertical_padding":"default","_kad_post_feature":"","_kad_post_feature_position":"","_kad_post_header":false,"_kad_post_footer":false,"iawp_total_views":745},"product_cat":[19],"product_tag":[],"class_list":{"0":"post-670","1":"product","2":"type-product","3":"status-publish","4":"has-post-thumbnail","6":"product_cat-obd-connectors","8":"first","9":"instock","10":"shipping-taxable","11":"purchasable","12":"product-type-simple","13":"entry","14":"content-bg","15":"loop-entry"},"acf":[],"taxonomy_info":{"product_cat":[{"value":19,"label":"Obd connectors"}]},"featured_image_src_large":["https:\/\/diagzone.org\/wp-content\/uploads\/2024\/01\/DBS_Car_VII_1.jpg",600,600,false],"author_info":[],"comment_info":"","_links":{"self":[{"href":"https:\/\/diagzone.org\/es\/wp-json\/wp\/v2\/product\/670","targetHints":{"allow":["GET"]}}],"collection":[{"href":"https:\/\/diagzone.org\/es\/wp-json\/wp\/v2\/product"}],"about":[{"href":"https:\/\/diagzone.org\/es\/wp-json\/wp\/v2\/types\/product"}],"wp:featuredmedia":[{"embeddable":true,"href":"https:\/\/diagzone.org\/es\/wp-json\/wp\/v2\/media\/3312"}],"wp:attachment":[{"href":"https:\/\/diagzone.org\/es\/wp-json\/wp\/v2\/media?parent=670"}],"wp:term":[{"taxonomy":"product_cat","embeddable":true,"href":"https:\/\/diagzone.org\/es\/wp-json\/wp\/v2\/product_cat?post=670"},{"taxonomy":"product_tag","embeddable":true,"href":"https:\/\/diagzone.org\/es\/wp-json\/wp\/v2\/product_tag?post=670"}],"curies":[{"name":"wp","href":"https:\/\/api.w.org\/{rel}","templated":true}]}}