
{"id":673,"date":"2024-01-19T20:57:45","date_gmt":"2024-01-19T19:57:45","guid":{"rendered":"https:\/\/diagzone.org\/?post_type=product&#038;p=673"},"modified":"2026-01-05T13:58:38","modified_gmt":"2026-01-05T12:58:38","slug":"thinkcar-thinkdiag-2-can-fd-bi-directional-obd2-scanner","status":"publish","type":"product","link":"https:\/\/diagzone.org\/es\/producto\/thinkcar-thinkdiag-2-can-fd-bi-directional-obd2-scanner\/","title":{"rendered":"THINKCAR ThinkDiag 2 Esc\u00e1ner OBD2 bidireccional CAN-FD"},"content":{"rendered":"<p data-start=\"162\" data-end=\"369\" class=\" translation-block\">Gracias por su inter\u00e9s en el <strong data-start=\"197\" data-end=\"221\">Original THINKDIAG 2<\/strong>.<br data-start=\"222\" data-end=\"225\">Este conector de diagn\u00f3stico es completamente nuevo, ha sido probado en su totalidad en la <strong data-start=\"285\" data-end=\"306\">DiagZone platform<\/strong> y garantiza tanto autenticidad como un rendimiento excelente.<\/p>\n<h2 data-start=\"371\" data-end=\"395\">\ud83d\udd39 Aviso importante<\/h2>\n<p data-start=\"396\" data-end=\"534\" class=\" translation-block\">El THINKDIAG 2 se entrega <a href=\"https:\/\/diagzone.org\/diagzone-activation\/\" target=\"_self\"><strong data-start=\"425\" data-end=\"463\">sin ning\u00fan software preinstalado<\/strong><\/a>.<br data-start=\"464\" data-end=\"467\">Para utilizar este dispositivo, se requiere una <strong data-start=\"489\" data-end=\"531\"><a href=\"https:\/\/diagzone.org\/diagzone-buy-subscription\/\" target=\"_self\">compra de software<\/a> independiente<\/strong>.<\/p>\n<h2 data-start=\"536\" data-end=\"562\">\ud83d\udd39 Soporte y orientaci\u00f3n<\/h2>\n<p data-start=\"563\" data-end=\"775\" class=\" translation-block\">\u00bfNecesita ayuda con la <strong data-start=\"578\" data-end=\"596\">configuraci\u00f3n de DiagZone<\/strong>?<br data-start=\"597\" data-end=\"600\">Nuestro equipo ofrece asistencia paso a paso. No dude en <a href=\"https:\/\/wa.me\/31647604324\" target=\"_self\">contactarnos<\/a> en cualquier momento si necesita orientaci\u00f3n para usar su dispositivo con la <strong data-start=\"746\" data-end=\"772\">DiagZone OBD2 platform<\/strong>.<\/p>\n<h2 data-start=\"777\" data-end=\"802\">\ud83d\udd39 Garant\u00eda de calidad<\/h2>\n<p data-start=\"803\" data-end=\"977\" class=\" translation-block\">Cada THINKDIAG 2 se somete a <strong data-start=\"831\" data-end=\"881\">rigurosas pruebas de funcionamiento antes del env\u00edo<\/strong>.<br data-start=\"882\" data-end=\"885\">Esto garantiza un funcionamiento impecable, una fiabilidad de nivel profesional y una durabilidad a largo plazo.<\/p>\n<h1 data-start=\"979\" data-end=\"1002\">Descripci\u00f3n del producto<\/h1>\n<p data-start=\"1004\" data-end=\"1159\" class=\" translation-block\">El <strong data-start=\"1008\" data-end=\"1023\">THINKDIAG 2<\/strong> es un <strong data-start=\"1050\" data-end=\"1089\">conector de diagn\u00f3stico OBD2 Bluetooth<\/strong> compacto y potente, dise\u00f1ado exclusivamente para ser compatible con el <strong data-start=\"1135\" data-end=\"1156\">software DiagZone<\/strong>.<\/p>\n<p data-start=\"1161\" data-end=\"1586\">\u2705 Funciona como un adaptador Bluetooth OBD2 profesional<br data-start=\"1209\" data-end=\"1212\" \/>\u2705 Compatible con dispositivos Android (smartphones y tabletas) \u2013 totalmente compatible con <strong data-start=\"1287\" data-end=\"1303\">Android 7\u201313<\/strong>, y tambi\u00e9n con <strong data-start=\"1319\" data-end=\"1355\">Android 14 (solo sistemas de 32 bits)<\/strong><br data-start=\"1355\" data-end=\"1358\" \/>\u2705 Probado con el software DiagZone para garantizar la autenticidad<br data-start=\"1406\" data-end=\"1409\" \/>\u2705 Conexi\u00f3n Bluetooth 5.0 de doble modo, r\u00e1pida y estable<br data-start=\"1459\" data-end=\"1462\" \/>\u2705 Dise\u00f1o duradero con carcasa de ABS+PC+TPU y luces indicadoras dobles<br data-start=\"1528\" data-end=\"1531\" \/>\u2705 Se entrega con <strong data-start=\"1544\" data-end=\"1565\">Cable OBD2 de 0,65 m<\/strong> para un uso c\u00f3modo<\/p>\n<p data-start=\"1588\" data-end=\"1824\">\u26a0\ufe0f Tenga en cuenta: Este conector no incluye ning\u00fan software ni suscripci\u00f3n.<br data-start=\"1669\" data-end=\"1672\" \/>\ud83d\udc49 Una suscripci\u00f3n de software DiagZone se puede comprar por separado aqu\u00ed: <a class=\"decorated-link\" href=\"https:\/\/diagzone.org\/diagzone-buy-subscription\/\" target=\"_new\" rel=\"noopener\" data-start=\"1746\" data-end=\"1822\">Comprar suscripci\u00f3n DiagZone<\/a><\/p>\n<h1 data-start=\"1826\" data-end=\"1853\">\u00bfPor qu\u00e9 elegir THINKDIAG 2?<\/h1>\n<ul data-start=\"1855\" data-end=\"2272\">\n<li data-start=\"1855\" data-end=\"1907\">\n<p data-start=\"1857\" data-end=\"1907\"><strong data-start=\"1857\" data-end=\"1905\">Dispositivo original \u2013 sin clones ni falsificaciones<\/strong><\/p>\n<\/li>\n<li data-start=\"1908\" data-end=\"1955\">\n<p data-start=\"1910\" data-end=\"1955\" class=\" translation-block\"><strong data-start=\"290\" data-end=\"317\">Probado al 100 % en DiagZone<\/strong> antes del env\u00edo<\/p>\n<\/li>\n<li data-start=\"1956\" data-end=\"2019\">\n<p data-start=\"1958\" data-end=\"2019\" class=\" translation-block\"><strong data-start=\"338\" data-end=\"369\">Conector OBD2 profesional<\/strong> con rendimiento garantizado<\/p>\n<\/li>\n<li data-start=\"2020\" data-end=\"2072\">\n<p data-start=\"2022\" data-end=\"2072\" class=\" translation-block\">Tama\u00f1o compacto, <strong data-start=\"2036\" data-end=\"2070\">f\u00e1cil de usar con Bluetooth 5.0<\/strong><\/p>\n<\/li>\n<li data-start=\"2073\" data-end=\"2169\">\n<p data-start=\"2075\" data-end=\"2169\" class=\" translation-block\">Compatible con los <strong data-start=\"418\" data-end=\"498\">paquetes de software DiagZone para turismos, veh\u00edculos el\u00e9ctricos y veh\u00edculos pesados<\/strong><\/p>\n<\/li>\n<li data-start=\"2170\" data-end=\"2272\">\n<p data-start=\"2172\" data-end=\"2272\" class=\" translation-block\">Admite protocolos de diagn\u00f3stico modernos: <strong data-start=\"2210\" data-end=\"2270\">ISO9141, KWP2000, J1850 VPW, J1850 PWM, CAN, UDS, CAN-FD<\/strong><\/p>\n<\/li>\n<\/ul>\n<p data-start=\"2274\" data-end=\"2453\">\u2705 En resumen, el <strong data-start=\"2290\" data-end=\"2305\">THINKDIAG 2<\/strong> es la soluci\u00f3n ideal para quienes buscan una <strong data-start=\"2353\" data-end=\"2414\">conector OBD2 potente, compacto y compatible con DiagZone<\/strong>, confiado por profesionales de todo el mundo.<\/p>","protected":false},"excerpt":{"rendered":"<p class=\" translation-block\">El <strong data-start=\"157\" data-end=\"172\">THINKDIAG 2<\/strong> es un conector OBD2 Bluetooth de alto rendimiento, dise\u00f1ado para ofrecer velocidad, fiabilidad y una transferencia de datos precisa. Es compatible con la comunicaci\u00f3n moderna <strong data-start=\"301\" data-end=\"325\">CAN-FD<\/strong>, lo que lo hace ideal para veh\u00edculos de nueva generaci\u00f3n. Con una amplia cobertura desde coches hasta veh\u00edculos el\u00e9ctricos y camiones, ofrece un rendimiento de nivel profesional en un dise\u00f1o compacto, totalmente probado en la <strong data-start=\"505\" data-end=\"526\">DiagZone platform<\/strong>.<\/p>","protected":false},"featured_media":3320,"template":"","meta":{"_acf_changed":false,"_seopress_robots_primary_cat":"none","_seopress_titles_title":"Elevate Your Diagnostic Capabilities - THINKDIAG2: CAN-FD","_seopress_titles_desc":"Enhance Your Diagnostics with THINKDIAG 2, Offering Support for CAN-FD Protocol and Bluetooth 5.0, Compatible with the DiagZone Server.","_seopress_robots_index":"","inline_featured_image":false,"_kad_blocks_custom_css":"","_kad_blocks_head_custom_js":"","_kad_blocks_body_custom_js":"","_kad_blocks_footer_custom_js":"","_themeisle_gutenberg_block_has_review":false,"_kad_post_transparent":"default","_kad_post_title":"","_kad_post_layout":"default","_kad_post_sidebar_id":"","_kad_post_content_style":"default","_kad_post_vertical_padding":"default","_kad_post_feature":"","_kad_post_feature_position":"","_kad_post_header":false,"_kad_post_footer":false,"iawp_total_views":1095},"product_cat":[19],"product_tag":[],"class_list":{"0":"post-673","1":"product","2":"type-product","3":"status-publish","4":"has-post-thumbnail","6":"product_cat-obd-connectors","8":"first","9":"instock","10":"sale","11":"shipping-taxable","12":"purchasable","13":"product-type-simple","14":"entry","15":"content-bg","16":"loop-entry"},"acf":[],"taxonomy_info":{"product_cat":[{"value":19,"label":"Obd connectors"}]},"featured_image_src_large":["https:\/\/diagzone.org\/wp-content\/uploads\/2024\/01\/ThinkDiag_2_1.jpg",600,600,false],"author_info":[],"comment_info":"","_links":{"self":[{"href":"https:\/\/diagzone.org\/es\/wp-json\/wp\/v2\/product\/673","targetHints":{"allow":["GET"]}}],"collection":[{"href":"https:\/\/diagzone.org\/es\/wp-json\/wp\/v2\/product"}],"about":[{"href":"https:\/\/diagzone.org\/es\/wp-json\/wp\/v2\/types\/product"}],"wp:featuredmedia":[{"embeddable":true,"href":"https:\/\/diagzone.org\/es\/wp-json\/wp\/v2\/media\/3320"}],"wp:attachment":[{"href":"https:\/\/diagzone.org\/es\/wp-json\/wp\/v2\/media?parent=673"}],"wp:term":[{"taxonomy":"product_cat","embeddable":true,"href":"https:\/\/diagzone.org\/es\/wp-json\/wp\/v2\/product_cat?post=673"},{"taxonomy":"product_tag","embeddable":true,"href":"https:\/\/diagzone.org\/es\/wp-json\/wp\/v2\/product_tag?post=673"}],"curies":[{"name":"wp","href":"https:\/\/api.w.org\/{rel}","templated":true}]}}