
{"id":2776,"date":"2025-09-22T10:14:30","date_gmt":"2025-09-22T08:14:30","guid":{"rendered":"https:\/\/diagzone.org\/?page_id=2776"},"modified":"2026-03-25T17:09:35","modified_gmt":"2026-03-25T16:09:35","slug":"free-obd-test-diagzone","status":"publish","type":"page","link":"https:\/\/diagzone.org\/fr\/free-obd-test-diagzone\/","title":{"rendered":"Free obd test"},"content":{"rendered":"<style>.kb-row-layout-id2776_c69399-fd > .kt-row-column-wrap{align-content:start;}:where(.kb-row-layout-id2776_c69399-fd > .kt-row-column-wrap) > .wp-block-kadence-column{justify-content:start;}.kb-row-layout-id2776_c69399-fd > .kt-row-column-wrap{column-gap:var(--global-kb-gap-md, 2rem);row-gap:var(--global-kb-gap-md, 2rem);max-width:var( --global-content-width, 1444px );padding-left:var(--global-content-edge-padding);padding-right:var(--global-content-edge-padding);padding-top:var(--global-kb-spacing-sm, 1.5rem);grid-template-columns:minmax(0, 1fr);}.kb-row-layout-id2776_c69399-fd > .kt-row-layout-overlay{opacity:0.30;}@media all and (max-width: 1024px){.kb-row-layout-id2776_c69399-fd > .kt-row-column-wrap{grid-template-columns:minmax(0, 1fr);}}@media all and (max-width: 767px){.kb-row-layout-id2776_c69399-fd > .kt-row-column-wrap{grid-template-columns:minmax(0, 1fr);}}<\/style><div class=\"kb-row-layout-wrap kb-row-layout-id2776_c69399-fd alignfull wp-block-kadence-rowlayout\"><div class=\"kt-row-column-wrap kt-has-1-columns kt-row-layout-equal kt-tab-layout-inherit kt-mobile-layout-row kt-row-valign-top kb-theme-content-width\">\n<style>.kadence-column2776_cf67f9-d0 > .kt-inside-inner-col,.kadence-column2776_cf67f9-d0 > .kt-inside-inner-col:before{border-top-left-radius:0px;border-top-right-radius:0px;border-bottom-right-radius:0px;border-bottom-left-radius:0px;}.kadence-column2776_cf67f9-d0 > .kt-inside-inner-col{column-gap:var(--global-kb-gap-sm, 1rem);}.kadence-column2776_cf67f9-d0 > .kt-inside-inner-col{flex-direction:column;}.kadence-column2776_cf67f9-d0 > .kt-inside-inner-col > .aligncenter{width:100%;}.kadence-column2776_cf67f9-d0 > .kt-inside-inner-col:before{opacity:0.3;}.kadence-column2776_cf67f9-d0{position:relative;}@media all and (max-width: 1024px){.kadence-column2776_cf67f9-d0 > .kt-inside-inner-col{flex-direction:column;justify-content:center;}}@media all and (max-width: 767px){.kadence-column2776_cf67f9-d0 > .kt-inside-inner-col{flex-direction:column;justify-content:center;}}<\/style>\n<div class=\"wp-block-kadence-column kadence-column2776_cf67f9-d0\"><div class=\"kt-inside-inner-col\"><style>.wp-block-kadence-advancedheading.kt-adv-heading2776_430ea4-be, .wp-block-kadence-advancedheading.kt-adv-heading2776_430ea4-be[data-kb-block=\"kb-adv-heading2776_430ea4-be\"]{padding-bottom:0px;text-align:center;font-size:var(--global-kb-font-size-sm, 0.9rem);font-weight:400;font-style:normal;text-transform:capitalize;}.wp-block-kadence-advancedheading.kt-adv-heading2776_430ea4-be mark.kt-highlight, .wp-block-kadence-advancedheading.kt-adv-heading2776_430ea4-be[data-kb-block=\"kb-adv-heading2776_430ea4-be\"] mark.kt-highlight{font-style:normal;color:#f76a0c;-webkit-box-decoration-break:clone;box-decoration-break:clone;padding-top:0px;padding-right:0px;padding-bottom:0px;padding-left:0px;}<\/style>\n<h6 class=\"kt-adv-heading2776_430ea4-be wp-block-kadence-advancedheading has-theme-palette-1-color has-text-color\" data-kb-block=\"kb-adv-heading2776_430ea4-be\">Notre \u00e9quipe est toujours \u00e0 vos c\u00f4t\u00e9s !<\/h6>\n\n\n<style>.wp-block-kadence-advancedheading.kt-adv-heading2776_16db94-14, .wp-block-kadence-advancedheading.kt-adv-heading2776_16db94-14[data-kb-block=\"kb-adv-heading2776_16db94-14\"]{text-align:center;font-size:var(--global-kb-font-size-xl, 3rem);font-style:normal;text-transform:capitalize;}.wp-block-kadence-advancedheading.kt-adv-heading2776_16db94-14 mark.kt-highlight, .wp-block-kadence-advancedheading.kt-adv-heading2776_16db94-14[data-kb-block=\"kb-adv-heading2776_16db94-14\"] mark.kt-highlight{font-style:normal;color:#f76a0c;-webkit-box-decoration-break:clone;box-decoration-break:clone;padding-top:0px;padding-right:0px;padding-bottom:0px;padding-left:0px;}<\/style>\n<h2 class=\"kt-adv-heading2776_16db94-14 wp-block-kadence-advancedheading has-theme-palette-4-color has-text-color\" data-kb-block=\"kb-adv-heading2776_16db94-14\">Vous h\u00e9sitez encore ? Demandez un essai gratuit avant de vous d\u00e9cider.<\/h2>\n<\/div><\/div>\n\n<\/div><\/div>\n\n<style>.kb-row-layout-id2776_2a66ff-9b > .kt-row-column-wrap{align-content:start;}:where(.kb-row-layout-id2776_2a66ff-9b > .kt-row-column-wrap) > .wp-block-kadence-column{justify-content:start;}.kb-row-layout-id2776_2a66ff-9b > .kt-row-column-wrap{column-gap:var(--global-kb-gap-lg, 4rem);row-gap:var(--global-kb-gap-none, 0rem );padding-top:var(--global-kb-spacing-xl, 4rem);padding-right:var(--global-kb-spacing-xxl, 5rem);padding-bottom:var(--global-kb-spacing-xl, 4rem);padding-left:var(--global-kb-spacing-xxl, 5rem);grid-template-columns:minmax(0, 1fr) minmax(0, 2fr);}.kb-row-layout-id2776_2a66ff-9b{background-image:linear-gradient(129deg,rgba(0,60,255,0.85) 9%,var(--global-palette9) 54%,var(--global-palette9) 100%);}.kb-row-layout-id2776_2a66ff-9b > .kt-row-layout-overlay{opacity:0.30;}@media all and (max-width: 1024px){.kb-row-layout-id2776_2a66ff-9b > .kt-row-column-wrap{row-gap:var(--global-kb-gap-sm, 1rem);grid-template-columns:minmax(0, 1fr) minmax(0, 2fr);}}@media all and (max-width: 767px){.kb-row-layout-id2776_2a66ff-9b > .kt-row-column-wrap{row-gap:var(--global-kb-gap-sm, 1rem);padding-top:var(--global-kb-spacing-xs, 1rem);padding-right:var(--global-kb-spacing-xs, 1rem);padding-bottom:var(--global-kb-spacing-xs, 1rem);padding-left:var(--global-kb-spacing-xs, 1rem);grid-template-columns:minmax(0, 1fr);}}<\/style><div class=\"kb-row-layout-wrap kb-row-layout-id2776_2a66ff-9b alignfull kt-row-has-bg wp-block-kadence-rowlayout\"><div class=\"kt-row-column-wrap kt-has-2-columns kt-row-layout-right-golden kt-tab-layout-inherit kt-mobile-layout-row kt-row-valign-top\">\n<style>.kadence-column2776_675c67-45 > .kt-inside-inner-col,.kadence-column2776_675c67-45 > .kt-inside-inner-col:before{border-top-left-radius:0px;border-top-right-radius:0px;border-bottom-right-radius:0px;border-bottom-left-radius:0px;}.kadence-column2776_675c67-45 > .kt-inside-inner-col{column-gap:var(--global-kb-gap-sm, 1rem);}.kadence-column2776_675c67-45 > .kt-inside-inner-col{flex-direction:column;}.kadence-column2776_675c67-45 > .kt-inside-inner-col > .aligncenter{width:100%;}.kadence-column2776_675c67-45 > .kt-inside-inner-col:before{opacity:0.3;}.kadence-column2776_675c67-45{position:relative;}@media all and (max-width: 1024px){.kadence-column2776_675c67-45 > .kt-inside-inner-col{flex-direction:column;justify-content:center;}}@media all and (max-width: 767px){.kadence-column2776_675c67-45 > .kt-inside-inner-col{flex-direction:column;justify-content:center;}}<\/style>\n<div class=\"wp-block-kadence-column kadence-column2776_675c67-45 kb-section-dir-vertical\"><div class=\"kt-inside-inner-col\">\n<figure class=\"wp-block-image size-full\"><img loading=\"lazy\" decoding=\"async\" width=\"1024\" height=\"1024\" src=\"https:\/\/diagzone.org\/wp-content\/uploads\/2025\/09\/DiagzoneTestdemomode.png\" alt=\"\" class=\"wp-image-2789\" srcset=\"https:\/\/diagzone.org\/wp-content\/uploads\/2025\/09\/DiagzoneTestdemomode.png 1024w, https:\/\/diagzone.org\/wp-content\/uploads\/2025\/09\/DiagzoneTestdemomode-300x300.png 300w, https:\/\/diagzone.org\/wp-content\/uploads\/2025\/09\/DiagzoneTestdemomode-150x150.png 150w, https:\/\/diagzone.org\/wp-content\/uploads\/2025\/09\/DiagzoneTestdemomode-768x768.png 768w, https:\/\/diagzone.org\/wp-content\/uploads\/2025\/09\/DiagzoneTestdemomode-600x600.png 600w, https:\/\/diagzone.org\/wp-content\/uploads\/2025\/09\/DiagzoneTestdemomode-100x100.png 100w\" sizes=\"auto, (max-width: 1024px) 100vw, 1024px\" \/><\/figure>\n\n\n\n<p><\/p>\n\n\n<style>.kadence-column2776_777a63-de > .kt-inside-inner-col{padding-right:var(--global-kb-spacing-xxs, 0.5rem);padding-left:var(--global-kb-spacing-xxs, 0.5rem);}.kadence-column2776_777a63-de > .kt-inside-inner-col,.kadence-column2776_777a63-de > .kt-inside-inner-col:before{border-top-left-radius:0px;border-top-right-radius:0px;border-bottom-right-radius:0px;border-bottom-left-radius:0px;}.kadence-column2776_777a63-de > .kt-inside-inner-col{column-gap:var(--global-kb-gap-sm, 1rem);}.kadence-column2776_777a63-de > .kt-inside-inner-col{flex-direction:column;}.kadence-column2776_777a63-de > .kt-inside-inner-col > .aligncenter{width:100%;}.kadence-column2776_777a63-de > .kt-inside-inner-col{background-color:#ffe0e0;}.kadence-column2776_777a63-de > .kt-inside-inner-col:before{opacity:0.3;}.kadence-column2776_777a63-de{position:relative;}@media all and (max-width: 1024px){.kadence-column2776_777a63-de > .kt-inside-inner-col{flex-direction:column;justify-content:center;}}@media all and (max-width: 767px){.kadence-column2776_777a63-de > .kt-inside-inner-col{flex-direction:column;justify-content:center;}}<\/style>\n<div class=\"wp-block-kadence-column kadence-column2776_777a63-de\"><div class=\"kt-inside-inner-col\">\n<p><strong>\ud83d\udce2 IMPORTANT \u2013 \u00c0 LIRE AVANT D\u2019UTILISER LE LOGICIEL DIAGZONE<\/strong><\/p>\n\n\n\n<p>\u2705 <strong>To make sure your device works correctly with DiagZone, please follow these steps:<\/strong><br>1\ufe0f\u20e3 Make sure your scanner is supported by DiagZone (most DBScar and compatible devices work out of the box).<br>2\ufe0f\u20e3 Download and install the official DiagZone app from our link.<br>3\ufe0f\u20e3 Follow the installation guide carefully to avoid errors.<br>4\ufe0f\u20e3 Once installed, request your <strong>FREE DiagZone test account<\/strong> by contacting us.<br><\/p>\n<\/div><\/div>\n<\/div><\/div>\n\n\n<style>.kadence-column2776_ec2842-86 > .kt-inside-inner-col,.kadence-column2776_ec2842-86 > .kt-inside-inner-col:before{border-top-left-radius:0px;border-top-right-radius:0px;border-bottom-right-radius:0px;border-bottom-left-radius:0px;}.kadence-column2776_ec2842-86 > .kt-inside-inner-col{column-gap:var(--global-kb-gap-sm, 1rem);}.kadence-column2776_ec2842-86 > .kt-inside-inner-col{flex-direction:column;}.kadence-column2776_ec2842-86 > .kt-inside-inner-col > .aligncenter{width:100%;}.kadence-column2776_ec2842-86 > .kt-inside-inner-col:before{opacity:0.3;}.kadence-column2776_ec2842-86{position:relative;}@media all and (max-width: 1024px){.kadence-column2776_ec2842-86 > .kt-inside-inner-col{flex-direction:column;justify-content:center;}}@media all and (max-width: 767px){.kadence-column2776_ec2842-86 > .kt-inside-inner-col{flex-direction:column;justify-content:center;}}<\/style>\n<div class=\"wp-block-kadence-column kadence-column2776_ec2842-86\"><div class=\"kt-inside-inner-col\">\n<div class=\"wp-block-contact-form-7-contact-form-selector\">\n<div class=\"wpcf7 no-js\" id=\"wpcf7-f2778-o1\" lang=\"en-US\" dir=\"ltr\" data-wpcf7-id=\"2778\">\n<div class=\"screen-reader-response\"><p role=\"status\" aria-live=\"polite\" aria-atomic=\"true\"><\/p> <ul><\/ul><\/div>\n<form action=\"\/fr\/wp-json\/wp\/v2\/pages\/2776#wpcf7-f2778-o1\" method=\"post\" class=\"wpcf7-form init\" aria-label=\"Contact form\" novalidate=\"novalidate\" data-status=\"init\" data-trp-original-action=\"\/fr\/wp-json\/wp\/v2\/pages\/2776#wpcf7-f2778-o1\">\n<fieldset class=\"hidden-fields-container\"><input type=\"hidden\" name=\"_wpcf7\" value=\"2778\" \/><input type=\"hidden\" name=\"_wpcf7_version\" value=\"6.1.5\" \/><input type=\"hidden\" name=\"_wpcf7_locale\" value=\"en_US\" \/><input type=\"hidden\" name=\"_wpcf7_unit_tag\" value=\"wpcf7-f2778-o1\" \/><input type=\"hidden\" name=\"_wpcf7_container_post\" value=\"0\" \/><input type=\"hidden\" name=\"_wpcf7_posted_data_hash\" value=\"\" \/>\n<\/fieldset>\n<div class=\"dz-wrap\">\n\t<h3 class=\"dz-h1\">V\u00e9rifiez la compatibilit\u00e9 avec un essai gratuit avant d\u2019acheter.\n\t<\/h3>\n\t<div class=\"dz-grid\">\n <!-- Serial -->\n\t\t<div class=\"dz-card\">\n\t\t\t<p><label>Num\u00e9ro de s\u00e9rie du scanner (SN)*<\/label><br \/>\n<span class=\"wpcf7-form-control-wrap\" data-name=\"serial\"><input size=\"40\" maxlength=\"400\" class=\"wpcf7-form-control wpcf7-text wpcf7-validates-as-required\" aria-required=\"true\" aria-invalid=\"false\" placeholder=\"Num\u00e9ro de s\u00e9rie du scanner\" value=\"\" type=\"text\" name=\"serial\" \/><\/span>\n\t\t\t<\/p>\n\t\t<\/div>\n\n <!-- Email -->\n\t\t<div class=\"dz-card\">\n\t\t\t<p><label>E-mail*<\/label><br \/>\n<span class=\"wpcf7-form-control-wrap\" data-name=\"your-email\"><input size=\"40\" maxlength=\"400\" class=\"wpcf7-form-control wpcf7-email wpcf7-validates-as-required wpcf7-text wpcf7-validates-as-email\" aria-required=\"true\" aria-invalid=\"false\" placeholder=\"Votre adresse e-mail pour la communication\" value=\"\" type=\"email\" name=\"your-email\" \/><\/span>\n\t\t\t<\/p>\n\t\t<\/div>\n\n\n\n <!-- Actions -->\n\t\t<div class=\"dz-card dz-full dz-actions\">\n\t\t\t<p><label class=\"dz-gdpr\"><br \/>\n<span class=\"wpcf7-form-control-wrap\" data-name=\"gdpr\"><span class=\"wpcf7-form-control wpcf7-acceptance\"><span class=\"wpcf7-list-item\"><label><input type=\"checkbox\" name=\"gdpr\" value=\"1\" class=\"1111\" aria-invalid=\"false\" \/><span class=\"wpcf7-list-item-label\">J\u2019accepte que vous traitiez mes donn\u00e9es afin d\u2019organiser une version d\u2019essai.<\/span><\/label><\/span><\/span><\/span><br \/>\n<\/label>\n\t\t\t<\/p>\n\t\t\t<p><div class=\"cf7-cf-turnstile\" style=\"margin-top: 0px; margin-bottom: -15px;\"> <div id=\"cf-turnstile-cf7-1313930359\" class=\"cf-turnstile\" data-sitekey=\"0x4AAAAAABarwaaGGxPBmmEW\" data-theme=\"light\" data-language=\"auto\" data-size=\"normal\" data-retry=\"auto\" data-retry-interval=\"1000\" data-action=\"contact-form-7\" data-appearance=\"always\"><\/div> <script>document.addEventListener(\"DOMContentLoaded\", function() { setTimeout(function(){ var e=document.getElementById(\"cf-turnstile-cf7-1313930359\"); e&&!e.innerHTML.trim()&&(turnstile.remove(\"#cf-turnstile-cf7-1313930359\"), turnstile.render(\"#cf-turnstile-cf7-1313930359\", {sitekey:\"0x4AAAAAABarwaaGGxPBmmEW\"})); }, 0); });<\/script> <br class=\"cf-turnstile-br cf-turnstile-br-cf7-1313930359\"> <style>#cf-turnstile-cf7-1313930359 { margin-left: -15px; }<\/style> <script>document.addEventListener(\"DOMContentLoaded\",function(){document.querySelectorAll('.wpcf7-form').forEach(function(e){e.addEventListener('submit',function(){if(document.getElementById('cf-turnstile-cf7-1313930359')){setTimeout(function(){turnstile.reset('#cf-turnstile-cf7-1313930359');},1000)}})})});<\/script> <\/div><br\/><input class=\"wpcf7-form-control wpcf7-submit has-spinner dz-btn\" type=\"submit\" value=\"Envoyer\" \/>\n\t\t\t<\/p>\n\t\t\t<div class=\"dz-social\">\n\t\t\t\t<p><span>Apr\u00e8s l\u2019envoi, confirmez via<\/span><br \/>\n<a class=\"si\" href=\"https:\/\/wa.me\/31647604324\" target=\"_blank\" rel=\"noopener\" aria-label=\"WhatsApp\"><br \/>\n<svg viewbox=\"0 0 32 32\" aria-hidden=\"true\">\n            <path d=\"M16 3C9.9 3 5 7.9 5 14c0 2.4.8 4.6 2.1 6.4L6 27l6.8-1.8c1.7.9 3.6 1.4 5.6 1.4 6.1 0 11-4.9 11-11S22.1 3 16 3z\" fill=\"#fff\" opacity=\".2\"\/>\n            <path d=\"M16 5c-5 0-9 4-9 9 0 2.1.7 4 1.9 5.6l-.8 3 3.1-.8A9 9 0 1 0 16 5zm5 12.8c-.2.6-1.2 1.1-1.7 1.1-.5 0-1 .4-3-0.6-2.6-1.3-4.2-3.7-4.3-3.9-.1-.1-1-1.4-1-2.7s.6-1.9.8-2.2c.2-.2.5-.3.8-.3h.6c.2 0 .4.3.5.6.2.5.7 1.7.7 1.8s.1.3 0 .5a3 3 0 0 1-.4.6c-.2.2-.3.4-.1.7.1.3.8 1.3 1.8 2.1 1.2 1 2.2 1.3 2.5 1.4.3 0 .5 0 .7-.2l.6-.7c.2-.2.4-.2.6-.1.2.1 1.4.7 1.6.8.2.1.4.2.5.3.1.2.1.5 0 .7z\" fill=\"#fff\"\/>\n          <\/svg><br \/>\n<span>WhatsApp<\/span><br \/>\n<\/a>\n\t\t\t\t<\/p>\n\t\t\t<\/div>\n\t\t<\/div>\n\t<\/div>\n\n <!-- ===== FAQ \u2013 DiagZone ===== -->\n\t<div class=\"dz-acc\">\n\t\t<div class=\"acc-item\">\n\t\t\t<div class=\"acc-head\">\n\t\t\t\t<p>Dois-je flasher mon scanner pour DiagZone ?\n\t\t\t\t<\/p>\n\t\t\t<\/div>\n\t\t\t<div class=\"acc-body\" style=\"display:none\">\n\t\t\t\t<p>Non. DiagZone ne n\u00e9cessite aucun fichier de d\u00e9marrage ni de flashage. Si votre scanner est pris en charge et en \u00e9tat de fonctionnement, vous pouvez demander un essai et tester imm\u00e9diatement.\n\t\t\t\t<\/p>\n\t\t\t<\/div>\n\t\t<\/div>\n\t\t<div class=\"acc-item\">\n\t\t\t<div class=\"acc-head\">\n\t\t\t\t<p>Format du num\u00e9ro de s\u00e9rie\n\t\t\t\t<\/p>\n\t\t\t<\/div>\n\t\t\t<div class=\"acc-body\" style=\"display:none\">\n\t\t\t\t<p>Utilisez le num\u00e9ro de s\u00e9rie num\u00e9rique indiqu\u00e9 dans l\u2019application ou sur l\u2019appareil (chiffres uniquement, sans espaces). Si votre num\u00e9ro de s\u00e9rie contient des lettres, il se peut qu\u2019il ne soit pas pris en charge.\n\t\t\t\t<\/p>\n\t\t\t<\/div>\n\t\t<\/div>\n\t\t<div class=\"acc-item\">\n\t\t\t<div class=\"acc-head\">\n\t\t\t\t<p>Que re\u00e7ois-je avec la version d\u2019essai ?\n\t\t\t\t<\/p>\n\t\t\t<\/div>\n\t\t\t<div class=\"acc-body\" style=\"display:none\">\n\t\t\t\t<p>Vous b\u00e9n\u00e9ficierez d\u2019un acc\u00e8s \u00e0 la connectivit\u00e9 de base afin de v\u00e9rifier que votre scanner et votre application fonctionnent avec DiagZone avant d\u2019acheter des packs de marques.\n\t\t\t\t<\/p>\n\t\t\t<\/div>\n\t\t<\/div>\n\t\t<div class=\"acc-item\">\n\t\t\t<div class=\"acc-head\">\n\t\t\t\t<p>Combien de temps dure la version d\u2019essai ?\n\t\t\t\t<\/p>\n\t\t\t<\/div>\n\t\t\t<div class=\"acc-body\" style=\"display:none\">\n\t\t\t\t<p>La version d\u2019essai est limit\u00e9e dans le temps. Apr\u00e8s avoir re\u00e7u les identifiants de connexion, t\u00e9l\u00e9chargez les fichiers n\u00e9cessaires et testez les fonctionnalit\u00e9s le jour m\u00eame.\n\t\t\t\t<\/p>\n\t\t\t<\/div>\n\t\t<\/div>\n\t\t<div class=\"acc-item\">\n\t\t\t<div class=\"acc-head\">\n\t\t\t\t<p>Puis-je commander plusieurs versions d\u2019essai ?\n\t\t\t\t<\/p>\n\t\t\t<\/div>\n\t\t\t<div class=\"acc-body\" style=\"display:none\">\n\t\t\t\t<p>Une seule version d\u2019essai par appareil\/compte est autoris\u00e9e. Si vous avez d\u00e9j\u00e0 b\u00e9n\u00e9fici\u00e9 d\u2019un essai (m\u00eame ailleurs), une nouvelle demande peut \u00eatre refus\u00e9e.\n\t\t\t\t<\/p>\n\t\t\t<\/div>\n\t\t<\/div>\n\t<\/div>\n<input class=\"wpcf7-form-control wpcf7-hidden\" value=\"\" type=\"hidden\" name=\"page-url\" \/>\n<input class=\"wpcf7-form-control wpcf7-hidden\" value=\"\" type=\"hidden\" name=\"user-agent\" \/>\n<input class=\"wpcf7-form-control wpcf7-hidden\" value=\"\" type=\"hidden\" name=\"user-ip\" \/>\n<\/div><div class=\"wpcf7-response-output\" aria-hidden=\"true\"><\/div>\n<input type=\"hidden\" name=\"trp-form-language\" value=\"fr\"\/><\/form>\n<\/div>\n<\/div>\n\n\n\n<script>\ndocument.addEventListener('DOMContentLoaded', function () {\n  \/\/ Podpira oba wrapperja: .dz-acc (DiagZone) in .xdiag-acc (XDIAG)\n  var accordions = document.querySelectorAll('.dz-acc, .xdiag-acc');\n  if (!accordions.length) return;\n\n  accordions.forEach(function (acc) {\n    acc.addEventListener('click', function (e) {\n      var head = e.target.closest('.acc-head');\n      if (!head) return;\n\n      var item = head.closest('.acc-item');\n      if (!item) return;\n\n      \/\/ (Opcijsko) zapri vse ostale \u2013 pusti samo enega odprtega\n      acc.querySelectorAll('.acc-item.open').forEach(function (openItem) {\n        if (openItem !== item) {\n          openItem.classList.remove('open');\n          var b = openItem.querySelector('.acc-body');\n          if (b) b.style.display = 'none';\n        }\n      });\n\n      \/\/ Preklopi trenutno\n      item.classList.toggle('open');\n      var body = item.querySelector('.acc-body');\n      if (body) {\n        body.style.display = item.classList.contains('open') ? 'block' : 'none';\n      }\n    });\n  });\n\n  \/\/ (Optional) Open the first item on load:\n  \/\/ var first = document.querySelector('.dz-acc .acc-item') || document.querySelector('.xdiag-acc .acc-item');\n  \/\/ if (first) {\n  \/\/   first.classList.add('open');\n  \/\/   var b = first.querySelector('.acc-body');\n  \/\/   if (b) b.style.display = 'block';\n  \/\/ }\n});\n<\/script>\n<\/div><\/div>\n\n<\/div><\/div>\n\n\n<p><\/p>","protected":false},"excerpt":{"rendered":"<p>our team is always on your side! Not sure yet? Request a free trial before you decide. \ud83d\udce2 IMPORTANT \u2013 READ BEFORE USING DIAGZONE SOFTWARE \u2705 To make sure your device works correctly with DiagZone, please follow these steps:1\ufe0f\u20e3 Make sure your scanner is supported by DiagZone (most DBScar and compatible devices work out of&#8230;<\/p>","protected":false},"author":3,"featured_media":0,"parent":0,"menu_order":0,"comment_status":"closed","ping_status":"closed","template":"","meta":{"_acf_changed":false,"_seopress_robots_primary_cat":"","_seopress_titles_title":"Free OBD Test Trial \u2013 DiagZone OBD2 Diagnostics \u2013 Try Before You Buy","_seopress_titles_desc":"Get your free DiagZone OBD2 trial today. Test scanner compatibility before purchase and unlock powerful diagnostic features risk-free.","_seopress_robots_index":"","inline_featured_image":false,"_kad_blocks_custom_css":"","_kad_blocks_head_custom_js":"","_kad_blocks_body_custom_js":"","_kad_blocks_footer_custom_js":"","_themeisle_gutenberg_block_has_review":false,"_kad_post_transparent":"","_kad_post_title":"","_kad_post_layout":"","_kad_post_sidebar_id":"","_kad_post_content_style":"","_kad_post_vertical_padding":"","_kad_post_feature":"","_kad_post_feature_position":"","_kad_post_header":false,"_kad_post_footer":false,"iawp_total_views":2279,"footnotes":""},"class_list":["post-2776","page","type-page","status-publish","hentry"],"acf":[],"taxonomy_info":[],"featured_image_src_large":false,"author_info":{"display_name":"xdiag12","author_link":"https:\/\/diagzone.org\/fr\/author\/xdiag12\/"},"comment_info":0,"_links":{"self":[{"href":"https:\/\/diagzone.org\/fr\/wp-json\/wp\/v2\/pages\/2776","targetHints":{"allow":["GET"]}}],"collection":[{"href":"https:\/\/diagzone.org\/fr\/wp-json\/wp\/v2\/pages"}],"about":[{"href":"https:\/\/diagzone.org\/fr\/wp-json\/wp\/v2\/types\/page"}],"author":[{"embeddable":true,"href":"https:\/\/diagzone.org\/fr\/wp-json\/wp\/v2\/users\/3"}],"replies":[{"embeddable":true,"href":"https:\/\/diagzone.org\/fr\/wp-json\/wp\/v2\/comments?post=2776"}],"version-history":[{"count":14,"href":"https:\/\/diagzone.org\/fr\/wp-json\/wp\/v2\/pages\/2776\/revisions"}],"predecessor-version":[{"id":4773,"href":"https:\/\/diagzone.org\/fr\/wp-json\/wp\/v2\/pages\/2776\/revisions\/4773"}],"wp:attachment":[{"href":"https:\/\/diagzone.org\/fr\/wp-json\/wp\/v2\/media?parent=2776"}],"curies":[{"name":"wp","href":"https:\/\/api.w.org\/{rel}","templated":true}]}}