
{"id":3,"date":"2024-01-12T18:22:47","date_gmt":"2024-01-12T18:22:47","guid":{"rendered":"https:\/\/diagzone.org\/?page_id=3"},"modified":"2025-10-09T10:41:04","modified_gmt":"2025-10-09T08:41:04","slug":"privacy-policy","status":"publish","type":"page","link":"https:\/\/diagzone.org\/fr\/privacy-policy\/","title":{"rendered":"Politique de confidentialit\u00e9"},"content":{"rendered":"<style>.kb-row-layout-id3_ae0cfc-9b > .kt-row-column-wrap{align-content:start;}:where(.kb-row-layout-id3_ae0cfc-9b > .kt-row-column-wrap) > .wp-block-kadence-column{justify-content:start;}.kb-row-layout-id3_ae0cfc-9b > .kt-row-column-wrap{column-gap:var(--global-kb-gap-md, 2rem);row-gap:var(--global-kb-gap-md, 2rem);max-width:var( --global-content-width, 1444px );padding-left:var(--global-content-edge-padding);padding-right:var(--global-content-edge-padding);padding-top:var(--global-kb-spacing-4xl, 8rem);padding-bottom:var(--global-kb-spacing-4xl, 8rem);grid-template-columns:minmax(0, 1fr);}.kb-row-layout-id3_ae0cfc-9b > .kt-row-layout-overlay{opacity:0.30;}@media all and (max-width: 1024px){.kb-row-layout-id3_ae0cfc-9b > .kt-row-column-wrap{grid-template-columns:minmax(0, 1fr);}}@media all and (max-width: 767px){.kb-row-layout-id3_ae0cfc-9b > .kt-row-column-wrap{grid-template-columns:minmax(0, 1fr);}}<\/style><div class=\"kb-row-layout-wrap kb-row-layout-id3_ae0cfc-9b alignnone wp-block-kadence-rowlayout\"><div class=\"kt-row-column-wrap kt-has-1-columns kt-row-layout-equal kt-tab-layout-inherit kt-mobile-layout-row kt-row-valign-top kb-theme-content-width\">\n<style>.kadence-column3_8e4e10-0d > .kt-inside-inner-col,.kadence-column3_8e4e10-0d > .kt-inside-inner-col:before{border-top-left-radius:0px;border-top-right-radius:0px;border-bottom-right-radius:0px;border-bottom-left-radius:0px;}.kadence-column3_8e4e10-0d > .kt-inside-inner-col{column-gap:var(--global-kb-gap-sm, 1rem);}.kadence-column3_8e4e10-0d > .kt-inside-inner-col{flex-direction:column;}.kadence-column3_8e4e10-0d > .kt-inside-inner-col > .aligncenter{width:100%;}.kadence-column3_8e4e10-0d > .kt-inside-inner-col:before{opacity:0.3;}.kadence-column3_8e4e10-0d{position:relative;}@media all and (max-width: 1024px){.kadence-column3_8e4e10-0d > .kt-inside-inner-col{flex-direction:column;justify-content:center;}}@media all and (max-width: 767px){.kadence-column3_8e4e10-0d > .kt-inside-inner-col{flex-direction:column;justify-content:center;}}<\/style>\n<div class=\"wp-block-kadence-column kadence-column3_8e4e10-0d\"><div class=\"kt-inside-inner-col\">\n<p><br>Politique de confidentialit\u00e9<\/p>\n\n\n\n<p>Derni\u00e8re mise \u00e0 jour : 15.06.2025<\/p>\n\n\n\n<p class=\" translation-block\">Merci d\u2019avoir choisi de faire vos achats chez DiagZone. La pr\u00e9sente Politique de confidentialit\u00e9 d\u00e9crit la mani\u00e8re dont nous collectons, utilisons, divulguons et prot\u00e9geons vos informations personnelles. En acc\u00e9dant \u00e0 notre site web <a href=\"https:\/\/diagzone.org\/\" target=\"_self\">https:\/\/diagzone.org\n<\/a> ou en l\u2019utilisant, ainsi que tout service connexe (collectivement, les \u00ab Services \u00bb), vous acceptez les termes et conditions de cette Politique de confidentialit\u00e9.<\/p>\n\n\n\n<p class=\" translation-block\"><strong>Informations personnelles :<\/strong><br>\nNous pouvons collecter des informations personnelles telles que votre nom, adresse, adresse e-mail et num\u00e9ro de t\u00e9l\u00e9phone lorsque vous effectuez un achat ou cr\u00e9ez un compte.<br>\n<strong>Informations de paiement :<\/strong><br>\nPour traiter vos commandes, nous collectons des informations de paiement, y compris les d\u00e9tails de carte bancaire ou d\u2019autres moyens de paiement.<br>\nLes paiements sont trait\u00e9s de mani\u00e8re s\u00e9curis\u00e9e par notre prestataire tiers <strong>Stripe<\/strong>, et nous ne conservons pas vos donn\u00e9es de paiement compl\u00e8tes.<br>\nPour plus d\u2019informations, veuillez consulter la <a href=\"https:\/\/stripe.com\/privacy\" target=\"_self\">Politique de confidentialit\u00e9 de Stripe<\/a>.<br>\n<strong>Informations sur l\u2019appareil :<\/strong><br>\nNous pouvons collecter des informations concernant l\u2019appareil utilis\u00e9 pour acc\u00e9der \u00e0 notre site, notamment l\u2019adresse IP, le type de navigateur et les identifiants de l\u2019appareil.<br>\n<strong>Informations d\u2019utilisation :<\/strong><br>\nNous collectons des informations sur vos interactions avec notre site web, telles que les pages visit\u00e9es, les produits consult\u00e9s et vos habitudes de navigation.<br><br>\n\n<strong>Comment nous utilisons vos informations :<\/strong><br>\na. Pour ex\u00e9cuter et g\u00e9rer vos commandes.<br>\nb. Pour communiquer avec vous concernant vos commandes et fournir une assistance client\u00e8le.<br>\nc. Pour personnaliser votre exp\u00e9rience d\u2019achat et am\u00e9liorer notre site web.<br>\nd. Pour vous envoyer des offres promotionnelles, newsletters et mises \u00e0 jour (si vous avez donn\u00e9 votre consentement).<br><br>\n\n<strong>Partage des informations :<\/strong><br>\na. Nous ne vendons, n\u2019\u00e9changeons ni ne louons vos informations personnelles \u00e0 des tiers.<br>\nb. Nous pouvons partager vos informations avec des prestataires tiers de confiance qui nous aident \u00e0 exploiter notre site et \u00e0 mener nos activit\u00e9s.<br><br>\n\n<strong>S\u00e9curit\u00e9 des donn\u00e9es :<\/strong><br>\na. Nous mettons en \u0153uvre des mesures de s\u00e9curit\u00e9 conformes aux normes du secteur pour prot\u00e9ger vos donn\u00e9es personnelles.<br>\nb. Toutefois, aucune m\u00e9thode de transmission sur Internet ou de stockage \u00e9lectronique n\u2019est totalement s\u00e9curis\u00e9e. Nous ne pouvons donc pas garantir une s\u00e9curit\u00e9 absolue.<br><br>\n\n<strong>Vos droits (RGPD) :<\/strong><br>\nSi vous r\u00e9sidez dans l\u2019Espace \u00e9conomique europ\u00e9en (EEE), vous disposez du droit d\u2019acc\u00e9der \u00e0 vos donn\u00e9es personnelles, de les corriger, de les supprimer ou d\u2019en limiter le traitement, ainsi que du droit \u00e0 la portabilit\u00e9 des donn\u00e9es.<br>\nPour exercer ces droits, veuillez nous contacter \u00e0 <strong><a target=\"_self\">support@diagzone.org\n<\/a><\/strong>.<br><br>\n\n<strong>Vos choix :<\/strong><br>\na. Vous pouvez vous d\u00e9sinscrire des communications promotionnelles en suivant les instructions de d\u00e9sinscription figurant dans les e-mails ou en nous contactant.<br>\nb. Vous pouvez mettre \u00e0 jour ou corriger les informations de votre compte en vous connectant \u00e0 votre compte ou en nous contactant.<br><br>\n\n<strong>Contactez-nous :<\/strong><br>\nSi vous avez des questions ou des pr\u00e9occupations concernant notre Politique de confidentialit\u00e9, veuillez nous contacter \u00e0 <strong><a target=\"_self\">support@diagzone.org\n<\/a><\/strong>.<br><br>\n\n<strong>Modifications de la politique de confidentialit\u00e9 :<\/strong><br>\nNous nous r\u00e9servons le droit de mettre \u00e0 jour cette Politique de confidentialit\u00e9 \u00e0 tout moment. Toute modification prendra effet imm\u00e9diatement apr\u00e8s sa publication sur notre site web.<\/p>\n\n\n\n<h3 class=\"wp-block-heading\"><strong>Responsable du traitement \/ Responsable des donn\u00e9es :<\/strong><\/h3>\n\n\n\n<p class=\" translation-block\">CodeShift<br>\nE-mail : <a target=\"_self\">support@diagzone.org\n<\/a><\/p>\n\n\n\n<p><\/p>\n\n\n\n<ol class=\"wp-block-list\"><\/ol>\n\n\n\n<p>En continuant \u00e0 utiliser notre site web, vous reconnaissez et acceptez les termes de cette Politique de confidentialit\u00e9.<\/p>\n<\/div><\/div>\n\n<\/div><\/div>\n\n<style>.kb-row-layout-id522_1b74f9-56 > .kt-row-column-wrap{align-content:start;}:where(.kb-row-layout-id522_1b74f9-56 > .kt-row-column-wrap) > .wp-block-kadence-column{justify-content:start;}.kb-row-layout-id522_1b74f9-56 > .kt-row-column-wrap{column-gap:var(--global-kb-gap-md, 2rem);row-gap:var(--global-kb-gap-md, 2rem);padding-bottom:var(--global-kb-spacing-md, 2rem);grid-template-columns:minmax(0, 1fr);}.kb-row-layout-id522_1b74f9-56{background-image:linear-gradient(180deg,var(--global-palette1) 30%,rgb(20,39,109) 100%);}.kb-row-layout-id522_1b74f9-56 > .kt-row-layout-overlay{opacity:0.09;}@media all and (max-width: 1024px){.kb-row-layout-id522_1b74f9-56 > .kt-row-column-wrap{grid-template-columns:minmax(0, 1fr);}}@media all and (max-width: 767px){.kb-row-layout-id522_1b74f9-56 > .kt-row-column-wrap{grid-template-columns:minmax(0, 1fr);}}<\/style><div class=\"kb-row-layout-wrap kb-row-layout-id522_1b74f9-56 alignfull has-theme-palette1-background-color kt-row-has-bg wp-block-kadence-rowlayout\"><div class=\"kt-row-column-wrap kt-has-1-columns kt-row-layout-equal kt-tab-layout-inherit kt-mobile-layout-row kt-row-valign-top\">\n<style>.kadence-column522_d2c269-2f > .kt-inside-inner-col,.kadence-column522_d2c269-2f > .kt-inside-inner-col:before{border-top-left-radius:0px;border-top-right-radius:0px;border-bottom-right-radius:0px;border-bottom-left-radius:0px;}.kadence-column522_d2c269-2f > .kt-inside-inner-col{column-gap:var(--global-kb-gap-sm, 1rem);}.kadence-column522_d2c269-2f > .kt-inside-inner-col{flex-direction:column;}.kadence-column522_d2c269-2f > .kt-inside-inner-col > .aligncenter{width:100%;}.kadence-column522_d2c269-2f > .kt-inside-inner-col:before{opacity:0.3;}.kadence-column522_d2c269-2f{position:relative;}@media all and (max-width: 1024px){.kadence-column522_d2c269-2f > .kt-inside-inner-col{flex-direction:column;justify-content:center;}}@media all and (max-width: 767px){.kadence-column522_d2c269-2f > .kt-inside-inner-col{flex-direction:column;justify-content:center;}}<\/style>\n<div class=\"wp-block-kadence-column kadence-column522_d2c269-2f\"><div class=\"kt-inside-inner-col\"><style>.kb-row-layout-id522_001f9d-01 > .kt-row-column-wrap{align-content:start;}:where(.kb-row-layout-id522_001f9d-01 > .kt-row-column-wrap) > .wp-block-kadence-column{justify-content:start;}.kb-row-layout-id522_001f9d-01 > .kt-row-column-wrap{column-gap:var(--global-kb-gap-md, 2rem);row-gap:var(--global-kb-gap-md, 2rem);padding-top:var(--global-kb-spacing-sm, 1.5rem);padding-bottom:var(--global-kb-spacing-sm, 1.5rem);grid-template-columns:minmax(0, 1fr);}.kb-row-layout-id522_001f9d-01 > .kt-row-layout-overlay{opacity:0.30;}@media all and (max-width: 1024px){.kb-row-layout-id522_001f9d-01 > .kt-row-column-wrap{grid-template-columns:minmax(0, 1fr);}}@media all and (max-width: 767px){.kb-row-layout-id522_001f9d-01 > .kt-row-column-wrap{grid-template-columns:minmax(0, 1fr);}}<\/style><div class=\"kb-row-layout-wrap kb-row-layout-id522_001f9d-01 alignnone wp-block-kadence-rowlayout\"><div class=\"kt-row-column-wrap kt-has-1-columns kt-row-layout-equal kt-tab-layout-inherit kt-mobile-layout-row kt-row-valign-top\">\n<style>.kadence-column522_52d44e-a8 > .kt-inside-inner-col,.kadence-column522_52d44e-a8 > .kt-inside-inner-col:before{border-top-left-radius:0px;border-top-right-radius:0px;border-bottom-right-radius:0px;border-bottom-left-radius:0px;}.kadence-column522_52d44e-a8 > .kt-inside-inner-col{column-gap:var(--global-kb-gap-sm, 1rem);}.kadence-column522_52d44e-a8 > .kt-inside-inner-col{flex-direction:column;}.kadence-column522_52d44e-a8 > .kt-inside-inner-col > .aligncenter{width:100%;}.kadence-column522_52d44e-a8 > .kt-inside-inner-col:before{opacity:0.3;}.kadence-column522_52d44e-a8{position:relative;}@media all and (max-width: 1024px){.kadence-column522_52d44e-a8 > .kt-inside-inner-col{flex-direction:column;justify-content:center;}}@media all and (max-width: 767px){.kadence-column522_52d44e-a8 > .kt-inside-inner-col{flex-direction:column;justify-content:center;}}<\/style>\n<div class=\"wp-block-kadence-column kadence-column522_52d44e-a8\"><div class=\"kt-inside-inner-col\"><style>.wp-block-kadence-advancedheading.kt-adv-heading522_694c7d-3d, .wp-block-kadence-advancedheading.kt-adv-heading522_694c7d-3d[data-kb-block=\"kb-adv-heading522_694c7d-3d\"]{text-align:center;font-size:var(--global-kb-font-size-xxl, 4rem);font-style:normal;}.wp-block-kadence-advancedheading.kt-adv-heading522_694c7d-3d mark.kt-highlight, .wp-block-kadence-advancedheading.kt-adv-heading522_694c7d-3d[data-kb-block=\"kb-adv-heading522_694c7d-3d\"] mark.kt-highlight{font-style:normal;color:#f76a0c;-webkit-box-decoration-break:clone;box-decoration-break:clone;padding-top:0px;padding-right:0px;padding-bottom:0px;padding-left:0px;}<\/style>\n<h2 class=\"kt-adv-heading522_694c7d-3d wp-block-kadence-advancedheading has-theme-palette-9-color has-text-color\" data-kb-block=\"kb-adv-heading522_694c7d-3d\">Achetez sur DiagZone et diagnostiquez votre v\u00e9hicule avec notre logiciel premium. <\/h2>\n\n\n<style>.wp-block-kadence-advancedbtn.kb-btns522_0da8e3-fa{gap:var(--global-kb-gap-sm, 1rem);justify-content:center;align-items:center;}.kt-btns522_0da8e3-fa .kt-button{font-weight:normal;font-style:normal;}.kt-btns522_0da8e3-fa .kt-btn-wrap-0{margin-right:5px;}.wp-block-kadence-advancedbtn.kt-btns522_0da8e3-fa .kt-btn-wrap-0 .kt-button{color:#555555;border-color:#555555;}.wp-block-kadence-advancedbtn.kt-btns522_0da8e3-fa .kt-btn-wrap-0 .kt-button:hover, .wp-block-kadence-advancedbtn.kt-btns522_0da8e3-fa .kt-btn-wrap-0 .kt-button:focus{color:#ffffff;border-color:#444444;}.wp-block-kadence-advancedbtn.kt-btns522_0da8e3-fa .kt-btn-wrap-0 .kt-button::before{display:none;}.wp-block-kadence-advancedbtn.kt-btns522_0da8e3-fa .kt-btn-wrap-0 .kt-button:hover, .wp-block-kadence-advancedbtn.kt-btns522_0da8e3-fa .kt-btn-wrap-0 .kt-button:focus{background:#444444;}<\/style>\n<div class=\"wp-block-kadence-advancedbtn kb-buttons-wrap kb-btns522_0da8e3-fa\"><style>ul.menu .wp-block-kadence-advancedbtn .kb-btn522_64975e-51.kb-button{width:initial;}.wp-block-kadence-advancedbtn .kb-btn522_64975e-51.kb-button{background:var(--global-palette3, #1A202C);}.wp-block-kadence-advancedbtn .kb-btn522_64975e-51.kb-button:hover, .wp-block-kadence-advancedbtn .kb-btn522_64975e-51.kb-button:focus{background:var(--global-palette6, #718096);}<\/style><a class=\"kb-button kt-button button kb-btn522_64975e-51 kt-btn-size-large kt-btn-width-type-auto kb-btn-global-fill kt-btn-has-text-true kt-btn-has-svg-false  wp-block-kadence-singlebtn\" href=\"https:\/\/diagzone.org\/#diagzone-sn-check-container\"><span class=\"kt-btn-inner-text\">V\u00e9rifier les connecteurs compatibles<\/span><\/a>\n\n<style>ul.menu .wp-block-kadence-advancedbtn .kb-btn522_718b54-cd.kb-button{width:initial;}.wp-block-kadence-advancedbtn .kb-btn522_718b54-cd.kb-button{background:var(--global-palette3, #1A202C);}.wp-block-kadence-advancedbtn .kb-btn522_718b54-cd.kb-button:hover, .wp-block-kadence-advancedbtn .kb-btn522_718b54-cd.kb-button:focus{background:var(--global-palette2, #2B6CB0);}<\/style><a class=\"kb-button kt-button button kb-btn522_718b54-cd kt-btn-size-large kt-btn-width-type-auto kb-btn-global-fill kt-btn-has-text-true kt-btn-has-svg-false  wp-block-kadence-singlebtn\" href=\"https:\/\/diagzone.org\/downloads\/\" target=\"_blank\" rel=\"noreferrer noopener\"><span class=\"kt-btn-inner-text\">T\u00e9l\u00e9charger l\u2019APK<\/span><\/a><\/div>\n<\/div><\/div>\n\n<\/div><\/div><\/div><\/div>\n\n<\/div><\/div>","protected":false},"excerpt":{"rendered":"<p>Privacy Policy Last updated: 15.06.2025 Thank you for choosing to shop at DiagZone. This Privacy Policy outlines how we collect, use, disclose, and safeguard your personal information. By accessing or using our website, https:\/\/diagzone.org, and any related services (collectively, the &#8220;Services&#8221;), you agree to the terms and conditions of this Privacy Policy. Personal Information:We may&#8230;<\/p>","protected":false},"author":1,"featured_media":0,"parent":0,"menu_order":0,"comment_status":"closed","ping_status":"open","template":"","meta":{"_acf_changed":false,"_seopress_robots_primary_cat":"","_seopress_titles_title":"","_seopress_titles_desc":"","_seopress_robots_index":"","inline_featured_image":false,"_kad_blocks_custom_css":"","_kad_blocks_head_custom_js":"","_kad_blocks_body_custom_js":"","_kad_blocks_footer_custom_js":"","_themeisle_gutenberg_block_has_review":false,"_kad_post_transparent":"","_kad_post_title":"","_kad_post_layout":"","_kad_post_sidebar_id":"","_kad_post_content_style":"","_kad_post_vertical_padding":"","_kad_post_feature":"","_kad_post_feature_position":"","_kad_post_header":false,"_kad_post_footer":false,"iawp_total_views":267,"footnotes":""},"class_list":["post-3","page","type-page","status-publish","hentry"],"acf":[],"taxonomy_info":[],"featured_image_src_large":false,"author_info":{"display_name":"diagzone","author_link":"https:\/\/diagzone.org\/fr\/author\/xpro5\/"},"comment_info":0,"_links":{"self":[{"href":"https:\/\/diagzone.org\/fr\/wp-json\/wp\/v2\/pages\/3","targetHints":{"allow":["GET"]}}],"collection":[{"href":"https:\/\/diagzone.org\/fr\/wp-json\/wp\/v2\/pages"}],"about":[{"href":"https:\/\/diagzone.org\/fr\/wp-json\/wp\/v2\/types\/page"}],"author":[{"embeddable":true,"href":"https:\/\/diagzone.org\/fr\/wp-json\/wp\/v2\/users\/1"}],"replies":[{"embeddable":true,"href":"https:\/\/diagzone.org\/fr\/wp-json\/wp\/v2\/comments?post=3"}],"version-history":[{"count":4,"href":"https:\/\/diagzone.org\/fr\/wp-json\/wp\/v2\/pages\/3\/revisions"}],"predecessor-version":[{"id":3564,"href":"https:\/\/diagzone.org\/fr\/wp-json\/wp\/v2\/pages\/3\/revisions\/3564"}],"wp:attachment":[{"href":"https:\/\/diagzone.org\/fr\/wp-json\/wp\/v2\/media?parent=3"}],"curies":[{"name":"wp","href":"https:\/\/api.w.org\/{rel}","templated":true}]}}