
{"id":3324,"date":"2025-09-26T13:55:05","date_gmt":"2025-09-26T11:55:05","guid":{"rendered":"https:\/\/diagzone.org\/?post_type=product&#038;p=3324"},"modified":"2025-09-26T16:35:41","modified_gmt":"2025-09-26T14:35:41","slug":"kingbolen-ediag-plus-can-fd-bi-directional-obd2-scanner","status":"publish","type":"product","link":"https:\/\/diagzone.org\/fr\/produit\/kingbolen-ediag-plus-can-fd-bi-directional-obd2-scanner\/","title":{"rendered":"Kingbolen Ediag Plus CAN-FD scanner OBD2 bidirectionnel"},"content":{"rendered":"<p data-start=\"646\" data-end=\"863\" class=\" translation-block\">Merci de votre int\u00e9r\u00eat pour le <strong data-start=\"681\" data-end=\"701\">Kingbolen Ediag+<\/strong>.<br data-start=\"702\" data-end=\"705\">Ce connecteur de diagnostic est un <strong data-start=\"736\" data-end=\"764\">clone du ThinkDiag 2<\/strong>, enti\u00e8rement test\u00e9 sur la <strong data-start=\"786\" data-end=\"807\">plateforme DiagZone<\/strong>, garantissant des performances stables et une compatibilit\u00e9 optimale.<\/p>\n<h2 data-start=\"865\" data-end=\"889\">\ud83d\udd39 Avis important<\/h2>\n<p data-start=\"890\" data-end=\"1027\" class=\" translation-block\">Le <strong data-start=\"894\" data-end=\"904\">Ediag+<\/strong> est livr\u00e9 <strong data-start=\"918\" data-end=\"956\">sans <a href=\"https:\/\/diagzone.org\/diagzone-activation\/\" target=\"_self\">logiciel pr\u00e9install\u00e9<\/a><\/strong>.<br data-start=\"957\" data-end=\"960\">Pour utiliser cet appareil, un <strong data-start=\"982\" data-end=\"1024\"><a href=\"https:\/\/diagzone.org\/diagzone-buy-subscription\/\" target=\"_self\">achat de logiciel<\/a> s\u00e9par\u00e9 est requis<\/strong>.<\/p>\n<h2 data-start=\"1029\" data-end=\"1055\">\ud83d\udd39 Support &amp; Assistance<\/h2>\n<p data-start=\"1056\" data-end=\"1279\" class=\" translation-block\">Besoin d\u2019aide pour la <strong data-start=\"1071\" data-end=\"1089\">configuration de DiagZone<\/strong> ?<br data-start=\"1090\" data-end=\"1093\">Notre \u00e9quipe est d\u00e9di\u00e9e \u00e0 fournir une assistance \u00e9tape par \u00e9tape. N\u2019h\u00e9sitez pas \u00e0 <a href=\"https:\/\/wa.me\/31647604324\" target=\"_self\">nous contacter<\/a> \u00e0 tout moment si vous avez besoin d\u2019aide pour utiliser votre appareil <strong data-start=\"1223\" data-end=\"1233\">Ediag+<\/strong> avec la <strong data-start=\"1250\" data-end=\"1276\">plateforme OBD2 DiagZone<\/strong>.<\/p>\n<h2 data-start=\"1281\" data-end=\"1306\">\ud83d\udd39 Assurance qualit\u00e9<\/h2>\n<p data-start=\"1307\" data-end=\"1514\" class=\" translation-block\">Chaque <strong data-start=\"1313\" data-end=\"1333\">Kingbolen Ediag+<\/strong> est <strong data-start=\"1344\" data-end=\"1383\">test\u00e9 sur DiagZone avant exp\u00e9dition<\/strong>.<br data-start=\"1384\" data-end=\"1387\">Cela garantit un fonctionnement correct et une communication stable, offrant des performances fiables pour un usage professionnel et personnel.<\/p>\n<h1 data-start=\"1516\" data-end=\"1539\">Description du produit<\/h1>\n<p data-start=\"1541\" data-end=\"1716\" class=\" translation-block\">Le <strong data-start=\"1545\" data-end=\"1565\">Kingbolen Ediag+<\/strong> est un <strong data-start=\"1579\" data-end=\"1618\">connecteur de diagnostic OBD2 Bluetooth<\/strong> compact, con\u00e7u comme un clone du ThinkDiag 2 et destin\u00e9 \u00e0 \u00eatre compatible avec le <strong data-start=\"1692\" data-end=\"1713\">logiciel DiagZone<\/strong>.<\/p>\n<p data-start=\"1718\" data-end=\"2445\">\u2705 Fonctionne comme un adaptateur Bluetooth OBD2 professionnel<br data-start=\"1766\" data-end=\"1769\" \/>\u2705 Prend en charge les appareils Android (smartphones et tablettes) \u2013 enti\u00e8rement compatible avec <strong data-start=\"1844\" data-end=\"1860\">Android 7\u201313<\/strong>, ainsi qu\u2019avec <strong data-start=\"1876\" data-end=\"1912\">Android 14 (syst\u00e8mes 32 bits uniquement)<\/strong><br data-start=\"1912\" data-end=\"1915\" \/>\u2705 Test\u00e9 avec le logiciel DiagZone pour assurer la compatibilit\u00e9<br data-start=\"1964\" data-end=\"1967\" \/>\u2705 Connexion Bluetooth 5.0\/5.1 double mode stable<br data-start=\"2014\" data-end=\"2017\" \/>\u2705 Bo\u00eetier robuste en ABS+PC+TPU avec voyants lumineux<br data-start=\"2066\" data-end=\"2069\" \/>\u2705 Comprend <strong data-start=\"2080\" data-end=\"2101\">C\u00e2ble OBD2 de 0,65 m<\/strong> pour une utilisation pratique<br data-start=\"2120\" data-end=\"2123\" \/>\u2705 Prend en charge <strong data-start=\"2134\" data-end=\"2153\">protocole CAN-FD<\/strong> pour les v\u00e9hicules de nouvelle g\u00e9n\u00e9ration<br data-start=\"2181\" data-end=\"2184\" \/>\u2705 Plusieurs fonctions de service telles que <strong data-start=\"2221\" data-end=\"2297\">r\u00e9initialisation d\u2019huile, r\u00e9g\u00e9n\u00e9ration DPF, codage des injecteurs, adaptation de la batterie et plus encore<\/strong> (selon le mod\u00e8le du v\u00e9hicule)<br data-start=\"2326\" data-end=\"2329\" \/>\u2705 Fonctionnalit\u00e9s <strong data-start=\"2340\" data-end=\"2391\">contr\u00f4le bidirectionnel, codage et adaptation de l\u2019ECU<\/strong>, d\u00e9tection automatique du VIN et rapports complets de l\u2019\u00e9tat du syst\u00e8me<\/p>\n<p data-start=\"2447\" data-end=\"2683\">\u26a0\ufe0f <strong data-start=\"2450\" data-end=\"2466\">Veuillez noter :<\/strong> Ce connecteur n\u2019inclut aucun logiciel ni abonnement.<br data-start=\"2528\" data-end=\"2531\" \/>\ud83d\udc49 A <strong data-start=\"2536\" data-end=\"2570\">Abonnement au logiciel DiagZone<\/strong> peut \u00eatre achet\u00e9 s\u00e9par\u00e9ment ici : <a class=\"decorated-link\" href=\"https:\/\/diagzone.org\/diagzone-buy-subscription\/\" target=\"_new\" rel=\"noopener\" data-start=\"2605\" data-end=\"2681\">Acheter un abonnement DiagZone<\/a><\/p>\n<h1 data-start=\"2685\" data-end=\"2717\">Pourquoi choisir Kingbolen Ediag+ ?<\/h1>\n<ul data-start=\"2719\" data-end=\"3134\">\n<li data-start=\"2719\" data-end=\"2780\">\n<p data-start=\"2721\" data-end=\"2780\"><strong data-start=\"2721\" data-end=\"2778\">Clone du ThinkDiag 2 \u2013 m\u00eames fonctionnalit\u00e9s, co\u00fbt inf\u00e9rieur<\/strong><\/p>\n<\/li>\n<li data-start=\"2781\" data-end=\"2828\">\n<p data-start=\"2783\" data-end=\"2828\" class=\" translation-block\"><strong data-start=\"290\" data-end=\"317\">Test\u00e9 \u00e0 100 % sur DiagZone<\/strong> avant exp\u00e9dition<\/p>\n<\/li>\n<li data-start=\"2829\" data-end=\"2884\">\n<p data-start=\"2831\" data-end=\"2884\">Connecteur OBD2 professionnel avec des performances stables<\/p>\n<\/li>\n<li data-start=\"2885\" data-end=\"2935\">\n<p data-start=\"2887\" data-end=\"2935\">Design compact, facile \u00e0 utiliser avec Bluetooth 5.0<\/p>\n<\/li>\n<li data-start=\"2936\" data-end=\"3032\">\n<p data-start=\"2938\" data-end=\"3032\" class=\" translation-block\">Compatible avec les <strong data-start=\"418\" data-end=\"498\">logiciels DiagZone pour v\u00e9hicules particuliers, v\u00e9hicules \u00e9lectriques et v\u00e9hicules utilitaires<\/strong><\/p>\n<\/li>\n<li data-start=\"3033\" data-end=\"3134\">\n<p data-start=\"3035\" data-end=\"3134\" class=\" translation-block\">Prend en charge les principaux protocoles de diagnostic : <strong data-start=\"3072\" data-end=\"3132\">ISO9141, KWP2000, J1850 VPW, J1850 PWM, CAN, UDS, CAN-FD<\/strong><\/p>\n<\/li>\n<\/ul>\n<p data-start=\"3136\" data-end=\"3328\">\u2705 En r\u00e9sum\u00e9, le <strong data-start=\"3152\" data-end=\"3172\">Kingbolen Ediag+<\/strong> is a cost-effective alternative to the ThinkDiag 2, offering the same DiagZone compatibility and advanced features in a compact Bluetooth OBD2 connector.<\/p>","protected":false},"excerpt":{"rendered":"<p class=\" translation-block\">Le <strong data-start=\"136\" data-end=\"156\">Kingbolen Ediag+<\/strong> est un connecteur OBD2 Bluetooth compact, con\u00e7u comme un clone du ThinkDiag 2 et enti\u00e8rement compatible avec la plateforme DiagZone. Il prend en charge la <strong data-start=\"296\" data-end=\"320\">communication CAN-FD<\/strong>, le contr\u00f4le bidirectionnel, le codage ECU et de nombreuses fonctions de r\u00e9initialisation de service. Test\u00e9 sur DiagZone pour sa fiabilit\u00e9, il offre des performances professionnelles \u00e0 un prix plus abordable.<\/p>","protected":false},"featured_media":3325,"template":"","meta":{"_acf_changed":false,"_seopress_robots_primary_cat":"none","_seopress_titles_title":"Elevate Your Diagnostic Capabilities - Kingbolen Ediag Plus FD","_seopress_titles_desc":"Enhance Your Diagnostics with Kingbolen Ediag Plus, Offering Support for CAN-FD Protocol and Bluetooth 5.0, Compatible with the DiagZone Server.","_seopress_robots_index":"","inline_featured_image":false,"_kad_blocks_custom_css":"","_kad_blocks_head_custom_js":"","_kad_blocks_body_custom_js":"","_kad_blocks_footer_custom_js":"","_themeisle_gutenberg_block_has_review":false,"_kad_post_transparent":"default","_kad_post_title":"","_kad_post_layout":"default","_kad_post_sidebar_id":"","_kad_post_content_style":"default","_kad_post_vertical_padding":"default","_kad_post_feature":"","_kad_post_feature_position":"","_kad_post_header":false,"_kad_post_footer":false,"iawp_total_views":260},"product_cat":[19],"product_tag":[],"class_list":{"0":"post-3324","1":"product","2":"type-product","3":"status-publish","4":"has-post-thumbnail","6":"product_cat-obd-connectors","8":"first","9":"instock","10":"shipping-taxable","11":"purchasable","12":"product-type-simple","13":"entry","14":"content-bg","15":"loop-entry"},"acf":[],"taxonomy_info":{"product_cat":[{"value":19,"label":"Obd connectors"}]},"featured_image_src_large":["https:\/\/diagzone.org\/wp-content\/uploads\/2025\/09\/Ediag_Plus_1.jpg",600,600,false],"author_info":[],"comment_info":"","_links":{"self":[{"href":"https:\/\/diagzone.org\/fr\/wp-json\/wp\/v2\/product\/3324","targetHints":{"allow":["GET"]}}],"collection":[{"href":"https:\/\/diagzone.org\/fr\/wp-json\/wp\/v2\/product"}],"about":[{"href":"https:\/\/diagzone.org\/fr\/wp-json\/wp\/v2\/types\/product"}],"wp:featuredmedia":[{"embeddable":true,"href":"https:\/\/diagzone.org\/fr\/wp-json\/wp\/v2\/media\/3325"}],"wp:attachment":[{"href":"https:\/\/diagzone.org\/fr\/wp-json\/wp\/v2\/media?parent=3324"}],"wp:term":[{"taxonomy":"product_cat","embeddable":true,"href":"https:\/\/diagzone.org\/fr\/wp-json\/wp\/v2\/product_cat?post=3324"},{"taxonomy":"product_tag","embeddable":true,"href":"https:\/\/diagzone.org\/fr\/wp-json\/wp\/v2\/product_tag?post=3324"}],"curies":[{"name":"wp","href":"https:\/\/api.w.org\/{rel}","templated":true}]}}