
{"id":3329,"date":"2025-09-26T14:12:16","date_gmt":"2025-09-26T12:12:16","guid":{"rendered":"https:\/\/diagzone.org\/?post_type=product&#038;p=3329"},"modified":"2026-04-17T16:17:23","modified_gmt":"2026-04-17T14:17:23","slug":"android-diagzone-10inch-obd2-tablet-professional-diagnostic","status":"publish","type":"product","link":"https:\/\/diagzone.org\/fr\/produit\/android-diagzone-10inch-obd2-tablet-professional-diagnostic\/","title":{"rendered":"Tablette OBD2 Android DiagZone 10 pouces \u2013 Diagnostic professionnel"},"content":{"rendered":"<p data-start=\"233\" data-end=\"459\" class=\" translation-block\">Merci pour votre int\u00e9r\u00eat pour la <strong data-start=\"268\" data-end=\"306\">tablette Android DiagZone (3\/128 Go)<\/strong>.<br data-start=\"307\" data-end=\"310\">Cette tablette de diagnostic professionnelle est optimis\u00e9e pour une utilisation avec la <strong data-start=\"376\" data-end=\"397\">plateforme DiagZone<\/strong> et garantit \u00e0 la fois l\u2019authenticit\u00e9 et d\u2019excellentes performances.<\/p>\n<h2 data-start=\"461\" data-end=\"485\">\ud83d\udd39 Avis important<\/h2>\n<p data-start=\"486\" data-end=\"649\" class=\" translation-block\">La <strong data-start=\"490\" data-end=\"517\">Android DiagZone Tablet<\/strong> est livr\u00e9e <a href=\"https:\/\/diagzone.org\/diagzone-activation\/\" target=\"_self\"><strong data-start=\"531\" data-end=\"578\">sans logiciel DiagZone pr\u00e9install\u00e9<\/strong><\/a>.<\/p>\n<h2 data-start=\"651\" data-end=\"677\">\ud83d\udd39 Support &amp; Assistance<\/h2>\n<p data-start=\"678\" data-end=\"919\" class=\" translation-block\">Besoin d\u2019aide pour la <strong data-start=\"693\" data-end=\"711\">configuration de DiagZone<\/strong> sur votre tablette ou appareil OBD2 ?<br data-start=\"742\" data-end=\"745\">Notre \u00e9quipe se consacre \u00e0 fournir une assistance \u00e9tape par \u00e9tape. N\u2019h\u00e9sitez pas \u00e0 <a href=\"https:\/\/wa.me\/31647604324\" target=\"_self\">nous contacter<\/a> \u00e0 tout moment si vous avez besoin d\u2019aide pour l\u2019installation ou la configuration de votre <strong data-start=\"895\" data-end=\"916\">plateforme DiagZone<\/strong>.<\/p>\n<h2 data-start=\"921\" data-end=\"946\">\ud83d\udd39 Assurance qualit\u00e9<\/h2>\n<p data-start=\"947\" data-end=\"1170\" class=\" translation-block\">Chaque <strong data-start=\"953\" data-end=\"980\">Android DiagZone Tablet<\/strong> est <strong data-start=\"984\" data-end=\"1010\">test\u00e9e avant l\u2019exp\u00e9dition<\/strong> afin de confirmer un fonctionnement irr\u00e9prochable et la compatibilit\u00e9 avec DiagZone.<br data-start=\"1077\" data-end=\"1080\">Cela garantit un fonctionnement fluide, une fiabilit\u00e9 de niveau professionnel et une durabilit\u00e9 \u00e0 long terme.<\/p>\n<h1 data-start=\"1177\" data-end=\"1200\">Description du produit<\/h1>\n<p data-start=\"1202\" data-end=\"1549\" class=\" translation-block\">La <strong data-start=\"1206\" data-end=\"1259\">tablette Android DiagZone (3 Go de RAM \/ 128 Go de stockage)<\/strong> est un outil de diagnostic haute performance, offrant une plateforme rapide et stable pour l\u2019ex\u00e9cution du <strong data-start=\"1348\" data-end=\"1369\">logiciel DiagZone<\/strong>. Gr\u00e2ce \u00e0 son grand \u00e9cran tactile, \u00e0 son mat\u00e9riel puissant et \u00e0 son syst\u00e8me Android optimis\u00e9, elle constitue le compagnon id\u00e9al des connecteurs OBD2 tels que <strong data-start=\"1498\" data-end=\"1546\">DBScar VII, ThinkDiag 2 ou Kingbolen Ediag plus<\/strong>.<\/p>\n<p data-start=\"1551\" data-end=\"1967\">\u2705 Tablette de diagnostic Android de qualit\u00e9 professionnelle<br data-start=\"1597\" data-end=\"1600\" \/>\u2705 Grand \u00e9cran haute r\u00e9solution pour un diagnostic facile<br data-start=\"1652\" data-end=\"1655\" \/>\u2705 <strong data-start=\"1657\" data-end=\"1684\">3 Go de RAM + 128 Go de stockage<\/strong> \u2013 performances fluides et espace suffisant pour les mises \u00e0 jour<br data-start=\"1727\" data-end=\"1730\" \/>\u2705 Batterie longue dur\u00e9e pour une utilisation en atelier ou en mobilit\u00e9<br data-start=\"1779\" data-end=\"1782\" \/>\u2705 Connectivit\u00e9 Wi-Fi et Bluetooth pour des mises \u00e0 jour rapides et un appairage OBD2 stable<br data-start=\"1854\" data-end=\"1857\" \/>\u2705 Bo\u00eetier robuste pour une durabilit\u00e9 professionnelle<br data-start=\"1901\" data-end=\"1904\" \/>\u2705 Enti\u00e8rement test\u00e9 pour <strong data-start=\"1923\" data-end=\"1949\">Compatibilit\u00e9 DiagZone<\/strong> avant l\u2019exp\u00e9dition<\/p>\n<p>\u26a0\ufe0f <strong data-start=\"179\" data-end=\"195\">Veuillez noter :<\/strong> Cette tablette n\u2019inclut pas le logiciel DiagZone, l\u2019abonnement ni le connecteur OBD2.<br data-start=\"276\" data-end=\"279\" \/>\ud83d\udc49 A <strong data-start=\"284\" data-end=\"318\">Abonnement au logiciel DiagZone<\/strong> peut \u00eatre achet\u00e9 s\u00e9par\u00e9ment ici : <a class=\"decorated-link\" href=\"https:\/\/diagzone.org\/diagzone-buy-subscription\/\" target=\"_new\" rel=\"noopener\" data-start=\"353\" data-end=\"429\" data-is-only-node=\"\">Acheter un abonnement DiagZone<\/a><br data-start=\"429\" data-end=\"432\" \/>\ud83d\udc49 An <strong data-start=\"438\" data-end=\"509\">Connecteur de diagnostic OBD2 (<a href=\"https:\/\/diagzone.org\/obd-shop\/\">par ex. DBScar VII, ThinkDiag 2 ou Ediag+ )<\/a><\/strong> doit \u00e9galement \u00eatre achet\u00e9 s\u00e9par\u00e9ment en <a href=\"https:\/\/diagzone.org\/obd-shop\/\">notre boutique<\/a> pour utiliser la tablette avec DiagZone<\/p>\n<h2 data-start=\"921\" data-end=\"946\">\ud83d\udd39 Liste de colisage<\/h2>\n<ul>\n<li style=\"list-style-type: none;\">\n<ul data-start=\"1929\" data-end=\"1991\">\n<li data-start=\"1929\" data-end=\"1942\">\n<p data-start=\"1931\" data-end=\"1942\">Tablette \u00d71<\/p>\n<\/li>\n<li data-start=\"1943\" data-end=\"1970\">\n<p data-start=\"1945\" data-end=\"1970\">C\u00e2ble USB (Mini USB) \u00d71<\/p>\n<\/li>\n<li data-start=\"1971\" data-end=\"1991\">\n<p data-start=\"1973\" data-end=\"1991\">Adaptateur secteur \u00d71<\/p>\n<\/li>\n<\/ul>\n<\/li>\n<\/ul>\n<h1 data-start=\"2214\" data-end=\"2253\">Pourquoi choisir la tablette Android DiagZone ?<\/h1>\n<ul data-start=\"2255\" data-end=\"2565\">\n<li data-start=\"2255\" data-end=\"2328\">\n<p data-start=\"2257\" data-end=\"2328\" class=\" translation-block\">Optimis\u00e9 pour les <strong data-start=\"2271\" data-end=\"2289\">utilisateurs DiagZone<\/strong> \u2013 pr\u00eat pour des diagnostics professionnels<\/p>\n<\/li>\n<li data-start=\"2329\" data-end=\"2392\">\n<p data-start=\"2331\" data-end=\"2392\" class=\" translation-block\"><strong data-start=\"2331\" data-end=\"2363\">Mat\u00e9riel puissant (3\/128 GB)<\/strong> pour une communication ECU rapide<\/p>\n<\/li>\n<li data-start=\"2393\" data-end=\"2465\">\n<p data-start=\"2395\" data-end=\"2465\">Grand \u00e9cran pour une visualisation claire des donn\u00e9es et rapports de diagnostic<\/p>\n<\/li>\n<li data-start=\"2466\" data-end=\"2509\">\n<p data-start=\"2468\" data-end=\"2509\">Conception robuste pour les environnements d\u2019atelier<\/p>\n<\/li>\n<li data-start=\"2510\" data-end=\"2565\">\n<p data-start=\"2512\" data-end=\"2565\">Enti\u00e8rement test\u00e9 pour garantir un fonctionnement fluide de DiagZone<\/p>\n<\/li>\n<\/ul>\n<p data-start=\"2567\" data-end=\"2750\">\u2705 En r\u00e9sum\u00e9, le <strong data-start=\"2583\" data-end=\"2610\">Tablette Android DiagZone<\/strong> offre la combinaison parfaite de <strong data-start=\"2645\" data-end=\"2686\">puissance, portabilit\u00e9 et compatibilit\u00e9<\/strong>, ce qui en fait l\u2019appareil id\u00e9al pour ex\u00e9cuter des diagnostics DiagZone.<\/p>","protected":false},"excerpt":{"rendered":"<p class=\" translation-block\">La <strong data-start=\"2787\" data-end=\"2825\">Android DiagZone Tablet (3\/128 GB)<\/strong> est une tablette de diagnostic professionnelle optimis\u00e9e pour l\u2019utilisation de la plateforme DiagZone. Gr\u00e2ce \u00e0 un syst\u00e8me Android puissant, un grand \u00e9cran, une connectivit\u00e9 WiFi\/Bluetooth et une compatibilit\u00e9 garantie, elle offre des performances fluides et une grande fiabilit\u00e9 pour toutes les t\u00e2ches de diagnostic.<\/p>","protected":false},"featured_media":3332,"template":"","meta":{"_acf_changed":false,"_seopress_robots_primary_cat":"none","_seopress_titles_title":"Android 10\" Diagnostic Tablet 3\/128GB \u2013 DiagZone Ready Device","_seopress_titles_desc":"Professional Android 10\" diagnostic tablet with 3GB RAM and 128GB storage. Pre-tested for DiagZone, reliable performance for automotive diagnostics EOBD","_seopress_robots_index":"","inline_featured_image":false,"_kad_blocks_custom_css":"","_kad_blocks_head_custom_js":"","_kad_blocks_body_custom_js":"","_kad_blocks_footer_custom_js":"","_themeisle_gutenberg_block_has_review":false,"_kad_post_transparent":"default","_kad_post_title":"","_kad_post_layout":"default","_kad_post_sidebar_id":"","_kad_post_content_style":"default","_kad_post_vertical_padding":"default","_kad_post_feature":"","_kad_post_feature_position":"","_kad_post_header":false,"_kad_post_footer":false,"iawp_total_views":601},"product_cat":[21],"product_tag":[41,42,40],"class_list":{"0":"post-3329","1":"product","2":"type-product","3":"status-publish","4":"has-post-thumbnail","6":"product_cat-android-tablets","7":"product_tag-android","8":"product_tag-obd2","9":"product_tag-tablet","11":"first","12":"instock","13":"sale","14":"shipping-taxable","15":"purchasable","16":"product-type-simple","17":"entry","18":"content-bg","19":"loop-entry"},"acf":[],"taxonomy_info":{"product_cat":[{"value":21,"label":"Android tablets"}],"product_tag":[{"value":41,"label":"Android"},{"value":42,"label":"OBD2"},{"value":40,"label":"Tablet"}]},"featured_image_src_large":["https:\/\/diagzone.org\/wp-content\/uploads\/2025\/09\/Launch_Tablet_1.jpg",600,600,false],"author_info":[],"comment_info":"","_links":{"self":[{"href":"https:\/\/diagzone.org\/fr\/wp-json\/wp\/v2\/product\/3329","targetHints":{"allow":["GET"]}}],"collection":[{"href":"https:\/\/diagzone.org\/fr\/wp-json\/wp\/v2\/product"}],"about":[{"href":"https:\/\/diagzone.org\/fr\/wp-json\/wp\/v2\/types\/product"}],"wp:featuredmedia":[{"embeddable":true,"href":"https:\/\/diagzone.org\/fr\/wp-json\/wp\/v2\/media\/3332"}],"wp:attachment":[{"href":"https:\/\/diagzone.org\/fr\/wp-json\/wp\/v2\/media?parent=3329"}],"wp:term":[{"taxonomy":"product_cat","embeddable":true,"href":"https:\/\/diagzone.org\/fr\/wp-json\/wp\/v2\/product_cat?post=3329"},{"taxonomy":"product_tag","embeddable":true,"href":"https:\/\/diagzone.org\/fr\/wp-json\/wp\/v2\/product_tag?post=3329"}],"curies":[{"name":"wp","href":"https:\/\/api.w.org\/{rel}","templated":true}]}}