
{"id":3335,"date":"2025-09-26T14:21:23","date_gmt":"2025-09-26T12:21:23","guid":{"rendered":"https:\/\/diagzone.org\/?post_type=product&#038;p=3335"},"modified":"2025-09-26T16:48:19","modified_gmt":"2025-09-26T14:48:19","slug":"launch-vsp600-videoscope-camera-endoscope","status":"publish","type":"product","link":"https:\/\/diagzone.org\/fr\/produit\/launch-vsp600-videoscope-camera-endoscope\/","title":{"rendered":"Cam\u00e9ra endoscopique Launch VSP600 Videoscope"},"content":{"rendered":"<p data-start=\"142\" data-end=\"372\" class=\" translation-block\">Merci de votre int\u00e9r\u00eat pour la <strong data-start=\"177\" data-end=\"213\">Launch VSP-600 Inspection Camera<\/strong>.<br data-start=\"214\" data-end=\"217\">Cet appareil est neuf, enti\u00e8rement test\u00e9 en mati\u00e8re de qualit\u00e9 et con\u00e7u pour offrir des capacit\u00e9s d\u2019inspection visuelle de niveau professionnel pour le diagnostic automobile.<\/p>\n<h2 data-start=\"374\" data-end=\"398\">\ud83d\udd39 Avis important<\/h2>\n<p data-start=\"399\" data-end=\"613\" class=\" translation-block\">Le <strong data-start=\"403\" data-end=\"414\">VSP-600<\/strong> est livr\u00e9 <strong data-start=\"428\" data-end=\"463\">sans aucun logiciel de diagnostic<\/strong>.<br data-start=\"464\" data-end=\"467\">Pour l\u2019utiliser lors des inspections de v\u00e9hicules avec DiagZone ou d\u2019autres outils de diagnostic, une application ou un module d\u2019inspection compatible peut \u00eatre requis.<\/p>\n<h2 data-start=\"615\" data-end=\"641\">\ud83d\udd39 Support &amp; Assistance<\/h2>\n<p data-start=\"642\" data-end=\"856\" class=\" translation-block\">Besoin d\u2019aide pour configurer ou utiliser la cam\u00e9ra d\u2019inspection ?<br data-start=\"694\" data-end=\"697\">Notre \u00e9quipe est pr\u00eate \u00e0 vous fournir une assistance \u00e9tape par \u00e9tape. N\u2019h\u00e9sitez pas \u00e0 nous contacter \u00e0 tout moment si vous avez besoin d\u2019aide pour int\u00e9grer le VSP-600 \u00e0 votre configuration de diagnostic.<\/p>\n<h2 data-start=\"858\" data-end=\"883\">\ud83d\udd39 Assurance qualit\u00e9<\/h2>\n<p data-start=\"884\" data-end=\"1088\" class=\" translation-block\">Chaque <strong data-start=\"890\" data-end=\"908\">Launch VSP-600<\/strong> est soumis \u00e0 des tests rigoureux avant exp\u00e9dition.<br data-start=\"952\" data-end=\"955\">Nous v\u00e9rifions la clart\u00e9 de la cam\u00e9ra, l\u2019int\u00e9grit\u00e9 du c\u00e2ble, l\u2019\u00e9tanch\u00e9it\u00e9 et la connectivit\u00e9 afin de garantir un fonctionnement fiable et une durabilit\u00e9 \u00e0 long terme.<\/p>\n<hr data-start=\"1090\" data-end=\"1093\" \/>\n<h1 data-start=\"1095\" data-end=\"1118\">Description du produit<\/h1>\n<p data-start=\"1120\" data-end=\"1350\" class=\" translation-block\">La <strong data-start=\"1124\" data-end=\"1160\">Launch VSP-600 Inspection Camera<\/strong> est un outil d\u2019inspection visuelle professionnel con\u00e7u pour le diagnostic automobile. Elle permet d\u2019inspecter les espaces restreints, les conduits, les compartiments moteur et les composants difficiles d\u2019acc\u00e8s.<\/p>\n<p data-start=\"1352\" data-end=\"1591\">\u2705 Module cam\u00e9ra haute d\u00e9finition avec \u00e9clairage LED r\u00e9glable<br data-start=\"1412\" data-end=\"1415\" \/>\u2705 Sonde flexible et \u00e9tanche pour zones confin\u00e9es<br data-start=\"1462\" data-end=\"1465\" \/>\u2705 Bo\u00eetier et c\u00e2ble durables, adapt\u00e9s \u00e0 une utilisation en atelier<br data-start=\"1516\" data-end=\"1519\" \/>\u2705 Compatible avec les logiciels ou modules d\u2019inspection des syst\u00e8mes de diagnostic<\/p>\n<p data-start=\"1593\" data-end=\"1809\">\u26a0\ufe0f <strong data-start=\"1596\" data-end=\"1612\">Veuillez noter :<\/strong> Le VSP-600 n\u2019inclut pas le logiciel DiagZone ni d\u2019abonnement de diagnostic.<br data-start=\"1689\" data-end=\"1692\" \/>\ud83d\udc49 Une application d\u2019inspection distincte ou un module compatible est requis pour afficher le flux de la cam\u00e9ra dans votre syst\u00e8me de diagnostic.<\/p>\n<hr data-start=\"1811\" data-end=\"1814\" \/>\n<h1 data-start=\"1816\" data-end=\"1846\">Pourquoi choisir le Launch VSP-600 ?<\/h1>\n<ul data-start=\"1848\" data-end=\"2078\">\n<li data-start=\"1848\" data-end=\"1910\">\n<p data-start=\"1850\" data-end=\"1910\">Cam\u00e9ra d\u2019inspection professionnelle pour environnements automobiles<\/p>\n<\/li>\n<li data-start=\"1911\" data-end=\"1967\">\n<p data-start=\"1913\" data-end=\"1967\">Test\u00e9e pour la clart\u00e9 optique et la durabilit\u00e9 m\u00e9canique<\/p>\n<\/li>\n<li data-start=\"1968\" data-end=\"2016\">\n<p data-start=\"1970\" data-end=\"2016\">Outil compl\u00e9mentaire id\u00e9al pour les techniciens en diagnostic<\/p>\n<\/li>\n<li data-start=\"2017\" data-end=\"2078\">\n<p data-start=\"2019\" data-end=\"2078\">Compagnon id\u00e9al des scanners OBD2 et des tablettes de diagnostic<\/p>\n<\/li>\n<\/ul>\n<p data-start=\"2080\" data-end=\"2266\">\u2705 En r\u00e9sum\u00e9, le <strong data-start=\"2096\" data-end=\"2132\">Launch VSP-600 Inspection Camera<\/strong> is a robust, high-clarity visual tool designed to help mechanics and diagnostic professionals inspect hard-to-reach areas reliably.<\/p>","protected":false},"excerpt":{"rendered":"<p>La Launch VSP-600 Inspection Camera est un outil compl\u00e9mentaire professionnel pour le diagnostic automobile, dot\u00e9 d\u2019une cam\u00e9ra haute r\u00e9solution, d\u2019un \u00e9clairage LED et d\u2019une sonde flexible \u00e9tanche. Parfaite pour inspecter les zones difficiles d\u2019acc\u00e8s des moteurs, conduits et composants du v\u00e9hicule, elle garantit une image claire et des performances fiables en atelier.<\/p>","protected":false},"featured_media":3338,"template":"","meta":{"_acf_changed":false,"_seopress_robots_primary_cat":"none","_seopress_titles_title":"Launch VSP-600 Inspection Camera \u2013 Professional Automotive Endoscope HD","_seopress_titles_desc":"The Launch VSP-600 Inspection Camera offers HD imaging, LED lights, and a flexible waterproof probe. Ideal for checking hard-to-reach vehicle parts.","_seopress_robots_index":"","inline_featured_image":false,"_kad_blocks_custom_css":"","_kad_blocks_head_custom_js":"","_kad_blocks_body_custom_js":"","_kad_blocks_footer_custom_js":"","_themeisle_gutenberg_block_has_review":false,"_kad_post_transparent":"default","_kad_post_title":"","_kad_post_layout":"default","_kad_post_sidebar_id":"","_kad_post_content_style":"default","_kad_post_vertical_padding":"default","_kad_post_feature":"","_kad_post_feature_position":"","_kad_post_header":false,"_kad_post_footer":false,"iawp_total_views":22},"product_cat":[22],"product_tag":[32,36,27,35,33,34,31],"class_list":{"0":"post-3335","1":"product","2":"type-product","3":"status-publish","4":"has-post-thumbnail","6":"product_cat-accessories","7":"product_tag-camera","8":"product_tag-diagnostics","9":"product_tag-hd","10":"product_tag-led","11":"product_tag-videoscope","12":"product_tag-vsp-600","13":"product_tag-vsp600","15":"first","16":"instock","17":"shipping-taxable","18":"purchasable","19":"product-type-simple","20":"entry","21":"content-bg","22":"loop-entry"},"acf":[],"taxonomy_info":{"product_cat":[{"value":22,"label":"Accessories"}],"product_tag":[{"value":32,"label":"Camera"},{"value":36,"label":"diagnostics"},{"value":27,"label":"HD"},{"value":35,"label":"LED"},{"value":33,"label":"Videoscope"},{"value":34,"label":"VSP-600"},{"value":31,"label":"VSP600"}]},"featured_image_src_large":["https:\/\/diagzone.org\/wp-content\/uploads\/2025\/09\/Launch_VSP_600_1.jpg",600,600,false],"author_info":[],"comment_info":"","_links":{"self":[{"href":"https:\/\/diagzone.org\/fr\/wp-json\/wp\/v2\/product\/3335","targetHints":{"allow":["GET"]}}],"collection":[{"href":"https:\/\/diagzone.org\/fr\/wp-json\/wp\/v2\/product"}],"about":[{"href":"https:\/\/diagzone.org\/fr\/wp-json\/wp\/v2\/types\/product"}],"wp:featuredmedia":[{"embeddable":true,"href":"https:\/\/diagzone.org\/fr\/wp-json\/wp\/v2\/media\/3338"}],"wp:attachment":[{"href":"https:\/\/diagzone.org\/fr\/wp-json\/wp\/v2\/media?parent=3335"}],"wp:term":[{"taxonomy":"product_cat","embeddable":true,"href":"https:\/\/diagzone.org\/fr\/wp-json\/wp\/v2\/product_cat?post=3335"},{"taxonomy":"product_tag","embeddable":true,"href":"https:\/\/diagzone.org\/fr\/wp-json\/wp\/v2\/product_tag?post=3335"}],"curies":[{"name":"wp","href":"https:\/\/api.w.org\/{rel}","templated":true}]}}