
{"id":3349,"date":"2025-09-26T16:17:18","date_gmt":"2025-09-26T14:17:18","guid":{"rendered":"https:\/\/diagzone.org\/?post_type=product&#038;p=3349"},"modified":"2025-09-26T16:23:59","modified_gmt":"2025-09-26T14:23:59","slug":"doip-obd2-16-pin-adapter-cable-compatible-with-dbscar-vii-thinkdiag-2","status":"publish","type":"product","link":"https:\/\/diagzone.org\/fr\/produit\/doip-obd2-16-pin-adapter-cable-compatible-with-dbscar-vii-thinkdiag-2\/","title":{"rendered":"C\u00e2ble adaptateur DOIP OBD2 16 broches \u2013 compatible avec DBScar VII \u2013 ThinkDiag 2"},"content":{"rendered":"<p data-start=\"131\" data-end=\"365\" class=\" translation-block\">Merci de votre int\u00e9r\u00eat pour le c\u00e2ble adaptateur DOIP OBD2.<br data-start=\"208\" data-end=\"211\">Cet adaptateur est neuf, test\u00e9 pour la compatibilit\u00e9 avec <a href=\"https:\/\/diagzone.org\/product\/launch-dbscar-vii-dbscar7-bluetooth-obd2-scanner-supports-can-fd-doip-protocols-powerful-all-systems-for-x431\/\" target=\"_self\">DBScar VII<\/a> et <a href=\"https:\/\/diagzone.org\/product\/thinkcar-thinkdiag-2-can-fd-bi-directional-obd2-scanner\/\" target=\"_self\">ThinkDiag 2<\/a>, et garantit \u00e0 la fois l\u2019authenticit\u00e9 et des performances stables.<\/p>\n<p data-start=\"367\" data-end=\"577\">\ud83d\udd39 <strong data-start=\"370\" data-end=\"390\">Avis important<\/strong><br data-start=\"390\" data-end=\"393\" \/>Le c\u00e2ble adaptateur DOIP n\u2019inclut aucun logiciel.<br data-start=\"446\" data-end=\"449\" \/>Pour utiliser cet appareil, un connecteur de diagnostic compatible est requis.<a href=\"https:\/\/diagzone.org\/product\/launch-dbscar-vii-dbscar7-bluetooth-obd2-scanner-supports-can-fd-doip-protocols-powerful-all-systems-for-x431\/\">DBScar VII<\/a> ou <a href=\"https:\/\/diagzone.org\/product\/thinkcar-thinkdiag-2-can-fd-bi-directional-obd2-scanner\/\">ThinkDiag 2<\/a>) et <a href=\"https:\/\/diagzone.org\/diagzone-activation\/\">achat de logiciel s\u00e9par\u00e9<\/a> sont requis.<\/p>\n<p data-start=\"579\" data-end=\"806\">\ud83d\udd39 <strong data-start=\"582\" data-end=\"604\">Support et accompagnement<\/strong><br data-start=\"604\" data-end=\"607\" \/>Besoin d\u2019aide pour la configuration ?<br data-start=\"628\" data-end=\"631\" \/>Notre \u00e9quipe est d\u00e9di\u00e9e \u00e0 fournir une assistance \u00e9tape par \u00e9tape. N\u2019h\u00e9sitez pas \u00e0 <a href=\"https:\/\/wa.me\/31647604324\">contactez-nous<\/a> \u00e0 tout moment si vous avez besoin d\u2019assistance pour utiliser votre c\u00e2ble DOIP avec la plateforme DiagZone OBD2.<\/p>\n<p data-start=\"808\" data-end=\"1003\">\ud83d\udd39 <strong data-start=\"811\" data-end=\"832\">Assurance qualit\u00e9<\/strong><br data-start=\"832\" data-end=\"835\" \/>Chaque c\u00e2ble adaptateur DOIP subit un test de fonctionnement avant l\u2019exp\u00e9dition.<br data-start=\"908\" data-end=\"911\" \/>Cela garantit un fonctionnement irr\u00e9prochable, une fiabilit\u00e9 de niveau professionnel et une durabilit\u00e9 \u00e0 long terme.<\/p>\n<p data-start=\"1005\" data-end=\"1241\" class=\" translation-block\"><strong data-start=\"1005\" data-end=\"1028\">Description du produit<\/strong><br data-start=\"1028\" data-end=\"1031\">Le c\u00e2ble adaptateur DOIP OBD2 est con\u00e7u pour \u00e9tendre les capacit\u00e9s de diagnostic des v\u00e9hicules modernes prenant en charge le protocole DOIP. Il assure un transfert de donn\u00e9es rapide et stable entre votre connecteur OBD2 et le v\u00e9hicule.<\/p>\n<p data-start=\"1243\" data-end=\"1504\">\u2705 Compatible avec les connecteurs DBScar VII et ThinkDiag 2<br data-start=\"1293\" data-end=\"1296\" \/>\u2705 Permet le diagnostic des v\u00e9hicules utilisant le protocole DOIP<br data-start=\"1348\" data-end=\"1351\" \/>\u2705 Connexion plug &amp; play OBD2 \u00e0 16 broches<br data-start=\"1387\" data-end=\"1390\" \/>\u2705 Test\u00e9 pour la compatibilit\u00e9 avec la plateforme DiagZone<br data-start=\"1439\" data-end=\"1442\" \/>\u2705 Con\u00e7u avec des mat\u00e9riaux durables pour une utilisation professionnelle en atelier<\/p>\n<p data-start=\"1506\" data-end=\"1703\">\u26a0\ufe0f <strong data-start=\"1509\" data-end=\"1525\">Veuillez noter :<\/strong> Cet adaptateur n\u2019inclut ni logiciel ni connecteur de diagnostic.<br data-start=\"1591\" data-end=\"1594\" \/>\ud83d\udc49 Un connecteur compatible avec DiagZone (par ex., <a href=\"https:\/\/diagzone.org\/product\/launch-dbscar-vii-dbscar7-bluetooth-obd2-scanner-supports-can-fd-doip-protocols-powerful-all-systems-for-x431\/\">DBScar VII<\/a> ou <a href=\"https:\/\/diagzone.org\/product\/thinkcar-thinkdiag-2-can-fd-bi-directional-obd2-scanner\/\">ThinkDiag 2<\/a>) et un abonnement est requis pour l\u2019utilisation.<\/p>\n<p data-start=\"1705\" data-end=\"1745\"><strong data-start=\"1705\" data-end=\"1743\">Pourquoi choisir le c\u00e2ble adaptateur DOIP ?<\/strong><\/p>\n<ul data-start=\"1746\" data-end=\"1943\">\n<li data-start=\"1746\" data-end=\"1793\">\n<p data-start=\"1748\" data-end=\"1793\">Test\u00e9 \u00e0 100 % pour garantir la fiabilit\u00e9 avant l\u2019exp\u00e9dition<\/p>\n<\/li>\n<li data-start=\"1794\" data-end=\"1848\">\n<p data-start=\"1796\" data-end=\"1848\">Prend en charge le protocole Diagnostics over Internet (DOIP)<\/p>\n<\/li>\n<li data-start=\"1849\" data-end=\"1898\">\n<p data-start=\"1851\" data-end=\"1898\">Compatible avec les voitures particuli\u00e8res modernes et les v\u00e9hicules \u00e9lectriques<\/p>\n<\/li>\n<li data-start=\"1899\" data-end=\"1943\">\n<p data-start=\"1901\" data-end=\"1943\">Compact, facile \u00e0 utiliser et pr\u00eat pour l\u2019atelier<\/p>\n<\/li>\n<\/ul>","protected":false},"excerpt":{"rendered":"<p>C\u00e2ble adaptateur DOIP OBD2 de haute qualit\u00e9, con\u00e7u pour les appareils utilisant des connecteurs DBScar VII et ThinkDiag 2. Permet le diagnostic des v\u00e9hicules modernes prenant en charge le protocole DOIP.<\/p>","protected":false},"featured_media":3350,"template":"","meta":{"_acf_changed":false,"_seopress_robots_primary_cat":"none","_seopress_titles_title":"DOIP OBD2 Adapter Cable \u2013 Compatible with DBScar VII & ThinkDiag 2","_seopress_titles_desc":"Professional DOIP OBD2 adapter cable for DBScar VII and ThinkDiag 2. Supports Diagnostics over Internet Protocol for modern vehicles with stable, reliable performance.","_seopress_robots_index":"","inline_featured_image":false,"_kad_blocks_custom_css":"","_kad_blocks_head_custom_js":"","_kad_blocks_body_custom_js":"","_kad_blocks_footer_custom_js":"","_themeisle_gutenberg_block_has_review":false,"_kad_post_transparent":"default","_kad_post_title":"","_kad_post_layout":"default","_kad_post_sidebar_id":"","_kad_post_content_style":"default","_kad_post_vertical_padding":"default","_kad_post_feature":"","_kad_post_feature_position":"","_kad_post_header":false,"_kad_post_footer":false,"iawp_total_views":94},"product_cat":[22],"product_tag":[],"class_list":{"0":"post-3349","1":"product","2":"type-product","3":"status-publish","4":"has-post-thumbnail","6":"product_cat-accessories","8":"first","9":"instock","10":"shipping-taxable","11":"purchasable","12":"product-type-simple","13":"entry","14":"content-bg","15":"loop-entry"},"acf":[],"taxonomy_info":{"product_cat":[{"value":22,"label":"Accessories"}]},"featured_image_src_large":["https:\/\/diagzone.org\/wp-content\/uploads\/2025\/09\/Launch_DOIP_Connector_1.jpg",600,600,false],"author_info":[],"comment_info":"","_links":{"self":[{"href":"https:\/\/diagzone.org\/fr\/wp-json\/wp\/v2\/product\/3349","targetHints":{"allow":["GET"]}}],"collection":[{"href":"https:\/\/diagzone.org\/fr\/wp-json\/wp\/v2\/product"}],"about":[{"href":"https:\/\/diagzone.org\/fr\/wp-json\/wp\/v2\/types\/product"}],"wp:featuredmedia":[{"embeddable":true,"href":"https:\/\/diagzone.org\/fr\/wp-json\/wp\/v2\/media\/3350"}],"wp:attachment":[{"href":"https:\/\/diagzone.org\/fr\/wp-json\/wp\/v2\/media?parent=3349"}],"wp:term":[{"taxonomy":"product_cat","embeddable":true,"href":"https:\/\/diagzone.org\/fr\/wp-json\/wp\/v2\/product_cat?post=3349"},{"taxonomy":"product_tag","embeddable":true,"href":"https:\/\/diagzone.org\/fr\/wp-json\/wp\/v2\/product_tag?post=3349"}],"curies":[{"name":"wp","href":"https:\/\/api.w.org\/{rel}","templated":true}]}}