
{"id":3360,"date":"2025-09-26T16:57:54","date_gmt":"2025-09-26T14:57:54","guid":{"rendered":"https:\/\/diagzone.org\/?post_type=product&#038;p=3360"},"modified":"2025-09-26T16:58:58","modified_gmt":"2025-09-26T14:58:58","slug":"cable-for-dbscar-vii-original-main-diagnostic-cable-vci","status":"publish","type":"product","link":"https:\/\/diagzone.org\/fr\/produit\/cable-for-dbscar-vii-original-main-diagnostic-cable-vci\/","title":{"rendered":"C\u00e2ble pour DBScar VII \u2013 c\u00e2ble de diagnostic principal d\u2019origine (VCI)"},"content":{"rendered":"<p data-start=\"117\" data-end=\"308\" class=\" translation-block\">Merci pour votre int\u00e9r\u00eat pour l\u2019<strong data-start=\"152\" data-end=\"184\">adaptateur de c\u00e2ble DBScar VII<\/strong>.<br data-start=\"185\" data-end=\"188\">Ce c\u00e2ble de haute qualit\u00e9 est neuf et con\u00e7u pour \u00e9tendre la compatibilit\u00e9 et la connectivit\u00e9 des appareils DBScar VII.<\/p>\n<p data-start=\"310\" data-end=\"479\">\ud83d\udd39 <strong data-start=\"313\" data-end=\"333\">Avis important<\/strong><br data-start=\"333\" data-end=\"336\" \/>Le c\u00e2ble n\u2019inclut aucun logiciel de diagnostic ni aucun appareil.<br data-start=\"397\" data-end=\"400\" \/>Pour utiliser ce c\u00e2ble, une unit\u00e9 DBScar VII compatible et un logiciel sont requis.<\/p>\n<p data-start=\"481\" data-end=\"708\">\ud83d\udd39 <strong data-start=\"484\" data-end=\"506\">Support et accompagnement<\/strong><br data-start=\"506\" data-end=\"509\" \/>Besoin d\u2019aide pour l\u2019installation ou la configuration ?<br data-start=\"546\" data-end=\"549\" \/>Notre \u00e9quipe est pr\u00eate \u00e0 vous fournir une assistance \u00e9tape par \u00e9tape. N\u2019h\u00e9sitez pas \u00e0 nous contacter \u00e0 tout moment si vous avez besoin d\u2019aide pour int\u00e9grer le c\u00e2ble \u00e0 votre configuration de diagnostic.<\/p>\n<p data-start=\"710\" data-end=\"900\">\ud83d\udd39 <strong data-start=\"713\" data-end=\"734\">Assurance qualit\u00e9<\/strong><br data-start=\"734\" data-end=\"737\" \/>Chaque c\u00e2ble est soumis \u00e0 des tests rigoureux avant l\u2019exp\u00e9dition.<br data-start=\"792\" data-end=\"795\" \/>Nous v\u00e9rifions la stabilit\u00e9 du signal, l\u2019int\u00e9grit\u00e9 des connecteurs et la durabilit\u00e9 afin de garantir une fiabilit\u00e9 de niveau professionnel.<\/p>\n<h2 data-start=\"907\" data-end=\"931\">Description du produit<\/h2>\n<p data-start=\"933\" data-end=\"1174\" class=\" translation-block\">L\u2019<strong data-start=\"937\" data-end=\"969\">adaptateur de c\u00e2ble DBScar VII<\/strong> est con\u00e7u pour \u00e9tendre l\u2019utilit\u00e9 de votre appareil de diagnostic DBScar VII en offrant une connexion stable et un flux de donn\u00e9es fluide. Id\u00e9al pour les utilisateurs ayant besoin d\u2019un routage de c\u00e2ble alternatif ou d\u2019un c\u00e2blage de remplacement.<\/p>\n<p data-start=\"1176\" data-end=\"1369\">\u2705 Compatible avec les unit\u00e9s de diagnostic DBScar VII<br data-start=\"1227\" data-end=\"1230\" \/>\u2705 Garantit une transmission de donn\u00e9es stable et fiable<br data-start=\"1277\" data-end=\"1280\" \/>\u2705 Connecteurs durables et construction de c\u00e2ble robuste<br data-start=\"1323\" data-end=\"1326\" \/>\u2705 Id\u00e9al comme c\u00e2ble de remplacement ou auxiliaire<\/p>\n<p data-start=\"1371\" data-end=\"1493\">\u26a0\ufe0f <strong data-start=\"1374\" data-end=\"1390\">Veuillez noter :<\/strong> Il s\u2019agit uniquement d\u2019un accessoire. Une unit\u00e9 de diagnostic (DBScar VII) et un logiciel sont requis pour fonctionner.<\/p>\n<h2 data-start=\"1500\" data-end=\"1525\">Pourquoi choisir ce c\u00e2ble ?<\/h2>\n<ul data-start=\"1527\" data-end=\"1720\">\n<li data-start=\"1527\" data-end=\"1586\">\n<p data-start=\"1529\" data-end=\"1586\">Test\u00e9 \u00e0 100 % avant exp\u00e9dition pour garantir une int\u00e9grit\u00e9 du signal optimale<\/p>\n<\/li>\n<li data-start=\"1587\" data-end=\"1637\">\n<p data-start=\"1589\" data-end=\"1637\">Performances fiables dans des conditions d\u2019atelier<\/p>\n<\/li>\n<li data-start=\"1638\" data-end=\"1682\">\n<p data-start=\"1640\" data-end=\"1682\">Compatible avec les plateformes DBScar VII<\/p>\n<\/li>\n<li data-start=\"1683\" data-end=\"1720\">\n<p data-start=\"1685\" data-end=\"1720\">Compact, durable et facile \u00e0 utiliser<\/p>\n<\/li>\n<\/ul>","protected":false},"excerpt":{"rendered":"<p data-start=\"641\" data-end=\"852\">Adaptateur de c\u00e2ble de haute qualit\u00e9 con\u00e7u pour les appareils de diagnostic DBScar VII. Il garantit une transmission de donn\u00e9es stable, une construction durable et des performances fiables dans les ateliers automobiles professionnels.<\/p>","protected":false},"featured_media":3361,"template":"","meta":{"_acf_changed":false,"_seopress_robots_primary_cat":"none","_seopress_titles_title":"DBScar VII Cable Adapter \u2013 Durable OBD2 Extension for Diagnostics","_seopress_titles_desc":"Buy DBScar VII Cable Adapter \u2013 high-quality, durable diagnostic cable for stable data transmission. Perfect replacement or extension for professional OBD2 tools.","_seopress_robots_index":"","inline_featured_image":false,"_kad_blocks_custom_css":"","_kad_blocks_head_custom_js":"","_kad_blocks_body_custom_js":"","_kad_blocks_footer_custom_js":"","_themeisle_gutenberg_block_has_review":false,"_kad_post_transparent":"default","_kad_post_title":"","_kad_post_layout":"default","_kad_post_sidebar_id":"","_kad_post_content_style":"default","_kad_post_vertical_padding":"default","_kad_post_feature":"","_kad_post_feature_position":"","_kad_post_header":false,"_kad_post_footer":false,"iawp_total_views":42},"product_cat":[22],"product_tag":[25,39,38,37],"class_list":{"0":"post-3360","1":"product","2":"type-product","3":"status-publish","4":"has-post-thumbnail","6":"product_cat-accessories","7":"product_tag-adapter","8":"product_tag-cable","9":"product_tag-dbscar","10":"product_tag-dbscar-vii","12":"first","13":"instock","14":"shipping-taxable","15":"purchasable","16":"product-type-simple","17":"entry","18":"content-bg","19":"loop-entry"},"acf":[],"taxonomy_info":{"product_cat":[{"value":22,"label":"Accessories"}],"product_tag":[{"value":25,"label":"Adapter"},{"value":39,"label":"cable"},{"value":38,"label":"DBScar"},{"value":37,"label":"DBScar VII"}]},"featured_image_src_large":["https:\/\/diagzone.org\/wp-content\/uploads\/2025\/09\/Cable_for_DBScar_Pro_V_Pro_TT_1.jpg",600,600,false],"author_info":[],"comment_info":"","_links":{"self":[{"href":"https:\/\/diagzone.org\/fr\/wp-json\/wp\/v2\/product\/3360","targetHints":{"allow":["GET"]}}],"collection":[{"href":"https:\/\/diagzone.org\/fr\/wp-json\/wp\/v2\/product"}],"about":[{"href":"https:\/\/diagzone.org\/fr\/wp-json\/wp\/v2\/types\/product"}],"wp:featuredmedia":[{"embeddable":true,"href":"https:\/\/diagzone.org\/fr\/wp-json\/wp\/v2\/media\/3361"}],"wp:attachment":[{"href":"https:\/\/diagzone.org\/fr\/wp-json\/wp\/v2\/media?parent=3360"}],"wp:term":[{"taxonomy":"product_cat","embeddable":true,"href":"https:\/\/diagzone.org\/fr\/wp-json\/wp\/v2\/product_cat?post=3360"},{"taxonomy":"product_tag","embeddable":true,"href":"https:\/\/diagzone.org\/fr\/wp-json\/wp\/v2\/product_tag?post=3360"}],"curies":[{"name":"wp","href":"https:\/\/api.w.org\/{rel}","templated":true}]}}