
{"id":3364,"date":"2025-09-26T17:16:22","date_gmt":"2025-09-26T15:16:22","guid":{"rendered":"https:\/\/diagzone.org\/?post_type=product&#038;p=3364"},"modified":"2025-09-26T17:31:21","modified_gmt":"2025-09-26T15:31:21","slug":"diagzone-diagnostic-set-dbscar-7","status":"publish","type":"product","link":"https:\/\/diagzone.org\/fr\/produit\/diagzone-diagnostic-set-dbscar-7\/","title":{"rendered":"Diagzone Kit de diagnostic DBSCAR 7"},"content":{"rendered":"<p data-start=\"196\" data-end=\"441\" class=\" translation-block\">Merci de votre int\u00e9r\u00eat pour le <strong data-start=\"231\" data-end=\"267\">kit de diagnostic Diagzone DBScar 7<\/strong>.<br data-start=\"268\" data-end=\"271\">Ce kit de diagnostic professionnel combine une tablette Android puissante avec le connecteur OBD2 DBScar 7, enti\u00e8rement test\u00e9 et optimis\u00e9 pour une utilisation avec la <strong data-start=\"417\" data-end=\"438\">plateforme DiagZone<\/strong>.<\/p>\n<p data-start=\"443\" data-end=\"611\">\ud83d\udd39 <strong data-start=\"104\" data-end=\"124\">Avis important<\/strong><br data-start=\"124\" data-end=\"127\" \/>Le kit <strong data-start=\"135\" data-end=\"181\">inclut une licence logicielle DiagZone valide<\/strong> par d\u00e9faut<br data-start=\"193\" data-end=\"196\" \/>Cela signifie que vous pouvez commencer imm\u00e9diatement \u00e0 utiliser toutes les fonctions de diagnostic sans acheter d\u2019abonnement suppl\u00e9mentaire.<\/p>\n<p data-start=\"613\" data-end=\"819\">\ud83d\udd39 <strong data-start=\"616\" data-end=\"638\">Support et accompagnement<\/strong><br data-start=\"638\" data-end=\"641\" \/>Besoin d\u2019aide pour configurer votre kit de diagnostic ?<br data-start=\"682\" data-end=\"685\" \/>Notre \u00e9quipe est disponible pour fournir une assistance \u00e9tape par \u00e9tape, de la configuration de la tablette \u00e0 l\u2019activation de DBScar 7 sur la plateforme DiagZone.<\/p>\n<p data-start=\"821\" data-end=\"1020\">\ud83d\udd39 <strong data-start=\"824\" data-end=\"845\">Assurance qualit\u00e9<\/strong><br data-start=\"845\" data-end=\"848\" \/>Chaque kit de diagnostic est enti\u00e8rement test\u00e9 avant l\u2019exp\u00e9dition.<br data-start=\"901\" data-end=\"904\" \/>La tablette, l\u2019adaptateur DBScar 7 et la connectivit\u00e9 sont v\u00e9rifi\u00e9s afin de garantir un fonctionnement irr\u00e9prochable et une durabilit\u00e9 \u00e0 long terme.<\/p>\n<h2 data-start=\"1027\" data-end=\"1051\">Description du produit<\/h2>\n<p data-start=\"1053\" data-end=\"1244\" class=\" translation-block\">Le <strong data-start=\"1057\" data-end=\"1093\">kit de diagnostic Diagzone DBScar 7<\/strong> est con\u00e7u pour les ateliers automobiles professionnels et offre des diagnostics avanc\u00e9s, le codage ECU et des fonctions de service pour une large gamme de v\u00e9hicules.<\/p>\n<p data-start=\"1246\" data-end=\"2000\">\u2705 <strong data-start=\"1248\" data-end=\"1264\">Kit complet<\/strong> \u2013 Comprend une tablette Android et un adaptateur OBD2 DBScar 7<br data-start=\"1316\" data-end=\"1319\" \/>\u2705 <strong data-start=\"1321\" data-end=\"1347\">Compatibilit\u00e9 DiagZone<\/strong> \u2013 Fonctionne parfaitement avec le logiciel DiagZone<br data-start=\"1389\" data-end=\"1392\" \/>\u2705 <strong data-start=\"1394\" data-end=\"1414\">Protocoles modernes<\/strong> \u2013 Prend en charge <strong data-start=\"1426\" data-end=\"1436\">CAN FD<\/strong> et <strong data-start=\"1441\" data-end=\"1449\">DoIP<\/strong> pour les nouvelles g\u00e9n\u00e9rations de v\u00e9hicules<br data-start=\"1477\" data-end=\"1480\" \/>\u2705 <strong data-start=\"1482\" data-end=\"1508\">Contr\u00f4le bidirectionnel<\/strong> \u2013 Effectue des tests actifs, des calibrations de composants et le codage ECU<br data-start=\"1571\" data-end=\"1574\" \/>\u2705 <strong data-start=\"1576\" data-end=\"1603\">Cartographie topologique visuelle<\/strong> \u2013 Permet de diagnostiquer rapidement l\u2019ensemble du r\u00e9seau du v\u00e9hicule<br data-start=\"1649\" data-end=\"1652\" \/>\u2705 <strong data-start=\"1654\" data-end=\"1681\">Fonctions compl\u00e8tes<\/strong> \u2013 Plus de 40 fonctions de service et de r\u00e9initialisation (injecteurs, DPF, TPMS, batteries, cl\u00e9s, etc.)<br data-start=\"1759\" data-end=\"1762\" \/>\u2705 <strong data-start=\"1764\" data-end=\"1790\">Large couverture de v\u00e9hicules<\/strong> \u2013 Prend en charge <strong data-start=\"1802\" data-end=\"1879\"><a href=\"https:\/\/diagzone.org\/diagzone-supported-european-cars\/\">Europ\u00e9en<\/a>, <a href=\"https:\/\/diagzone.org\/diagzone-supported-asian-passanger-cars\/\">Asiatique<\/a>, <a href=\"https:\/\/diagzone.org\/diagzone-supported-chinese-cars\/\">Chinois<\/a>, v\u00e9hicules \u00e9lectriques, motos et poids lourds<\/strong> (avec optionnel <a href=\"https:\/\/diagzone.org\/product\/gt106-plus-heavy-truck-power-adapter-24v-to-12v-adapter\/\">convertisseur 24V\u201312V<\/a>)<br data-start=\"1913\" data-end=\"1916\" \/>\u2705 <strong data-start=\"1918\" data-end=\"1935\">Conception robuste<\/strong> \u2013 Tablette durable et adaptateur renforc\u00e9 pour une utilisation quotidienne en atelier<\/p>\n<p data-start=\"2002\" data-end=\"2154\">\u26a0\ufe0f <strong data-start=\"37\" data-end=\"53\">Veuillez noter :<\/strong> La licence logicielle est d\u00e9j\u00e0 incluse dans cet ensemble.<br data-start=\"109\" data-end=\"112\" \/>\ud83d\udc49 For heavy truck diagnostics, a <strong data-start=\"146\" data-end=\"175\">Adaptateur convertisseur 24V\u201312V<\/strong> est requis et doit \u00eatre achet\u00e9 s\u00e9par\u00e9ment. Vous pouvez le commander ici : <a class=\"decorated-link cursor-pointer\" href=\"https:\/\/diagzone.org\/product\/gt106-plus-heavy-truck-power-adapter-24v-to-12v-adapter\/\" target=\"_new\" rel=\"noopener\" data-start=\"245\" data-end=\"331\" data-is-only-node=\"\">Adaptateur pour poids lourds<\/a><\/p>\n<h2 data-start=\"2161\" data-end=\"2210\">Pourquoi choisir le Diagzone Diagnostic Set DBScar 7 ?<\/h2>\n<ul data-start=\"2212\" data-end=\"2490\">\n<li data-start=\"2212\" data-end=\"2259\">\n<p data-start=\"2214\" data-end=\"2259\">Solution de diagnostic professionnelle tout-en-un<\/p>\n<\/li>\n<li data-start=\"2260\" data-end=\"2313\">\n<p data-start=\"2262\" data-end=\"2313\">Tablette Android pr\u00e9-test\u00e9e avec connecteur DBScar 7<\/p>\n<\/li>\n<li data-start=\"2314\" data-end=\"2363\">\n<p data-start=\"2316\" data-end=\"2363\" class=\" translation-block\">Protocoles p\u00e9rennes pour l\u2019avenir : <strong data-start=\"2340\" data-end=\"2350\">CAN FD<\/strong> &amp; <strong data-start=\"2353\" data-end=\"2361\">DoIP<\/strong><\/p>\n<\/li>\n<li data-start=\"2364\" data-end=\"2441\">\n<p data-start=\"2366\" data-end=\"2441\" class=\" translation-block\">Prend en charge <strong data-start=\"2375\" data-end=\"2422\">les voitures, les v\u00e9hicules \u00e9lectriques, hybrides, les motos et les camions<\/strong> (<a href=\"https:\/\/diagzone.org\/product\/gt106-plus-heavy-truck-power-adapter-24v-to-12v-adapter\/\" target=\"_self\">avec convertisseur<\/a>)<\/p>\n<\/li>\n<li data-start=\"2442\" data-end=\"2490\">\n<p data-start=\"2444\" data-end=\"2490\">Conception fiable, pr\u00eate pour l\u2019atelier, pour une utilisation quotidienne<\/p>\n<\/li>\n<\/ul>\n<p data-start=\"718\" data-end=\"743\"><strong data-start=\"718\" data-end=\"741\">\ud83d\udd39 Inclus dans le kit<\/strong><\/p>\n<ul data-start=\"744\" data-end=\"906\">\n<li data-start=\"744\" data-end=\"805\">\n<p data-start=\"746\" data-end=\"805\">Tablette de diagnostic Android 8 pouces (4 Go RAM \/ 64 Go stockage)<\/p>\n<\/li>\n<li data-start=\"806\" data-end=\"833\">\n<p data-start=\"808\" data-end=\"833\">Connecteur OBD2 DBScar 7<\/p>\n<\/li>\n<li data-start=\"834\" data-end=\"862\">\n<p data-start=\"836\" data-end=\"862\">\u00c9tui de transport de protection<\/p>\n<\/li>\n<li data-start=\"863\" data-end=\"888\">\n<p data-start=\"865\" data-end=\"888\">Chargeur USB et c\u00e2ble<\/p>\n<\/li>\n<li data-start=\"889\" data-end=\"906\">\n<p data-start=\"891\" data-end=\"906\">Adaptateur secteur<\/p>\n<\/li>\n<\/ul>\n<h2 data-start=\"205\" data-end=\"223\">En savoir plus<\/h2>\n<p data-start=\"224\" data-end=\"443\">Souhaitez-vous en savoir plus sur la fa\u00e7on dont le <strong data-start=\"256\" data-end=\"292\">Ensemble de diagnostic DiagZone DBScar 7<\/strong> fonctionne avec les voitures, les v\u00e9hicules \u00e9lectriques, les motos et les poids lourds ?<br data-start=\"350\" data-end=\"353\" \/>D\u00e9couvrez notre guide d\u00e9taill\u00e9 sur notre blog \ud83d\udc49 <a class=\"decorated-link cursor-pointer\" href=\"https:\/\/diagzone.org\/diagzone-package-description\/\" target=\"_new\" rel=\"noopener\" data-start=\"397\" data-end=\"441\">En savoir plus ici<\/a><\/p>","protected":false},"excerpt":{"rendered":"<p class=\" translation-block\">Le <strong data-start=\"2527\" data-end=\"2563\">Kit de diagnostic Diagzone DBScar 7<\/strong> comprend une tablette et un connecteur OBD2, prenant en charge CAN FD, DoIP, le codage ECU et plus de 40 fonctions de service. Il couvre les v\u00e9hicules europ\u00e9ens, asiatiques, chinois, \u00e9lectriques (EV), les motos et les poids lourds.<\/p>","protected":false},"featured_media":3367,"template":"","meta":{"_acf_changed":false,"_seopress_robots_primary_cat":"none","_seopress_titles_title":"Diagzone Diagnostic Set DBScar 7 \u2013 Professional OBD2 Diagnostic Tablet & Adapter","_seopress_titles_desc":"Complete Diagzone Diagnostic Set with DBScar 7 adapter and 8-inch Android tablet (4GB\/64GB). Includes rugged case, charger, and Diagzone license. Supports EU, Asian, Chinese, EV, hybrid vehicles, motorcycles, and heavy-duty trucks.","_seopress_robots_index":"","inline_featured_image":false,"_kad_blocks_custom_css":"","_kad_blocks_head_custom_js":"","_kad_blocks_body_custom_js":"","_kad_blocks_footer_custom_js":"","_themeisle_gutenberg_block_has_review":false,"_kad_post_transparent":"default","_kad_post_title":"","_kad_post_layout":"default","_kad_post_sidebar_id":"","_kad_post_content_style":"default","_kad_post_vertical_padding":"default","_kad_post_feature":"","_kad_post_feature_position":"","_kad_post_header":false,"_kad_post_footer":false,"iawp_total_views":338},"product_cat":[23],"product_tag":[48,44,47,45,42,43,40,46],"class_list":{"0":"post-3364","1":"product","2":"type-product","3":"status-publish","4":"has-post-thumbnail","6":"product_cat-diagnostic-kits","7":"product_tag-cars","8":"product_tag-dbscar-7","9":"product_tag-ev","10":"product_tag-kit","11":"product_tag-obd2","12":"product_tag-set","13":"product_tag-tablet","14":"product_tag-trucks","16":"first","17":"instock","18":"shipping-taxable","19":"purchasable","20":"product-type-simple","21":"entry","22":"content-bg","23":"loop-entry"},"acf":[],"taxonomy_info":{"product_cat":[{"value":23,"label":"Diagnostic kits"}],"product_tag":[{"value":48,"label":"cars"},{"value":44,"label":"DBSCAR 7"},{"value":47,"label":"EV"},{"value":45,"label":"Kit"},{"value":42,"label":"OBD2"},{"value":43,"label":"Set"},{"value":40,"label":"Tablet"},{"value":46,"label":"trucks"}]},"featured_image_src_large":["https:\/\/diagzone.org\/wp-content\/uploads\/2025\/09\/Diagzone_Diagnostics_DBSCAR_7.jpg",600,600,false],"author_info":[],"comment_info":"","_links":{"self":[{"href":"https:\/\/diagzone.org\/fr\/wp-json\/wp\/v2\/product\/3364","targetHints":{"allow":["GET"]}}],"collection":[{"href":"https:\/\/diagzone.org\/fr\/wp-json\/wp\/v2\/product"}],"about":[{"href":"https:\/\/diagzone.org\/fr\/wp-json\/wp\/v2\/types\/product"}],"wp:featuredmedia":[{"embeddable":true,"href":"https:\/\/diagzone.org\/fr\/wp-json\/wp\/v2\/media\/3367"}],"wp:attachment":[{"href":"https:\/\/diagzone.org\/fr\/wp-json\/wp\/v2\/media?parent=3364"}],"wp:term":[{"taxonomy":"product_cat","embeddable":true,"href":"https:\/\/diagzone.org\/fr\/wp-json\/wp\/v2\/product_cat?post=3364"},{"taxonomy":"product_tag","embeddable":true,"href":"https:\/\/diagzone.org\/fr\/wp-json\/wp\/v2\/product_tag?post=3364"}],"curies":[{"name":"wp","href":"https:\/\/api.w.org\/{rel}","templated":true}]}}