
{"id":3379,"date":"2025-09-27T09:38:14","date_gmt":"2025-09-27T07:38:14","guid":{"rendered":"https:\/\/diagzone.org\/?post_type=product&#038;p=3379"},"modified":"2025-09-27T09:47:51","modified_gmt":"2025-09-27T07:47:51","slug":"diagzone-diagnostic-set-dbscar-7-max","status":"publish","type":"product","link":"https:\/\/diagzone.org\/fr\/produit\/diagzone-diagnostic-set-dbscar-7-max\/","title":{"rendered":"Diagzone Kit de diagnostic DBSCAR 7 MAX"},"content":{"rendered":"<p data-start=\"207\" data-end=\"493\" class=\" translation-block\">Merci de votre int\u00e9r\u00eat pour le <strong data-start=\"242\" data-end=\"282\">kit de diagnostic Diagzone DBScar 7 Max<\/strong>.<br data-start=\"283\" data-end=\"286\">Ce kit de diagnostic professionnel associe une <strong data-start=\"339\" data-end=\"390\">tablette Android 10 pouces (3 Go RAM \/ 64 Go de stockage)<\/strong> puissante au <strong data-start=\"400\" data-end=\"427\">connecteur OBD2 DBScar 7<\/strong>, enti\u00e8rement test\u00e9 et optimis\u00e9 pour une utilisation avec la plateforme DiagZone.<\/p>\n<p data-start=\"500\" data-end=\"712\">\ud83d\udd39 <strong data-start=\"503\" data-end=\"523\">Avis important<\/strong><br data-start=\"523\" data-end=\"526\" \/>L\u2019ensemble comprend une licence valide <strong data-start=\"551\" data-end=\"580\">Licence du logiciel DiagZone<\/strong> par d\u00e9faut<br data-start=\"592\" data-end=\"595\" \/>Cela signifie que vous pouvez commencer imm\u00e9diatement \u00e0 utiliser toutes les fonctions de diagnostic sans acheter d\u2019abonnement suppl\u00e9mentaire.<\/p>\n<p data-start=\"719\" data-end=\"925\">\ud83d\udd39 <strong data-start=\"722\" data-end=\"744\">Support et accompagnement<\/strong><br data-start=\"744\" data-end=\"747\" \/>Besoin d\u2019aide pour configurer votre kit de diagnostic ?<br data-start=\"788\" data-end=\"791\" \/>Notre \u00e9quipe est disponible pour fournir une assistance \u00e9tape par \u00e9tape, de la configuration de la tablette \u00e0 l\u2019activation de DBScar 7 sur la plateforme DiagZone.<\/p>\n<p data-start=\"932\" data-end=\"1135\">\ud83d\udd39 <strong data-start=\"935\" data-end=\"956\">Assurance qualit\u00e9<\/strong><br data-start=\"956\" data-end=\"959\" \/>Chaque kit de diagnostic est enti\u00e8rement test\u00e9 avant l\u2019exp\u00e9dition.<br data-start=\"1012\" data-end=\"1015\" \/>La <strong data-start=\"1019\" data-end=\"1065\">tablette, l\u2019adaptateur DBScar 7 et la connectivit\u00e9<\/strong> sont v\u00e9rifi\u00e9s afin de garantir un fonctionnement irr\u00e9prochable et une durabilit\u00e9 \u00e0 long terme.<\/p>\n<h2 data-start=\"1142\" data-end=\"1166\">Description du produit<\/h2>\n<p data-start=\"1168\" data-end=\"1363\" class=\" translation-block\">Le <strong data-start=\"1172\" data-end=\"1212\">kit de diagnostic Diagzone DBScar 7 Max<\/strong> est con\u00e7u pour les ateliers automobiles professionnels et offre des diagnostics avanc\u00e9s, le codage ECU et des fonctions de service pour une large gamme de v\u00e9hicules.<\/p>\n<p data-start=\"1365\" data-end=\"2115\">\u2705 <strong data-start=\"1367\" data-end=\"1383\">Kit complet<\/strong> \u2013 Comprend une tablette Android de 10 pouces et un adaptateur OBD2 DBScar 7<br data-start=\"1443\" data-end=\"1446\" \/>\u2705 <strong data-start=\"1448\" data-end=\"1474\">Compatibilit\u00e9 DiagZone<\/strong> \u2013 Fonctionne parfaitement avec le logiciel DiagZone<br data-start=\"1516\" data-end=\"1519\" \/>\u2705 <strong data-start=\"1521\" data-end=\"1541\">Protocoles modernes<\/strong> \u2013 Prend en charge CAN FD et DoIP pour les nouvelles g\u00e9n\u00e9rations de v\u00e9hicules<br data-start=\"1596\" data-end=\"1599\" \/>\u2705 <strong data-start=\"1601\" data-end=\"1627\">Contr\u00f4le bidirectionnel<\/strong> \u2013 Effectue des tests actifs, des calibrations de composants et le codage ECU<br data-start=\"1690\" data-end=\"1693\" \/>\u2705 <strong data-start=\"1695\" data-end=\"1722\">Cartographie topologique visuelle<\/strong> \u2013 Permet de diagnostiquer rapidement l\u2019ensemble du r\u00e9seau du v\u00e9hicule<br data-start=\"1768\" data-end=\"1771\" \/>\u2705 <strong data-start=\"1773\" data-end=\"1800\">Fonctions compl\u00e8tes<\/strong> \u2013 Plus de 40 fonctions de service et de r\u00e9initialisation (injecteurs, DPF, TPMS, batteries, cl\u00e9s, etc.)<br data-start=\"1878\" data-end=\"1881\" \/>\u2705 <strong data-start=\"1883\" data-end=\"1909\">Large couverture de v\u00e9hicules<\/strong> \u2013 Prend en charge <a href=\"https:\/\/diagzone.org\/diagzone-supported-european-cars\/\">Europ\u00e9en<\/a>, <a href=\"https:\/\/diagzone.org\/diagzone-supported-asian-passanger-cars\/\">Asiatique<\/a>, <a href=\"https:\/\/diagzone.org\/diagzone-supported-chinese-cars\/\">Chinois<\/a>, v\u00e9hicules \u00e9lectriques, motos et poids lourds (avec optionnel <a href=\"https:\/\/diagzone.org\/product\/gt106-plus-heavy-truck-power-adapter-24v-to-12v-adapter\/\">convertisseur 24V\u201312V<\/a>)<br data-start=\"2028\" data-end=\"2031\" \/>\u2705 <strong data-start=\"2033\" data-end=\"2050\">Conception robuste<\/strong> \u2013 Tablette durable et adaptateur renforc\u00e9 pour une utilisation quotidienne en atelier<\/p>\n<p data-start=\"2122\" data-end=\"2429\">\u26a0\ufe0f <strong data-start=\"2125\" data-end=\"2141\">Veuillez noter :<\/strong> La licence logicielle est d\u00e9j\u00e0 incluse dans cet ensemble.<br data-start=\"2197\" data-end=\"2200\" \/>\ud83d\udc49 Pour <strong data-start=\"2207\" data-end=\"2234\">diagnostic des poids lourds<\/strong>, a <a href=\"https:\/\/diagzone.org\/product\/gt106-plus-heavy-truck-power-adapter-24v-to-12v-adapter\/\"><strong data-start=\"2238\" data-end=\"2267\">Adaptateur convertisseur 24V\u201312V<\/strong><\/a> est requis et doit \u00eatre achet\u00e9 s\u00e9par\u00e9ment. Vous pouvez le commander ici : <strong data-start=\"2337\" data-end=\"2427\"><a class=\"decorated-link cursor-pointer\" href=\"https:\/\/diagzone.org\/product\/gt106-plus-heavy-truck-power-adapter-24v-to-12v-adapter\/\" target=\"_new\" rel=\"noopener\" data-start=\"2339\" data-end=\"2425\">Adaptateur pour poids lourds<\/a><\/strong><\/p>\n<h2 data-start=\"2436\" data-end=\"2489\">Pourquoi choisir le kit de diagnostic Diagzone DBScar 7 Max ?<\/h2>\n<ul data-start=\"2491\" data-end=\"2765\">\n<li data-start=\"2491\" data-end=\"2538\">\n<p data-start=\"2493\" data-end=\"2538\">Solution de diagnostic professionnelle tout-en-un<\/p>\n<\/li>\n<li data-start=\"2539\" data-end=\"2600\">\n<p data-start=\"2541\" data-end=\"2600\">Tablette Android 10 pouces pr\u00e9test\u00e9e avec connecteur DBScar 7<\/p>\n<\/li>\n<li data-start=\"2601\" data-end=\"2642\">\n<p data-start=\"2603\" data-end=\"2642\" class=\" translation-block\">Protocoles p\u00e9rennes pour l\u2019avenir : <strong data-start=\"2340\" data-end=\"2350\">CAN FD<\/strong> &amp; <strong data-start=\"2353\" data-end=\"2361\">DoIP<\/strong><\/p>\n<\/li>\n<li data-start=\"2643\" data-end=\"2716\">\n<p data-start=\"2645\" data-end=\"2716\" class=\" translation-block\">Prend en charge <strong data-start=\"2375\" data-end=\"2422\">les voitures, les v\u00e9hicules \u00e9lectriques, hybrides, les motos et les camions<\/strong> (<a href=\"https:\/\/diagzone.org\/product\/gt106-plus-heavy-truck-power-adapter-24v-to-12v-adapter\/\" target=\"_self\">avec convertisseur<\/a>)<\/p>\n<\/li>\n<li data-start=\"2717\" data-end=\"2765\">\n<p data-start=\"2719\" data-end=\"2765\">Conception fiable, pr\u00eate pour l\u2019atelier, pour une utilisation quotidienne<\/p>\n<\/li>\n<\/ul>\n<p data-start=\"2772\" data-end=\"2800\">\ud83d\udd39 <strong data-start=\"2775\" data-end=\"2798\">Inclus dans le kit<\/strong><\/p>\n<ul data-start=\"2802\" data-end=\"2969\">\n<li data-start=\"2802\" data-end=\"2868\">\n<p data-start=\"2804\" data-end=\"2868\" class=\" translation-block\">Tablette de diagnostic Android 10 pouces (<strong data-start=\"2839\" data-end=\"2865\">3 Go de RAM \/ 64 Go de stockage<\/strong>)<\/p>\n<\/li>\n<li data-start=\"2869\" data-end=\"2896\">\n<p data-start=\"2871\" data-end=\"2896\">Connecteur OBD2 DBScar 7<\/p>\n<\/li>\n<li data-start=\"2926\" data-end=\"2951\">\n<p data-start=\"2928\" data-end=\"2951\">Chargeur USB et c\u00e2ble<\/p>\n<\/li>\n<li data-start=\"2952\" data-end=\"2969\">\n<p data-start=\"2954\" data-end=\"2969\">Adaptateur secteur<\/p>\n<\/li>\n<\/ul>\n<h2 data-start=\"2976\" data-end=\"2991\">En savoir plus<\/h2>\n<p data-start=\"2993\" data-end=\"3190\">Souhaitez-vous en savoir plus sur la fa\u00e7on dont le <strong data-start=\"3025\" data-end=\"3065\">Ensemble de diagnostic DiagZone DBScar 7 Max<\/strong> fonctionne avec les voitures, les v\u00e9hicules \u00e9lectriques, les motos et les poids lourds ?<br data-start=\"3123\" data-end=\"3126\" \/>D\u00e9couvrez notre guide d\u00e9taill\u00e9 sur notre blog \ud83d\udc49 <a href=\"https:\/\/diagzone.org\/diagzone-package-description\/\"><strong data-start=\"3170\" data-end=\"3188\">En savoir plus ici<\/strong><\/a><\/p>","protected":false},"excerpt":{"rendered":"<p class=\" translation-block\">Le <strong data-start=\"2527\" data-end=\"2563\">kit de diagnostic Diagzone DBScar 7 MAX<\/strong> comprend une tablette et un connecteur OBD2, prenant en charge CAN FD, DoIP, le codage ECU et plus de 40 fonctions de service. Il couvre les v\u00e9hicules europ\u00e9ens, asiatiques, chinois, les v\u00e9hicules \u00e9lectriques, les motos et les poids lourds.<\/p>","protected":false},"featured_media":3378,"template":"","meta":{"_acf_changed":false,"_seopress_robots_primary_cat":"none","_seopress_titles_title":"Diagzone Diagnostic Set DBScar 7 Max \u2013 10\" Tablet (3GB\/64GB) with OBD2 Adapter","_seopress_titles_desc":"Diagzone Diagnostic Set DBScar 7 Max includes a 10-inch Android tablet (3GB\/64GB), DBScar 7 OBD2 connector, case, charger, and license. Supports cars, EVs, motorcycles, and trucks with 24V\u201312V converter.","_seopress_robots_index":"","inline_featured_image":false,"_kad_blocks_custom_css":"","_kad_blocks_head_custom_js":"","_kad_blocks_body_custom_js":"","_kad_blocks_footer_custom_js":"","_themeisle_gutenberg_block_has_review":false,"_kad_post_transparent":"default","_kad_post_title":"","_kad_post_layout":"default","_kad_post_sidebar_id":"","_kad_post_content_style":"default","_kad_post_vertical_padding":"default","_kad_post_feature":"","_kad_post_feature_position":"","_kad_post_header":false,"_kad_post_footer":false,"iawp_total_views":608},"product_cat":[23],"product_tag":[48,44,49,47,45,42,43,40,46],"class_list":{"0":"post-3379","1":"product","2":"type-product","3":"status-publish","4":"has-post-thumbnail","6":"product_cat-diagnostic-kits","7":"product_tag-cars","8":"product_tag-dbscar-7","9":"product_tag-dbscar-7-max","10":"product_tag-ev","11":"product_tag-kit","12":"product_tag-obd2","13":"product_tag-set","14":"product_tag-tablet","15":"product_tag-trucks","17":"first","18":"instock","19":"shipping-taxable","20":"purchasable","21":"product-type-simple","22":"entry","23":"content-bg","24":"loop-entry"},"acf":[],"taxonomy_info":{"product_cat":[{"value":23,"label":"Diagnostic kits"}],"product_tag":[{"value":48,"label":"cars"},{"value":44,"label":"DBSCAR 7"},{"value":49,"label":"DBScar 7 MAX"},{"value":47,"label":"EV"},{"value":45,"label":"Kit"},{"value":42,"label":"OBD2"},{"value":43,"label":"Set"},{"value":40,"label":"Tablet"},{"value":46,"label":"trucks"}]},"featured_image_src_large":["https:\/\/diagzone.org\/wp-content\/uploads\/2025\/09\/Diagzone_Diagnostic_Set_DBSCAR_7_MAX.jpg",600,600,false],"author_info":[],"comment_info":"","_links":{"self":[{"href":"https:\/\/diagzone.org\/fr\/wp-json\/wp\/v2\/product\/3379","targetHints":{"allow":["GET"]}}],"collection":[{"href":"https:\/\/diagzone.org\/fr\/wp-json\/wp\/v2\/product"}],"about":[{"href":"https:\/\/diagzone.org\/fr\/wp-json\/wp\/v2\/types\/product"}],"wp:featuredmedia":[{"embeddable":true,"href":"https:\/\/diagzone.org\/fr\/wp-json\/wp\/v2\/media\/3378"}],"wp:attachment":[{"href":"https:\/\/diagzone.org\/fr\/wp-json\/wp\/v2\/media?parent=3379"}],"wp:term":[{"taxonomy":"product_cat","embeddable":true,"href":"https:\/\/diagzone.org\/fr\/wp-json\/wp\/v2\/product_cat?post=3379"},{"taxonomy":"product_tag","embeddable":true,"href":"https:\/\/diagzone.org\/fr\/wp-json\/wp\/v2\/product_tag?post=3379"}],"curies":[{"name":"wp","href":"https:\/\/api.w.org\/{rel}","templated":true}]}}