{"id":3389,"date":"2025-09-27T10:07:39","date_gmt":"2025-09-27T08:07:39","guid":{"rendered":"https:\/\/diagzone.org\/?post_type=product&#038;p=3389"},"modified":"2025-09-27T10:10:57","modified_gmt":"2025-09-27T08:10:57","slug":"kingbolen-ediag-plus-diagnostic-kit-obd2-scanner-with-10-tablet-diagzone-license","status":"publish","type":"product","link":"https:\/\/diagzone.org\/fr\/produit\/kingbolen-ediag-plus-diagnostic-kit-obd2-scanner-with-10-tablet-diagzone-license\/","title":{"rendered":"Kit de diagnostic Kingbolen Ediag Plus \u2013 scanner OBD2 avec tablette 10\u2033 et licence DiagZone"},"content":{"rendered":"<p data-start=\"272\" data-end=\"591\" class=\" translation-block\">Merci de votre int\u00e9r\u00eat pour le <strong data-start=\"307\" data-end=\"342\">Kingbolen Ediag+ Diagnostic Kit<\/strong>.<br data-start=\"343\" data-end=\"346\">Ce kit professionnel comprend le <strong data-start=\"381\" data-end=\"427\">connecteur de diagnostic Bluetooth OBD2 Ediag+<\/strong> (un clone du ThinkDiag 2) ainsi qu\u2019une <strong data-start=\"473\" data-end=\"525\">tablette Android de 10 pouces (3 Go de RAM \/ 128 Go de stockage)<\/strong>, enti\u00e8rement test\u00e9e et optimis\u00e9e pour une utilisation avec la plateforme DiagZone.<\/p>\n<p data-start=\"593\" data-end=\"797\">\ud83d\udd39 <strong data-start=\"596\" data-end=\"616\">Avis important<\/strong><br data-start=\"616\" data-end=\"619\" \/>Ce kit <strong data-start=\"628\" data-end=\"682\">inclut d\u00e9j\u00e0 une licence logicielle DiagZone valide<\/strong>.<br data-start=\"683\" data-end=\"686\" \/>Vous pouvez commencer imm\u00e9diatement \u00e0 utiliser toutes les fonctions de diagnostic sans avoir \u00e0 acheter un abonnement s\u00e9par\u00e9.<\/p>\n<p data-start=\"799\" data-end=\"1003\">\ud83d\udd39 <strong data-start=\"802\" data-end=\"824\">Support et accompagnement<\/strong><br data-start=\"824\" data-end=\"827\" \/>Besoin <a href=\"https:\/\/wa.me\/31647604324\">aide<\/a> avec la configuration DiagZone ?<br data-start=\"857\" data-end=\"860\" \/>Notre \u00e9quipe est disponible pour vous fournir une assistance \u00e9tape par \u00e9tape \u2013 de la configuration de la tablette \u00e0 la connexion de votre Ediag+ \u00e0 la plateforme DiagZone OBD2.<\/p>\n<p data-start=\"1005\" data-end=\"1244\">\ud83d\udd39 <strong data-start=\"1008\" data-end=\"1029\">Assurance qualit\u00e9<\/strong><br data-start=\"1029\" data-end=\"1032\" \/>Chaque appareil Kingbolen Ediag+ et chaque tablette sont enti\u00e8rement test\u00e9s sur DiagZone avant l\u2019exp\u00e9dition.<br data-start=\"1117\" data-end=\"1120\" \/>Cela garantit des performances stables, un fonctionnement correct et une communication fiable, aussi bien pour un usage professionnel que personnel.<\/p>\n<h3 data-start=\"1251\" data-end=\"1267\">\u2705 Fonctionnalit\u00e9s<\/h3>\n<ul data-start=\"1269\" data-end=\"1909\">\n<li data-start=\"1269\" data-end=\"1365\">\n<p data-start=\"1271\" data-end=\"1365\" class=\" translation-block\">Ensemble complet \u2013 comprend le <strong data-start=\"1295\" data-end=\"1320\">connecteur OBD2 Ediag+<\/strong> et une <strong data-start=\"1325\" data-end=\"1363\">tablette Android de 10 pouces (3 Go\/128 Go)<\/strong><\/p>\n<\/li>\n<li data-start=\"1366\" data-end=\"1416\">\n<p data-start=\"1368\" data-end=\"1416\">Fonctionne comme un adaptateur OBD2 Bluetooth professionnel<\/p>\n<\/li>\n<li data-start=\"1417\" data-end=\"1484\">\n<p data-start=\"1419\" data-end=\"1484\">Enti\u00e8rement compatible avec Android 7\u201313 et Android 14 (32 bits uniquement)<\/p>\n<\/li>\n<li data-start=\"1485\" data-end=\"1534\">\n<p data-start=\"1487\" data-end=\"1534\">Connexion Bluetooth 5.0\/5.1 double mode stable<\/p>\n<\/li>\n<li data-start=\"1535\" data-end=\"1586\">\n<p data-start=\"1537\" data-end=\"1586\">Bo\u00eetier robuste en ABS+PC+TPU avec voyants lumineux<\/p>\n<\/li>\n<li data-start=\"1587\" data-end=\"1637\">\n<p data-start=\"1589\" data-end=\"1637\" class=\" translation-block\">Inclut un <strong data-start=\"1598\" data-end=\"1619\">c\u00e2ble OBD2 de 0,65 m<\/strong> pour plus de confort<\/p>\n<\/li>\n<li data-start=\"1638\" data-end=\"1690\">\n<p data-start=\"1640\" data-end=\"1690\" class=\" translation-block\">Prend en charge le <strong data-start=\"1649\" data-end=\"1668\">protocole CAN-FD<\/strong> pour les v\u00e9hicules modernes<\/p>\n<\/li>\n<li data-start=\"1691\" data-end=\"1816\">\n<p data-start=\"1693\" data-end=\"1816\">Fonctions avanc\u00e9es : r\u00e9initialisation d\u2019huile, r\u00e9g\u00e9n\u00e9ration DPF, codage des injecteurs, appairage de la batterie et plus encore (selon le mod\u00e8le du v\u00e9hicule)<\/p>\n<\/li>\n<li data-start=\"1817\" data-end=\"1909\">\n<p data-start=\"1819\" data-end=\"1909\">Contr\u00f4le bidirectionnel, codage et adaptation ECU, d\u00e9tection Auto VIN, rapports d\u2019\u00e9tat complets<\/p>\n<\/li>\n<\/ul>\n<h3 data-start=\"1916\" data-end=\"1929\">\u26a0\ufe0f Remarque<\/h3>\n<ul data-start=\"1930\" data-end=\"2110\">\n<li data-start=\"1930\" data-end=\"2023\">\n<p data-start=\"1932\" data-end=\"2023\" class=\" translation-block\">Le kit <strong data-start=\"1940\" data-end=\"1982\">inclut une licence DiagZone par d\u00e9faut<\/strong> \u2013 aucun achat de logiciel suppl\u00e9mentaire n\u2019est requis.<\/p>\n<\/li>\n<li data-start=\"2024\" data-end=\"2110\">\n<p data-start=\"2026\" data-end=\"2110\" class=\" translation-block\">Pour les <strong data-start=\"2030\" data-end=\"2046\">poids lourds<\/strong>, un <a href=\"https:\/\/diagzone.org\/product\/gt106-plus-heavy-truck-power-adapter-24v-to-12v-adapter\/\" target=\"_self\"><strong data-start=\"2050\" data-end=\"2079\">adaptateur convertisseur 24V\u201312V<\/strong><\/a> est n\u00e9cessaire (vendu s\u00e9par\u00e9ment).<\/p>\n<\/li>\n<\/ul>\n<h3 data-start=\"2117\" data-end=\"2168\">\u00a0Pourquoi choisir le kit de diagnostic Kingbolen Ediag+ ?<\/h3>\n<ul data-start=\"2170\" data-end=\"2591\">\n<li data-start=\"2170\" data-end=\"2232\">\n<p data-start=\"2172\" data-end=\"2232\">Clone du ThinkDiag 2 \u2013 m\u00eames fonctionnalit\u00e9s, plus abordable<\/p>\n<\/li>\n<li data-start=\"2233\" data-end=\"2301\">\n<p data-start=\"2235\" data-end=\"2301\" class=\" translation-block\">Inclut une <strong data-start=\"2244\" data-end=\"2270\">tablette Android de 10 pouces<\/strong> pour un diagnostic pr\u00eat \u00e0 l\u2019emploi<\/p>\n<\/li>\n<li data-start=\"2302\" data-end=\"2345\">\n<p data-start=\"2304\" data-end=\"2345\" class=\" translation-block\"><strong data-start=\"290\" data-end=\"317\">Test\u00e9 \u00e0 100 % sur DiagZone<\/strong> avant exp\u00e9dition<\/p>\n<\/li>\n<li data-start=\"2346\" data-end=\"2407\">\n<p data-start=\"2348\" data-end=\"2407\">Design compact avec une connectivit\u00e9 Bluetooth 5.0\/5.1 puissante<\/p>\n<\/li>\n<li data-start=\"2408\" data-end=\"2495\">\n<p data-start=\"2410\" data-end=\"2495\">Prend en charge les voitures particuli\u00e8res, les v\u00e9hicules \u00e9lectriques, les motos et les poids lourds (avec convertisseur)<\/p>\n<\/li>\n<li data-start=\"2496\" data-end=\"2591\">\n<p data-start=\"2498\" data-end=\"2591\">Couvre les principaux protocoles de diagnostic : ISO9141, KWP2000, J1850 VPW, J1850 PWM, CAN, UDS, CAN-FD<\/p>\n<\/li>\n<\/ul>\n<p data-start=\"2598\" data-end=\"2831\">\u2705 <strong data-start=\"2600\" data-end=\"2612\">En bref<\/strong>: Le <strong data-start=\"2618\" data-end=\"2672\">kit de diagnostic Kingbolen Ediag+ (10 pouces, 3 Go RAM \/ 128 Go de stockage)<\/strong> est une alternative \u00e9conomique au ThinkDiag 2, offrant une compatibilit\u00e9 totale avec DiagZone ainsi qu\u2019une tablette puissante pour une solution de diagnostic compl\u00e8te et pr\u00eate \u00e0 l\u2019emploi.<\/p>","protected":false},"excerpt":{"rendered":"<p class=\" translation-block\">Le <strong data-start=\"213\" data-end=\"248\">Kingbolen Ediag+ Diagnostic Kit<\/strong> comprend un connecteur OBD2 Bluetooth compact, une <strong data-start=\"297\" data-end=\"333\">tablette Android de 8 pouces (4 Go\/64 Go)<\/strong> et une <strong data-start=\"341\" data-end=\"376\">licence logicielle DiagZone valide<\/strong>. Enti\u00e8rement compatible avec la plateforme DiagZone, il prend en charge le <strong data-start=\"435\" data-end=\"445\">CAN-FD<\/strong>, le contr\u00f4le bidirectionnel, le codage ECU et de multiples r\u00e9initialisations de service \u2014 offrant un diagnostic professionnel dans un pack pr\u00eat \u00e0 l\u2019emploi.<\/p>","protected":false},"featured_media":3390,"template":"","meta":{"_acf_changed":false,"_seopress_robots_primary_cat":"none","_seopress_titles_title":"Kingbolen Ediag Plus Diagnostic Kit \u2013 OBD2 Scanner with 10\" Tablet & Pre-Installed DiagZone License","_seopress_titles_desc":"Buy the Kingbolen Ediag Plus Diagnostic Kit with 10-inch Android tablet (3GB\/128GB) and pre-installed DiagZone license. Supports CAN-FD, ECU coding, bi-directional control, and advanced service functions for cars, EVs, motorcycles, and heavy-duty vehicles (with adapter).","_seopress_robots_index":"","inline_featured_image":false,"_kad_blocks_custom_css":"","_kad_blocks_head_custom_js":"","_kad_blocks_body_custom_js":"","_kad_blocks_footer_custom_js":"","_themeisle_gutenberg_block_has_review":false,"_kadence_starter_templates_imported_post":false,"_kad_post_transparent":"default","_kad_post_title":"","_kad_post_layout":"default","_kad_post_sidebar_id":"","_kad_post_content_style":"default","_kad_post_vertical_padding":"default","_kad_post_feature":"","_kad_post_feature_position":"","_kad_post_header":false,"_kad_post_footer":false,"iawp_total_views":158},"product_cat":[23],"product_tag":[],"class_list":{"0":"post-3389","1":"product","2":"type-product","3":"status-publish","4":"has-post-thumbnail","6":"product_cat-diagnostic-kits","8":"first","9":"instock","10":"shipping-taxable","11":"purchasable","12":"product-type-simple","13":"entry","14":"content-bg","15":"loop-entry"},"acf":[],"taxonomy_info":{"product_cat":[{"value":23,"label":"Diagnostic kits"}]},"featured_image_src_large":["https:\/\/diagzone.org\/wp-content\/uploads\/2025\/09\/Diagzone_Diagnostic_Set_EDIAG_PLUS.jpg",600,600,false],"author_info":[],"comment_info":"","_links":{"self":[{"href":"https:\/\/diagzone.org\/fr\/wp-json\/wp\/v2\/product\/3389","targetHints":{"allow":["GET"]}}],"collection":[{"href":"https:\/\/diagzone.org\/fr\/wp-json\/wp\/v2\/product"}],"about":[{"href":"https:\/\/diagzone.org\/fr\/wp-json\/wp\/v2\/types\/product"}],"wp:featuredmedia":[{"embeddable":true,"href":"https:\/\/diagzone.org\/fr\/wp-json\/wp\/v2\/media\/3390"}],"wp:attachment":[{"href":"https:\/\/diagzone.org\/fr\/wp-json\/wp\/v2\/media?parent=3389"}],"wp:term":[{"taxonomy":"product_cat","embeddable":true,"href":"https:\/\/diagzone.org\/fr\/wp-json\/wp\/v2\/product_cat?post=3389"},{"taxonomy":"product_tag","embeddable":true,"href":"https:\/\/diagzone.org\/fr\/wp-json\/wp\/v2\/product_tag?post=3389"}],"curies":[{"name":"wp","href":"https:\/\/api.w.org\/{rel}","templated":true}]}}