
{"id":3392,"date":"2025-09-27T10:14:35","date_gmt":"2025-09-27T08:14:35","guid":{"rendered":"https:\/\/diagzone.org\/?post_type=product&#038;p=3392"},"modified":"2025-09-27T10:15:55","modified_gmt":"2025-09-27T08:15:55","slug":"thinkcar-thinkdiag-2-diagnostic-set-with-8-inch-tablet-pre-installed-diagzone-license","status":"publish","type":"product","link":"https:\/\/diagzone.org\/fr\/produit\/thinkcar-thinkdiag-2-diagnostic-set-with-8-inch-tablet-pre-installed-diagzone-license\/","title":{"rendered":"THINKCAR ThinkDiag 2 Kit de diagnostic avec tablette 8 pouces et licence DiagZone pr\u00e9install\u00e9e"},"content":{"rendered":"<p data-start=\"218\" data-end=\"600\" class=\" translation-block\">Merci de votre int\u00e9r\u00eat pour le <strong data-start=\"253\" data-end=\"345\">kit de diagnostic Diagzone \u2013 ThinkDiag 2 avec tablette 8 pouces (4GB\/64GB) + licence DiagZone<\/strong>.<br data-start=\"346\" data-end=\"349\">Ce pack de diagnostic complet associe le connecteur OBD2 Bluetooth ThinkDiag 2 d\u2019origine \u00e0 une tablette Android puissante de 10 pouces et \u00e0 une <strong data-start=\"486\" data-end=\"529\">licence logicielle DiagZone pr\u00e9install\u00e9e<\/strong>, offrant une solution pr\u00eate \u00e0 l\u2019emploi pour les professionnels et les ateliers.<\/p>\n<h3 data-start=\"607\" data-end=\"632\">\ud83d\udd39 Avis important<\/h3>\n<p data-start=\"633\" data-end=\"810\">Le kit <strong data-start=\"641\" data-end=\"706\">inclut d\u00e9j\u00e0 par d\u00e9faut une licence logicielle DiagZone valide<\/strong>.<br data-start=\"707\" data-end=\"710\" \/>\ud83d\udc49 Aucun abonnement suppl\u00e9mentaire n\u2019est requis \u2013 vous pouvez commencer imm\u00e9diatement \u00e0 utiliser toutes les fonctions de diagnostic.<\/p>\n<h3 data-start=\"817\" data-end=\"844\">\ud83d\udd39 Support &amp; Assistance<\/h3>\n<p data-start=\"845\" data-end=\"1011\" class=\" translation-block\">Besoin d\u2019aide pour configurer votre kit de diagnostic ?<br data-start=\"886\" data-end=\"889\">Notre \u00e9quipe fournit une assistance \u00e9tape par \u00e9tape, de la configuration de la tablette \u00e0 l\u2019activation de ThinkDiag 2 sur la plateforme DiagZone.<\/p>\n<h3 data-start=\"1018\" data-end=\"1044\">\ud83d\udd39 Assurance qualit\u00e9<\/h3>\n<p data-start=\"1045\" data-end=\"1252\" class=\" translation-block\">Chaque adaptateur ThinkDiag 2 et chaque tablette sont enti\u00e8rement test\u00e9s avant l\u2019exp\u00e9dition.<br data-start=\"1114\" data-end=\"1117\">La connectivit\u00e9, la compatibilit\u00e9 logicielle et les performances sont v\u00e9rifi\u00e9es afin de garantir une fiabilit\u00e9 de niveau professionnel et une durabilit\u00e9 \u00e0 long terme.<\/p>\n<h2 data-start=\"1259\" data-end=\"1287\">\ud83d\udccc Fonctionnalit\u00e9s &amp; Fonctions<\/h2>\n<p data-start=\"1289\" data-end=\"2002\">\u2705 <strong data-start=\"1291\" data-end=\"1307\">Kit complet<\/strong> \u2013 Comprend l\u2019adaptateur ThinkDiag 2, une tablette Android 10 pouces (4 Go RAM \/ 64 Go stockage), un chargeur et des c\u00e2bles<br data-start=\"1426\" data-end=\"1429\" \/>\u2705 <strong data-start=\"1431\" data-end=\"1457\">Compatibilit\u00e9 DiagZone<\/strong> \u2013 Enti\u00e8rement optimis\u00e9 pour une utilisation avec le logiciel DiagZone<br data-start=\"1506\" data-end=\"1509\" \/>\u2705 <strong data-start=\"1511\" data-end=\"1531\">Protocoles modernes<\/strong> \u2013 Prend en charge CAN-FD, DoIP et UDS pour les nouvelles g\u00e9n\u00e9rations de v\u00e9hicules<br data-start=\"1592\" data-end=\"1595\" \/>\u2705 <strong data-start=\"1597\" data-end=\"1623\">Contr\u00f4le bidirectionnel<\/strong> \u2013 Effectue des tests actifs, le codage ECU et des adaptations de composants<br data-start=\"1685\" data-end=\"1688\" \/>\u2705 <strong data-start=\"1690\" data-end=\"1711\">Fonctions de service<\/strong> \u2013 Plus de 40 options de r\u00e9initialisation et de maintenance (injecteurs, DPF, TPMS, batteries, cl\u00e9s, etc.)<br data-start=\"1791\" data-end=\"1794\" \/>\u2705 <strong data-start=\"1796\" data-end=\"1814\">Large couverture<\/strong> \u2013 V\u00e9hicules europ\u00e9ens, asiatiques et chinois, v\u00e9hicules \u00e9lectriques, hybrides, motos et poids lourds (avec adaptateur 24V\u201312V)<br data-start=\"1918\" data-end=\"1921\" \/>\u2705 <strong data-start=\"1923\" data-end=\"1939\">Conception robuste<\/strong> \u2013 Tablette et adaptateur robustes, con\u00e7us pour une utilisation quotidienne en atelier<\/p>\n<h2 data-start=\"2009\" data-end=\"2036\">\u26a0\ufe0f Avis concernant les poids lourds<\/h2>\n<p data-start=\"2037\" data-end=\"2198\">Pour le diagnostic des poids lourds, un <strong data-start=\"2068\" data-end=\"2097\">Adaptateur convertisseur 24V\u201312V<\/strong> est requis et doit \u00eatre achet\u00e9 s\u00e9par\u00e9ment.<br data-start=\"2143\" data-end=\"2146\" \/>\ud83d\udc49 Vous pouvez le commander ici : <a class=\"decorated-link\" href=\"#\" rel=\"noopener\" data-start=\"2172\" data-end=\"2196\">Adaptateur pour poids lourds<\/a><\/p>\n<h2 data-start=\"2205\" data-end=\"2225\">\ud83d\udce6 Liste d\u2019emballage<\/h2>\n<ul data-start=\"2227\" data-end=\"2435\">\n<li data-start=\"2227\" data-end=\"2267\">\n<p data-start=\"2229\" data-end=\"2267\">ThinkDiag 2 Connecteur Bluetooth OBD2<\/p>\n<\/li>\n<li data-start=\"2268\" data-end=\"2320\">\n<p data-start=\"2270\" data-end=\"2320\">Tablette Android 10 pouces (4 Go RAM \/ 64 Go de stockage)<\/p>\n<\/li>\n<li data-start=\"2321\" data-end=\"2364\">\n<p data-start=\"2323\" data-end=\"2364\">Licence logicielle DiagZone pr\u00e9install\u00e9e<\/p>\n<\/li>\n<li data-start=\"834\" data-end=\"862\">\n<p data-start=\"836\" data-end=\"862\">\u00c9tui de transport de protection<\/p>\n<\/li>\n<li data-start=\"2394\" data-end=\"2417\">\n<p data-start=\"2396\" data-end=\"2417\">Chargeur USB et c\u00e2ble<\/p>\n<\/li>\n<li data-start=\"2418\" data-end=\"2435\">\n<p data-start=\"2420\" data-end=\"2435\">Adaptateur secteur<\/p>\n<\/li>\n<\/ul>\n<h3 data-start=\"2442\" data-end=\"2458\">\u2705 En r\u00e9sum\u00e9<\/h3>\n<p data-start=\"2459\" data-end=\"2728\" class=\" translation-block\">Le <strong data-start=\"2463\" data-end=\"2524\">kit de diagnostic Diagzone avec ThinkDiag 2 et tablette 8 pouces<\/strong> est une solution de diagnostic professionnelle tout-en-un. Gr\u00e2ce \u00e0 la licence pr\u00e9install\u00e9e, \u00e0 la tablette robuste et \u00e0 la large prise en charge des protocoles, il est pr\u00eat pour les voitures, les v\u00e9hicules \u00e9lectriques, les hybrides, les motos et m\u00eame les camions (avec adaptateur).<\/p>","protected":false},"excerpt":{"rendered":"<p class=\" translation-block\">Le <strong data-start=\"157\" data-end=\"172\">THINKDIAG 2<\/strong> est un connecteur OBD2 Bluetooth haute performance, con\u00e7u pour la vitesse, la fiabilit\u00e9 et un transfert de donn\u00e9es pr\u00e9cis. Il prend en charge la communication moderne <strong data-start=\"301\" data-end=\"325\">CAN-FD<\/strong>, ce qui le rend id\u00e9al pour les v\u00e9hicules de nouvelle g\u00e9n\u00e9ration. Gr\u00e2ce \u00e0 une large couverture allant des voitures aux v\u00e9hicules \u00e9lectriques et aux camions, il offre des performances de niveau professionnel dans un format compact, enti\u00e8rement test\u00e9 sur la <strong data-start=\"505\" data-end=\"526\">DiagZone platform<\/strong>.<\/p>","protected":false},"featured_media":3393,"template":"","meta":{"_acf_changed":false,"_seopress_robots_primary_cat":"none","_seopress_titles_title":"Diagzone Diagnostic Kit | ThinkDiag 2 + 8\" Tablet (4\/64GB) + DiagZone License","_seopress_titles_desc":"Buy the Diagzone Diagnostic Kit with ThinkDiag 2 adapter, 8-inch Android tablet (4\/64GB), and pre-installed DiagZone license. Supports CAN-FD, DoIP, ECU coding, bi-directional tests, and service resets for cars, EVs, motorcycles, and trucks (with adapter).","_seopress_robots_index":"","inline_featured_image":false,"_kad_blocks_custom_css":"","_kad_blocks_head_custom_js":"","_kad_blocks_body_custom_js":"","_kad_blocks_footer_custom_js":"","_themeisle_gutenberg_block_has_review":false,"_kad_post_transparent":"default","_kad_post_title":"","_kad_post_layout":"default","_kad_post_sidebar_id":"","_kad_post_content_style":"default","_kad_post_vertical_padding":"default","_kad_post_feature":"","_kad_post_feature_position":"","_kad_post_header":false,"_kad_post_footer":false,"iawp_total_views":236},"product_cat":[23],"product_tag":[],"class_list":{"0":"post-3392","1":"product","2":"type-product","3":"status-publish","4":"has-post-thumbnail","6":"product_cat-diagnostic-kits","8":"first","9":"instock","10":"shipping-taxable","11":"purchasable","12":"product-type-simple","13":"entry","14":"content-bg","15":"loop-entry"},"acf":[],"taxonomy_info":{"product_cat":[{"value":23,"label":"Diagnostic kits"}]},"featured_image_src_large":["https:\/\/diagzone.org\/wp-content\/uploads\/2025\/09\/Diagzone_Diagnostic_Set_Thinkdiag.jpg",600,600,false],"author_info":[],"comment_info":"","_links":{"self":[{"href":"https:\/\/diagzone.org\/fr\/wp-json\/wp\/v2\/product\/3392","targetHints":{"allow":["GET"]}}],"collection":[{"href":"https:\/\/diagzone.org\/fr\/wp-json\/wp\/v2\/product"}],"about":[{"href":"https:\/\/diagzone.org\/fr\/wp-json\/wp\/v2\/types\/product"}],"wp:featuredmedia":[{"embeddable":true,"href":"https:\/\/diagzone.org\/fr\/wp-json\/wp\/v2\/media\/3393"}],"wp:attachment":[{"href":"https:\/\/diagzone.org\/fr\/wp-json\/wp\/v2\/media?parent=3392"}],"wp:term":[{"taxonomy":"product_cat","embeddable":true,"href":"https:\/\/diagzone.org\/fr\/wp-json\/wp\/v2\/product_cat?post=3392"},{"taxonomy":"product_tag","embeddable":true,"href":"https:\/\/diagzone.org\/fr\/wp-json\/wp\/v2\/product_tag?post=3392"}],"curies":[{"name":"wp","href":"https:\/\/api.w.org\/{rel}","templated":true}]}}