
{"id":3403,"date":"2025-09-27T12:07:16","date_gmt":"2025-09-27T10:07:16","guid":{"rendered":"https:\/\/diagzone.org\/?post_type=product&#038;p=3403"},"modified":"2025-09-27T18:50:35","modified_gmt":"2025-09-27T16:50:35","slug":"launch-x431-smartlink-c-2-0-diagzone-version","status":"publish","type":"product","link":"https:\/\/diagzone.org\/fr\/produit\/launch-x431-smartlink-c-2-0-diagzone-version\/","title":{"rendered":"Launch X431 Smartlink C 2.0 \u2013 version DiagZone"},"content":{"rendered":"<p data-start=\"172\" data-end=\"443\" class=\" translation-block\">Merci de votre int\u00e9r\u00eat pour le <strong data-start=\"207\" data-end=\"226\">SmartLink C 2.0<\/strong>.<br data-start=\"227\" data-end=\"230\">Ce module de diagnostic est con\u00e7u pour les v\u00e9hicules lourds et l\u00e9gers, enti\u00e8rement test\u00e9 sur la <strong data-start=\"324\" data-end=\"345\">DiagZone platform<\/strong>, et garantit des performances stables, une large compatibilit\u00e9 et des fonctions de diagnostic professionnelles.<\/p>\n<p data-start=\"475\" data-end=\"768\">\ud83d\udd39 <strong data-start=\"478\" data-end=\"498\">Avis important<\/strong><br data-start=\"498\" data-end=\"501\" \/>Le SmartLink C 2.0 est livr\u00e9 sans aucun logiciel pr\u00e9install\u00e9.<br data-start=\"569\" data-end=\"572\" \/>\ud83d\udc49 Pour utiliser cet appareil, un <a href=\"https:\/\/diagzone.org\/diagzone-buy-subscription\/\"><strong data-start=\"597\" data-end=\"626\">licence DiagZone s\u00e9par\u00e9e<\/strong><\/a> doit \u00eatre achet\u00e9.<br data-start=\"645\" data-end=\"648\" \/>\ud83d\udc49 Compatible avec <strong data-start=\"667\" data-end=\"709\">voitures particuli\u00e8res et v\u00e9hicules utilitaires lourds<\/strong>, prenant en charge une large <strong data-start=\"729\" data-end=\"765\">tension de fonctionnement de 9V \u00e0 36V<\/strong>.<\/p>\n<p data-start=\"629\" data-end=\"870\">\ud83d\udd39 <strong data-start=\"632\" data-end=\"654\">Support et accompagnement<\/strong><br data-start=\"654\" data-end=\"657\" \/>Besoin d\u2019aide pour la configuration de DiagZone ?<br data-start=\"687\" data-end=\"690\" \/>Notre \u00e9quipe est d\u00e9di\u00e9e \u00e0 fournir une assistance \u00e9tape par \u00e9tape. N\u2019h\u00e9sitez pas \u00e0 <a href=\"https:\/\/wa.me\/31647604324\">contactez-nous<\/a> \u00e0 tout moment si vous avez besoin d\u2019aide pour utiliser votre SmartLink C 2.0 avec la plateforme OBD2 DiagZone.<\/p>\n<p data-start=\"877\" data-end=\"1108\">\ud83d\udd39 <strong data-start=\"880\" data-end=\"901\">Assurance qualit\u00e9<\/strong><br data-start=\"901\" data-end=\"904\" \/>Chaque SmartLink C 2.0 est soumis \u00e0 des tests rigoureux sur DiagZone avant l\u2019exp\u00e9dition.<br data-start=\"981\" data-end=\"984\" \/>Cela garantit un fonctionnement correct, une communication stable et des performances fiables pour une utilisation professionnelle et personnelle.<\/p>\n<h2 data-start=\"1261\" data-end=\"1285\">Description du produit<\/h2>\n<p data-start=\"1287\" data-end=\"1559\" class=\" translation-block\">Le <strong data-start=\"1291\" data-end=\"1310\">SmartLink C 2.0<\/strong> est un module de diagnostic avanc\u00e9, con\u00e7u pour \u00e9tendre les capacit\u00e9s de DiagZone aux v\u00e9hicules particuliers et aux v\u00e9hicules lourds. Gr\u00e2ce \u00e0 son mat\u00e9riel puissant et \u00e0 ses multiples options de connectivit\u00e9, il offre des performances rapides, stables et de niveau professionnel.<\/p>\n<p data-start=\"1561\" data-end=\"2352\">\u2705 Fonctionne comme un module de diagnostic professionnel pour DiagZone<br data-start=\"1617\" data-end=\"1620\" \/>\u2705 Enti\u00e8rement compatible avec les appareils Android (smartphones et tablettes) \u2013 prend en charge Android 7\u201313 et Android 14 (32 bits uniquement)<br data-start=\"1737\" data-end=\"1740\" \/>\u2705 Test\u00e9 avec le logiciel DiagZone pour assurer la compatibilit\u00e9<br data-start=\"1789\" data-end=\"1792\" \/>\u2705 Connectivit\u00e9 multiple : Bluetooth, WiFi, USB et Ethernet<br data-start=\"1848\" data-end=\"1851\" \/>\u2705 Prend en charge <strong data-start=\"1862\" data-end=\"1882\">protocoles modernes<\/strong> \u2013 DoIP, CAN-FD, UDS, J2534, RP1210, D-PDU<br data-start=\"1924\" data-end=\"1927\" \/>\u2705 Fonctions avanc\u00e9es : codage ECU, contr\u00f4le bidirectionnel, adaptations, d\u00e9tection automatique du VIN et rapports complets de l\u2019\u00e9tat du syst\u00e8me<br data-start=\"2048\" data-end=\"2051\" \/>\u2705 Prend en charge les voitures particuli\u00e8res, les v\u00e9hicules \u00e9lectriques, les motos, les bus, les machines agricoles, les v\u00e9hicules de construction et les poids lourds (avec adaptateur 24V\u201312V en option)<br data-start=\"2203\" data-end=\"2206\" \/>\u2705 Large <strong data-start=\"2213\" data-end=\"2240\">tension de fonctionnement 9\u201336V<\/strong>, id\u00e9al pour les voitures (12V) ainsi que les camions\/autobus (24V)<br data-start=\"2290\" data-end=\"2293\" \/>\u2705 Bo\u00eetier robuste pour une durabilit\u00e9 en usage professionnel quotidien<\/p>\n<h3 data-start=\"2126\" data-end=\"2158\">\ud83d\udce6 Contenu de l\u2019emballage<\/h3>\n<ul data-start=\"2159\" data-end=\"2279\">\n<li data-start=\"2159\" data-end=\"2189\">\n<p data-start=\"2161\" data-end=\"2189\">1 \u00d7 Module SmartLink C 2.0<\/p>\n<\/li>\n<li data-start=\"2190\" data-end=\"2213\">\n<p data-start=\"2192\" data-end=\"2213\">1 \u00d7 C\u00e2ble principal OBD2<\/p>\n<\/li>\n<li data-start=\"2214\" data-end=\"2231\">\n<p data-start=\"2216\" data-end=\"2231\">1 \u00d7 C\u00e2ble USB<\/p>\n<\/li>\n<li data-start=\"2232\" data-end=\"2253\">\n<p data-start=\"2234\" data-end=\"2253\">1 \u00d7 Adaptateur secteur<\/p>\n<\/li>\n<\/ul>\n<p data-start=\"2286\" data-end=\"2563\">\u2705 <strong data-start=\"2521\" data-end=\"2801\">En r\u00e9sum\u00e9, le SmartLink C 2.0 est un module de diagnostic puissant et polyvalent, offrant une compatibilit\u00e9 totale avec DiagZone, une prise en charge 9\u201336V pour voitures et camions, la prise en charge des protocoles modernes et des performances fiables \u2013 ce qui en fait la solution \u00e9conomique id\u00e9ale pour les ateliers professionnels.<\/strong><\/p>","protected":false},"excerpt":{"rendered":"<p class=\" translation-block\">Le <strong data-start=\"1806\" data-end=\"1825\">SmartLink C 2.0<\/strong> est un module de diagnostic professionnel pour DiagZone, prenant en charge les voitures, les v\u00e9hicules \u00e9lectriques, les poids lourds, les bus et les machines. Il offre les protocoles DoIP et CAN-FD, le codage ECU, des tests bidirectionnels et n\u00e9cessite une licence DiagZone distincte.<\/p>","protected":false},"featured_media":3431,"template":"","meta":{"_acf_changed":false,"_seopress_robots_primary_cat":"none","_seopress_titles_title":"SmartLink C 2.0 \u2013 Heavy Duty Diagnostic Module for DiagZone","_seopress_titles_desc":"Buy SmartLink C 2.0 \u2013 advanced diagnostic module for DiagZone platform. Supports cars, EVs, trucks, buses, and machinery with DoIP, CAN-FD, ECU coding, and bi-directional tests. DiagZone license required separately.","_seopress_robots_index":"","inline_featured_image":false,"_kad_blocks_custom_css":"","_kad_blocks_head_custom_js":"","_kad_blocks_body_custom_js":"","_kad_blocks_footer_custom_js":"","_themeisle_gutenberg_block_has_review":false,"_kad_post_transparent":"default","_kad_post_title":"","_kad_post_layout":"default","_kad_post_sidebar_id":"","_kad_post_content_style":"default","_kad_post_vertical_padding":"default","_kad_post_feature":"","_kad_post_feature_position":"","_kad_post_header":false,"_kad_post_footer":false,"iawp_total_views":259},"product_cat":[19],"product_tag":[52,53,42,54,51],"class_list":{"0":"post-3403","1":"product","2":"type-product","3":"status-publish","4":"has-post-thumbnail","6":"product_cat-obd-connectors","7":"product_tag-bluetooth","8":"product_tag-diagzone","9":"product_tag-obd2","10":"product_tag-smartlink-c-2-0","11":"product_tag-x431","13":"first","14":"instock","15":"sale","16":"shipping-taxable","17":"purchasable","18":"product-type-simple","19":"entry","20":"content-bg","21":"loop-entry"},"acf":[],"taxonomy_info":{"product_cat":[{"value":19,"label":"Obd connectors"}],"product_tag":[{"value":52,"label":"Bluetooth"},{"value":53,"label":"DiagZone"},{"value":42,"label":"OBD2"},{"value":54,"label":"SmartLink C 2.0"},{"value":51,"label":"X431"}]},"featured_image_src_large":["https:\/\/diagzone.org\/wp-content\/uploads\/2025\/09\/Diagzone_org__Smartlink_C_2.0_1.jpg",600,600,false],"author_info":[],"comment_info":"","_links":{"self":[{"href":"https:\/\/diagzone.org\/fr\/wp-json\/wp\/v2\/product\/3403","targetHints":{"allow":["GET"]}}],"collection":[{"href":"https:\/\/diagzone.org\/fr\/wp-json\/wp\/v2\/product"}],"about":[{"href":"https:\/\/diagzone.org\/fr\/wp-json\/wp\/v2\/types\/product"}],"wp:featuredmedia":[{"embeddable":true,"href":"https:\/\/diagzone.org\/fr\/wp-json\/wp\/v2\/media\/3431"}],"wp:attachment":[{"href":"https:\/\/diagzone.org\/fr\/wp-json\/wp\/v2\/media?parent=3403"}],"wp:term":[{"taxonomy":"product_cat","embeddable":true,"href":"https:\/\/diagzone.org\/fr\/wp-json\/wp\/v2\/product_cat?post=3403"},{"taxonomy":"product_tag","embeddable":true,"href":"https:\/\/diagzone.org\/fr\/wp-json\/wp\/v2\/product_tag?post=3403"}],"curies":[{"name":"wp","href":"https:\/\/api.w.org\/{rel}","templated":true}]}}